{"id":11795,"date":"2021-04-21T22:35:45","date_gmt":"2021-04-21T20:35:45","guid":{"rendered":"http:\/\/aheadhotel.de\/?page_id=11795"},"modified":"2026-02-20T11:28:18","modified_gmt":"2026-02-20T10:28:18","slug":"offsites","status":"publish","type":"page","link":"https:\/\/aheadhotel.de\/en\/offsites\/","title":{"rendered":"Offsites"},"content":{"rendered":"<div data-elementor-type=\"wp-page\" data-elementor-id=\"11795\" class=\"elementor elementor-11795\" data-elementor-post-type=\"page\">\n\t\t\t\t\t\t<section class=\"elementor-section elementor-top-section elementor-element elementor-element-56e695d elementor-section-full_width elementor-section-height-default elementor-section-height-default qodef-elementor-content-no\" data-id=\"56e695d\" data-element_type=\"section\">\n\t\t\t\t\t\t<div class=\"elementor-container elementor-column-gap-default\">\n\t\t\t\t\t<div class=\"elementor-column elementor-col-100 elementor-top-column elementor-element elementor-element-fc7fa88\" data-id=\"fc7fa88\" data-element_type=\"column\">\n\t\t\t<div class=\"elementor-widget-wrap elementor-element-populated\">\n\t\t\t\t\t\t<div class=\"elementor-element elementor-element-b17e942 elementor-widget elementor-widget-augustine_core_google_map\" data-id=\"b17e942\" data-element_type=\"widget\" data-widget_type=\"augustine_core_google_map.default\">\n\t\t\t\t<div class=\"elementor-widget-container\">\n\t\t\t\t\t<div class=\"qodef-shortcode qodef-m  qodef-google-map\">\n\t<div class=\"qodef-m-map\" id=\"qodef-map-id--77\" data-addresses='[\"Lotissement Listinco 20270 Al\u00e9ria\"]' data-pin=\"https:\/\/aheadhotel.de\/wp-content\/uploads\/2021\/02\/pin01.png\" data-unique-id=\"77\" data-height=\"700\"><\/div>\n<\/div>\t\t\t\t<\/div>\n\t\t\t\t<\/div>\n\t\t\t\t\t<\/div>\n\t\t<\/div>\n\t\t\t\t\t<\/div>\n\t\t<\/section>\n\t\t<div class=\"elementor-element elementor-element-5437d69 e-flex e-con-boxed e-con e-parent\" data-id=\"5437d69\" data-element_type=\"container\">\n\t\t\t\t\t<div class=\"e-con-inner\">\n\t\t<div class=\"elementor-element elementor-element-a1093a2 e-con-full e-flex e-con e-child\" data-id=\"a1093a2\" data-element_type=\"container\">\n\t\t\t\t<div class=\"elementor-element elementor-element-7aa6540 elementor-widget elementor-widget-text-editor\" data-id=\"7aa6540\" data-element_type=\"widget\" data-widget_type=\"text-editor.default\">\n\t\t\t\t<div class=\"elementor-widget-container\">\n\t\t\t\t\t\t\t\t\t<p><strong>We are your hotel for offsites between the metropolises of Berlin and Hamburg - combining work and relaxation\u00a0<\/strong><b>- in the middle of greenery.\u00a0<\/b><\/p>\t\t\t\t\t\t\t\t<\/div>\n\t\t\t\t<\/div>\n\t\t\t\t<div class=\"elementor-element elementor-element-1c905ad elementor-align-center elementor-widget elementor-widget-button\" data-id=\"1c905ad\" data-element_type=\"widget\" data-widget_type=\"button.default\">\n\t\t\t\t<div class=\"elementor-widget-container\">\n\t\t\t\t\t\t\t\t\t<div class=\"elementor-button-wrapper\">\n\t\t\t\t\t<a class=\"elementor-button elementor-button-link elementor-size-sm\" href=\"mailto:rebecca@aheadhotel.de\">\n\t\t\t\t\t\t<span class=\"elementor-button-content-wrapper\">\n\t\t\t\t\t\t\t\t\t<span class=\"elementor-button-text\">Jetzt anfragen<\/span>\n\t\t\t\t\t<\/span>\n\t\t\t\t\t<\/a>\n\t\t\t\t<\/div>\n\t\t\t\t\t\t\t\t<\/div>\n\t\t\t\t<\/div>\n\t\t\t\t<\/div>\n\t\t<div class=\"elementor-element elementor-element-cdaab87 e-con-full e-flex e-con e-child\" data-id=\"cdaab87\" data-element_type=\"container\">\n\t\t\t\t<\/div>\n\t\t\t\t\t<\/div>\n\t\t\t\t<\/div>\n\t\t<div class=\"elementor-element elementor-element-abe9175 e-flex e-con-boxed e-con e-parent\" data-id=\"abe9175\" data-element_type=\"container\">\n\t\t\t\t\t<div class=\"e-con-inner\">\n\t\t<div class=\"elementor-element elementor-element-d6fdb84 e-con-full e-flex e-con e-child\" data-id=\"d6fdb84\" data-element_type=\"container\">\n\t\t\t\t<div class=\"elementor-element elementor-element-dbe2d37 elementor-widget elementor-widget-text-editor\" data-id=\"dbe2d37\" data-element_type=\"widget\" data-widget_type=\"text-editor.default\">\n\t\t\t\t<div class=\"elementor-widget-container\">\n\t\t\t\t\t\t\t\t\t<p>\u00a0Looking for a location for your next team building retreat or company offsite? In the seclusion of the UNESCO biosphere reserve, we are the perfect place to advance your projects or grow together as a team.\u00a0<\/p><p>As a possible supporting programme we offer, for example:<\/p><ul><li>Cycling tours along the Elbe<\/li><li>Canoeing with the team<\/li><li>Private yoga or pilates sessions<\/li><li>Active missions or guided tours organised by <a href=\"https:\/\/www.burg-lenzen.de\/burg_lenzen\/startseite\/\">BUND<\/a><\/li><li>Vegan cookery courses<\/li><li>Hikes &amp; forest bathing<\/li><li>A large garden for your creativity<\/li><\/ul>\t\t\t\t\t\t\t\t<\/div>\n\t\t\t\t<\/div>\n\t\t\t\t<\/div>\n\t\t<div class=\"elementor-element elementor-element-9e58993 e-grid e-con-full e-con e-child\" data-id=\"9e58993\" data-element_type=\"container\" data-settings=\"{&quot;background_background&quot;:&quot;classic&quot;}\">\n\t\t\t\t<div class=\"elementor-element elementor-element-80a7866 elementor-widget elementor-widget-image\" data-id=\"80a7866\" data-element_type=\"widget\" data-widget_type=\"image.default\">\n\t\t\t\t<div class=\"elementor-widget-container\">\n\t\t\t\t\t\t\t\t\t\t\t\t\t\t\t<img decoding=\"async\" width=\"150\" height=\"150\" src=\"https:\/\/aheadhotel.de\/wp-content\/uploads\/2025\/05\/Rebecca-150x150.png\" class=\"attachment-thumbnail size-thumbnail wp-image-18721\" alt=\"\" srcset=\"https:\/\/aheadhotel.de\/wp-content\/uploads\/2025\/05\/Rebecca-150x150.png 150w, https:\/\/aheadhotel.de\/wp-content\/uploads\/2025\/05\/Rebecca-300x300.png 300w, https:\/\/aheadhotel.de\/wp-content\/uploads\/2025\/05\/Rebecca-1024x1024.png 1024w, https:\/\/aheadhotel.de\/wp-content\/uploads\/2025\/05\/Rebecca-768x768.png 768w, https:\/\/aheadhotel.de\/wp-content\/uploads\/2025\/05\/Rebecca-12x12.png 12w, https:\/\/aheadhotel.de\/wp-content\/uploads\/2025\/05\/Rebecca-650x650.png 650w, https:\/\/aheadhotel.de\/wp-content\/uploads\/2025\/05\/Rebecca.png 1200w\" sizes=\"(max-width: 150px) 100vw, 150px\" \/>\t\t\t\t\t\t\t\t\t\t\t\t\t\t\t<\/div>\n\t\t\t\t<\/div>\n\t\t\t\t<div class=\"elementor-element elementor-element-2835147 elementor-widget elementor-widget-text-editor\" data-id=\"2835147\" data-element_type=\"widget\" data-widget_type=\"text-editor.default\">\n\t\t\t\t<div class=\"elementor-widget-container\">\n\t\t\t\t\t\t\t\t\t<p>\u00a0<\/p><center><span style=\"font-size: small;\"><strong>Rebecca<br \/><\/strong> <a href=\"https:\/\/www.linkedin.com\/in\/rebecca-waltz-2a34b927a\/\"><img decoding=\"async\" class=\"alignnone wp-image-18750 size-trp-custom-language-flag\" src=\"https:\/\/aheadhotel.de\/wp-content\/uploads\/2025\/05\/linkedin-12x12.png\" alt=\"\" width=\"12\" height=\"12\" srcset=\"https:\/\/aheadhotel.de\/wp-content\/uploads\/2025\/05\/linkedin-12x12.png 12w, https:\/\/aheadhotel.de\/wp-content\/uploads\/2025\/05\/linkedin-300x300.png 300w, https:\/\/aheadhotel.de\/wp-content\/uploads\/2025\/05\/linkedin-150x150.png 150w, https:\/\/aheadhotel.de\/wp-content\/uploads\/2025\/05\/linkedin.png 512w\" sizes=\"(max-width: 12px) 100vw, 12px\" \/><br \/><\/a>Sales Managerin<\/span><br \/><span style=\"font-size: small;\">rebecca@aheadhotel.de<\/span><span style=\"font-size: small;\"><br \/>+49 38792 94 9994<br \/>Mo &#8211; Fr 8:00 &#8211; 12:00 Uhr<\/span><\/center><p>\u00a0<\/p>\t\t\t\t\t\t\t\t<\/div>\n\t\t\t\t<\/div>\n\t\t\t\t<\/div>\n\t\t\t\t\t<\/div>\n\t\t\t\t<\/div>\n\t\t<div class=\"elementor-element elementor-element-170c601 e-flex e-con-boxed e-con e-parent\" data-id=\"170c601\" data-element_type=\"container\">\n\t\t\t\t\t<div class=\"e-con-inner\">\n\t\t\t\t<div class=\"elementor-element elementor-element-e17acc1 elementor-widget elementor-widget-text-editor\" data-id=\"e17acc1\" data-element_type=\"widget\" data-widget_type=\"text-editor.default\">\n\t\t\t\t<div class=\"elementor-widget-container\">\n\t\t\t\t\t\t\t\t\t<p>Kontaktiert uns gerne und lasst euch beraten f\u00fcr eure gelungene Veranstaltung. Auf Wunsch vermitteln wir euch auch Offsite Expert*innen f\u00fcr Konzeption, Koordination bis hin zur Moderation vor Ort.<\/p>\t\t\t\t\t\t\t\t<\/div>\n\t\t\t\t<\/div>\n\t\t\t\t\t<\/div>\n\t\t\t\t<\/div>\n\t\t<div class=\"elementor-element elementor-element-788a99c e-flex e-con-boxed e-con e-parent\" data-id=\"788a99c\" data-element_type=\"container\">\n\t\t\t\t\t<div class=\"e-con-inner\">\n\t\t\t\t<div class=\"elementor-element elementor-element-e8d4fec elementor-widget elementor-widget-heading\" data-id=\"e8d4fec\" data-element_type=\"widget\" data-widget_type=\"heading.default\">\n\t\t\t\t<div class=\"elementor-widget-container\">\n\t\t\t\t\t<span class=\"elementor-heading-title elementor-size-default\">Room for your ideas<\/span>\t\t\t\t<\/div>\n\t\t\t\t<\/div>\n\t\t\t\t\t<\/div>\n\t\t\t\t<\/div>\n\t\t\t\t<section class=\"elementor-section elementor-top-section elementor-element elementor-element-e449f43 elementor-section-boxed elementor-section-height-default elementor-section-height-default qodef-elementor-content-no\" data-id=\"e449f43\" data-element_type=\"section\">\n\t\t\t\t\t\t<div class=\"elementor-container elementor-column-gap-default\">\n\t\t\t\t\t<div class=\"elementor-column elementor-col-50 elementor-top-column elementor-element elementor-element-a1faa77\" data-id=\"a1faa77\" data-element_type=\"column\">\n\t\t\t<div class=\"elementor-widget-wrap elementor-element-populated\">\n\t\t\t\t\t\t<div class=\"elementor-element elementor-element-fda826e elementor-arrows-position-inside elementor-pagination-position-outside elementor-widget elementor-widget-image-carousel\" data-id=\"fda826e\" data-element_type=\"widget\" data-settings=\"{&quot;slides_to_show&quot;:&quot;1&quot;,&quot;navigation&quot;:&quot;both&quot;,&quot;autoplay&quot;:&quot;yes&quot;,&quot;pause_on_hover&quot;:&quot;yes&quot;,&quot;pause_on_interaction&quot;:&quot;yes&quot;,&quot;autoplay_speed&quot;:5000,&quot;infinite&quot;:&quot;yes&quot;,&quot;effect&quot;:&quot;slide&quot;,&quot;speed&quot;:500}\" data-widget_type=\"image-carousel.default\">\n\t\t\t\t<div class=\"elementor-widget-container\">\n\t\t\t\t\t\t\t<div class=\"elementor-image-carousel-wrapper swiper\" role=\"region\" aria-roledescription=\"carousel\" aria-label=\"Bild Karussell\" dir=\"ltr\">\n\t\t\t<div class=\"elementor-image-carousel swiper-wrapper\" aria-live=\"off\">\n\t\t\t\t\t\t\t\t<div class=\"swiper-slide\" role=\"group\" aria-roledescription=\"slide\" aria-label=\"1 of 4\"><figure class=\"swiper-slide-inner\"><img decoding=\"async\" class=\"swiper-slide-image\" src=\"https:\/\/aheadhotel.de\/wp-content\/uploads\/2021\/09\/HIPP0517-1024x683.jpg\" alt=\"Tagungsraum\" \/><\/figure><\/div><div class=\"swiper-slide\" role=\"group\" aria-roledescription=\"slide\" aria-label=\"2 of 4\"><figure class=\"swiper-slide-inner\"><img decoding=\"async\" class=\"swiper-slide-image\" src=\"https:\/\/aheadhotel.de\/wp-content\/uploads\/2024\/03\/220905-Metro-13A0475-Lores-1024x683.jpg\" alt=\"Garten\" \/><\/figure><\/div><div class=\"swiper-slide\" role=\"group\" aria-roledescription=\"slide\" aria-label=\"3 of 4\"><figure class=\"swiper-slide-inner\"><img decoding=\"async\" class=\"swiper-slide-image\" src=\"https:\/\/aheadhotel.de\/wp-content\/uploads\/2024\/03\/HIPP0226-1024x683.jpg\" alt=\"Tischtennis\" \/><\/figure><\/div><div class=\"swiper-slide\" role=\"group\" aria-roledescription=\"slide\" aria-label=\"4 of 4\"><figure class=\"swiper-slide-inner\"><img decoding=\"async\" class=\"swiper-slide-image\" src=\"https:\/\/aheadhotel.de\/wp-content\/uploads\/2024\/03\/HIPP0578-1024x683.jpg\" alt=\"Kanufahren\" \/><\/figure><\/div>\t\t\t<\/div>\n\t\t\t\t\t\t\t\t\t\t\t\t<div class=\"elementor-swiper-button elementor-swiper-button-prev\" role=\"button\" tabindex=\"0\">\n\t\t\t\t\t\t<svg aria-hidden=\"true\" class=\"e-font-icon-svg e-eicon-chevron-left\" viewbox=\"0 0 1000 1000\" xmlns=\"http:\/\/www.w3.org\/2000\/svg\"><path d=\"M646 125C629 125 613 133 604 142L308 442C296 454 292 471 292 487 292 504 296 521 308 533L604 854C617 867 629 875 646 875 663 875 679 871 692 858 704 846 713 829 713 812 713 796 708 779 692 767L438 487 692 225C700 217 708 204 708 187 708 171 704 154 692 142 675 129 663 125 646 125Z\"><\/path><\/svg>\t\t\t\t\t<\/div>\n\t\t\t\t\t<div class=\"elementor-swiper-button elementor-swiper-button-next\" role=\"button\" tabindex=\"0\">\n\t\t\t\t\t\t<svg aria-hidden=\"true\" class=\"e-font-icon-svg e-eicon-chevron-right\" viewbox=\"0 0 1000 1000\" xmlns=\"http:\/\/www.w3.org\/2000\/svg\"><path d=\"M696 533C708 521 713 504 713 487 713 471 708 454 696 446L400 146C388 133 375 125 354 125 338 125 325 129 313 142 300 154 292 171 292 187 292 204 296 221 308 233L563 492 304 771C292 783 288 800 288 817 288 833 296 850 308 863 321 871 338 875 354 875 371 875 388 867 400 854L696 533Z\"><\/path><\/svg>\t\t\t\t\t<\/div>\n\t\t\t\t\n\t\t\t\t\t\t\t\t\t<div class=\"swiper-pagination\"><\/div>\n\t\t\t\t\t\t\t\t\t<\/div>\n\t\t\t\t\t\t<\/div>\n\t\t\t\t<\/div>\n\t\t\t\t\t<\/div>\n\t\t<\/div>\n\t\t\t\t<div class=\"elementor-column elementor-col-50 elementor-top-column elementor-element elementor-element-71ad46b\" data-id=\"71ad46b\" data-element_type=\"column\">\n\t\t\t<div class=\"elementor-widget-wrap elementor-element-populated\">\n\t\t\t\t\t\t<div class=\"elementor-element elementor-element-76d9e54 elementor-widget elementor-widget-text-editor\" data-id=\"76d9e54\" data-element_type=\"widget\" data-widget_type=\"text-editor.default\">\n\t\t\t\t<div class=\"elementor-widget-container\">\n\t\t\t\t\t\t\t\t\t<p><strong>Modern offsites within old walls<\/strong><\/p><p><span style=\"color: var( --e-global-color-text );\">Right next to the castle tower under the roof of the historic castle with high ceilings and the charm of the old roof beams, there is a large room measuring around 200 qm<sup>2<\/sup> for your visions, strategies and creative ideas. Equipped with an integrated projector and screen. Of course, we also provide flipcharts and a presentation case. Drinks, snacks and mind food included.\u00a0<\/span><\/p><p><strong>Or would you prefer to work outdoors?\u00a0<\/strong><\/p><p>On an area of 5 hectares you can retreat to picnic blankets, play football, badminton or table tennis together, relax individually or canoe and SUP together on the L\u00f6cknitz.<\/p>\t\t\t\t\t\t\t\t<\/div>\n\t\t\t\t<\/div>\n\t\t\t\t\t<\/div>\n\t\t<\/div>\n\t\t\t\t\t<\/div>\n\t\t<\/section>\n\t\t\t\t<\/div>","protected":false},"excerpt":{"rendered":"<p>Wir sind euer Hotel f\u00fcr Offsites zwischen den Metropolen Berlin und Hamburg &#8211; Arbeiten und Erholung\u00a0verkn\u00fcpfen &#8211; mitten im Gr\u00fcnen.\u00a0 Jetzt anfragen \u00a0Auf der Suche nach einer Location f\u00fcr das n\u00e4chste Teambuilding Retreat oder Company Offsite? In der Abgeschiedenheit des UNESCO Biosph\u00e4renreservates sind wir der perfekte Ort, um eure Projekte voranzubringen oder als Team zusammenzuwachsen.\u00a0 [&hellip;]<\/p>","protected":false},"author":1,"featured_media":0,"parent":0,"menu_order":0,"comment_status":"closed","ping_status":"closed","template":"page-full-width.php","meta":{"footnotes":""},"class_list":["post-11795","page","type-page","status-publish","hentry"],"yoast_head":"<!-- This site is optimized with the Yoast SEO plugin v25.5 - https:\/\/yoast.com\/wordpress\/plugins\/seo\/ -->\n<title>Vegane Offsites - ahead burghotel<\/title>\n<meta name=\"description\" content=\"Wir sind euer Hotel f\u00fcr nachhaltige und vegane Offsites &amp; Company Retreats in der Natur, zwischen Berlin und Hamburg.\" \/>\n<meta name=\"robots\" content=\"index, follow, max-snippet:-1, max-image-preview:large, max-video-preview:-1\" \/>\n<link rel=\"canonical\" href=\"https:\/\/aheadhotel.de\/en\/offsites\/\" \/>\n<meta property=\"og:locale\" content=\"en_US\" \/>\n<meta property=\"og:type\" content=\"article\" \/>\n<meta property=\"og:title\" content=\"Vegane Offsites - ahead burghotel\" \/>\n<meta property=\"og:description\" content=\"Wir sind euer Hotel f\u00fcr nachhaltige und vegane Offsites &amp; Company Retreats in der Natur, zwischen Berlin und Hamburg.\" \/>\n<meta property=\"og:url\" content=\"https:\/\/aheadhotel.de\/en\/offsites\/\" \/>\n<meta property=\"og:site_name\" content=\"ahead burghotel\" \/>\n<meta property=\"article:publisher\" content=\"http:\/\/facebook.com\/aheadhotel\" \/>\n<meta property=\"article:modified_time\" content=\"2026-02-20T10:28:18+00:00\" \/>\n<meta property=\"og:image\" content=\"https:\/\/aheadhotel.de\/wp-content\/uploads\/2025\/05\/Rebecca-1024x1024.png\" \/>\n\t<meta property=\"og:image:width\" content=\"1024\" \/>\n\t<meta property=\"og:image:height\" content=\"1024\" \/>\n\t<meta property=\"og:image:type\" content=\"image\/png\" \/>\n<meta name=\"twitter:card\" content=\"summary_large_image\" \/>\n<meta name=\"twitter:label1\" content=\"Est. reading time\" \/>\n\t<meta name=\"twitter:data1\" content=\"3 minutes\" \/>\n<script type=\"application\/ld+json\" class=\"yoast-schema-graph\">{\"@context\":\"https:\/\/schema.org\",\"@graph\":[{\"@type\":\"WebPage\",\"@id\":\"https:\/\/aheadhotel.de\/offsites\/\",\"url\":\"https:\/\/aheadhotel.de\/offsites\/\",\"name\":\"Vegane Offsites - ahead burghotel\",\"isPartOf\":{\"@id\":\"https:\/\/aheadhotel.de\/#website\"},\"primaryImageOfPage\":{\"@id\":\"https:\/\/aheadhotel.de\/offsites\/#primaryimage\"},\"image\":{\"@id\":\"https:\/\/aheadhotel.de\/offsites\/#primaryimage\"},\"thumbnailUrl\":\"https:\/\/aheadhotel.de\/wp-content\/uploads\/2025\/05\/Rebecca-150x150.png\",\"datePublished\":\"2021-04-21T20:35:45+00:00\",\"dateModified\":\"2026-02-20T10:28:18+00:00\",\"description\":\"Wir sind euer Hotel f\u00fcr nachhaltige und vegane Offsites & Company Retreats in der Natur, zwischen Berlin und Hamburg.\",\"breadcrumb\":{\"@id\":\"https:\/\/aheadhotel.de\/offsites\/#breadcrumb\"},\"inLanguage\":\"en-US\",\"potentialAction\":[{\"@type\":\"ReadAction\",\"target\":[\"https:\/\/aheadhotel.de\/offsites\/\"]}]},{\"@type\":\"ImageObject\",\"inLanguage\":\"en-US\",\"@id\":\"https:\/\/aheadhotel.de\/offsites\/#primaryimage\",\"url\":\"https:\/\/aheadhotel.de\/wp-content\/uploads\/2025\/05\/Rebecca-150x150.png\",\"contentUrl\":\"https:\/\/aheadhotel.de\/wp-content\/uploads\/2025\/05\/Rebecca-150x150.png\"},{\"@type\":\"BreadcrumbList\",\"@id\":\"https:\/\/aheadhotel.de\/offsites\/#breadcrumb\",\"itemListElement\":[{\"@type\":\"ListItem\",\"position\":1,\"name\":\"Startseite\",\"item\":\"https:\/\/aheadhotel.de\/\"},{\"@type\":\"ListItem\",\"position\":2,\"name\":\"Offsites\"}]},{\"@type\":\"WebSite\",\"@id\":\"https:\/\/aheadhotel.de\/#website\",\"url\":\"https:\/\/aheadhotel.de\/\",\"name\":\"ahead burghotel\",\"description\":\"Veganes Hotel zwischen Berlin und Hamburg\",\"publisher\":{\"@id\":\"https:\/\/aheadhotel.de\/#organization\"},\"potentialAction\":[{\"@type\":\"SearchAction\",\"target\":{\"@type\":\"EntryPoint\",\"urlTemplate\":\"https:\/\/aheadhotel.de\/?s={search_term_string}\"},\"query-input\":{\"@type\":\"PropertyValueSpecification\",\"valueRequired\":true,\"valueName\":\"search_term_string\"}}],\"inLanguage\":\"en-US\"},{\"@type\":\"Organization\",\"@id\":\"https:\/\/aheadhotel.de\/#organization\",\"name\":\"ahead burghotel\",\"url\":\"https:\/\/aheadhotel.de\/\",\"logo\":{\"@type\":\"ImageObject\",\"inLanguage\":\"en-US\",\"@id\":\"https:\/\/aheadhotel.de\/#\/schema\/logo\/image\/\",\"url\":\"https:\/\/aheadhotel.de\/wp-content\/uploads\/2021\/04\/01ahead_Logo_Final.png\",\"contentUrl\":\"https:\/\/aheadhotel.de\/wp-content\/uploads\/2021\/04\/01ahead_Logo_Final.png\",\"width\":1667,\"height\":1250,\"caption\":\"ahead burghotel\"},\"image\":{\"@id\":\"https:\/\/aheadhotel.de\/#\/schema\/logo\/image\/\"},\"sameAs\":[\"http:\/\/facebook.com\/aheadhotel\"]}]}<\/script>\n<!-- \/ Yoast SEO plugin. -->","yoast_head_json":{"title":"Vegane Offsites - ahead burghotel","description":"Wir sind euer Hotel f\u00fcr nachhaltige und vegane Offsites & Company Retreats in der Natur, zwischen Berlin und Hamburg.","robots":{"index":"index","follow":"follow","max-snippet":"max-snippet:-1","max-image-preview":"max-image-preview:large","max-video-preview":"max-video-preview:-1"},"canonical":"https:\/\/aheadhotel.de\/en\/offsites\/","og_locale":"en_US","og_type":"article","og_title":"Vegane Offsites - ahead burghotel","og_description":"Wir sind euer Hotel f\u00fcr nachhaltige und vegane Offsites & Company Retreats in der Natur, zwischen Berlin und Hamburg.","og_url":"https:\/\/aheadhotel.de\/en\/offsites\/","og_site_name":"ahead burghotel","article_publisher":"http:\/\/facebook.com\/aheadhotel","article_modified_time":"2026-02-20T10:28:18+00:00","og_image":[{"width":1024,"height":1024,"url":"https:\/\/aheadhotel.de\/wp-content\/uploads\/2025\/05\/Rebecca-1024x1024.png","type":"image\/png"}],"twitter_card":"summary_large_image","twitter_misc":{"Est. reading time":"3 minutes"},"schema":{"@context":"https:\/\/schema.org","@graph":[{"@type":"WebPage","@id":"https:\/\/aheadhotel.de\/offsites\/","url":"https:\/\/aheadhotel.de\/offsites\/","name":"Vegane Offsites - ahead burghotel","isPartOf":{"@id":"https:\/\/aheadhotel.de\/#website"},"primaryImageOfPage":{"@id":"https:\/\/aheadhotel.de\/offsites\/#primaryimage"},"image":{"@id":"https:\/\/aheadhotel.de\/offsites\/#primaryimage"},"thumbnailUrl":"https:\/\/aheadhotel.de\/wp-content\/uploads\/2025\/05\/Rebecca-150x150.png","datePublished":"2021-04-21T20:35:45+00:00","dateModified":"2026-02-20T10:28:18+00:00","description":"Wir sind euer Hotel f\u00fcr nachhaltige und vegane Offsites & Company Retreats in der Natur, zwischen Berlin und Hamburg.","breadcrumb":{"@id":"https:\/\/aheadhotel.de\/offsites\/#breadcrumb"},"inLanguage":"en-US","potentialAction":[{"@type":"ReadAction","target":["https:\/\/aheadhotel.de\/offsites\/"]}]},{"@type":"ImageObject","inLanguage":"en-US","@id":"https:\/\/aheadhotel.de\/offsites\/#primaryimage","url":"https:\/\/aheadhotel.de\/wp-content\/uploads\/2025\/05\/Rebecca-150x150.png","contentUrl":"https:\/\/aheadhotel.de\/wp-content\/uploads\/2025\/05\/Rebecca-150x150.png"},{"@type":"BreadcrumbList","@id":"https:\/\/aheadhotel.de\/offsites\/#breadcrumb","itemListElement":[{"@type":"ListItem","position":1,"name":"Startseite","item":"https:\/\/aheadhotel.de\/"},{"@type":"ListItem","position":2,"name":"Offsites"}]},{"@type":"WebSite","@id":"https:\/\/aheadhotel.de\/#website","url":"https:\/\/aheadhotel.de\/","name":"ahead burghotel","description":"Veganes Hotel zwischen Berlin und Hamburg","publisher":{"@id":"https:\/\/aheadhotel.de\/#organization"},"potentialAction":[{"@type":"SearchAction","target":{"@type":"EntryPoint","urlTemplate":"https:\/\/aheadhotel.de\/?s={search_term_string}"},"query-input":{"@type":"PropertyValueSpecification","valueRequired":true,"valueName":"search_term_string"}}],"inLanguage":"en-US"},{"@type":"Organization","@id":"https:\/\/aheadhotel.de\/#organization","name":"ahead burghotel","url":"https:\/\/aheadhotel.de\/","logo":{"@type":"ImageObject","inLanguage":"en-US","@id":"https:\/\/aheadhotel.de\/#\/schema\/logo\/image\/","url":"https:\/\/aheadhotel.de\/wp-content\/uploads\/2021\/04\/01ahead_Logo_Final.png","contentUrl":"https:\/\/aheadhotel.de\/wp-content\/uploads\/2021\/04\/01ahead_Logo_Final.png","width":1667,"height":1250,"caption":"ahead burghotel"},"image":{"@id":"https:\/\/aheadhotel.de\/#\/schema\/logo\/image\/"},"sameAs":["http:\/\/facebook.com\/aheadhotel"]}]}},"_links":{"self":[{"href":"https:\/\/aheadhotel.de\/en\/wp-json\/wp\/v2\/pages\/11795","targetHints":{"allow":["GET"]}}],"collection":[{"href":"https:\/\/aheadhotel.de\/en\/wp-json\/wp\/v2\/pages"}],"about":[{"href":"https:\/\/aheadhotel.de\/en\/wp-json\/wp\/v2\/types\/page"}],"author":[{"embeddable":true,"href":"https:\/\/aheadhotel.de\/en\/wp-json\/wp\/v2\/users\/1"}],"replies":[{"embeddable":true,"href":"https:\/\/aheadhotel.de\/en\/wp-json\/wp\/v2\/comments?post=11795"}],"version-history":[{"count":0,"href":"https:\/\/aheadhotel.de\/en\/wp-json\/wp\/v2\/pages\/11795\/revisions"}],"wp:attachment":[{"href":"https:\/\/aheadhotel.de\/en\/wp-json\/wp\/v2\/media?parent=11795"}],"curies":[{"name":"wp","href":"https:\/\/api.w.org\/{rel}","templated":true}]}}