{"id":11806,"date":"2021-04-22T08:23:58","date_gmt":"2021-04-22T06:23:58","guid":{"rendered":"http:\/\/aheadhotel.de\/?page_id=11806"},"modified":"2026-03-20T15:02:55","modified_gmt":"2026-03-20T14:02:55","slug":"vegane-jobs","status":"publish","type":"page","link":"https:\/\/aheadhotel.de\/en\/vegane-jobs\/","title":{"rendered":"Jobs"},"content":{"rendered":"<div data-elementor-type=\"wp-page\" data-elementor-id=\"11806\" class=\"elementor elementor-11806\" data-elementor-post-type=\"page\">\n\t\t\t\t<div class=\"elementor-element elementor-element-2683a97 e-flex e-con-boxed e-con e-parent\" data-id=\"2683a97\" data-element_type=\"container\">\n\t\t\t\t\t<div class=\"e-con-inner\">\n\t\t<div class=\"elementor-element elementor-element-a8a9d93 e-con-full e-flex e-con e-child\" data-id=\"a8a9d93\" data-element_type=\"container\">\n\t\t\t\t<div class=\"elementor-element elementor-element-199da8b elementor-widget elementor-widget-image\" data-id=\"199da8b\" data-element_type=\"widget\" data-widget_type=\"image.default\">\n\t\t\t\t<div class=\"elementor-widget-container\">\n\t\t\t\t\t\t\t\t\t\t\t\t\t\t\t<img fetchpriority=\"high\" decoding=\"async\" width=\"768\" height=\"512\" src=\"https:\/\/aheadhotel.de\/wp-content\/uploads\/2025\/05\/Ahead_Hotel_Gruppenfoto_Fotograf_Aldan_Rohlfs-768x512.jpg\" class=\"attachment-medium_large size-medium_large wp-image-18798\" alt=\"Teamfoto\" srcset=\"https:\/\/aheadhotel.de\/wp-content\/uploads\/2025\/05\/Ahead_Hotel_Gruppenfoto_Fotograf_Aldan_Rohlfs-768x512.jpg 768w, https:\/\/aheadhotel.de\/wp-content\/uploads\/2025\/05\/Ahead_Hotel_Gruppenfoto_Fotograf_Aldan_Rohlfs-300x200.jpg 300w, https:\/\/aheadhotel.de\/wp-content\/uploads\/2025\/05\/Ahead_Hotel_Gruppenfoto_Fotograf_Aldan_Rohlfs-1024x682.jpg 1024w, https:\/\/aheadhotel.de\/wp-content\/uploads\/2025\/05\/Ahead_Hotel_Gruppenfoto_Fotograf_Aldan_Rohlfs-1536x1024.jpg 1536w, https:\/\/aheadhotel.de\/wp-content\/uploads\/2025\/05\/Ahead_Hotel_Gruppenfoto_Fotograf_Aldan_Rohlfs-2048x1365.jpg 2048w, https:\/\/aheadhotel.de\/wp-content\/uploads\/2025\/05\/Ahead_Hotel_Gruppenfoto_Fotograf_Aldan_Rohlfs-18x12.jpg 18w\" sizes=\"(max-width: 768px) 100vw, 768px\" \/>\t\t\t\t\t\t\t\t\t\t\t\t\t\t\t<\/div>\n\t\t\t\t<\/div>\n\t\t\t\t<\/div>\n\t\t<div class=\"elementor-element elementor-element-4a4e648 e-con-full e-flex e-con e-child\" data-id=\"4a4e648\" data-element_type=\"container\">\n\t\t\t\t<div class=\"elementor-element elementor-element-c2d3bf3 elementor-widget elementor-widget-text-editor\" data-id=\"c2d3bf3\" data-element_type=\"widget\" data-widget_type=\"text-editor.default\">\n\t\t\t\t<div class=\"elementor-widget-container\">\n\t\t\t\t\t\t\t\t\t<p>You are looking for a <strong>sustainable job<\/strong> with meaning? Career opportunities in a <strong>vegan company<\/strong>? Dann bist du bei uns genau richtig. Wir bieten dir ein Arbeitsumfeld mit flachen Hierarchien, einem wertsch\u00e4tzenden und respektvollen Arbeitsumfeld, Spa\u00df an der Arbeit, Coachings &amp; Weiterbildungen sowie Aufstiegschancen in einem jungen Hotelunternehmen. Zus\u00e4tzlich gibt es Family &amp; Friends Raten und Rabatte bei uns und mehr als 850 Partnerhotels &amp; eine kostenfreie Nutzung von Sauna, Fitness &amp; Yoga.<\/p>\n<p>Send us for your new <b>vegan job<\/b> gerne deine Bewerbung mit den wichtigsten Unterlagen per Mail oder sende uns ein kurzes Bewerbungsvideo. Wir freuen uns schon, dich kennenzulernen!<\/p>\n<p><strong>Vacancies:<\/strong><\/p>\n<ul>\n<li><b>Front Office Mitarbeiter*in<\/b> (all genders)<\/li>\n<li><b>Housekeeper*in<\/b> (all gender)<\/li>\n<\/ul>\t\t\t\t\t\t\t\t<\/div>\n\t\t\t\t<\/div>\n\t\t\t\t<\/div>\n\t\t\t\t\t<\/div>\n\t\t\t\t<\/div>\n\t\t<div class=\"elementor-element elementor-element-a42a5fc e-flex e-con-boxed e-con e-parent\" data-id=\"a42a5fc\" data-element_type=\"container\">\n\t\t\t\t\t<div class=\"e-con-inner\">\n\t\t\t\t<div class=\"elementor-element elementor-element-e78321d elementor-cta--skin-classic elementor-animated-content elementor-bg-transform elementor-bg-transform-zoom-in elementor-widget elementor-widget-call-to-action\" data-id=\"e78321d\" data-element_type=\"widget\" data-widget_type=\"call-to-action.default\">\n\t\t\t\t<div class=\"elementor-widget-container\">\n\t\t\t\t\t\t\t<div class=\"elementor-cta\">\n\t\t\t\t\t\t\t<div class=\"elementor-cta__content\">\n\t\t\t\t\t\t\t\t\t<div class=\"elementor-content-item elementor-cta__content-item elementor-cta__image\">\n\t\t\t\t\t\t<img decoding=\"async\" width=\"150\" height=\"150\" src=\"https:\/\/aheadhotel.de\/wp-content\/uploads\/2025\/02\/GoodCompany20Batch_PNG-150x150.png\" class=\"attachment-thumbnail size-thumbnail wp-image-18117\" alt=\"\" srcset=\"https:\/\/aheadhotel.de\/wp-content\/uploads\/2025\/02\/GoodCompany20Batch_PNG-150x150.png 150w, https:\/\/aheadhotel.de\/wp-content\/uploads\/2025\/02\/GoodCompany20Batch_PNG-300x300.png 300w, https:\/\/aheadhotel.de\/wp-content\/uploads\/2025\/02\/GoodCompany20Batch_PNG-768x768.png 768w, https:\/\/aheadhotel.de\/wp-content\/uploads\/2025\/02\/GoodCompany20Batch_PNG-12x12.png 12w, https:\/\/aheadhotel.de\/wp-content\/uploads\/2025\/02\/GoodCompany20Batch_PNG-650x650.png 650w, https:\/\/aheadhotel.de\/wp-content\/uploads\/2025\/02\/GoodCompany20Batch_PNG.png 938w\" sizes=\"(max-width: 150px) 100vw, 150px\" \/>\t\t\t\t\t<\/div>\n\t\t\t\t\n\t\t\t\t\t\t\t\t\t<h2 class=\"elementor-cta__title elementor-cta__content-item elementor-content-item\">\n\t\t\t\t\t\tApply now!\t\t\t\t\t<\/h2>\n\t\t\t\t\n\t\t\t\t\t\t\t\t\t<div class=\"elementor-cta__description elementor-cta__content-item elementor-content-item\">\n\t\t\t\t\t\tWe look forward to getting to know you.\t\t\t\t\t<\/div>\n\t\t\t\t\n\t\t\t\t\t\t\t\t\t<div class=\"elementor-cta__button-wrapper elementor-cta__content-item elementor-content-item\">\n\t\t\t\t\t<a class=\"elementor-cta__button elementor-button elementor-size-\" href=\"mailto:jobs@aheadhotel.de\">\n\t\t\t\t\t\tjobs@aheadhotel.de\t\t\t\t\t<\/a>\n\t\t\t\t\t<\/div>\n\t\t\t\t\t\t\t<\/div>\n\t\t\t\t\t\t<\/div>\n\t\t\t\t\t\t<\/div>\n\t\t\t\t<\/div>\n\t\t\t\t\t<\/div>\n\t\t\t\t<\/div>\n\t\t\t\t<\/div>","protected":false},"excerpt":{"rendered":"<p>Du suchst nach einem nachhaltigen Job mit Sinn? Karrierem\u00f6glichkeiten in einem veganen Unternehmen? Dann bist du bei uns genau richtig. Wir bieten dir ein Arbeitsumfeld mit flachen Hierarchien, einem wertsch\u00e4tzenden und respektvollen Arbeitsumfeld, Spa\u00df an der Arbeit, Coachings &amp; Weiterbildungen sowie Aufstiegschancen in einem jungen Hotelunternehmen. Zus\u00e4tzlich gibt es Family &amp; Friends Raten und Rabatte [&hellip;]<\/p>","protected":false},"author":1,"featured_media":0,"parent":0,"menu_order":0,"comment_status":"closed","ping_status":"closed","template":"page-full-width.php","meta":{"footnotes":""},"class_list":["post-11806","page","type-page","status-publish","hentry"],"yoast_head":"<!-- This site is optimized with the Yoast SEO plugin v25.5 - https:\/\/yoast.com\/wordpress\/plugins\/seo\/ -->\n<title>Dein veganer Job - ahead burghotel<\/title>\n<meta name=\"description\" content=\"Du suchst einen veganen Job mit Sinn? In unserem veganen und nachhaltigen Hotel bieten wir dir freie Stellen.\" \/>\n<meta name=\"robots\" content=\"index, follow, max-snippet:-1, max-image-preview:large, max-video-preview:-1\" \/>\n<link rel=\"canonical\" href=\"https:\/\/aheadhotel.de\/en\/vegane-jobs\/\" \/>\n<meta property=\"og:locale\" content=\"en_US\" \/>\n<meta property=\"og:type\" content=\"article\" \/>\n<meta property=\"og:title\" content=\"Dein veganer Job - ahead burghotel\" \/>\n<meta property=\"og:description\" content=\"Du suchst einen veganen Job mit Sinn? In unserem veganen und nachhaltigen Hotel bieten wir dir freie Stellen.\" \/>\n<meta property=\"og:url\" content=\"https:\/\/aheadhotel.de\/en\/vegane-jobs\/\" \/>\n<meta property=\"og:site_name\" content=\"ahead burghotel\" \/>\n<meta property=\"article:publisher\" content=\"http:\/\/facebook.com\/aheadhotel\" \/>\n<meta property=\"article:modified_time\" content=\"2026-03-20T14:02:55+00:00\" \/>\n<meta property=\"og:image\" content=\"https:\/\/aheadhotel.de\/wp-content\/uploads\/2025\/05\/Ahead_Hotel_Gruppenfoto_Fotograf_Aldan_Rohlfs-scaled.jpg\" \/>\n\t<meta property=\"og:image:width\" content=\"2560\" \/>\n\t<meta property=\"og:image:height\" content=\"1706\" \/>\n\t<meta property=\"og:image:type\" content=\"image\/jpeg\" \/>\n<meta name=\"twitter:card\" content=\"summary_large_image\" \/>\n<meta name=\"twitter:label1\" content=\"Est. reading time\" \/>\n\t<meta name=\"twitter:data1\" content=\"2 minutes\" \/>\n<script type=\"application\/ld+json\" class=\"yoast-schema-graph\">{\"@context\":\"https:\/\/schema.org\",\"@graph\":[{\"@type\":\"WebPage\",\"@id\":\"https:\/\/aheadhotel.de\/vegane-jobs\/\",\"url\":\"https:\/\/aheadhotel.de\/vegane-jobs\/\",\"name\":\"Dein veganer Job - ahead burghotel\",\"isPartOf\":{\"@id\":\"https:\/\/aheadhotel.de\/#website\"},\"primaryImageOfPage\":{\"@id\":\"https:\/\/aheadhotel.de\/vegane-jobs\/#primaryimage\"},\"image\":{\"@id\":\"https:\/\/aheadhotel.de\/vegane-jobs\/#primaryimage\"},\"thumbnailUrl\":\"https:\/\/aheadhotel.de\/wp-content\/uploads\/2025\/05\/Ahead_Hotel_Gruppenfoto_Fotograf_Aldan_Rohlfs-768x512.jpg\",\"datePublished\":\"2021-04-22T06:23:58+00:00\",\"dateModified\":\"2026-03-20T14:02:55+00:00\",\"description\":\"Du suchst einen veganen Job mit Sinn? In unserem veganen und nachhaltigen Hotel bieten wir dir freie Stellen.\",\"breadcrumb\":{\"@id\":\"https:\/\/aheadhotel.de\/vegane-jobs\/#breadcrumb\"},\"inLanguage\":\"en-US\",\"potentialAction\":[{\"@type\":\"ReadAction\",\"target\":[\"https:\/\/aheadhotel.de\/vegane-jobs\/\"]}]},{\"@type\":\"ImageObject\",\"inLanguage\":\"en-US\",\"@id\":\"https:\/\/aheadhotel.de\/vegane-jobs\/#primaryimage\",\"url\":\"https:\/\/aheadhotel.de\/wp-content\/uploads\/2025\/05\/Ahead_Hotel_Gruppenfoto_Fotograf_Aldan_Rohlfs-768x512.jpg\",\"contentUrl\":\"https:\/\/aheadhotel.de\/wp-content\/uploads\/2025\/05\/Ahead_Hotel_Gruppenfoto_Fotograf_Aldan_Rohlfs-768x512.jpg\"},{\"@type\":\"BreadcrumbList\",\"@id\":\"https:\/\/aheadhotel.de\/vegane-jobs\/#breadcrumb\",\"itemListElement\":[{\"@type\":\"ListItem\",\"position\":1,\"name\":\"Startseite\",\"item\":\"https:\/\/aheadhotel.de\/\"},{\"@type\":\"ListItem\",\"position\":2,\"name\":\"Jobs\"}]},{\"@type\":\"WebSite\",\"@id\":\"https:\/\/aheadhotel.de\/#website\",\"url\":\"https:\/\/aheadhotel.de\/\",\"name\":\"ahead burghotel\",\"description\":\"Veganes Hotel zwischen Berlin und Hamburg\",\"publisher\":{\"@id\":\"https:\/\/aheadhotel.de\/#organization\"},\"potentialAction\":[{\"@type\":\"SearchAction\",\"target\":{\"@type\":\"EntryPoint\",\"urlTemplate\":\"https:\/\/aheadhotel.de\/?s={search_term_string}\"},\"query-input\":{\"@type\":\"PropertyValueSpecification\",\"valueRequired\":true,\"valueName\":\"search_term_string\"}}],\"inLanguage\":\"en-US\"},{\"@type\":\"Organization\",\"@id\":\"https:\/\/aheadhotel.de\/#organization\",\"name\":\"ahead burghotel\",\"url\":\"https:\/\/aheadhotel.de\/\",\"logo\":{\"@type\":\"ImageObject\",\"inLanguage\":\"en-US\",\"@id\":\"https:\/\/aheadhotel.de\/#\/schema\/logo\/image\/\",\"url\":\"https:\/\/aheadhotel.de\/wp-content\/uploads\/2021\/04\/01ahead_Logo_Final.png\",\"contentUrl\":\"https:\/\/aheadhotel.de\/wp-content\/uploads\/2021\/04\/01ahead_Logo_Final.png\",\"width\":1667,\"height\":1250,\"caption\":\"ahead burghotel\"},\"image\":{\"@id\":\"https:\/\/aheadhotel.de\/#\/schema\/logo\/image\/\"},\"sameAs\":[\"http:\/\/facebook.com\/aheadhotel\"]}]}<\/script>\n<!-- \/ Yoast SEO plugin. -->","yoast_head_json":{"title":"Dein veganer Job - ahead burghotel","description":"Du suchst einen veganen Job mit Sinn? In unserem veganen und nachhaltigen Hotel bieten wir dir freie Stellen.","robots":{"index":"index","follow":"follow","max-snippet":"max-snippet:-1","max-image-preview":"max-image-preview:large","max-video-preview":"max-video-preview:-1"},"canonical":"https:\/\/aheadhotel.de\/en\/vegane-jobs\/","og_locale":"en_US","og_type":"article","og_title":"Dein veganer Job - ahead burghotel","og_description":"Du suchst einen veganen Job mit Sinn? In unserem veganen und nachhaltigen Hotel bieten wir dir freie Stellen.","og_url":"https:\/\/aheadhotel.de\/en\/vegane-jobs\/","og_site_name":"ahead burghotel","article_publisher":"http:\/\/facebook.com\/aheadhotel","article_modified_time":"2026-03-20T14:02:55+00:00","og_image":[{"width":2560,"height":1706,"url":"https:\/\/aheadhotel.de\/wp-content\/uploads\/2025\/05\/Ahead_Hotel_Gruppenfoto_Fotograf_Aldan_Rohlfs-scaled.jpg","type":"image\/jpeg"}],"twitter_card":"summary_large_image","twitter_misc":{"Est. reading time":"2 minutes"},"schema":{"@context":"https:\/\/schema.org","@graph":[{"@type":"WebPage","@id":"https:\/\/aheadhotel.de\/vegane-jobs\/","url":"https:\/\/aheadhotel.de\/vegane-jobs\/","name":"Dein veganer Job - ahead burghotel","isPartOf":{"@id":"https:\/\/aheadhotel.de\/#website"},"primaryImageOfPage":{"@id":"https:\/\/aheadhotel.de\/vegane-jobs\/#primaryimage"},"image":{"@id":"https:\/\/aheadhotel.de\/vegane-jobs\/#primaryimage"},"thumbnailUrl":"https:\/\/aheadhotel.de\/wp-content\/uploads\/2025\/05\/Ahead_Hotel_Gruppenfoto_Fotograf_Aldan_Rohlfs-768x512.jpg","datePublished":"2021-04-22T06:23:58+00:00","dateModified":"2026-03-20T14:02:55+00:00","description":"Du suchst einen veganen Job mit Sinn? In unserem veganen und nachhaltigen Hotel bieten wir dir freie Stellen.","breadcrumb":{"@id":"https:\/\/aheadhotel.de\/vegane-jobs\/#breadcrumb"},"inLanguage":"en-US","potentialAction":[{"@type":"ReadAction","target":["https:\/\/aheadhotel.de\/vegane-jobs\/"]}]},{"@type":"ImageObject","inLanguage":"en-US","@id":"https:\/\/aheadhotel.de\/vegane-jobs\/#primaryimage","url":"https:\/\/aheadhotel.de\/wp-content\/uploads\/2025\/05\/Ahead_Hotel_Gruppenfoto_Fotograf_Aldan_Rohlfs-768x512.jpg","contentUrl":"https:\/\/aheadhotel.de\/wp-content\/uploads\/2025\/05\/Ahead_Hotel_Gruppenfoto_Fotograf_Aldan_Rohlfs-768x512.jpg"},{"@type":"BreadcrumbList","@id":"https:\/\/aheadhotel.de\/vegane-jobs\/#breadcrumb","itemListElement":[{"@type":"ListItem","position":1,"name":"Startseite","item":"https:\/\/aheadhotel.de\/"},{"@type":"ListItem","position":2,"name":"Jobs"}]},{"@type":"WebSite","@id":"https:\/\/aheadhotel.de\/#website","url":"https:\/\/aheadhotel.de\/","name":"ahead burghotel","description":"Veganes Hotel zwischen Berlin und Hamburg","publisher":{"@id":"https:\/\/aheadhotel.de\/#organization"},"potentialAction":[{"@type":"SearchAction","target":{"@type":"EntryPoint","urlTemplate":"https:\/\/aheadhotel.de\/?s={search_term_string}"},"query-input":{"@type":"PropertyValueSpecification","valueRequired":true,"valueName":"search_term_string"}}],"inLanguage":"en-US"},{"@type":"Organization","@id":"https:\/\/aheadhotel.de\/#organization","name":"ahead burghotel","url":"https:\/\/aheadhotel.de\/","logo":{"@type":"ImageObject","inLanguage":"en-US","@id":"https:\/\/aheadhotel.de\/#\/schema\/logo\/image\/","url":"https:\/\/aheadhotel.de\/wp-content\/uploads\/2021\/04\/01ahead_Logo_Final.png","contentUrl":"https:\/\/aheadhotel.de\/wp-content\/uploads\/2021\/04\/01ahead_Logo_Final.png","width":1667,"height":1250,"caption":"ahead burghotel"},"image":{"@id":"https:\/\/aheadhotel.de\/#\/schema\/logo\/image\/"},"sameAs":["http:\/\/facebook.com\/aheadhotel"]}]}},"_links":{"self":[{"href":"https:\/\/aheadhotel.de\/en\/wp-json\/wp\/v2\/pages\/11806","targetHints":{"allow":["GET"]}}],"collection":[{"href":"https:\/\/aheadhotel.de\/en\/wp-json\/wp\/v2\/pages"}],"about":[{"href":"https:\/\/aheadhotel.de\/en\/wp-json\/wp\/v2\/types\/page"}],"author":[{"embeddable":true,"href":"https:\/\/aheadhotel.de\/en\/wp-json\/wp\/v2\/users\/1"}],"replies":[{"embeddable":true,"href":"https:\/\/aheadhotel.de\/en\/wp-json\/wp\/v2\/comments?post=11806"}],"version-history":[{"count":0,"href":"https:\/\/aheadhotel.de\/en\/wp-json\/wp\/v2\/pages\/11806\/revisions"}],"wp:attachment":[{"href":"https:\/\/aheadhotel.de\/en\/wp-json\/wp\/v2\/media?parent=11806"}],"curies":[{"name":"wp","href":"https:\/\/api.w.org\/{rel}","templated":true}]}}