{"id":11961,"date":"2021-04-22T11:41:56","date_gmt":"2021-04-22T09:41:56","guid":{"rendered":"http:\/\/aheadhotel.de\/?page_id=11961"},"modified":"2023-08-31T22:10:43","modified_gmt":"2023-08-31T20:10:43","slug":"schwimmen","status":"publish","type":"page","link":"https:\/\/aheadhotel.de\/en\/schwimmen\/","title":{"rendered":"swimming"},"content":{"rendered":"<div data-elementor-type=\"wp-page\" data-elementor-id=\"11961\" class=\"elementor elementor-11961\" data-elementor-post-type=\"page\">\n\t\t\t\t\t\t<section class=\"elementor-section elementor-top-section elementor-element elementor-element-e1f8d40 elementor-section-boxed elementor-section-height-default elementor-section-height-default qodef-elementor-content-no\" data-id=\"e1f8d40\" data-element_type=\"section\">\n\t\t\t\t\t\t<div class=\"elementor-container elementor-column-gap-default\">\n\t\t\t\t\t<div class=\"elementor-column elementor-col-100 elementor-top-column elementor-element elementor-element-5611ca0\" data-id=\"5611ca0\" data-element_type=\"column\">\n\t\t\t<div class=\"elementor-widget-wrap elementor-element-populated\">\n\t\t\t\t\t\t<div class=\"elementor-element elementor-element-c2aa33c elementor-widget elementor-widget-text-editor\" data-id=\"c2aa33c\" data-element_type=\"widget\" data-widget_type=\"text-editor.default\">\n\t\t\t\t<div class=\"elementor-widget-container\">\n\t\t\t\t\t\t\t\t\t<p>While the Elbe invites for cycling or sunbathing on a secluded Elbe beach, for swimming the <strong>Lake Rudow<\/strong> at the entrance of Lenzen is wonderful . The largest lake of the Prignitz is located about 1.5 kilometers from the hotel and can be reached with our bamboo bikes or on foot. The surrounding shores can be explored on an adventurous walk or you can relax at dusk with a cool drink in your hand - gladly with one of your favorite people or your favorite furry nose. From the hotel you start in the direction of Wittenberge and then follow the signs to the \"Haus am See\". There you will find a first bathing place with a jetty to jump in.<\/p>\n<p>In winter, you can use a neighboring thermal spa in the area:\u00a0The Wendland Therme on the other side of the Elbe, about 10 kilometers from the hotel.&nbsp;<\/p>\t\t\t\t\t\t\t\t<\/div>\n\t\t\t\t<\/div>\n\t\t\t\t\t<\/div>\n\t\t<\/div>\n\t\t\t\t\t<\/div>\n\t\t<\/section>\n\t\t\t\t<\/div>","protected":false},"excerpt":{"rendered":"<p>W\u00e4hrend die Elbe zum Fahrradfahren oder zum Sonnenbaden an einem einsamen Elbstrand einl\u00e4dt, eignet sich zum Schwimmen wunderbar der Rudower See am Ortseingang von Lenzen. Der gr\u00f6\u00dfte See der Prignitz liegt circa 1,5 km vom Hotel entfernt und kann mit unseren Bambus Bikes oder zu Fu\u00df erreicht werden. Die umliegenden Ufer k\u00f6nnen bei einem abenteuerlichen [&hellip;]<\/p>","protected":false},"author":1,"featured_media":0,"parent":0,"menu_order":0,"comment_status":"closed","ping_status":"closed","template":"page-full-width.php","meta":{"footnotes":""},"class_list":["post-11961","page","type-page","status-publish","hentry"],"yoast_head":"<!-- This site is optimized with the Yoast SEO plugin v25.5 - https:\/\/yoast.com\/wordpress\/plugins\/seo\/ -->\n<title>Hotel am Badesee - ahead burghotel<\/title>\n<meta name=\"description\" content=\"Auf der Suche nach einem Hotel am Badesee in Brandenburg? Der Rudower See befindet sich ganz in der N\u00e4he unseres Hotels.\" \/>\n<meta name=\"robots\" content=\"index, follow, max-snippet:-1, max-image-preview:large, max-video-preview:-1\" \/>\n<link rel=\"canonical\" href=\"https:\/\/aheadhotel.de\/en\/schwimmen\/\" \/>\n<meta property=\"og:locale\" content=\"en_US\" \/>\n<meta property=\"og:type\" content=\"article\" \/>\n<meta property=\"og:title\" content=\"Hotel am Badesee - ahead burghotel\" \/>\n<meta property=\"og:description\" content=\"Auf der Suche nach einem Hotel am Badesee in Brandenburg? Der Rudower See befindet sich ganz in der N\u00e4he unseres Hotels.\" \/>\n<meta property=\"og:url\" content=\"https:\/\/aheadhotel.de\/en\/schwimmen\/\" \/>\n<meta property=\"og:site_name\" content=\"ahead burghotel\" \/>\n<meta property=\"article:publisher\" content=\"http:\/\/facebook.com\/aheadhotel\" \/>\n<meta property=\"article:modified_time\" content=\"2023-08-31T20:10:43+00:00\" \/>\n<meta name=\"twitter:card\" content=\"summary_large_image\" \/>\n<meta name=\"twitter:label1\" content=\"Est. reading time\" \/>\n\t<meta name=\"twitter:data1\" content=\"1 minute\" \/>\n<script type=\"application\/ld+json\" class=\"yoast-schema-graph\">{\"@context\":\"https:\/\/schema.org\",\"@graph\":[{\"@type\":\"WebPage\",\"@id\":\"https:\/\/aheadhotel.de\/schwimmen\/\",\"url\":\"https:\/\/aheadhotel.de\/schwimmen\/\",\"name\":\"Hotel am Badesee - ahead burghotel\",\"isPartOf\":{\"@id\":\"https:\/\/aheadhotel.de\/#website\"},\"datePublished\":\"2021-04-22T09:41:56+00:00\",\"dateModified\":\"2023-08-31T20:10:43+00:00\",\"description\":\"Auf der Suche nach einem Hotel am Badesee in Brandenburg? Der Rudower See befindet sich ganz in der N\u00e4he unseres Hotels.\",\"breadcrumb\":{\"@id\":\"https:\/\/aheadhotel.de\/schwimmen\/#breadcrumb\"},\"inLanguage\":\"en-US\",\"potentialAction\":[{\"@type\":\"ReadAction\",\"target\":[\"https:\/\/aheadhotel.de\/schwimmen\/\"]}]},{\"@type\":\"BreadcrumbList\",\"@id\":\"https:\/\/aheadhotel.de\/schwimmen\/#breadcrumb\",\"itemListElement\":[{\"@type\":\"ListItem\",\"position\":1,\"name\":\"Startseite\",\"item\":\"https:\/\/aheadhotel.de\/\"},{\"@type\":\"ListItem\",\"position\":2,\"name\":\"Schwimmen\"}]},{\"@type\":\"WebSite\",\"@id\":\"https:\/\/aheadhotel.de\/#website\",\"url\":\"https:\/\/aheadhotel.de\/\",\"name\":\"ahead burghotel\",\"description\":\"Veganes Hotel zwischen Berlin und Hamburg\",\"publisher\":{\"@id\":\"https:\/\/aheadhotel.de\/#organization\"},\"potentialAction\":[{\"@type\":\"SearchAction\",\"target\":{\"@type\":\"EntryPoint\",\"urlTemplate\":\"https:\/\/aheadhotel.de\/?s={search_term_string}\"},\"query-input\":{\"@type\":\"PropertyValueSpecification\",\"valueRequired\":true,\"valueName\":\"search_term_string\"}}],\"inLanguage\":\"en-US\"},{\"@type\":\"Organization\",\"@id\":\"https:\/\/aheadhotel.de\/#organization\",\"name\":\"ahead burghotel\",\"url\":\"https:\/\/aheadhotel.de\/\",\"logo\":{\"@type\":\"ImageObject\",\"inLanguage\":\"en-US\",\"@id\":\"https:\/\/aheadhotel.de\/#\/schema\/logo\/image\/\",\"url\":\"https:\/\/aheadhotel.de\/wp-content\/uploads\/2021\/04\/01ahead_Logo_Final.png\",\"contentUrl\":\"https:\/\/aheadhotel.de\/wp-content\/uploads\/2021\/04\/01ahead_Logo_Final.png\",\"width\":1667,\"height\":1250,\"caption\":\"ahead burghotel\"},\"image\":{\"@id\":\"https:\/\/aheadhotel.de\/#\/schema\/logo\/image\/\"},\"sameAs\":[\"http:\/\/facebook.com\/aheadhotel\"]}]}<\/script>\n<!-- \/ Yoast SEO plugin. -->","yoast_head_json":{"title":"Hotel am Badesee - ahead burghotel","description":"Auf der Suche nach einem Hotel am Badesee in Brandenburg? Der Rudower See befindet sich ganz in der N\u00e4he unseres Hotels.","robots":{"index":"index","follow":"follow","max-snippet":"max-snippet:-1","max-image-preview":"max-image-preview:large","max-video-preview":"max-video-preview:-1"},"canonical":"https:\/\/aheadhotel.de\/en\/schwimmen\/","og_locale":"en_US","og_type":"article","og_title":"Hotel am Badesee - ahead burghotel","og_description":"Auf der Suche nach einem Hotel am Badesee in Brandenburg? Der Rudower See befindet sich ganz in der N\u00e4he unseres Hotels.","og_url":"https:\/\/aheadhotel.de\/en\/schwimmen\/","og_site_name":"ahead burghotel","article_publisher":"http:\/\/facebook.com\/aheadhotel","article_modified_time":"2023-08-31T20:10:43+00:00","twitter_card":"summary_large_image","twitter_misc":{"Est. reading time":"1 minute"},"schema":{"@context":"https:\/\/schema.org","@graph":[{"@type":"WebPage","@id":"https:\/\/aheadhotel.de\/schwimmen\/","url":"https:\/\/aheadhotel.de\/schwimmen\/","name":"Hotel am Badesee - ahead burghotel","isPartOf":{"@id":"https:\/\/aheadhotel.de\/#website"},"datePublished":"2021-04-22T09:41:56+00:00","dateModified":"2023-08-31T20:10:43+00:00","description":"Auf der Suche nach einem Hotel am Badesee in Brandenburg? Der Rudower See befindet sich ganz in der N\u00e4he unseres Hotels.","breadcrumb":{"@id":"https:\/\/aheadhotel.de\/schwimmen\/#breadcrumb"},"inLanguage":"en-US","potentialAction":[{"@type":"ReadAction","target":["https:\/\/aheadhotel.de\/schwimmen\/"]}]},{"@type":"BreadcrumbList","@id":"https:\/\/aheadhotel.de\/schwimmen\/#breadcrumb","itemListElement":[{"@type":"ListItem","position":1,"name":"Startseite","item":"https:\/\/aheadhotel.de\/"},{"@type":"ListItem","position":2,"name":"Schwimmen"}]},{"@type":"WebSite","@id":"https:\/\/aheadhotel.de\/#website","url":"https:\/\/aheadhotel.de\/","name":"ahead burghotel","description":"Veganes Hotel zwischen Berlin und Hamburg","publisher":{"@id":"https:\/\/aheadhotel.de\/#organization"},"potentialAction":[{"@type":"SearchAction","target":{"@type":"EntryPoint","urlTemplate":"https:\/\/aheadhotel.de\/?s={search_term_string}"},"query-input":{"@type":"PropertyValueSpecification","valueRequired":true,"valueName":"search_term_string"}}],"inLanguage":"en-US"},{"@type":"Organization","@id":"https:\/\/aheadhotel.de\/#organization","name":"ahead burghotel","url":"https:\/\/aheadhotel.de\/","logo":{"@type":"ImageObject","inLanguage":"en-US","@id":"https:\/\/aheadhotel.de\/#\/schema\/logo\/image\/","url":"https:\/\/aheadhotel.de\/wp-content\/uploads\/2021\/04\/01ahead_Logo_Final.png","contentUrl":"https:\/\/aheadhotel.de\/wp-content\/uploads\/2021\/04\/01ahead_Logo_Final.png","width":1667,"height":1250,"caption":"ahead burghotel"},"image":{"@id":"https:\/\/aheadhotel.de\/#\/schema\/logo\/image\/"},"sameAs":["http:\/\/facebook.com\/aheadhotel"]}]}},"_links":{"self":[{"href":"https:\/\/aheadhotel.de\/en\/wp-json\/wp\/v2\/pages\/11961","targetHints":{"allow":["GET"]}}],"collection":[{"href":"https:\/\/aheadhotel.de\/en\/wp-json\/wp\/v2\/pages"}],"about":[{"href":"https:\/\/aheadhotel.de\/en\/wp-json\/wp\/v2\/types\/page"}],"author":[{"embeddable":true,"href":"https:\/\/aheadhotel.de\/en\/wp-json\/wp\/v2\/users\/1"}],"replies":[{"embeddable":true,"href":"https:\/\/aheadhotel.de\/en\/wp-json\/wp\/v2\/comments?post=11961"}],"version-history":[{"count":0,"href":"https:\/\/aheadhotel.de\/en\/wp-json\/wp\/v2\/pages\/11961\/revisions"}],"wp:attachment":[{"href":"https:\/\/aheadhotel.de\/en\/wp-json\/wp\/v2\/media?parent=11961"}],"curies":[{"name":"wp","href":"https:\/\/api.w.org\/{rel}","templated":true}]}}