{"id":11963,"date":"2021-04-22T11:42:46","date_gmt":"2021-04-22T09:42:46","guid":{"rendered":"http:\/\/aheadhotel.de\/?page_id=11963"},"modified":"2023-08-25T16:45:28","modified_gmt":"2023-08-25T14:45:28","slug":"wandern","status":"publish","type":"page","link":"https:\/\/aheadhotel.de\/en\/wandern\/","title":{"rendered":"hiking"},"content":{"rendered":"<div data-elementor-type=\"wp-page\" data-elementor-id=\"11963\" class=\"elementor elementor-11963\" data-elementor-post-type=\"page\">\n\t\t\t\t\t\t<section class=\"elementor-section elementor-top-section elementor-element elementor-element-e42d6b1 elementor-section-boxed elementor-section-height-default elementor-section-height-default qodef-elementor-content-no\" data-id=\"e42d6b1\" data-element_type=\"section\">\n\t\t\t\t\t\t<div class=\"elementor-container elementor-column-gap-default\">\n\t\t\t\t\t<div class=\"elementor-column elementor-col-100 elementor-top-column elementor-element elementor-element-4ae9930\" data-id=\"4ae9930\" data-element_type=\"column\">\n\t\t\t<div class=\"elementor-widget-wrap elementor-element-populated\">\n\t\t\t\t\t\t<div class=\"elementor-element elementor-element-f24214c elementor-widget elementor-widget-text-editor\" data-id=\"f24214c\" data-element_type=\"widget\" data-widget_type=\"text-editor.default\">\n\t\t\t\t<div class=\"elementor-widget-container\">\n\t\t\t\t\t\t\t\t\t<p>For an extensive hiking tour it does not have to be the Alps, the Prignitz can also be used for some extended tours. The path along the Elbe can be explored by bike or on foot, diving deep into the surrounding floodplain wilderness. For those who are drawn to the water, the hiking route around the <strong>Lake Rudow<\/strong> run and cool off along the way.<\/p><p>A few kilometers away from Lenzen also awaits the <strong>Rambower Moor<\/strong> with designated trails await you. The highlight in late autumn is the arrival of cranes and wild geese, which stay overnight in the moor and recharge their batteries. If you are more in the mood for heights, you can climb the <strong>Schm\u00f6lener Binnend\u00fcne<\/strong> and gain a magnificent view of the river landscape of the Elbe and L\u00f6cknitz.<\/p><p>For more peace and silence in the forest, take a trip to the other side of the Elbe <strong>to the H\u00f6hbeck<\/strong> with designated hiking trails and picturesque half-timbered villages. We recommend you to wear good and comfortable footwear, so that the excursion will be enjoyable all the way. In order not to disturb the nature and the animals and not to put you in a dangerous situation, we advise you to use only the marked trails. Please contact us immediately if you get lost or stuck. Do you feel like a <strong>guided hiking tour<\/strong>? Then feel free to contact us.\u00a0<\/p>\t\t\t\t\t\t\t\t<\/div>\n\t\t\t\t<\/div>\n\t\t\t\t\t<\/div>\n\t\t<\/div>\n\t\t\t\t\t<\/div>\n\t\t<\/section>\n\t\t\t\t<\/div>","protected":false},"excerpt":{"rendered":"<p>F\u00fcr eine ausgiebige Wandertour m\u00fcssen es nicht gleich die Alpen sein, auch die Prignitz kann f\u00fcr einige ausgedehnte Touren herhalten. Der Weg an der Elbe entlang kann mit dem Bike oder zu Fu\u00df erkundet und dabei tief in die umliegende Auenwildnis eingetaucht werden. Wer sich dem Wasser hingezogen f\u00fchlt, kann als Wanderroute um den Rudower [&hellip;]<\/p>","protected":false},"author":1,"featured_media":0,"parent":0,"menu_order":0,"comment_status":"closed","ping_status":"closed","template":"page-full-width.php","meta":{"footnotes":""},"class_list":["post-11963","page","type-page","status-publish","hentry"],"yoast_head":"<!-- This site is optimized with the Yoast SEO plugin v25.5 - https:\/\/yoast.com\/wordpress\/plugins\/seo\/ -->\n<title>Wandern - ahead burghotel<\/title>\n<meta name=\"description\" content=\"Unser Hotel eignet sich als Ausgangspunkt f\u00fcr Wandertouren in der Prignitz, Brandenburg oder an der Elbe entlang nach Mecklenburg Vorpommern.\" \/>\n<meta name=\"robots\" content=\"index, follow, max-snippet:-1, max-image-preview:large, max-video-preview:-1\" \/>\n<link rel=\"canonical\" href=\"https:\/\/aheadhotel.de\/en\/wandern\/\" \/>\n<meta property=\"og:locale\" content=\"en_US\" \/>\n<meta property=\"og:type\" content=\"article\" \/>\n<meta property=\"og:title\" content=\"Wandern - ahead burghotel\" \/>\n<meta property=\"og:description\" content=\"Unser Hotel eignet sich als Ausgangspunkt f\u00fcr Wandertouren in der Prignitz, Brandenburg oder an der Elbe entlang nach Mecklenburg Vorpommern.\" \/>\n<meta property=\"og:url\" content=\"https:\/\/aheadhotel.de\/en\/wandern\/\" \/>\n<meta property=\"og:site_name\" content=\"ahead burghotel\" \/>\n<meta property=\"article:publisher\" content=\"http:\/\/facebook.com\/aheadhotel\" \/>\n<meta property=\"article:modified_time\" content=\"2023-08-25T14:45:28+00:00\" \/>\n<meta name=\"twitter:card\" content=\"summary_large_image\" \/>\n<meta name=\"twitter:label1\" content=\"Est. reading time\" \/>\n\t<meta name=\"twitter:data1\" content=\"2 minutes\" \/>\n<script type=\"application\/ld+json\" class=\"yoast-schema-graph\">{\"@context\":\"https:\/\/schema.org\",\"@graph\":[{\"@type\":\"WebPage\",\"@id\":\"https:\/\/aheadhotel.de\/wandern\/\",\"url\":\"https:\/\/aheadhotel.de\/wandern\/\",\"name\":\"Wandern - ahead burghotel\",\"isPartOf\":{\"@id\":\"https:\/\/aheadhotel.de\/#website\"},\"datePublished\":\"2021-04-22T09:42:46+00:00\",\"dateModified\":\"2023-08-25T14:45:28+00:00\",\"description\":\"Unser Hotel eignet sich als Ausgangspunkt f\u00fcr Wandertouren in der Prignitz, Brandenburg oder an der Elbe entlang nach Mecklenburg Vorpommern.\",\"breadcrumb\":{\"@id\":\"https:\/\/aheadhotel.de\/wandern\/#breadcrumb\"},\"inLanguage\":\"en-US\",\"potentialAction\":[{\"@type\":\"ReadAction\",\"target\":[\"https:\/\/aheadhotel.de\/wandern\/\"]}]},{\"@type\":\"BreadcrumbList\",\"@id\":\"https:\/\/aheadhotel.de\/wandern\/#breadcrumb\",\"itemListElement\":[{\"@type\":\"ListItem\",\"position\":1,\"name\":\"Startseite\",\"item\":\"https:\/\/aheadhotel.de\/\"},{\"@type\":\"ListItem\",\"position\":2,\"name\":\"Wandern\"}]},{\"@type\":\"WebSite\",\"@id\":\"https:\/\/aheadhotel.de\/#website\",\"url\":\"https:\/\/aheadhotel.de\/\",\"name\":\"ahead burghotel\",\"description\":\"Veganes Hotel zwischen Berlin und Hamburg\",\"publisher\":{\"@id\":\"https:\/\/aheadhotel.de\/#organization\"},\"potentialAction\":[{\"@type\":\"SearchAction\",\"target\":{\"@type\":\"EntryPoint\",\"urlTemplate\":\"https:\/\/aheadhotel.de\/?s={search_term_string}\"},\"query-input\":{\"@type\":\"PropertyValueSpecification\",\"valueRequired\":true,\"valueName\":\"search_term_string\"}}],\"inLanguage\":\"en-US\"},{\"@type\":\"Organization\",\"@id\":\"https:\/\/aheadhotel.de\/#organization\",\"name\":\"ahead burghotel\",\"url\":\"https:\/\/aheadhotel.de\/\",\"logo\":{\"@type\":\"ImageObject\",\"inLanguage\":\"en-US\",\"@id\":\"https:\/\/aheadhotel.de\/#\/schema\/logo\/image\/\",\"url\":\"https:\/\/aheadhotel.de\/wp-content\/uploads\/2021\/04\/01ahead_Logo_Final.png\",\"contentUrl\":\"https:\/\/aheadhotel.de\/wp-content\/uploads\/2021\/04\/01ahead_Logo_Final.png\",\"width\":1667,\"height\":1250,\"caption\":\"ahead burghotel\"},\"image\":{\"@id\":\"https:\/\/aheadhotel.de\/#\/schema\/logo\/image\/\"},\"sameAs\":[\"http:\/\/facebook.com\/aheadhotel\"]}]}<\/script>\n<!-- \/ Yoast SEO plugin. -->","yoast_head_json":{"title":"Wandern - ahead burghotel","description":"Unser Hotel eignet sich als Ausgangspunkt f\u00fcr Wandertouren in der Prignitz, Brandenburg oder an der Elbe entlang nach Mecklenburg Vorpommern.","robots":{"index":"index","follow":"follow","max-snippet":"max-snippet:-1","max-image-preview":"max-image-preview:large","max-video-preview":"max-video-preview:-1"},"canonical":"https:\/\/aheadhotel.de\/en\/wandern\/","og_locale":"en_US","og_type":"article","og_title":"Wandern - ahead burghotel","og_description":"Unser Hotel eignet sich als Ausgangspunkt f\u00fcr Wandertouren in der Prignitz, Brandenburg oder an der Elbe entlang nach Mecklenburg Vorpommern.","og_url":"https:\/\/aheadhotel.de\/en\/wandern\/","og_site_name":"ahead burghotel","article_publisher":"http:\/\/facebook.com\/aheadhotel","article_modified_time":"2023-08-25T14:45:28+00:00","twitter_card":"summary_large_image","twitter_misc":{"Est. reading time":"2 minutes"},"schema":{"@context":"https:\/\/schema.org","@graph":[{"@type":"WebPage","@id":"https:\/\/aheadhotel.de\/wandern\/","url":"https:\/\/aheadhotel.de\/wandern\/","name":"Wandern - ahead burghotel","isPartOf":{"@id":"https:\/\/aheadhotel.de\/#website"},"datePublished":"2021-04-22T09:42:46+00:00","dateModified":"2023-08-25T14:45:28+00:00","description":"Unser Hotel eignet sich als Ausgangspunkt f\u00fcr Wandertouren in der Prignitz, Brandenburg oder an der Elbe entlang nach Mecklenburg Vorpommern.","breadcrumb":{"@id":"https:\/\/aheadhotel.de\/wandern\/#breadcrumb"},"inLanguage":"en-US","potentialAction":[{"@type":"ReadAction","target":["https:\/\/aheadhotel.de\/wandern\/"]}]},{"@type":"BreadcrumbList","@id":"https:\/\/aheadhotel.de\/wandern\/#breadcrumb","itemListElement":[{"@type":"ListItem","position":1,"name":"Startseite","item":"https:\/\/aheadhotel.de\/"},{"@type":"ListItem","position":2,"name":"Wandern"}]},{"@type":"WebSite","@id":"https:\/\/aheadhotel.de\/#website","url":"https:\/\/aheadhotel.de\/","name":"ahead burghotel","description":"Veganes Hotel zwischen Berlin und Hamburg","publisher":{"@id":"https:\/\/aheadhotel.de\/#organization"},"potentialAction":[{"@type":"SearchAction","target":{"@type":"EntryPoint","urlTemplate":"https:\/\/aheadhotel.de\/?s={search_term_string}"},"query-input":{"@type":"PropertyValueSpecification","valueRequired":true,"valueName":"search_term_string"}}],"inLanguage":"en-US"},{"@type":"Organization","@id":"https:\/\/aheadhotel.de\/#organization","name":"ahead burghotel","url":"https:\/\/aheadhotel.de\/","logo":{"@type":"ImageObject","inLanguage":"en-US","@id":"https:\/\/aheadhotel.de\/#\/schema\/logo\/image\/","url":"https:\/\/aheadhotel.de\/wp-content\/uploads\/2021\/04\/01ahead_Logo_Final.png","contentUrl":"https:\/\/aheadhotel.de\/wp-content\/uploads\/2021\/04\/01ahead_Logo_Final.png","width":1667,"height":1250,"caption":"ahead burghotel"},"image":{"@id":"https:\/\/aheadhotel.de\/#\/schema\/logo\/image\/"},"sameAs":["http:\/\/facebook.com\/aheadhotel"]}]}},"_links":{"self":[{"href":"https:\/\/aheadhotel.de\/en\/wp-json\/wp\/v2\/pages\/11963","targetHints":{"allow":["GET"]}}],"collection":[{"href":"https:\/\/aheadhotel.de\/en\/wp-json\/wp\/v2\/pages"}],"about":[{"href":"https:\/\/aheadhotel.de\/en\/wp-json\/wp\/v2\/types\/page"}],"author":[{"embeddable":true,"href":"https:\/\/aheadhotel.de\/en\/wp-json\/wp\/v2\/users\/1"}],"replies":[{"embeddable":true,"href":"https:\/\/aheadhotel.de\/en\/wp-json\/wp\/v2\/comments?post=11963"}],"version-history":[{"count":0,"href":"https:\/\/aheadhotel.de\/en\/wp-json\/wp\/v2\/pages\/11963\/revisions"}],"wp:attachment":[{"href":"https:\/\/aheadhotel.de\/en\/wp-json\/wp\/v2\/media?parent=11963"}],"curies":[{"name":"wp","href":"https:\/\/api.w.org\/{rel}","templated":true}]}}