{"id":11968,"date":"2021-04-22T11:44:37","date_gmt":"2021-04-22T09:44:37","guid":{"rendered":"http:\/\/aheadhotel.de\/?page_id=11968"},"modified":"2025-10-18T17:00:03","modified_gmt":"2025-10-18T15:00:03","slug":"hotel-am-elberadweg","status":"publish","type":"page","link":"https:\/\/aheadhotel.de\/en\/hotel-am-elberadweg\/","title":{"rendered":"bikes"},"content":{"rendered":"<div data-elementor-type=\"wp-page\" data-elementor-id=\"11968\" class=\"elementor elementor-11968\" data-elementor-post-type=\"page\">\n\t\t\t\t<div class=\"elementor-element elementor-element-ec5f15d e-flex e-con-boxed e-con e-parent\" data-id=\"ec5f15d\" data-element_type=\"container\">\n\t\t\t\t\t<div class=\"e-con-inner\">\n\t\t\t\t<div class=\"elementor-element elementor-element-05591e6 elementor-widget elementor-widget-html\" data-id=\"05591e6\" data-element_type=\"widget\" data-widget_type=\"html.default\">\n\t\t\t\t<div class=\"elementor-widget-container\">\n\t\t\t\t\t<!-- Elfsight Event Calendar | Fahrradverleih -->\n<script src=\"https:\/\/static.elfsight.com\/platform\/platform.js\" async><\/script>\n<div class=\"elfsight-app-cf00a19f-6203-4fa2-8d9e-43a790c8e176\" data-elfsight-app-lazy><\/div>\t\t\t\t<\/div>\n\t\t\t\t<\/div>\n\t\t\t\t\t<\/div>\n\t\t\t\t<\/div>\n\t\t<div class=\"elementor-element elementor-element-5b86c001 e-flex e-con-boxed e-con e-parent\" data-id=\"5b86c001\" data-element_type=\"container\">\n\t\t\t\t\t<div class=\"e-con-inner\">\n\t\t\t\t<div class=\"elementor-element elementor-element-2ce481d7 elementor-widget elementor-widget-text-editor\" data-id=\"2ce481d7\" data-element_type=\"widget\" data-widget_type=\"text-editor.default\">\n\t\t\t\t<div class=\"elementor-widget-container\">\n\t\t\t\t\t\t\t\t\t<p>It was important for us to offer bikes for our guests that are also ahead. Namely: Sustainable. Social. Unique.\u00a0<\/p><p>We may introduce: <strong>My Boo<\/strong>, the bicycle manufactory from Kiel, which produces sustainable and fair bamboo bicycles in Ghana and Kiel. School projects and fair jobs in Ghana are supported. <a href=\"https:\/\/www.my-boo.de\">Here<\/a> you can learn more about My Boo.\u00a0<\/p><p>So what are you waiting for? Start cycling and do good at the same time. You are welcome to reserve your bike for yourself before your stay.\u00a0<\/p><p>Deutschlands beliebtester Radfernweg, der Elberadweg, befindet sich nur etwa einen Kilometer von unserem Hotel entfernt. Bitte bringt eure eigenen Helme mit, aus hygienischen Gr\u00fcnden verzichten wir auf einen Verleih.<\/p><p>Do you feel like cooling off? Then you can reach the Rudower Lake by bike in a few minutes for <a href=\"http:\/\/aheadhotel.de\/en\/schwimmen\/\">swimming<\/a>.\u00a0<\/p><p>You can find more tips on where to stop in our digital guest folder or, of course, directly from the ahead team.<\/p>\t\t\t\t\t\t\t\t<\/div>\n\t\t\t\t<\/div>\n\t\t\t\t\t<\/div>\n\t\t\t\t<\/div>\n\t\t\t\t<\/div>","protected":false},"excerpt":{"rendered":"<p>Es war uns wichtig, Fahrr\u00e4der f\u00fcr unsere G\u00e4ste anzubieten, die auch ahead sind. N\u00e4mlich: Nachhaltig. Sozial. Einzigartig.\u00a0 Wir d\u00fcrfen vorstellen: My Boo, die Fahrradmanufaktur aus Kiel, die nachhaltige und faire Bambusfahrr\u00e4der in Ghana und Kiel produziert. Unterst\u00fctzt werden Schulprojekte und faire Arbeitspl\u00e4tze in Ghana. Hier kannst du mehr \u00fcber My Boo erfahren.\u00a0 Also, worauf wartest [&hellip;]<\/p>","protected":false},"author":1,"featured_media":0,"parent":0,"menu_order":0,"comment_status":"closed","ping_status":"closed","template":"page-full-width.php","meta":{"footnotes":""},"class_list":["post-11968","page","type-page","status-publish","hentry"],"yoast_head":"<!-- This site is optimized with the Yoast SEO plugin v25.5 - https:\/\/yoast.com\/wordpress\/plugins\/seo\/ -->\n<title>Hotel am Elberadweg zwischen Wittenberge und D\u00f6mitz - ahead burghotel<\/title>\n<meta name=\"description\" content=\"Wir dein dein fahrradfreundliches Hotel mit Radverleih und Fahrradraum am Elberadweg zwischen Wittenberge und D\u00f6mitz.\" \/>\n<meta name=\"robots\" content=\"index, follow, max-snippet:-1, max-image-preview:large, max-video-preview:-1\" \/>\n<link rel=\"canonical\" href=\"https:\/\/aheadhotel.de\/en\/hotel-am-elberadweg\/\" \/>\n<meta property=\"og:locale\" content=\"en_US\" \/>\n<meta property=\"og:type\" content=\"article\" \/>\n<meta property=\"og:title\" content=\"Hotel am Elberadweg zwischen Wittenberge und D\u00f6mitz - ahead burghotel\" \/>\n<meta property=\"og:description\" content=\"Wir dein dein fahrradfreundliches Hotel mit Radverleih und Fahrradraum am Elberadweg zwischen Wittenberge und D\u00f6mitz.\" \/>\n<meta property=\"og:url\" content=\"https:\/\/aheadhotel.de\/en\/hotel-am-elberadweg\/\" \/>\n<meta property=\"og:site_name\" content=\"ahead burghotel\" \/>\n<meta property=\"article:publisher\" content=\"http:\/\/facebook.com\/aheadhotel\" \/>\n<meta property=\"article:modified_time\" content=\"2025-10-18T15:00:03+00:00\" \/>\n<meta name=\"twitter:card\" content=\"summary_large_image\" \/>\n<meta name=\"twitter:label1\" content=\"Est. reading time\" \/>\n\t<meta name=\"twitter:data1\" content=\"2 minutes\" \/>\n<script type=\"application\/ld+json\" class=\"yoast-schema-graph\">{\"@context\":\"https:\/\/schema.org\",\"@graph\":[{\"@type\":\"WebPage\",\"@id\":\"https:\/\/aheadhotel.de\/hotel-am-elberadweg\/\",\"url\":\"https:\/\/aheadhotel.de\/hotel-am-elberadweg\/\",\"name\":\"Hotel am Elberadweg zwischen Wittenberge und D\u00f6mitz - ahead burghotel\",\"isPartOf\":{\"@id\":\"https:\/\/aheadhotel.de\/#website\"},\"datePublished\":\"2021-04-22T09:44:37+00:00\",\"dateModified\":\"2025-10-18T15:00:03+00:00\",\"description\":\"Wir dein dein fahrradfreundliches Hotel mit Radverleih und Fahrradraum am Elberadweg zwischen Wittenberge und D\u00f6mitz.\",\"breadcrumb\":{\"@id\":\"https:\/\/aheadhotel.de\/hotel-am-elberadweg\/#breadcrumb\"},\"inLanguage\":\"en-US\",\"potentialAction\":[{\"@type\":\"ReadAction\",\"target\":[\"https:\/\/aheadhotel.de\/hotel-am-elberadweg\/\"]}]},{\"@type\":\"BreadcrumbList\",\"@id\":\"https:\/\/aheadhotel.de\/hotel-am-elberadweg\/#breadcrumb\",\"itemListElement\":[{\"@type\":\"ListItem\",\"position\":1,\"name\":\"Startseite\",\"item\":\"https:\/\/aheadhotel.de\/\"},{\"@type\":\"ListItem\",\"position\":2,\"name\":\"Bikes\"}]},{\"@type\":\"WebSite\",\"@id\":\"https:\/\/aheadhotel.de\/#website\",\"url\":\"https:\/\/aheadhotel.de\/\",\"name\":\"ahead burghotel\",\"description\":\"Veganes Hotel zwischen Berlin und Hamburg\",\"publisher\":{\"@id\":\"https:\/\/aheadhotel.de\/#organization\"},\"potentialAction\":[{\"@type\":\"SearchAction\",\"target\":{\"@type\":\"EntryPoint\",\"urlTemplate\":\"https:\/\/aheadhotel.de\/?s={search_term_string}\"},\"query-input\":{\"@type\":\"PropertyValueSpecification\",\"valueRequired\":true,\"valueName\":\"search_term_string\"}}],\"inLanguage\":\"en-US\"},{\"@type\":\"Organization\",\"@id\":\"https:\/\/aheadhotel.de\/#organization\",\"name\":\"ahead burghotel\",\"url\":\"https:\/\/aheadhotel.de\/\",\"logo\":{\"@type\":\"ImageObject\",\"inLanguage\":\"en-US\",\"@id\":\"https:\/\/aheadhotel.de\/#\/schema\/logo\/image\/\",\"url\":\"https:\/\/aheadhotel.de\/wp-content\/uploads\/2021\/04\/01ahead_Logo_Final.png\",\"contentUrl\":\"https:\/\/aheadhotel.de\/wp-content\/uploads\/2021\/04\/01ahead_Logo_Final.png\",\"width\":1667,\"height\":1250,\"caption\":\"ahead burghotel\"},\"image\":{\"@id\":\"https:\/\/aheadhotel.de\/#\/schema\/logo\/image\/\"},\"sameAs\":[\"http:\/\/facebook.com\/aheadhotel\"]}]}<\/script>\n<!-- \/ Yoast SEO plugin. -->","yoast_head_json":{"title":"Hotel am Elberadweg zwischen Wittenberge und D\u00f6mitz - ahead burghotel","description":"Wir dein dein fahrradfreundliches Hotel mit Radverleih und Fahrradraum am Elberadweg zwischen Wittenberge und D\u00f6mitz.","robots":{"index":"index","follow":"follow","max-snippet":"max-snippet:-1","max-image-preview":"max-image-preview:large","max-video-preview":"max-video-preview:-1"},"canonical":"https:\/\/aheadhotel.de\/en\/hotel-am-elberadweg\/","og_locale":"en_US","og_type":"article","og_title":"Hotel am Elberadweg zwischen Wittenberge und D\u00f6mitz - ahead burghotel","og_description":"Wir dein dein fahrradfreundliches Hotel mit Radverleih und Fahrradraum am Elberadweg zwischen Wittenberge und D\u00f6mitz.","og_url":"https:\/\/aheadhotel.de\/en\/hotel-am-elberadweg\/","og_site_name":"ahead burghotel","article_publisher":"http:\/\/facebook.com\/aheadhotel","article_modified_time":"2025-10-18T15:00:03+00:00","twitter_card":"summary_large_image","twitter_misc":{"Est. reading time":"2 minutes"},"schema":{"@context":"https:\/\/schema.org","@graph":[{"@type":"WebPage","@id":"https:\/\/aheadhotel.de\/hotel-am-elberadweg\/","url":"https:\/\/aheadhotel.de\/hotel-am-elberadweg\/","name":"Hotel am Elberadweg zwischen Wittenberge und D\u00f6mitz - ahead burghotel","isPartOf":{"@id":"https:\/\/aheadhotel.de\/#website"},"datePublished":"2021-04-22T09:44:37+00:00","dateModified":"2025-10-18T15:00:03+00:00","description":"Wir dein dein fahrradfreundliches Hotel mit Radverleih und Fahrradraum am Elberadweg zwischen Wittenberge und D\u00f6mitz.","breadcrumb":{"@id":"https:\/\/aheadhotel.de\/hotel-am-elberadweg\/#breadcrumb"},"inLanguage":"en-US","potentialAction":[{"@type":"ReadAction","target":["https:\/\/aheadhotel.de\/hotel-am-elberadweg\/"]}]},{"@type":"BreadcrumbList","@id":"https:\/\/aheadhotel.de\/hotel-am-elberadweg\/#breadcrumb","itemListElement":[{"@type":"ListItem","position":1,"name":"Startseite","item":"https:\/\/aheadhotel.de\/"},{"@type":"ListItem","position":2,"name":"Bikes"}]},{"@type":"WebSite","@id":"https:\/\/aheadhotel.de\/#website","url":"https:\/\/aheadhotel.de\/","name":"ahead burghotel","description":"Veganes Hotel zwischen Berlin und Hamburg","publisher":{"@id":"https:\/\/aheadhotel.de\/#organization"},"potentialAction":[{"@type":"SearchAction","target":{"@type":"EntryPoint","urlTemplate":"https:\/\/aheadhotel.de\/?s={search_term_string}"},"query-input":{"@type":"PropertyValueSpecification","valueRequired":true,"valueName":"search_term_string"}}],"inLanguage":"en-US"},{"@type":"Organization","@id":"https:\/\/aheadhotel.de\/#organization","name":"ahead burghotel","url":"https:\/\/aheadhotel.de\/","logo":{"@type":"ImageObject","inLanguage":"en-US","@id":"https:\/\/aheadhotel.de\/#\/schema\/logo\/image\/","url":"https:\/\/aheadhotel.de\/wp-content\/uploads\/2021\/04\/01ahead_Logo_Final.png","contentUrl":"https:\/\/aheadhotel.de\/wp-content\/uploads\/2021\/04\/01ahead_Logo_Final.png","width":1667,"height":1250,"caption":"ahead burghotel"},"image":{"@id":"https:\/\/aheadhotel.de\/#\/schema\/logo\/image\/"},"sameAs":["http:\/\/facebook.com\/aheadhotel"]}]}},"_links":{"self":[{"href":"https:\/\/aheadhotel.de\/en\/wp-json\/wp\/v2\/pages\/11968","targetHints":{"allow":["GET"]}}],"collection":[{"href":"https:\/\/aheadhotel.de\/en\/wp-json\/wp\/v2\/pages"}],"about":[{"href":"https:\/\/aheadhotel.de\/en\/wp-json\/wp\/v2\/types\/page"}],"author":[{"embeddable":true,"href":"https:\/\/aheadhotel.de\/en\/wp-json\/wp\/v2\/users\/1"}],"replies":[{"embeddable":true,"href":"https:\/\/aheadhotel.de\/en\/wp-json\/wp\/v2\/comments?post=11968"}],"version-history":[{"count":0,"href":"https:\/\/aheadhotel.de\/en\/wp-json\/wp\/v2\/pages\/11968\/revisions"}],"wp:attachment":[{"href":"https:\/\/aheadhotel.de\/en\/wp-json\/wp\/v2\/media?parent=11968"}],"curies":[{"name":"wp","href":"https:\/\/api.w.org\/{rel}","templated":true}]}}