{"id":11970,"date":"2021-04-22T11:45:03","date_gmt":"2021-04-22T09:45:03","guid":{"rendered":"http:\/\/aheadhotel.de\/?page_id=11970"},"modified":"2023-08-26T21:02:00","modified_gmt":"2023-08-26T19:02:00","slug":"burggarten","status":"publish","type":"page","link":"https:\/\/aheadhotel.de\/en\/burggarten\/","title":{"rendered":"castle garden"},"content":{"rendered":"<div data-elementor-type=\"wp-page\" data-elementor-id=\"11970\" class=\"elementor elementor-11970\" data-elementor-post-type=\"page\">\n\t\t\t\t<div class=\"elementor-element elementor-element-98a67f4 e-flex e-con-boxed e-con e-parent\" data-id=\"98a67f4\" data-element_type=\"container\">\n\t\t\t\t\t<div class=\"e-con-inner\">\n\t\t\t\t<div class=\"elementor-element elementor-element-b15289a elementor-widget elementor-widget-text-editor\" data-id=\"b15289a\" data-element_type=\"widget\" data-widget_type=\"text-editor.default\">\n\t\t\t\t<div class=\"elementor-widget-container\">\n\t\t\t\t\t\t\t\t\t<p>In order to protect animals and plants, the certified organic castle garden is mostly wild and unspoiled. Together with the BUND, we give regional plants a place to grow and let nature do its thing. In the back you will find a meadow orchard with old varieties. Have fun discovering!<\/p>\t\t\t\t\t\t\t\t<\/div>\n\t\t\t\t<\/div>\n\t\t\t\t\t<\/div>\n\t\t\t\t<\/div>\n\t\t\t\t<section class=\"elementor-section elementor-top-section elementor-element elementor-element-ebaae90 elementor-section-boxed elementor-section-height-default elementor-section-height-default qodef-elementor-content-no\" data-id=\"ebaae90\" data-element_type=\"section\">\n\t\t\t\t\t\t<div class=\"elementor-container elementor-column-gap-default\">\n\t\t\t\t\t<div class=\"elementor-column elementor-col-33 elementor-top-column elementor-element elementor-element-9e8deb4\" data-id=\"9e8deb4\" data-element_type=\"column\">\n\t\t\t<div class=\"elementor-widget-wrap elementor-element-populated\">\n\t\t\t\t\t\t<div class=\"elementor-element elementor-element-aaa2e10 elementor-widget elementor-widget-heading\" data-id=\"aaa2e10\" data-element_type=\"widget\" data-widget_type=\"heading.default\">\n\t\t\t\t<div class=\"elementor-widget-container\">\n\t\t\t\t\t<h6 class=\"elementor-heading-title elementor-size-default\">AuenReich<\/h6>\t\t\t\t<\/div>\n\t\t\t\t<\/div>\n\t\t\t\t<div class=\"elementor-element elementor-element-c62d020 elementor-widget elementor-widget-image\" data-id=\"c62d020\" data-element_type=\"widget\" data-widget_type=\"image.default\">\n\t\t\t\t<div class=\"elementor-widget-container\">\n\t\t\t\t\t\t\t\t\t\t\t\t<figure class=\"wp-caption\">\n\t\t\t\t\t\t\t\t\t\t<img decoding=\"async\" src=\"https:\/\/aheadhotel.de\/wp-content\/uploads\/elementor\/thumbs\/HIPP0509-scaled-pp2cbwc0qfqieys9id1p7mocgus6cc16e3qemo1t50.jpg\" title=\"river\" alt=\"SUP on the river\" loading=\"lazy\" \/>\t\t\t\t\t\t\t\t\t\t\t<figcaption class=\"widget-image-caption wp-caption-text\"><\/figcaption>\n\t\t\t\t\t\t\t\t\t\t<\/figure>\n\t\t\t\t\t\t\t\t\t<\/div>\n\t\t\t\t<\/div>\n\t\t\t\t<div class=\"elementor-element elementor-element-cadf464 elementor-widget elementor-widget-text-editor\" data-id=\"cadf464\" data-element_type=\"widget\" data-widget_type=\"text-editor.default\">\n\t\t\t\t<div class=\"elementor-widget-container\">\n\t\t\t\t\t\t\t\t\t<p>The river floodplain can be experienced at 6 different stations along a 400-meter-long circular path in the castle garden.\u00a0From the water play table in the WasserReich to the tree suspension bridge in the WaldReich, your kids will also have fun experiencing nature.<\/p>\t\t\t\t\t\t\t\t<\/div>\n\t\t\t\t<\/div>\n\t\t\t\t\t<\/div>\n\t\t<\/div>\n\t\t\t\t<div class=\"elementor-column elementor-col-33 elementor-top-column elementor-element elementor-element-e7addcd\" data-id=\"e7addcd\" data-element_type=\"column\">\n\t\t\t<div class=\"elementor-widget-wrap elementor-element-populated\">\n\t\t\t\t\t\t<div class=\"elementor-element elementor-element-706d7d7 elementor-widget elementor-widget-heading\" data-id=\"706d7d7\" data-element_type=\"widget\" data-widget_type=\"heading.default\">\n\t\t\t\t<div class=\"elementor-widget-container\">\n\t\t\t\t\t<h6 class=\"elementor-heading-title elementor-size-default\">NaturePoetryGarden<\/h6>\t\t\t\t<\/div>\n\t\t\t\t<\/div>\n\t\t\t\t<div class=\"elementor-element elementor-element-45fc867 elementor-widget elementor-widget-image\" data-id=\"45fc867\" data-element_type=\"widget\" data-widget_type=\"image.default\">\n\t\t\t\t<div class=\"elementor-widget-container\">\n\t\t\t\t\t\t\t\t\t\t\t\t\t\t\t<img decoding=\"async\" src=\"https:\/\/aheadhotel.de\/wp-content\/uploads\/elementor\/thumbs\/HIPP0386-scaled-pp2ccwzq4z4ozrb0kaw5evfbmvrhoj2pj56ccgjgec.jpg\" title=\"HIPP0386\" alt=\"HIPP0386\" loading=\"lazy\" \/>\t\t\t\t\t\t\t\t\t\t\t\t\t\t\t<\/div>\n\t\t\t\t<\/div>\n\t\t\t\t<div class=\"elementor-element elementor-element-6db4f83 elementor-widget elementor-widget-text-editor\" data-id=\"6db4f83\" data-element_type=\"widget\" data-widget_type=\"text-editor.default\">\n\t\t\t\t<div class=\"elementor-widget-container\">\n\t\t\t\t\t\t\t\t\t<p>Within the castle garden of the ahead burghotel you will find the NaturPoesieGarten with a total of 9 works of art with nature-philosophical quotations that deal with the relationship between nature and human.\u00a0<\/p>\t\t\t\t\t\t\t\t<\/div>\n\t\t\t\t<\/div>\n\t\t\t\t\t<\/div>\n\t\t<\/div>\n\t\t\t\t<div class=\"elementor-column elementor-col-33 elementor-top-column elementor-element elementor-element-143100a\" data-id=\"143100a\" data-element_type=\"column\">\n\t\t\t<div class=\"elementor-widget-wrap elementor-element-populated\">\n\t\t\t\t\t\t<div class=\"elementor-element elementor-element-b5e3ba0 elementor-widget elementor-widget-heading\" data-id=\"b5e3ba0\" data-element_type=\"widget\" data-widget_type=\"heading.default\">\n\t\t\t\t<div class=\"elementor-widget-container\">\n\t\t\t\t\t<h6 class=\"elementor-heading-title elementor-size-default\">Relax<\/h6>\t\t\t\t<\/div>\n\t\t\t\t<\/div>\n\t\t\t\t<div class=\"elementor-element elementor-element-1736da5 elementor-widget elementor-widget-image\" data-id=\"1736da5\" data-element_type=\"widget\" data-widget_type=\"image.default\">\n\t\t\t\t<div class=\"elementor-widget-container\">\n\t\t\t\t\t\t\t\t\t\t\t\t\t\t\t<img decoding=\"async\" src=\"https:\/\/aheadhotel.de\/wp-content\/uploads\/elementor\/thumbs\/HIPP1698-scaled-pp2cfy105r9yeiwmvm0vg3wsjku2hf3km4uo0k1sck.jpg\" title=\"HIPP1698\" alt=\"HIPP1698\" loading=\"lazy\" \/>\t\t\t\t\t\t\t\t\t\t\t\t\t\t\t<\/div>\n\t\t\t\t<\/div>\n\t\t\t\t<div class=\"elementor-element elementor-element-b78b35a elementor-widget elementor-widget-text-editor\" data-id=\"b78b35a\" data-element_type=\"widget\" data-widget_type=\"text-editor.default\">\n\t\t\t\t<div class=\"elementor-widget-container\">\n\t\t\t\t\t\t\t\t\t<p>In the spacious castle garden you will find numerous places to retreat or for relaxing hours as a couple or with the family. Find a sunny spot to read, practice yoga, meditate or just listen to the birds and soak up the sun.<\/p>\t\t\t\t\t\t\t\t<\/div>\n\t\t\t\t<\/div>\n\t\t\t\t\t<\/div>\n\t\t<\/div>\n\t\t\t\t\t<\/div>\n\t\t<\/section>\n\t\t\t\t<section class=\"elementor-section elementor-top-section elementor-element elementor-element-e276675 elementor-section-boxed elementor-section-height-default elementor-section-height-default qodef-elementor-content-no\" data-id=\"e276675\" data-element_type=\"section\">\n\t\t\t\t\t\t<div class=\"elementor-container elementor-column-gap-default\">\n\t\t\t\t\t\t<\/div>\n\t\t<\/section>\n\t\t\t\t<\/div>","protected":false},"excerpt":{"rendered":"<p>Um Tiere &amp; Pflanzen zu sch\u00fctzen, ist der biozertifizierte Burggarten gr\u00f6\u00dftenteils wild &amp;\u00a0urw\u00fcchsig.\u00a0Zusammen mit dem BUND geben wir hier regionalen Pflanzen einen Platz zum Wachsen und lassen die Natur mal machen. Im hinteren Teil findet ihr noch eine Streuobstwiese mit alten Sorten. Viel Spa\u00df beim Entdecken! AuenReich An 6 verschiedenen Stationen entlang eines 400 Meter [&hellip;]<\/p>","protected":false},"author":1,"featured_media":0,"parent":0,"menu_order":0,"comment_status":"closed","ping_status":"closed","template":"page-full-width.php","meta":{"footnotes":""},"class_list":["post-11970","page","type-page","status-publish","hentry"],"yoast_head":"<!-- This site is optimized with the Yoast SEO plugin v25.5 - https:\/\/yoast.com\/wordpress\/plugins\/seo\/ -->\n<title>Hotel mit Garten - ahead burghotel<\/title>\n<meta name=\"description\" content=\"Bei uns findest du einen 5 Hektar gro\u00dfen Burggarten, in dem du als Hotelgast entspannen, lesen oder spazieren kannst.\" \/>\n<meta name=\"robots\" content=\"index, follow, max-snippet:-1, max-image-preview:large, max-video-preview:-1\" \/>\n<link rel=\"canonical\" href=\"https:\/\/aheadhotel.de\/en\/burggarten\/\" \/>\n<meta property=\"og:locale\" content=\"en_US\" \/>\n<meta property=\"og:type\" content=\"article\" \/>\n<meta property=\"og:title\" content=\"Hotel mit Garten - ahead burghotel\" \/>\n<meta property=\"og:description\" content=\"Bei uns findest du einen 5 Hektar gro\u00dfen Burggarten, in dem du als Hotelgast entspannen, lesen oder spazieren kannst.\" \/>\n<meta property=\"og:url\" content=\"https:\/\/aheadhotel.de\/en\/burggarten\/\" \/>\n<meta property=\"og:site_name\" content=\"ahead burghotel\" \/>\n<meta property=\"article:publisher\" content=\"http:\/\/facebook.com\/aheadhotel\" \/>\n<meta property=\"article:modified_time\" content=\"2023-08-26T19:02:00+00:00\" \/>\n<meta property=\"og:image\" content=\"https:\/\/aheadhotel.de\/wp-content\/uploads\/elementor\/thumbs\/HIPP0509-scaled-pp2cbwc0qfqieys9id1p7mocgus6cc16e3qemo1t50.jpg\" \/>\n<meta name=\"twitter:card\" content=\"summary_large_image\" \/>\n<meta name=\"twitter:label1\" content=\"Est. reading time\" \/>\n\t<meta name=\"twitter:data1\" content=\"2 minutes\" \/>\n<script type=\"application\/ld+json\" class=\"yoast-schema-graph\">{\"@context\":\"https:\/\/schema.org\",\"@graph\":[{\"@type\":\"WebPage\",\"@id\":\"https:\/\/aheadhotel.de\/burggarten\/\",\"url\":\"https:\/\/aheadhotel.de\/burggarten\/\",\"name\":\"Hotel mit Garten - ahead burghotel\",\"isPartOf\":{\"@id\":\"https:\/\/aheadhotel.de\/#website\"},\"primaryImageOfPage\":{\"@id\":\"https:\/\/aheadhotel.de\/burggarten\/#primaryimage\"},\"image\":{\"@id\":\"https:\/\/aheadhotel.de\/burggarten\/#primaryimage\"},\"thumbnailUrl\":\"https:\/\/aheadhotel.de\/wp-content\/uploads\/elementor\/thumbs\/HIPP0509-scaled-pp2cbwc0qfqieys9id1p7mocgus6cc16e3qemo1t50.jpg\",\"datePublished\":\"2021-04-22T09:45:03+00:00\",\"dateModified\":\"2023-08-26T19:02:00+00:00\",\"description\":\"Bei uns findest du einen 5 Hektar gro\u00dfen Burggarten, in dem du als Hotelgast entspannen, lesen oder spazieren kannst.\",\"breadcrumb\":{\"@id\":\"https:\/\/aheadhotel.de\/burggarten\/#breadcrumb\"},\"inLanguage\":\"en-US\",\"potentialAction\":[{\"@type\":\"ReadAction\",\"target\":[\"https:\/\/aheadhotel.de\/burggarten\/\"]}]},{\"@type\":\"ImageObject\",\"inLanguage\":\"en-US\",\"@id\":\"https:\/\/aheadhotel.de\/burggarten\/#primaryimage\",\"url\":\"https:\/\/aheadhotel.de\/wp-content\/uploads\/elementor\/thumbs\/HIPP0509-scaled-pp2cbwc0qfqieys9id1p7mocgus6cc16e3qemo1t50.jpg\",\"contentUrl\":\"https:\/\/aheadhotel.de\/wp-content\/uploads\/elementor\/thumbs\/HIPP0509-scaled-pp2cbwc0qfqieys9id1p7mocgus6cc16e3qemo1t50.jpg\"},{\"@type\":\"BreadcrumbList\",\"@id\":\"https:\/\/aheadhotel.de\/burggarten\/#breadcrumb\",\"itemListElement\":[{\"@type\":\"ListItem\",\"position\":1,\"name\":\"Startseite\",\"item\":\"https:\/\/aheadhotel.de\/\"},{\"@type\":\"ListItem\",\"position\":2,\"name\":\"Burggarten\"}]},{\"@type\":\"WebSite\",\"@id\":\"https:\/\/aheadhotel.de\/#website\",\"url\":\"https:\/\/aheadhotel.de\/\",\"name\":\"ahead burghotel\",\"description\":\"Veganes Hotel zwischen Berlin und Hamburg\",\"publisher\":{\"@id\":\"https:\/\/aheadhotel.de\/#organization\"},\"potentialAction\":[{\"@type\":\"SearchAction\",\"target\":{\"@type\":\"EntryPoint\",\"urlTemplate\":\"https:\/\/aheadhotel.de\/?s={search_term_string}\"},\"query-input\":{\"@type\":\"PropertyValueSpecification\",\"valueRequired\":true,\"valueName\":\"search_term_string\"}}],\"inLanguage\":\"en-US\"},{\"@type\":\"Organization\",\"@id\":\"https:\/\/aheadhotel.de\/#organization\",\"name\":\"ahead burghotel\",\"url\":\"https:\/\/aheadhotel.de\/\",\"logo\":{\"@type\":\"ImageObject\",\"inLanguage\":\"en-US\",\"@id\":\"https:\/\/aheadhotel.de\/#\/schema\/logo\/image\/\",\"url\":\"https:\/\/aheadhotel.de\/wp-content\/uploads\/2021\/04\/01ahead_Logo_Final.png\",\"contentUrl\":\"https:\/\/aheadhotel.de\/wp-content\/uploads\/2021\/04\/01ahead_Logo_Final.png\",\"width\":1667,\"height\":1250,\"caption\":\"ahead burghotel\"},\"image\":{\"@id\":\"https:\/\/aheadhotel.de\/#\/schema\/logo\/image\/\"},\"sameAs\":[\"http:\/\/facebook.com\/aheadhotel\"]}]}<\/script>\n<!-- \/ Yoast SEO plugin. -->","yoast_head_json":{"title":"Hotel mit Garten - ahead burghotel","description":"Bei uns findest du einen 5 Hektar gro\u00dfen Burggarten, in dem du als Hotelgast entspannen, lesen oder spazieren kannst.","robots":{"index":"index","follow":"follow","max-snippet":"max-snippet:-1","max-image-preview":"max-image-preview:large","max-video-preview":"max-video-preview:-1"},"canonical":"https:\/\/aheadhotel.de\/en\/burggarten\/","og_locale":"en_US","og_type":"article","og_title":"Hotel mit Garten - ahead burghotel","og_description":"Bei uns findest du einen 5 Hektar gro\u00dfen Burggarten, in dem du als Hotelgast entspannen, lesen oder spazieren kannst.","og_url":"https:\/\/aheadhotel.de\/en\/burggarten\/","og_site_name":"ahead burghotel","article_publisher":"http:\/\/facebook.com\/aheadhotel","article_modified_time":"2023-08-26T19:02:00+00:00","og_image":[{"url":"https:\/\/aheadhotel.de\/wp-content\/uploads\/elementor\/thumbs\/HIPP0509-scaled-pp2cbwc0qfqieys9id1p7mocgus6cc16e3qemo1t50.jpg","type":"","width":"","height":""}],"twitter_card":"summary_large_image","twitter_misc":{"Est. reading time":"2 minutes"},"schema":{"@context":"https:\/\/schema.org","@graph":[{"@type":"WebPage","@id":"https:\/\/aheadhotel.de\/burggarten\/","url":"https:\/\/aheadhotel.de\/burggarten\/","name":"Hotel mit Garten - ahead burghotel","isPartOf":{"@id":"https:\/\/aheadhotel.de\/#website"},"primaryImageOfPage":{"@id":"https:\/\/aheadhotel.de\/burggarten\/#primaryimage"},"image":{"@id":"https:\/\/aheadhotel.de\/burggarten\/#primaryimage"},"thumbnailUrl":"https:\/\/aheadhotel.de\/wp-content\/uploads\/elementor\/thumbs\/HIPP0509-scaled-pp2cbwc0qfqieys9id1p7mocgus6cc16e3qemo1t50.jpg","datePublished":"2021-04-22T09:45:03+00:00","dateModified":"2023-08-26T19:02:00+00:00","description":"Bei uns findest du einen 5 Hektar gro\u00dfen Burggarten, in dem du als Hotelgast entspannen, lesen oder spazieren kannst.","breadcrumb":{"@id":"https:\/\/aheadhotel.de\/burggarten\/#breadcrumb"},"inLanguage":"en-US","potentialAction":[{"@type":"ReadAction","target":["https:\/\/aheadhotel.de\/burggarten\/"]}]},{"@type":"ImageObject","inLanguage":"en-US","@id":"https:\/\/aheadhotel.de\/burggarten\/#primaryimage","url":"https:\/\/aheadhotel.de\/wp-content\/uploads\/elementor\/thumbs\/HIPP0509-scaled-pp2cbwc0qfqieys9id1p7mocgus6cc16e3qemo1t50.jpg","contentUrl":"https:\/\/aheadhotel.de\/wp-content\/uploads\/elementor\/thumbs\/HIPP0509-scaled-pp2cbwc0qfqieys9id1p7mocgus6cc16e3qemo1t50.jpg"},{"@type":"BreadcrumbList","@id":"https:\/\/aheadhotel.de\/burggarten\/#breadcrumb","itemListElement":[{"@type":"ListItem","position":1,"name":"Startseite","item":"https:\/\/aheadhotel.de\/"},{"@type":"ListItem","position":2,"name":"Burggarten"}]},{"@type":"WebSite","@id":"https:\/\/aheadhotel.de\/#website","url":"https:\/\/aheadhotel.de\/","name":"ahead burghotel","description":"Veganes Hotel zwischen Berlin und Hamburg","publisher":{"@id":"https:\/\/aheadhotel.de\/#organization"},"potentialAction":[{"@type":"SearchAction","target":{"@type":"EntryPoint","urlTemplate":"https:\/\/aheadhotel.de\/?s={search_term_string}"},"query-input":{"@type":"PropertyValueSpecification","valueRequired":true,"valueName":"search_term_string"}}],"inLanguage":"en-US"},{"@type":"Organization","@id":"https:\/\/aheadhotel.de\/#organization","name":"ahead burghotel","url":"https:\/\/aheadhotel.de\/","logo":{"@type":"ImageObject","inLanguage":"en-US","@id":"https:\/\/aheadhotel.de\/#\/schema\/logo\/image\/","url":"https:\/\/aheadhotel.de\/wp-content\/uploads\/2021\/04\/01ahead_Logo_Final.png","contentUrl":"https:\/\/aheadhotel.de\/wp-content\/uploads\/2021\/04\/01ahead_Logo_Final.png","width":1667,"height":1250,"caption":"ahead burghotel"},"image":{"@id":"https:\/\/aheadhotel.de\/#\/schema\/logo\/image\/"},"sameAs":["http:\/\/facebook.com\/aheadhotel"]}]}},"_links":{"self":[{"href":"https:\/\/aheadhotel.de\/en\/wp-json\/wp\/v2\/pages\/11970","targetHints":{"allow":["GET"]}}],"collection":[{"href":"https:\/\/aheadhotel.de\/en\/wp-json\/wp\/v2\/pages"}],"about":[{"href":"https:\/\/aheadhotel.de\/en\/wp-json\/wp\/v2\/types\/page"}],"author":[{"embeddable":true,"href":"https:\/\/aheadhotel.de\/en\/wp-json\/wp\/v2\/users\/1"}],"replies":[{"embeddable":true,"href":"https:\/\/aheadhotel.de\/en\/wp-json\/wp\/v2\/comments?post=11970"}],"version-history":[{"count":0,"href":"https:\/\/aheadhotel.de\/en\/wp-json\/wp\/v2\/pages\/11970\/revisions"}],"wp:attachment":[{"href":"https:\/\/aheadhotel.de\/en\/wp-json\/wp\/v2\/media?parent=11970"}],"curies":[{"name":"wp","href":"https:\/\/api.w.org\/{rel}","templated":true}]}}