{"id":11972,"date":"2021-04-22T11:45:50","date_gmt":"2021-04-22T09:45:50","guid":{"rendered":"http:\/\/aheadhotel.de\/?page_id=11972"},"modified":"2026-04-12T17:11:49","modified_gmt":"2026-04-12T15:11:49","slug":"ausstellungen","status":"publish","type":"page","link":"https:\/\/aheadhotel.de\/en\/ausstellungen\/","title":{"rendered":"museum"},"content":{"rendered":"<div data-elementor-type=\"wp-page\" data-elementor-id=\"11972\" class=\"elementor elementor-11972\" data-elementor-post-type=\"page\">\n\t\t\t\t\t\t<section class=\"elementor-section elementor-top-section elementor-element elementor-element-f47fb79 elementor-section-boxed elementor-section-height-default elementor-section-height-default qodef-elementor-content-no\" data-id=\"f47fb79\" data-element_type=\"section\">\n\t\t\t\t\t\t<div class=\"elementor-container elementor-column-gap-default\">\n\t\t\t\t\t<div class=\"elementor-column elementor-col-66 elementor-top-column elementor-element elementor-element-121d9e8\" data-id=\"121d9e8\" data-element_type=\"column\">\n\t\t\t<div class=\"elementor-widget-wrap elementor-element-populated\">\n\t\t\t\t\t\t<div class=\"elementor-element elementor-element-5834611 elementor-widget elementor-widget-text-editor\" data-id=\"5834611\" data-element_type=\"widget\" data-widget_type=\"text-editor.default\">\n\t\t\t\t<div class=\"elementor-widget-container\">\n\t\t\t\t\t\t\t\t\t<p>Im mittelalterlichen Burgturm sowie der historischen Fachwerkscheune pr\u00e4sentiert das BUND Besucherzentrum der Burg Lenzen Ausstellungen zur Flusslandschaft am Gr\u00fcnen Band sowie zur\u00a0Natur- und Kulturgeschichte der Elbtalaue. Au\u00dferdem kannst du den 24 Meter hohen Burgturm besteigen und von oben den Blick \u00fcber die Landschaft genie\u00dfen. Der Eintritt kostet 6\u20ac, Kinder von 10 \u2013 14 Jahren zahlen die H\u00e4lfte, Kinder unter 10 Jahren haben freien Eintritt.<\/p><h6>Opening hours:<\/h6><p style=\"font-weight: 400;\"><strong>April to October:<br \/><\/strong>Mo. auf Anfrage<br \/>Di. bis So. 10.00 Uhr bis 17.00 Uhr<br \/><strong>November to March<\/strong>:<\/p><p style=\"font-weight: 400;\">Do. bis So. 11.00 Uhr bis 16.00 Uhr<br \/>Mo. bis Mi. auf Anfrage<\/p><p style=\"font-weight: 400;\">Januar geschlossen<\/p>\t\t\t\t\t\t\t\t<\/div>\n\t\t\t\t<\/div>\n\t\t\t\t\t<\/div>\n\t\t<\/div>\n\t\t\t\t<div class=\"elementor-column elementor-col-33 elementor-top-column elementor-element elementor-element-29ce422\" data-id=\"29ce422\" data-element_type=\"column\">\n\t\t\t<div class=\"elementor-widget-wrap elementor-element-populated\">\n\t\t\t\t\t\t<div class=\"elementor-element elementor-element-62664fa elementor-widget elementor-widget-image\" data-id=\"62664fa\" data-element_type=\"widget\" data-widget_type=\"image.default\">\n\t\t\t\t<div class=\"elementor-widget-container\">\n\t\t\t\t\t\t\t\t\t\t\t\t\t\t\t<img fetchpriority=\"high\" decoding=\"async\" width=\"200\" height=\"300\" src=\"https:\/\/aheadhotel.de\/wp-content\/uploads\/2025\/03\/10.04.2025_Saisoneroeffnung_Anja_Moeller-200x300.jpg\" class=\"attachment-medium size-medium wp-image-18333\" alt=\"\" srcset=\"https:\/\/aheadhotel.de\/wp-content\/uploads\/2025\/03\/10.04.2025_Saisoneroeffnung_Anja_Moeller-200x300.jpg 200w, https:\/\/aheadhotel.de\/wp-content\/uploads\/2025\/03\/10.04.2025_Saisoneroeffnung_Anja_Moeller-683x1024.jpg 683w, https:\/\/aheadhotel.de\/wp-content\/uploads\/2025\/03\/10.04.2025_Saisoneroeffnung_Anja_Moeller-768x1152.jpg 768w, https:\/\/aheadhotel.de\/wp-content\/uploads\/2025\/03\/10.04.2025_Saisoneroeffnung_Anja_Moeller-8x12.jpg 8w, https:\/\/aheadhotel.de\/wp-content\/uploads\/2025\/03\/10.04.2025_Saisoneroeffnung_Anja_Moeller.jpg 1000w\" sizes=\"(max-width: 200px) 100vw, 200px\" \/>\t\t\t\t\t\t\t\t\t\t\t\t\t\t\t<\/div>\n\t\t\t\t<\/div>\n\t\t\t\t\t<\/div>\n\t\t<\/div>\n\t\t\t\t\t<\/div>\n\t\t<\/section>\n\t\t\t\t<\/div>","protected":false},"excerpt":{"rendered":"<p>Im mittelalterlichen Burgturm sowie der historischen Fachwerkscheune pr\u00e4sentiert das BUND Besucherzentrum der Burg Lenzen Ausstellungen zur Flusslandschaft am Gr\u00fcnen Band sowie zur\u00a0Natur- und Kulturgeschichte der Elbtalaue. Au\u00dferdem kannst du den 24 Meter hohen Burgturm besteigen und von oben den Blick \u00fcber die Landschaft genie\u00dfen. Der Eintritt kostet 6\u20ac, Kinder von 10 \u2013 14 Jahren zahlen [&hellip;]<\/p>","protected":false},"author":1,"featured_media":0,"parent":0,"menu_order":0,"comment_status":"closed","ping_status":"closed","template":"page-full-width.php","meta":{"footnotes":""},"class_list":["post-11972","page","type-page","status-publish","hentry"],"yoast_head":"<!-- This site is optimized with the Yoast SEO plugin v25.5 - https:\/\/yoast.com\/wordpress\/plugins\/seo\/ -->\n<title>Ausstellungen - ahead burghotel<\/title>\n<meta name=\"robots\" content=\"index, follow, max-snippet:-1, max-image-preview:large, max-video-preview:-1\" \/>\n<link rel=\"canonical\" href=\"https:\/\/aheadhotel.de\/en\/ausstellungen\/\" \/>\n<meta property=\"og:locale\" content=\"en_US\" \/>\n<meta property=\"og:type\" content=\"article\" \/>\n<meta property=\"og:title\" content=\"Ausstellungen - ahead burghotel\" \/>\n<meta property=\"og:description\" content=\"Im mittelalterlichen Burgturm sowie der historischen Fachwerkscheune pr\u00e4sentiert das BUND Besucherzentrum der Burg Lenzen Ausstellungen zur Flusslandschaft am Gr\u00fcnen Band sowie zur\u00a0Natur- und Kulturgeschichte der Elbtalaue. Au\u00dferdem kannst du den 24 Meter hohen Burgturm besteigen und von oben den Blick \u00fcber die Landschaft genie\u00dfen. Der Eintritt kostet 6\u20ac, Kinder von 10 \u2013 14 Jahren zahlen [&hellip;]\" \/>\n<meta property=\"og:url\" content=\"https:\/\/aheadhotel.de\/en\/ausstellungen\/\" \/>\n<meta property=\"og:site_name\" content=\"ahead burghotel\" \/>\n<meta property=\"article:publisher\" content=\"http:\/\/facebook.com\/aheadhotel\" \/>\n<meta property=\"article:modified_time\" content=\"2026-04-12T15:11:49+00:00\" \/>\n<meta property=\"og:image\" content=\"https:\/\/aheadhotel.de\/wp-content\/uploads\/2025\/03\/10.04.2025_Saisoneroeffnung_Anja_Moeller.jpg\" \/>\n\t<meta property=\"og:image:width\" content=\"1000\" \/>\n\t<meta property=\"og:image:height\" content=\"1500\" \/>\n\t<meta property=\"og:image:type\" content=\"image\/jpeg\" \/>\n<meta name=\"twitter:card\" content=\"summary_large_image\" \/>\n<meta name=\"twitter:label1\" content=\"Est. reading time\" \/>\n\t<meta name=\"twitter:data1\" content=\"1 minute\" \/>\n<script type=\"application\/ld+json\" class=\"yoast-schema-graph\">{\"@context\":\"https:\/\/schema.org\",\"@graph\":[{\"@type\":\"WebPage\",\"@id\":\"https:\/\/aheadhotel.de\/ausstellungen\/\",\"url\":\"https:\/\/aheadhotel.de\/ausstellungen\/\",\"name\":\"Ausstellungen - ahead burghotel\",\"isPartOf\":{\"@id\":\"https:\/\/aheadhotel.de\/#website\"},\"primaryImageOfPage\":{\"@id\":\"https:\/\/aheadhotel.de\/ausstellungen\/#primaryimage\"},\"image\":{\"@id\":\"https:\/\/aheadhotel.de\/ausstellungen\/#primaryimage\"},\"thumbnailUrl\":\"https:\/\/aheadhotel.de\/wp-content\/uploads\/2025\/03\/10.04.2025_Saisoneroeffnung_Anja_Moeller-200x300.jpg\",\"datePublished\":\"2021-04-22T09:45:50+00:00\",\"dateModified\":\"2026-04-12T15:11:49+00:00\",\"breadcrumb\":{\"@id\":\"https:\/\/aheadhotel.de\/ausstellungen\/#breadcrumb\"},\"inLanguage\":\"en-US\",\"potentialAction\":[{\"@type\":\"ReadAction\",\"target\":[\"https:\/\/aheadhotel.de\/ausstellungen\/\"]}]},{\"@type\":\"ImageObject\",\"inLanguage\":\"en-US\",\"@id\":\"https:\/\/aheadhotel.de\/ausstellungen\/#primaryimage\",\"url\":\"https:\/\/aheadhotel.de\/wp-content\/uploads\/2025\/03\/10.04.2025_Saisoneroeffnung_Anja_Moeller-200x300.jpg\",\"contentUrl\":\"https:\/\/aheadhotel.de\/wp-content\/uploads\/2025\/03\/10.04.2025_Saisoneroeffnung_Anja_Moeller-200x300.jpg\"},{\"@type\":\"BreadcrumbList\",\"@id\":\"https:\/\/aheadhotel.de\/ausstellungen\/#breadcrumb\",\"itemListElement\":[{\"@type\":\"ListItem\",\"position\":1,\"name\":\"Startseite\",\"item\":\"https:\/\/aheadhotel.de\/\"},{\"@type\":\"ListItem\",\"position\":2,\"name\":\"Ausstellungen\"}]},{\"@type\":\"WebSite\",\"@id\":\"https:\/\/aheadhotel.de\/#website\",\"url\":\"https:\/\/aheadhotel.de\/\",\"name\":\"ahead burghotel\",\"description\":\"Veganes Hotel zwischen Berlin und Hamburg\",\"publisher\":{\"@id\":\"https:\/\/aheadhotel.de\/#organization\"},\"potentialAction\":[{\"@type\":\"SearchAction\",\"target\":{\"@type\":\"EntryPoint\",\"urlTemplate\":\"https:\/\/aheadhotel.de\/?s={search_term_string}\"},\"query-input\":{\"@type\":\"PropertyValueSpecification\",\"valueRequired\":true,\"valueName\":\"search_term_string\"}}],\"inLanguage\":\"en-US\"},{\"@type\":\"Organization\",\"@id\":\"https:\/\/aheadhotel.de\/#organization\",\"name\":\"ahead burghotel\",\"url\":\"https:\/\/aheadhotel.de\/\",\"logo\":{\"@type\":\"ImageObject\",\"inLanguage\":\"en-US\",\"@id\":\"https:\/\/aheadhotel.de\/#\/schema\/logo\/image\/\",\"url\":\"https:\/\/aheadhotel.de\/wp-content\/uploads\/2021\/04\/01ahead_Logo_Final.png\",\"contentUrl\":\"https:\/\/aheadhotel.de\/wp-content\/uploads\/2021\/04\/01ahead_Logo_Final.png\",\"width\":1667,\"height\":1250,\"caption\":\"ahead burghotel\"},\"image\":{\"@id\":\"https:\/\/aheadhotel.de\/#\/schema\/logo\/image\/\"},\"sameAs\":[\"http:\/\/facebook.com\/aheadhotel\"]}]}<\/script>\n<!-- \/ Yoast SEO plugin. -->","yoast_head_json":{"title":"Ausstellungen - ahead burghotel","robots":{"index":"index","follow":"follow","max-snippet":"max-snippet:-1","max-image-preview":"max-image-preview:large","max-video-preview":"max-video-preview:-1"},"canonical":"https:\/\/aheadhotel.de\/en\/ausstellungen\/","og_locale":"en_US","og_type":"article","og_title":"Ausstellungen - ahead burghotel","og_description":"Im mittelalterlichen Burgturm sowie der historischen Fachwerkscheune pr\u00e4sentiert das BUND Besucherzentrum der Burg Lenzen Ausstellungen zur Flusslandschaft am Gr\u00fcnen Band sowie zur\u00a0Natur- und Kulturgeschichte der Elbtalaue. Au\u00dferdem kannst du den 24 Meter hohen Burgturm besteigen und von oben den Blick \u00fcber die Landschaft genie\u00dfen. Der Eintritt kostet 6\u20ac, Kinder von 10 \u2013 14 Jahren zahlen [&hellip;]","og_url":"https:\/\/aheadhotel.de\/en\/ausstellungen\/","og_site_name":"ahead burghotel","article_publisher":"http:\/\/facebook.com\/aheadhotel","article_modified_time":"2026-04-12T15:11:49+00:00","og_image":[{"width":1000,"height":1500,"url":"https:\/\/aheadhotel.de\/wp-content\/uploads\/2025\/03\/10.04.2025_Saisoneroeffnung_Anja_Moeller.jpg","type":"image\/jpeg"}],"twitter_card":"summary_large_image","twitter_misc":{"Est. reading time":"1 minute"},"schema":{"@context":"https:\/\/schema.org","@graph":[{"@type":"WebPage","@id":"https:\/\/aheadhotel.de\/ausstellungen\/","url":"https:\/\/aheadhotel.de\/ausstellungen\/","name":"Ausstellungen - ahead burghotel","isPartOf":{"@id":"https:\/\/aheadhotel.de\/#website"},"primaryImageOfPage":{"@id":"https:\/\/aheadhotel.de\/ausstellungen\/#primaryimage"},"image":{"@id":"https:\/\/aheadhotel.de\/ausstellungen\/#primaryimage"},"thumbnailUrl":"https:\/\/aheadhotel.de\/wp-content\/uploads\/2025\/03\/10.04.2025_Saisoneroeffnung_Anja_Moeller-200x300.jpg","datePublished":"2021-04-22T09:45:50+00:00","dateModified":"2026-04-12T15:11:49+00:00","breadcrumb":{"@id":"https:\/\/aheadhotel.de\/ausstellungen\/#breadcrumb"},"inLanguage":"en-US","potentialAction":[{"@type":"ReadAction","target":["https:\/\/aheadhotel.de\/ausstellungen\/"]}]},{"@type":"ImageObject","inLanguage":"en-US","@id":"https:\/\/aheadhotel.de\/ausstellungen\/#primaryimage","url":"https:\/\/aheadhotel.de\/wp-content\/uploads\/2025\/03\/10.04.2025_Saisoneroeffnung_Anja_Moeller-200x300.jpg","contentUrl":"https:\/\/aheadhotel.de\/wp-content\/uploads\/2025\/03\/10.04.2025_Saisoneroeffnung_Anja_Moeller-200x300.jpg"},{"@type":"BreadcrumbList","@id":"https:\/\/aheadhotel.de\/ausstellungen\/#breadcrumb","itemListElement":[{"@type":"ListItem","position":1,"name":"Startseite","item":"https:\/\/aheadhotel.de\/"},{"@type":"ListItem","position":2,"name":"Ausstellungen"}]},{"@type":"WebSite","@id":"https:\/\/aheadhotel.de\/#website","url":"https:\/\/aheadhotel.de\/","name":"ahead burghotel","description":"Veganes Hotel zwischen Berlin und Hamburg","publisher":{"@id":"https:\/\/aheadhotel.de\/#organization"},"potentialAction":[{"@type":"SearchAction","target":{"@type":"EntryPoint","urlTemplate":"https:\/\/aheadhotel.de\/?s={search_term_string}"},"query-input":{"@type":"PropertyValueSpecification","valueRequired":true,"valueName":"search_term_string"}}],"inLanguage":"en-US"},{"@type":"Organization","@id":"https:\/\/aheadhotel.de\/#organization","name":"ahead burghotel","url":"https:\/\/aheadhotel.de\/","logo":{"@type":"ImageObject","inLanguage":"en-US","@id":"https:\/\/aheadhotel.de\/#\/schema\/logo\/image\/","url":"https:\/\/aheadhotel.de\/wp-content\/uploads\/2021\/04\/01ahead_Logo_Final.png","contentUrl":"https:\/\/aheadhotel.de\/wp-content\/uploads\/2021\/04\/01ahead_Logo_Final.png","width":1667,"height":1250,"caption":"ahead burghotel"},"image":{"@id":"https:\/\/aheadhotel.de\/#\/schema\/logo\/image\/"},"sameAs":["http:\/\/facebook.com\/aheadhotel"]}]}},"_links":{"self":[{"href":"https:\/\/aheadhotel.de\/en\/wp-json\/wp\/v2\/pages\/11972","targetHints":{"allow":["GET"]}}],"collection":[{"href":"https:\/\/aheadhotel.de\/en\/wp-json\/wp\/v2\/pages"}],"about":[{"href":"https:\/\/aheadhotel.de\/en\/wp-json\/wp\/v2\/types\/page"}],"author":[{"embeddable":true,"href":"https:\/\/aheadhotel.de\/en\/wp-json\/wp\/v2\/users\/1"}],"replies":[{"embeddable":true,"href":"https:\/\/aheadhotel.de\/en\/wp-json\/wp\/v2\/comments?post=11972"}],"version-history":[{"count":0,"href":"https:\/\/aheadhotel.de\/en\/wp-json\/wp\/v2\/pages\/11972\/revisions"}],"wp:attachment":[{"href":"https:\/\/aheadhotel.de\/en\/wp-json\/wp\/v2\/media?parent=11972"}],"curies":[{"name":"wp","href":"https:\/\/api.w.org\/{rel}","templated":true}]}}