{"id":12270,"date":"2021-04-23T16:50:26","date_gmt":"2021-04-23T14:50:26","guid":{"rendered":"http:\/\/aheadhotel.de\/?page_id=12270"},"modified":"2025-04-02T08:38:21","modified_gmt":"2025-04-02T06:38:21","slug":"yogahotel","status":"publish","type":"page","link":"https:\/\/aheadhotel.de\/en\/yogahotel\/","title":{"rendered":"Yoga Retreats"},"content":{"rendered":"<div data-elementor-type=\"wp-page\" data-elementor-id=\"12270\" class=\"elementor elementor-12270\" data-elementor-post-type=\"page\">\n\t\t\t\t\t\t<section class=\"elementor-section elementor-top-section elementor-element elementor-element-e5a23c3 elementor-section-boxed elementor-section-height-default elementor-section-height-default qodef-elementor-content-no\" data-id=\"e5a23c3\" data-element_type=\"section\">\n\t\t\t\t\t\t<div class=\"elementor-container elementor-column-gap-default\">\n\t\t\t\t\t<div class=\"elementor-column elementor-col-100 elementor-top-column elementor-element elementor-element-16c53b6\" data-id=\"16c53b6\" data-element_type=\"column\">\n\t\t\t<div class=\"elementor-widget-wrap elementor-element-populated\">\n\t\t\t\t\t\t<div class=\"elementor-element elementor-element-47db494 elementor-widget elementor-widget-text-editor\" data-id=\"47db494\" data-element_type=\"widget\" data-widget_type=\"text-editor.default\">\n\t\t\t\t<div class=\"elementor-widget-container\">\n\t\t\t\t\t\t\t\t\t<p>We are your\u00a0<strong>vegan yoga hotel<\/strong> between Berlin and Hamburg. Guided tours take place regularly. <a href=\"https:\/\/aheadhotel.de\/en\/wochenprogramm\/\">Yoga and Pilates courses<\/a> in our teahouse.\u00a0<\/p><p>In each room, you will find your own yoga mat, which you can take with you to our spacious castle garden and use to find your own personal retreat. In the tea house, you will find your floor-heated yoga space \u2013 alone or with fellow travelers. The tea house is a place of mindfulness and tranquility and is available to all guests aged 16 and over.<\/p><p>In addition, we offer many <strong>Yoga Retreats<\/strong> Take a look and see if there is a yoga event that suits you.<\/p>\t\t\t\t\t\t\t\t<\/div>\n\t\t\t\t<\/div>\n\t\t\t\t\t<\/div>\n\t\t<\/div>\n\t\t\t\t\t<\/div>\n\t\t<\/section>\n\t\t<div class=\"elementor-element elementor-element-8f76f82 e-flex e-con-boxed e-con e-parent\" data-id=\"8f76f82\" data-element_type=\"container\">\n\t\t\t\t\t<div class=\"e-con-inner\">\n\t\t\t\t<div class=\"elementor-element elementor-element-49d995c elementor-widget elementor-widget-html\" data-id=\"49d995c\" data-element_type=\"widget\" data-widget_type=\"html.default\">\n\t\t\t\t<div class=\"elementor-widget-container\">\n\t\t\t\t\t\n<script src=\"https:\/\/static.elfsight.com\/platform\/platform.js\" async><\/script>\n<div class=\"elfsight-app-117d0093-4ae4-41ff-bfe9-a0334ad27b20\" data-elfsight-app-lazy><\/div>\t\t\t\t<\/div>\n\t\t\t\t<\/div>\n\t\t\t\t\t<\/div>\n\t\t\t\t<\/div>\n\t\t\t\t<\/div>","protected":false},"excerpt":{"rendered":"<p>Wir sind dein\u00a0veganes Yoga Hotel zwischen Berlin und Hamburg. Es finden regelm\u00e4\u00dfig gef\u00fchrte Yoga- und Pilateskurse im Teehaus statt.\u00a0 In jedem Zimmer findest du deine eigene Yogamatte, die du in unseren gro\u00dfz\u00fcgigen Burggarten mitnehmen und dort deinen ganz pers\u00f6nlichen R\u00fcckzugsort suchen kannst. Im Teehaus findest du deinen fu\u00dfbodenbeheizten Yogaplatz &#8211; alleine oder mit Mitreisenden. Das [&hellip;]<\/p>","protected":false},"author":1,"featured_media":0,"parent":0,"menu_order":0,"comment_status":"closed","ping_status":"closed","template":"page-full-width.php","meta":{"footnotes":""},"class_list":["post-12270","page","type-page","status-publish","hentry"],"yoast_head":"<!-- This site is optimized with the Yoast SEO plugin v25.5 - https:\/\/yoast.com\/wordpress\/plugins\/seo\/ -->\n<title>Veganes Yogahotel - ahead burghotel<\/title>\n<meta name=\"description\" content=\"Wir sind dein veganes Yogahotel mit Yogaraum und t\u00e4glich gef\u00fchrten Kursen. Oder du suchst dir eines der vielen Yoga Retreats aus.\" \/>\n<meta name=\"robots\" content=\"index, follow, max-snippet:-1, max-image-preview:large, max-video-preview:-1\" \/>\n<link rel=\"canonical\" href=\"https:\/\/aheadhotel.de\/en\/yogahotel\/\" \/>\n<meta property=\"og:locale\" content=\"en_US\" \/>\n<meta property=\"og:type\" content=\"article\" \/>\n<meta property=\"og:title\" content=\"Veganes Yogahotel - ahead burghotel\" \/>\n<meta property=\"og:description\" content=\"Wir sind dein veganes Yogahotel mit Yogaraum und t\u00e4glich gef\u00fchrten Kursen. Oder du suchst dir eines der vielen Yoga Retreats aus.\" \/>\n<meta property=\"og:url\" content=\"https:\/\/aheadhotel.de\/en\/yogahotel\/\" \/>\n<meta property=\"og:site_name\" content=\"ahead burghotel\" \/>\n<meta property=\"article:publisher\" content=\"http:\/\/facebook.com\/aheadhotel\" \/>\n<meta property=\"article:modified_time\" content=\"2025-04-02T06:38:21+00:00\" \/>\n<meta name=\"twitter:card\" content=\"summary_large_image\" \/>\n<meta name=\"twitter:label1\" content=\"Est. reading time\" \/>\n\t<meta name=\"twitter:data1\" content=\"4 minutes\" \/>\n<script type=\"application\/ld+json\" class=\"yoast-schema-graph\">{\"@context\":\"https:\/\/schema.org\",\"@graph\":[{\"@type\":\"WebPage\",\"@id\":\"https:\/\/aheadhotel.de\/yogahotel\/\",\"url\":\"https:\/\/aheadhotel.de\/yogahotel\/\",\"name\":\"Veganes Yogahotel - ahead burghotel\",\"isPartOf\":{\"@id\":\"https:\/\/aheadhotel.de\/#website\"},\"datePublished\":\"2021-04-23T14:50:26+00:00\",\"dateModified\":\"2025-04-02T06:38:21+00:00\",\"description\":\"Wir sind dein veganes Yogahotel mit Yogaraum und t\u00e4glich gef\u00fchrten Kursen. Oder du suchst dir eines der vielen Yoga Retreats aus.\",\"breadcrumb\":{\"@id\":\"https:\/\/aheadhotel.de\/yogahotel\/#breadcrumb\"},\"inLanguage\":\"en-US\",\"potentialAction\":[{\"@type\":\"ReadAction\",\"target\":[\"https:\/\/aheadhotel.de\/yogahotel\/\"]}]},{\"@type\":\"BreadcrumbList\",\"@id\":\"https:\/\/aheadhotel.de\/yogahotel\/#breadcrumb\",\"itemListElement\":[{\"@type\":\"ListItem\",\"position\":1,\"name\":\"Startseite\",\"item\":\"https:\/\/aheadhotel.de\/\"},{\"@type\":\"ListItem\",\"position\":2,\"name\":\"Yoga Retreats\"}]},{\"@type\":\"WebSite\",\"@id\":\"https:\/\/aheadhotel.de\/#website\",\"url\":\"https:\/\/aheadhotel.de\/\",\"name\":\"ahead burghotel\",\"description\":\"Veganes Hotel zwischen Berlin und Hamburg\",\"publisher\":{\"@id\":\"https:\/\/aheadhotel.de\/#organization\"},\"potentialAction\":[{\"@type\":\"SearchAction\",\"target\":{\"@type\":\"EntryPoint\",\"urlTemplate\":\"https:\/\/aheadhotel.de\/?s={search_term_string}\"},\"query-input\":{\"@type\":\"PropertyValueSpecification\",\"valueRequired\":true,\"valueName\":\"search_term_string\"}}],\"inLanguage\":\"en-US\"},{\"@type\":\"Organization\",\"@id\":\"https:\/\/aheadhotel.de\/#organization\",\"name\":\"ahead burghotel\",\"url\":\"https:\/\/aheadhotel.de\/\",\"logo\":{\"@type\":\"ImageObject\",\"inLanguage\":\"en-US\",\"@id\":\"https:\/\/aheadhotel.de\/#\/schema\/logo\/image\/\",\"url\":\"https:\/\/aheadhotel.de\/wp-content\/uploads\/2021\/04\/01ahead_Logo_Final.png\",\"contentUrl\":\"https:\/\/aheadhotel.de\/wp-content\/uploads\/2021\/04\/01ahead_Logo_Final.png\",\"width\":1667,\"height\":1250,\"caption\":\"ahead burghotel\"},\"image\":{\"@id\":\"https:\/\/aheadhotel.de\/#\/schema\/logo\/image\/\"},\"sameAs\":[\"http:\/\/facebook.com\/aheadhotel\"]}]}<\/script>\n<!-- \/ Yoast SEO plugin. -->","yoast_head_json":{"title":"Veganes Yogahotel - ahead burghotel","description":"Wir sind dein veganes Yogahotel mit Yogaraum und t\u00e4glich gef\u00fchrten Kursen. Oder du suchst dir eines der vielen Yoga Retreats aus.","robots":{"index":"index","follow":"follow","max-snippet":"max-snippet:-1","max-image-preview":"max-image-preview:large","max-video-preview":"max-video-preview:-1"},"canonical":"https:\/\/aheadhotel.de\/en\/yogahotel\/","og_locale":"en_US","og_type":"article","og_title":"Veganes Yogahotel - ahead burghotel","og_description":"Wir sind dein veganes Yogahotel mit Yogaraum und t\u00e4glich gef\u00fchrten Kursen. Oder du suchst dir eines der vielen Yoga Retreats aus.","og_url":"https:\/\/aheadhotel.de\/en\/yogahotel\/","og_site_name":"ahead burghotel","article_publisher":"http:\/\/facebook.com\/aheadhotel","article_modified_time":"2025-04-02T06:38:21+00:00","twitter_card":"summary_large_image","twitter_misc":{"Est. reading time":"4 minutes"},"schema":{"@context":"https:\/\/schema.org","@graph":[{"@type":"WebPage","@id":"https:\/\/aheadhotel.de\/yogahotel\/","url":"https:\/\/aheadhotel.de\/yogahotel\/","name":"Veganes Yogahotel - ahead burghotel","isPartOf":{"@id":"https:\/\/aheadhotel.de\/#website"},"datePublished":"2021-04-23T14:50:26+00:00","dateModified":"2025-04-02T06:38:21+00:00","description":"Wir sind dein veganes Yogahotel mit Yogaraum und t\u00e4glich gef\u00fchrten Kursen. Oder du suchst dir eines der vielen Yoga Retreats aus.","breadcrumb":{"@id":"https:\/\/aheadhotel.de\/yogahotel\/#breadcrumb"},"inLanguage":"en-US","potentialAction":[{"@type":"ReadAction","target":["https:\/\/aheadhotel.de\/yogahotel\/"]}]},{"@type":"BreadcrumbList","@id":"https:\/\/aheadhotel.de\/yogahotel\/#breadcrumb","itemListElement":[{"@type":"ListItem","position":1,"name":"Startseite","item":"https:\/\/aheadhotel.de\/"},{"@type":"ListItem","position":2,"name":"Yoga Retreats"}]},{"@type":"WebSite","@id":"https:\/\/aheadhotel.de\/#website","url":"https:\/\/aheadhotel.de\/","name":"ahead burghotel","description":"Veganes Hotel zwischen Berlin und Hamburg","publisher":{"@id":"https:\/\/aheadhotel.de\/#organization"},"potentialAction":[{"@type":"SearchAction","target":{"@type":"EntryPoint","urlTemplate":"https:\/\/aheadhotel.de\/?s={search_term_string}"},"query-input":{"@type":"PropertyValueSpecification","valueRequired":true,"valueName":"search_term_string"}}],"inLanguage":"en-US"},{"@type":"Organization","@id":"https:\/\/aheadhotel.de\/#organization","name":"ahead burghotel","url":"https:\/\/aheadhotel.de\/","logo":{"@type":"ImageObject","inLanguage":"en-US","@id":"https:\/\/aheadhotel.de\/#\/schema\/logo\/image\/","url":"https:\/\/aheadhotel.de\/wp-content\/uploads\/2021\/04\/01ahead_Logo_Final.png","contentUrl":"https:\/\/aheadhotel.de\/wp-content\/uploads\/2021\/04\/01ahead_Logo_Final.png","width":1667,"height":1250,"caption":"ahead burghotel"},"image":{"@id":"https:\/\/aheadhotel.de\/#\/schema\/logo\/image\/"},"sameAs":["http:\/\/facebook.com\/aheadhotel"]}]}},"_links":{"self":[{"href":"https:\/\/aheadhotel.de\/en\/wp-json\/wp\/v2\/pages\/12270","targetHints":{"allow":["GET"]}}],"collection":[{"href":"https:\/\/aheadhotel.de\/en\/wp-json\/wp\/v2\/pages"}],"about":[{"href":"https:\/\/aheadhotel.de\/en\/wp-json\/wp\/v2\/types\/page"}],"author":[{"embeddable":true,"href":"https:\/\/aheadhotel.de\/en\/wp-json\/wp\/v2\/users\/1"}],"replies":[{"embeddable":true,"href":"https:\/\/aheadhotel.de\/en\/wp-json\/wp\/v2\/comments?post=12270"}],"version-history":[{"count":0,"href":"https:\/\/aheadhotel.de\/en\/wp-json\/wp\/v2\/pages\/12270\/revisions"}],"wp:attachment":[{"href":"https:\/\/aheadhotel.de\/en\/wp-json\/wp\/v2\/media?parent=12270"}],"curies":[{"name":"wp","href":"https:\/\/api.w.org\/{rel}","templated":true}]}}