{"id":12325,"date":"2021-04-27T07:25:29","date_gmt":"2021-04-27T05:25:29","guid":{"rendered":"http:\/\/aheadhotel.de\/?page_id=12325"},"modified":"2025-02-07T18:12:42","modified_gmt":"2025-02-07T17:12:42","slug":"meditationshotel","status":"publish","type":"page","link":"https:\/\/aheadhotel.de\/en\/meditationshotel\/","title":{"rendered":"meditation"},"content":{"rendered":"<div data-elementor-type=\"wp-page\" data-elementor-id=\"12325\" class=\"elementor elementor-12325\" data-elementor-post-type=\"page\">\n\t\t\t\t\t\t<section class=\"elementor-section elementor-top-section elementor-element elementor-element-56e695d elementor-section-full_width elementor-section-height-default elementor-section-height-default qodef-elementor-content-no\" data-id=\"56e695d\" data-element_type=\"section\">\n\t\t\t\t\t\t<div class=\"elementor-container elementor-column-gap-default\">\n\t\t\t\t\t<div class=\"elementor-column elementor-col-100 elementor-top-column elementor-element elementor-element-fc7fa88\" data-id=\"fc7fa88\" data-element_type=\"column\">\n\t\t\t<div class=\"elementor-widget-wrap elementor-element-populated\">\n\t\t\t\t\t\t<div class=\"elementor-element elementor-element-b17e942 elementor-widget elementor-widget-augustine_core_google_map\" data-id=\"b17e942\" data-element_type=\"widget\" data-widget_type=\"augustine_core_google_map.default\">\n\t\t\t\t<div class=\"elementor-widget-container\">\n\t\t\t\t\t<div class=\"qodef-shortcode qodef-m  qodef-google-map\">\n\t<div class=\"qodef-m-map\" id=\"qodef-map-id--348\" data-addresses='[\"Lotissement Listinco 20270 Alu00e9ria\"]' data-pin=\"https:\/\/aheadhotel.de\/wp-content\/uploads\/2021\/02\/pin01.png\" data-unique-id=\"348\" data-height=\"700\"><\/div>\n<\/div>\t\t\t\t<\/div>\n\t\t\t\t<\/div>\n\t\t\t\t\t<\/div>\n\t\t<\/div>\n\t\t\t\t\t<\/div>\n\t\t<\/section>\n\t\t\t\t<section class=\"elementor-section elementor-top-section elementor-element elementor-element-01ea5bc elementor-section-boxed elementor-section-height-default elementor-section-height-default qodef-elementor-content-no\" data-id=\"01ea5bc\" data-element_type=\"section\">\n\t\t\t\t\t\t<div class=\"elementor-container elementor-column-gap-default\">\n\t\t\t\t\t<div class=\"elementor-column elementor-col-100 elementor-top-column elementor-element elementor-element-863d7b9\" data-id=\"863d7b9\" data-element_type=\"column\">\n\t\t\t<div class=\"elementor-widget-wrap elementor-element-populated\">\n\t\t\t\t\t\t<div class=\"elementor-element elementor-element-afeed0d elementor-widget elementor-widget-text-editor\" data-id=\"afeed0d\" data-element_type=\"widget\" data-widget_type=\"text-editor.default\">\n\t\t\t\t<div class=\"elementor-widget-container\">\n\t\t\t\t\t\t\t\t\t<p>Are you looking for a retreat in nature? Then you have with us a\u00a0<strong>hotel to meditate<\/strong> mitten im UNESCO Biosph\u00e4renreservat gefunden.\u00a0<\/p><p>Whether you prefer to meditate for yourself or in a group. Here you can be yourself and in the silence and concentration on the breath embark on the journey to inner growth, the search for meaning or the journey to yourself.<\/p><p>Whether you prefer to retreat to the beautiful nature of our castle garden or the region in good weather, or in the floor-heated teahouse.\u00a0<\/p><p>Mindfulness and respect for people, nature and animals is the main focus for us and our guests. We create the conditions for a conscious time-out from everyday life and a conscious and healthy vacation. Even if you have never meditated before and always wanted to try it out, you will have the opportunity to do so in our <strong>mindful hotel<\/strong>\u00a0near Berlin &amp; Hamburg the chance to do so.<\/p><p>We looking forward to see you!<\/p><p>\u00a0<\/p>\t\t\t\t\t\t\t\t<\/div>\n\t\t\t\t<\/div>\n\t\t\t\t\t<\/div>\n\t\t<\/div>\n\t\t\t\t\t<\/div>\n\t\t<\/section>\n\t\t\t\t<\/div>","protected":false},"excerpt":{"rendered":"<p>Ihr seid auf der Suche nach einem R\u00fcckzugsort in der Natur? Dann habt ihr mit uns ein\u00a0Hotel zum Meditieren mitten im UNESCO Biosph\u00e4renreservat gefunden.\u00a0 Egal, ob ihr am liebsten f\u00fcr euch meditiert oder in der Gruppe. Hier k\u00f6nnt ihr, ihr selbst sein und euch in der Stille und in der Konzentration auf den Atem auf [&hellip;]<\/p>","protected":false},"author":1,"featured_media":0,"parent":0,"menu_order":0,"comment_status":"closed","ping_status":"closed","template":"page-full-width.php","meta":{"footnotes":""},"class_list":["post-12325","page","type-page","status-publish","hentry"],"yoast_head":"<!-- This site is optimized with the Yoast SEO plugin v25.5 - https:\/\/yoast.com\/wordpress\/plugins\/seo\/ -->\n<title>Hotel zum Meditieren - ahead burghotel<\/title>\n<meta name=\"description\" content=\"Unser Hotel bietet das Teehaus als R\u00fcckzugsort f\u00fcr Meditationen und gef\u00fchrte Kurse. Die Ruhe und Natur unterst\u00fctzen die Reise zu sich.\" \/>\n<meta name=\"robots\" content=\"index, follow, max-snippet:-1, max-image-preview:large, max-video-preview:-1\" \/>\n<link rel=\"canonical\" href=\"https:\/\/aheadhotel.de\/en\/meditationshotel\/\" \/>\n<meta property=\"og:locale\" content=\"en_US\" \/>\n<meta property=\"og:type\" content=\"article\" \/>\n<meta property=\"og:title\" content=\"Hotel zum Meditieren - ahead burghotel\" \/>\n<meta property=\"og:description\" content=\"Unser Hotel bietet das Teehaus als R\u00fcckzugsort f\u00fcr Meditationen und gef\u00fchrte Kurse. Die Ruhe und Natur unterst\u00fctzen die Reise zu sich.\" \/>\n<meta property=\"og:url\" content=\"https:\/\/aheadhotel.de\/en\/meditationshotel\/\" \/>\n<meta property=\"og:site_name\" content=\"ahead burghotel\" \/>\n<meta property=\"article:publisher\" content=\"http:\/\/facebook.com\/aheadhotel\" \/>\n<meta property=\"article:modified_time\" content=\"2025-02-07T17:12:42+00:00\" \/>\n<meta name=\"twitter:card\" content=\"summary_large_image\" \/>\n<meta name=\"twitter:label1\" content=\"Est. reading time\" \/>\n\t<meta name=\"twitter:data1\" content=\"1 minute\" \/>\n<script type=\"application\/ld+json\" class=\"yoast-schema-graph\">{\"@context\":\"https:\/\/schema.org\",\"@graph\":[{\"@type\":\"WebPage\",\"@id\":\"https:\/\/aheadhotel.de\/meditationshotel\/\",\"url\":\"https:\/\/aheadhotel.de\/meditationshotel\/\",\"name\":\"Hotel zum Meditieren - ahead burghotel\",\"isPartOf\":{\"@id\":\"https:\/\/aheadhotel.de\/#website\"},\"datePublished\":\"2021-04-27T05:25:29+00:00\",\"dateModified\":\"2025-02-07T17:12:42+00:00\",\"description\":\"Unser Hotel bietet das Teehaus als R\u00fcckzugsort f\u00fcr Meditationen und gef\u00fchrte Kurse. Die Ruhe und Natur unterst\u00fctzen die Reise zu sich.\",\"breadcrumb\":{\"@id\":\"https:\/\/aheadhotel.de\/meditationshotel\/#breadcrumb\"},\"inLanguage\":\"en-US\",\"potentialAction\":[{\"@type\":\"ReadAction\",\"target\":[\"https:\/\/aheadhotel.de\/meditationshotel\/\"]}]},{\"@type\":\"BreadcrumbList\",\"@id\":\"https:\/\/aheadhotel.de\/meditationshotel\/#breadcrumb\",\"itemListElement\":[{\"@type\":\"ListItem\",\"position\":1,\"name\":\"Startseite\",\"item\":\"https:\/\/aheadhotel.de\/\"},{\"@type\":\"ListItem\",\"position\":2,\"name\":\"Meditation\"}]},{\"@type\":\"WebSite\",\"@id\":\"https:\/\/aheadhotel.de\/#website\",\"url\":\"https:\/\/aheadhotel.de\/\",\"name\":\"ahead burghotel\",\"description\":\"Veganes Hotel zwischen Berlin und Hamburg\",\"publisher\":{\"@id\":\"https:\/\/aheadhotel.de\/#organization\"},\"potentialAction\":[{\"@type\":\"SearchAction\",\"target\":{\"@type\":\"EntryPoint\",\"urlTemplate\":\"https:\/\/aheadhotel.de\/?s={search_term_string}\"},\"query-input\":{\"@type\":\"PropertyValueSpecification\",\"valueRequired\":true,\"valueName\":\"search_term_string\"}}],\"inLanguage\":\"en-US\"},{\"@type\":\"Organization\",\"@id\":\"https:\/\/aheadhotel.de\/#organization\",\"name\":\"ahead burghotel\",\"url\":\"https:\/\/aheadhotel.de\/\",\"logo\":{\"@type\":\"ImageObject\",\"inLanguage\":\"en-US\",\"@id\":\"https:\/\/aheadhotel.de\/#\/schema\/logo\/image\/\",\"url\":\"https:\/\/aheadhotel.de\/wp-content\/uploads\/2021\/04\/01ahead_Logo_Final.png\",\"contentUrl\":\"https:\/\/aheadhotel.de\/wp-content\/uploads\/2021\/04\/01ahead_Logo_Final.png\",\"width\":1667,\"height\":1250,\"caption\":\"ahead burghotel\"},\"image\":{\"@id\":\"https:\/\/aheadhotel.de\/#\/schema\/logo\/image\/\"},\"sameAs\":[\"http:\/\/facebook.com\/aheadhotel\"]}]}<\/script>\n<!-- \/ Yoast SEO plugin. -->","yoast_head_json":{"title":"Hotel zum Meditieren - ahead burghotel","description":"Unser Hotel bietet das Teehaus als R\u00fcckzugsort f\u00fcr Meditationen und gef\u00fchrte Kurse. Die Ruhe und Natur unterst\u00fctzen die Reise zu sich.","robots":{"index":"index","follow":"follow","max-snippet":"max-snippet:-1","max-image-preview":"max-image-preview:large","max-video-preview":"max-video-preview:-1"},"canonical":"https:\/\/aheadhotel.de\/en\/meditationshotel\/","og_locale":"en_US","og_type":"article","og_title":"Hotel zum Meditieren - ahead burghotel","og_description":"Unser Hotel bietet das Teehaus als R\u00fcckzugsort f\u00fcr Meditationen und gef\u00fchrte Kurse. Die Ruhe und Natur unterst\u00fctzen die Reise zu sich.","og_url":"https:\/\/aheadhotel.de\/en\/meditationshotel\/","og_site_name":"ahead burghotel","article_publisher":"http:\/\/facebook.com\/aheadhotel","article_modified_time":"2025-02-07T17:12:42+00:00","twitter_card":"summary_large_image","twitter_misc":{"Est. reading time":"1 minute"},"schema":{"@context":"https:\/\/schema.org","@graph":[{"@type":"WebPage","@id":"https:\/\/aheadhotel.de\/meditationshotel\/","url":"https:\/\/aheadhotel.de\/meditationshotel\/","name":"Hotel zum Meditieren - ahead burghotel","isPartOf":{"@id":"https:\/\/aheadhotel.de\/#website"},"datePublished":"2021-04-27T05:25:29+00:00","dateModified":"2025-02-07T17:12:42+00:00","description":"Unser Hotel bietet das Teehaus als R\u00fcckzugsort f\u00fcr Meditationen und gef\u00fchrte Kurse. Die Ruhe und Natur unterst\u00fctzen die Reise zu sich.","breadcrumb":{"@id":"https:\/\/aheadhotel.de\/meditationshotel\/#breadcrumb"},"inLanguage":"en-US","potentialAction":[{"@type":"ReadAction","target":["https:\/\/aheadhotel.de\/meditationshotel\/"]}]},{"@type":"BreadcrumbList","@id":"https:\/\/aheadhotel.de\/meditationshotel\/#breadcrumb","itemListElement":[{"@type":"ListItem","position":1,"name":"Startseite","item":"https:\/\/aheadhotel.de\/"},{"@type":"ListItem","position":2,"name":"Meditation"}]},{"@type":"WebSite","@id":"https:\/\/aheadhotel.de\/#website","url":"https:\/\/aheadhotel.de\/","name":"ahead burghotel","description":"Veganes Hotel zwischen Berlin und Hamburg","publisher":{"@id":"https:\/\/aheadhotel.de\/#organization"},"potentialAction":[{"@type":"SearchAction","target":{"@type":"EntryPoint","urlTemplate":"https:\/\/aheadhotel.de\/?s={search_term_string}"},"query-input":{"@type":"PropertyValueSpecification","valueRequired":true,"valueName":"search_term_string"}}],"inLanguage":"en-US"},{"@type":"Organization","@id":"https:\/\/aheadhotel.de\/#organization","name":"ahead burghotel","url":"https:\/\/aheadhotel.de\/","logo":{"@type":"ImageObject","inLanguage":"en-US","@id":"https:\/\/aheadhotel.de\/#\/schema\/logo\/image\/","url":"https:\/\/aheadhotel.de\/wp-content\/uploads\/2021\/04\/01ahead_Logo_Final.png","contentUrl":"https:\/\/aheadhotel.de\/wp-content\/uploads\/2021\/04\/01ahead_Logo_Final.png","width":1667,"height":1250,"caption":"ahead burghotel"},"image":{"@id":"https:\/\/aheadhotel.de\/#\/schema\/logo\/image\/"},"sameAs":["http:\/\/facebook.com\/aheadhotel"]}]}},"_links":{"self":[{"href":"https:\/\/aheadhotel.de\/en\/wp-json\/wp\/v2\/pages\/12325","targetHints":{"allow":["GET"]}}],"collection":[{"href":"https:\/\/aheadhotel.de\/en\/wp-json\/wp\/v2\/pages"}],"about":[{"href":"https:\/\/aheadhotel.de\/en\/wp-json\/wp\/v2\/types\/page"}],"author":[{"embeddable":true,"href":"https:\/\/aheadhotel.de\/en\/wp-json\/wp\/v2\/users\/1"}],"replies":[{"embeddable":true,"href":"https:\/\/aheadhotel.de\/en\/wp-json\/wp\/v2\/comments?post=12325"}],"version-history":[{"count":0,"href":"https:\/\/aheadhotel.de\/en\/wp-json\/wp\/v2\/pages\/12325\/revisions"}],"wp:attachment":[{"href":"https:\/\/aheadhotel.de\/en\/wp-json\/wp\/v2\/media?parent=12325"}],"curies":[{"name":"wp","href":"https:\/\/api.w.org\/{rel}","templated":true}]}}