{"id":12352,"date":"2021-04-27T07:50:06","date_gmt":"2021-04-27T05:50:06","guid":{"rendered":"http:\/\/aheadhotel.de\/?page_id=12352"},"modified":"2026-01-03T18:46:26","modified_gmt":"2026-01-03T17:46:26","slug":"saunen","status":"publish","type":"page","link":"https:\/\/aheadhotel.de\/en\/saunen\/","title":{"rendered":"sauna"},"content":{"rendered":"<div data-elementor-type=\"wp-page\" data-elementor-id=\"12352\" class=\"elementor elementor-12352\" data-elementor-post-type=\"page\">\n\t\t\t\t\t\t<section class=\"elementor-section elementor-top-section elementor-element elementor-element-56e695d elementor-section-full_width elementor-section-height-default elementor-section-height-default qodef-elementor-content-no\" data-id=\"56e695d\" data-element_type=\"section\">\n\t\t\t\t\t\t<div class=\"elementor-container elementor-column-gap-default\">\n\t\t\t\t\t<div class=\"elementor-column elementor-col-100 elementor-top-column elementor-element elementor-element-fc7fa88\" data-id=\"fc7fa88\" data-element_type=\"column\">\n\t\t\t<div class=\"elementor-widget-wrap elementor-element-populated\">\n\t\t\t\t\t\t<div class=\"elementor-element elementor-element-b17e942 elementor-widget elementor-widget-augustine_core_google_map\" data-id=\"b17e942\" data-element_type=\"widget\" data-widget_type=\"augustine_core_google_map.default\">\n\t\t\t\t<div class=\"elementor-widget-container\">\n\t\t\t\t\t<div class=\"qodef-shortcode qodef-m  qodef-google-map\">\n\t<div class=\"qodef-m-map\" id=\"qodef-map-id--976\" data-addresses='[\"Lotissement Listinco 20270 Al\u00e9ria\"]' data-pin=\"https:\/\/aheadhotel.de\/wp-content\/uploads\/2021\/02\/pin01.png\" data-unique-id=\"976\" data-height=\"700\"><\/div>\n<\/div>\t\t\t\t<\/div>\n\t\t\t\t<\/div>\n\t\t\t\t\t<\/div>\n\t\t<\/div>\n\t\t\t\t\t<\/div>\n\t\t<\/section>\n\t\t<div class=\"elementor-element elementor-element-4f967eb e-flex e-con-boxed e-con e-parent\" data-id=\"4f967eb\" data-element_type=\"container\">\n\t\t\t\t\t<div class=\"e-con-inner\">\n\t\t<div class=\"elementor-element elementor-element-73b08c6 e-con-full e-flex e-con e-child\" data-id=\"73b08c6\" data-element_type=\"container\">\n\t\t\t\t<div class=\"elementor-element elementor-element-3fa4779 elementor-widget elementor-widget-image\" data-id=\"3fa4779\" data-element_type=\"widget\" data-widget_type=\"image.default\">\n\t\t\t\t<div class=\"elementor-widget-container\">\n\t\t\t\t\t\t\t\t\t\t\t\t\t\t\t<img fetchpriority=\"high\" decoding=\"async\" width=\"1024\" height=\"726\" src=\"https:\/\/aheadhotel.de\/wp-content\/uploads\/2025\/01\/Saunabereich-1024x726.jpg\" class=\"attachment-large size-large wp-image-18003\" alt=\"\" srcset=\"https:\/\/aheadhotel.de\/wp-content\/uploads\/2025\/01\/Saunabereich-1024x726.jpg 1024w, https:\/\/aheadhotel.de\/wp-content\/uploads\/2025\/01\/Saunabereich-300x213.jpg 300w, https:\/\/aheadhotel.de\/wp-content\/uploads\/2025\/01\/Saunabereich-768x545.jpg 768w, https:\/\/aheadhotel.de\/wp-content\/uploads\/2025\/01\/Saunabereich-1536x1090.jpg 1536w, https:\/\/aheadhotel.de\/wp-content\/uploads\/2025\/01\/Saunabereich-18x12.jpg 18w, https:\/\/aheadhotel.de\/wp-content\/uploads\/2025\/01\/Saunabereich.jpg 1748w\" sizes=\"(max-width: 1024px) 100vw, 1024px\" \/>\t\t\t\t\t\t\t\t\t\t\t\t\t\t\t<\/div>\n\t\t\t\t<\/div>\n\t\t\t\t<\/div>\n\t\t<div class=\"elementor-element elementor-element-d73c6ba e-con-full e-flex e-con e-child\" data-id=\"d73c6ba\" data-element_type=\"container\">\n\t\t\t\t<div class=\"elementor-element elementor-element-0739e29 elementor-widget elementor-widget-text-editor\" data-id=\"0739e29\" data-element_type=\"widget\" data-widget_type=\"text-editor.default\">\n\t\t\t\t<div class=\"elementor-widget-container\">\n\t\t\t\t\t\t\t\t\t<p>Schwitze in unserer <strong>Finnish sauna<\/strong>&nbsp;(80\u00b0C) or in the <strong>Bio-sauna<\/strong> (60\u00b0C) und entspanne in unserem Ruheraum.<\/p>\n<p>Den Wellness Bereich findest du im Untergeschoss der historischen Burgschule. Dort stehen auch Handt\u00fccher, Badem\u00e4ntel und unsere nachhaltigen Slipper f\u00fcr dich bereit. Die Slipper bestehen aus recycelten PET-Flaschen, die wir nach Verwendung wieder reinigen und so mehrmals verwenden, anstatt sie wie \u00fcblich nach einmaliger Benutzung wegzuschmei\u00dfen. Die Nutzung der Saunen ist bereits im Zimmerpreis mit inbegriffen.<\/p>\n<p>Die Saunen stehen dir t\u00e4glich von 14:00 &#8211; 22:00 Uhr zur Verf\u00fcgung.&nbsp;Bitte beachte, dass dieser Bereich ab einem Alter von 16 Jahren zug\u00e4nglich ist.<\/p>\t\t\t\t\t\t\t\t<\/div>\n\t\t\t\t<\/div>\n\t\t\t\t<\/div>\n\t\t\t\t\t<\/div>\n\t\t\t\t<\/div>\n\t\t\t\t<\/div>","protected":false},"excerpt":{"rendered":"<p>Schwitze in unserer finnischen Sauna&nbsp;(80\u00b0C) oder der Bio-Sauna (60\u00b0C) und entspanne in unserem Ruheraum. Den Wellness Bereich findest du im Untergeschoss der historischen Burgschule. Dort stehen auch Handt\u00fccher, Badem\u00e4ntel und unsere nachhaltigen Slipper f\u00fcr dich bereit. Die Slipper bestehen aus recycelten PET-Flaschen, die wir nach Verwendung wieder reinigen und so mehrmals verwenden, anstatt sie wie [&hellip;]<\/p>","protected":false},"author":1,"featured_media":0,"parent":0,"menu_order":0,"comment_status":"closed","ping_status":"closed","template":"page-full-width.php","meta":{"footnotes":""},"class_list":["post-12352","page","type-page","status-publish","hentry"],"yoast_head":"<!-- This site is optimized with the Yoast SEO plugin v25.5 - https:\/\/yoast.com\/wordpress\/plugins\/seo\/ -->\n<title>Hotel mit Saunen - ahead burghotel<\/title>\n<meta name=\"description\" content=\"Entspanne in unseren beiden Hotel-Saunen. Der Zugang ist im Zimmerpreis bereits mit inbegriffen und steht exklusiv Hotelg\u00e4sten zur Verf\u00fcgung.\" \/>\n<meta name=\"robots\" content=\"index, follow, max-snippet:-1, max-image-preview:large, max-video-preview:-1\" \/>\n<link rel=\"canonical\" href=\"https:\/\/aheadhotel.de\/en\/saunen\/\" \/>\n<meta property=\"og:locale\" content=\"en_US\" \/>\n<meta property=\"og:type\" content=\"article\" \/>\n<meta property=\"og:title\" content=\"Hotel mit Saunen - ahead burghotel\" \/>\n<meta property=\"og:description\" content=\"Entspanne in unseren beiden Hotel-Saunen. Der Zugang ist im Zimmerpreis bereits mit inbegriffen und steht exklusiv Hotelg\u00e4sten zur Verf\u00fcgung.\" \/>\n<meta property=\"og:url\" content=\"https:\/\/aheadhotel.de\/en\/saunen\/\" \/>\n<meta property=\"og:site_name\" content=\"ahead burghotel\" \/>\n<meta property=\"article:publisher\" content=\"http:\/\/facebook.com\/aheadhotel\" \/>\n<meta property=\"article:modified_time\" content=\"2026-01-03T17:46:26+00:00\" \/>\n<meta property=\"og:image\" content=\"https:\/\/aheadhotel.de\/wp-content\/uploads\/2025\/01\/Saunabereich.jpg\" \/>\n\t<meta property=\"og:image:width\" content=\"1748\" \/>\n\t<meta property=\"og:image:height\" content=\"1240\" \/>\n\t<meta property=\"og:image:type\" content=\"image\/jpeg\" \/>\n<meta name=\"twitter:card\" content=\"summary_large_image\" \/>\n<meta name=\"twitter:label1\" content=\"Est. reading time\" \/>\n\t<meta name=\"twitter:data1\" content=\"1 minute\" \/>\n<script type=\"application\/ld+json\" class=\"yoast-schema-graph\">{\"@context\":\"https:\/\/schema.org\",\"@graph\":[{\"@type\":\"WebPage\",\"@id\":\"https:\/\/aheadhotel.de\/saunen\/\",\"url\":\"https:\/\/aheadhotel.de\/saunen\/\",\"name\":\"Hotel mit Saunen - ahead burghotel\",\"isPartOf\":{\"@id\":\"https:\/\/aheadhotel.de\/#website\"},\"primaryImageOfPage\":{\"@id\":\"https:\/\/aheadhotel.de\/saunen\/#primaryimage\"},\"image\":{\"@id\":\"https:\/\/aheadhotel.de\/saunen\/#primaryimage\"},\"thumbnailUrl\":\"https:\/\/aheadhotel.de\/wp-content\/uploads\/2025\/01\/Saunabereich-1024x726.jpg\",\"datePublished\":\"2021-04-27T05:50:06+00:00\",\"dateModified\":\"2026-01-03T17:46:26+00:00\",\"description\":\"Entspanne in unseren beiden Hotel-Saunen. Der Zugang ist im Zimmerpreis bereits mit inbegriffen und steht exklusiv Hotelg\u00e4sten zur Verf\u00fcgung.\",\"breadcrumb\":{\"@id\":\"https:\/\/aheadhotel.de\/saunen\/#breadcrumb\"},\"inLanguage\":\"en-US\",\"potentialAction\":[{\"@type\":\"ReadAction\",\"target\":[\"https:\/\/aheadhotel.de\/saunen\/\"]}]},{\"@type\":\"ImageObject\",\"inLanguage\":\"en-US\",\"@id\":\"https:\/\/aheadhotel.de\/saunen\/#primaryimage\",\"url\":\"https:\/\/aheadhotel.de\/wp-content\/uploads\/2025\/01\/Saunabereich-1024x726.jpg\",\"contentUrl\":\"https:\/\/aheadhotel.de\/wp-content\/uploads\/2025\/01\/Saunabereich-1024x726.jpg\"},{\"@type\":\"BreadcrumbList\",\"@id\":\"https:\/\/aheadhotel.de\/saunen\/#breadcrumb\",\"itemListElement\":[{\"@type\":\"ListItem\",\"position\":1,\"name\":\"Startseite\",\"item\":\"https:\/\/aheadhotel.de\/\"},{\"@type\":\"ListItem\",\"position\":2,\"name\":\"Saunen\"}]},{\"@type\":\"WebSite\",\"@id\":\"https:\/\/aheadhotel.de\/#website\",\"url\":\"https:\/\/aheadhotel.de\/\",\"name\":\"ahead burghotel\",\"description\":\"Veganes Hotel zwischen Berlin und Hamburg\",\"publisher\":{\"@id\":\"https:\/\/aheadhotel.de\/#organization\"},\"potentialAction\":[{\"@type\":\"SearchAction\",\"target\":{\"@type\":\"EntryPoint\",\"urlTemplate\":\"https:\/\/aheadhotel.de\/?s={search_term_string}\"},\"query-input\":{\"@type\":\"PropertyValueSpecification\",\"valueRequired\":true,\"valueName\":\"search_term_string\"}}],\"inLanguage\":\"en-US\"},{\"@type\":\"Organization\",\"@id\":\"https:\/\/aheadhotel.de\/#organization\",\"name\":\"ahead burghotel\",\"url\":\"https:\/\/aheadhotel.de\/\",\"logo\":{\"@type\":\"ImageObject\",\"inLanguage\":\"en-US\",\"@id\":\"https:\/\/aheadhotel.de\/#\/schema\/logo\/image\/\",\"url\":\"https:\/\/aheadhotel.de\/wp-content\/uploads\/2021\/04\/01ahead_Logo_Final.png\",\"contentUrl\":\"https:\/\/aheadhotel.de\/wp-content\/uploads\/2021\/04\/01ahead_Logo_Final.png\",\"width\":1667,\"height\":1250,\"caption\":\"ahead burghotel\"},\"image\":{\"@id\":\"https:\/\/aheadhotel.de\/#\/schema\/logo\/image\/\"},\"sameAs\":[\"http:\/\/facebook.com\/aheadhotel\"]}]}<\/script>\n<!-- \/ Yoast SEO plugin. -->","yoast_head_json":{"title":"Hotel mit Saunen - ahead burghotel","description":"Entspanne in unseren beiden Hotel-Saunen. Der Zugang ist im Zimmerpreis bereits mit inbegriffen und steht exklusiv Hotelg\u00e4sten zur Verf\u00fcgung.","robots":{"index":"index","follow":"follow","max-snippet":"max-snippet:-1","max-image-preview":"max-image-preview:large","max-video-preview":"max-video-preview:-1"},"canonical":"https:\/\/aheadhotel.de\/en\/saunen\/","og_locale":"en_US","og_type":"article","og_title":"Hotel mit Saunen - ahead burghotel","og_description":"Entspanne in unseren beiden Hotel-Saunen. Der Zugang ist im Zimmerpreis bereits mit inbegriffen und steht exklusiv Hotelg\u00e4sten zur Verf\u00fcgung.","og_url":"https:\/\/aheadhotel.de\/en\/saunen\/","og_site_name":"ahead burghotel","article_publisher":"http:\/\/facebook.com\/aheadhotel","article_modified_time":"2026-01-03T17:46:26+00:00","og_image":[{"width":1748,"height":1240,"url":"https:\/\/aheadhotel.de\/wp-content\/uploads\/2025\/01\/Saunabereich.jpg","type":"image\/jpeg"}],"twitter_card":"summary_large_image","twitter_misc":{"Est. reading time":"1 minute"},"schema":{"@context":"https:\/\/schema.org","@graph":[{"@type":"WebPage","@id":"https:\/\/aheadhotel.de\/saunen\/","url":"https:\/\/aheadhotel.de\/saunen\/","name":"Hotel mit Saunen - ahead burghotel","isPartOf":{"@id":"https:\/\/aheadhotel.de\/#website"},"primaryImageOfPage":{"@id":"https:\/\/aheadhotel.de\/saunen\/#primaryimage"},"image":{"@id":"https:\/\/aheadhotel.de\/saunen\/#primaryimage"},"thumbnailUrl":"https:\/\/aheadhotel.de\/wp-content\/uploads\/2025\/01\/Saunabereich-1024x726.jpg","datePublished":"2021-04-27T05:50:06+00:00","dateModified":"2026-01-03T17:46:26+00:00","description":"Entspanne in unseren beiden Hotel-Saunen. Der Zugang ist im Zimmerpreis bereits mit inbegriffen und steht exklusiv Hotelg\u00e4sten zur Verf\u00fcgung.","breadcrumb":{"@id":"https:\/\/aheadhotel.de\/saunen\/#breadcrumb"},"inLanguage":"en-US","potentialAction":[{"@type":"ReadAction","target":["https:\/\/aheadhotel.de\/saunen\/"]}]},{"@type":"ImageObject","inLanguage":"en-US","@id":"https:\/\/aheadhotel.de\/saunen\/#primaryimage","url":"https:\/\/aheadhotel.de\/wp-content\/uploads\/2025\/01\/Saunabereich-1024x726.jpg","contentUrl":"https:\/\/aheadhotel.de\/wp-content\/uploads\/2025\/01\/Saunabereich-1024x726.jpg"},{"@type":"BreadcrumbList","@id":"https:\/\/aheadhotel.de\/saunen\/#breadcrumb","itemListElement":[{"@type":"ListItem","position":1,"name":"Startseite","item":"https:\/\/aheadhotel.de\/"},{"@type":"ListItem","position":2,"name":"Saunen"}]},{"@type":"WebSite","@id":"https:\/\/aheadhotel.de\/#website","url":"https:\/\/aheadhotel.de\/","name":"ahead burghotel","description":"Veganes Hotel zwischen Berlin und Hamburg","publisher":{"@id":"https:\/\/aheadhotel.de\/#organization"},"potentialAction":[{"@type":"SearchAction","target":{"@type":"EntryPoint","urlTemplate":"https:\/\/aheadhotel.de\/?s={search_term_string}"},"query-input":{"@type":"PropertyValueSpecification","valueRequired":true,"valueName":"search_term_string"}}],"inLanguage":"en-US"},{"@type":"Organization","@id":"https:\/\/aheadhotel.de\/#organization","name":"ahead burghotel","url":"https:\/\/aheadhotel.de\/","logo":{"@type":"ImageObject","inLanguage":"en-US","@id":"https:\/\/aheadhotel.de\/#\/schema\/logo\/image\/","url":"https:\/\/aheadhotel.de\/wp-content\/uploads\/2021\/04\/01ahead_Logo_Final.png","contentUrl":"https:\/\/aheadhotel.de\/wp-content\/uploads\/2021\/04\/01ahead_Logo_Final.png","width":1667,"height":1250,"caption":"ahead burghotel"},"image":{"@id":"https:\/\/aheadhotel.de\/#\/schema\/logo\/image\/"},"sameAs":["http:\/\/facebook.com\/aheadhotel"]}]}},"_links":{"self":[{"href":"https:\/\/aheadhotel.de\/en\/wp-json\/wp\/v2\/pages\/12352","targetHints":{"allow":["GET"]}}],"collection":[{"href":"https:\/\/aheadhotel.de\/en\/wp-json\/wp\/v2\/pages"}],"about":[{"href":"https:\/\/aheadhotel.de\/en\/wp-json\/wp\/v2\/types\/page"}],"author":[{"embeddable":true,"href":"https:\/\/aheadhotel.de\/en\/wp-json\/wp\/v2\/users\/1"}],"replies":[{"embeddable":true,"href":"https:\/\/aheadhotel.de\/en\/wp-json\/wp\/v2\/comments?post=12352"}],"version-history":[{"count":0,"href":"https:\/\/aheadhotel.de\/en\/wp-json\/wp\/v2\/pages\/12352\/revisions"}],"wp:attachment":[{"href":"https:\/\/aheadhotel.de\/en\/wp-json\/wp\/v2\/media?parent=12352"}],"curies":[{"name":"wp","href":"https:\/\/api.w.org\/{rel}","templated":true}]}}