{"id":12574,"date":"2021-05-02T10:00:46","date_gmt":"2021-05-02T08:00:46","guid":{"rendered":"http:\/\/aheadhotel.de\/?page_id=12574"},"modified":"2022-03-02T13:38:17","modified_gmt":"2022-03-02T12:38:17","slug":"wintergarten","status":"publish","type":"page","link":"https:\/\/aheadhotel.de\/en\/wintergarten\/","title":{"rendered":"winter garden"},"content":{"rendered":"<div data-elementor-type=\"wp-page\" data-elementor-id=\"12574\" class=\"elementor elementor-12574\" data-elementor-post-type=\"page\">\n\t\t\t\t\t\t<section class=\"elementor-section elementor-top-section elementor-element elementor-element-4edfdbb elementor-section-boxed elementor-section-height-default elementor-section-height-default qodef-elementor-content-no\" data-id=\"4edfdbb\" data-element_type=\"section\">\n\t\t\t\t\t\t<div class=\"elementor-container elementor-column-gap-default\">\n\t\t\t\t\t<div class=\"elementor-column elementor-col-100 elementor-top-column elementor-element elementor-element-4659b09\" data-id=\"4659b09\" data-element_type=\"column\">\n\t\t\t<div class=\"elementor-widget-wrap elementor-element-populated\">\n\t\t\t\t\t\t<div class=\"elementor-element elementor-element-6943065 elementor-widget elementor-widget-spacer\" data-id=\"6943065\" data-element_type=\"widget\" data-widget_type=\"spacer.default\">\n\t\t\t\t<div class=\"elementor-widget-container\">\n\t\t\t\t\t\t\t<div class=\"elementor-spacer\">\n\t\t\t<div class=\"elementor-spacer-inner\"><\/div>\n\t\t<\/div>\n\t\t\t\t\t\t<\/div>\n\t\t\t\t<\/div>\n\t\t\t\t\t<\/div>\n\t\t<\/div>\n\t\t\t\t\t<\/div>\n\t\t<\/section>\n\t\t\t\t<section class=\"elementor-section elementor-top-section elementor-element elementor-element-01ea5bc elementor-section-boxed elementor-section-height-default elementor-section-height-default qodef-elementor-content-no\" data-id=\"01ea5bc\" data-element_type=\"section\">\n\t\t\t\t\t\t<div class=\"elementor-container elementor-column-gap-default\">\n\t\t\t\t\t<div class=\"elementor-column elementor-col-66 elementor-top-column elementor-element elementor-element-863d7b9\" data-id=\"863d7b9\" data-element_type=\"column\">\n\t\t\t<div class=\"elementor-widget-wrap elementor-element-populated\">\n\t\t\t\t\t\t<div class=\"elementor-element elementor-element-afeed0d elementor-widget elementor-widget-text-editor\" data-id=\"afeed0d\" data-element_type=\"widget\" data-widget_type=\"text-editor.default\">\n\t\t\t\t<div class=\"elementor-widget-container\">\n\t\t\t\t\t\t\t\t\t<p>The day starts in our sun-drenched winter garden with a beautiful view of the castle garden and the river L\u00f6cknitz.<\/p><p>Our pure <strong>vegan breakfast buffet<\/strong>\u00a0offers you from 8:00 to 10:30 a.m. a wide range of vegetable and organic spreads, mueslis, salads, pastries, pancakes as well as stir-fried tofu.<\/p><p>Breakfast is already included in all room rates.<\/p>\t\t\t\t\t\t\t\t<\/div>\n\t\t\t\t<\/div>\n\t\t\t\t\t<\/div>\n\t\t<\/div>\n\t\t\t\t<div class=\"elementor-column elementor-col-33 elementor-top-column elementor-element elementor-element-399d78e\" data-id=\"399d78e\" data-element_type=\"column\">\n\t\t\t<div class=\"elementor-widget-wrap elementor-element-populated\">\n\t\t\t\t\t\t<div class=\"elementor-element elementor-element-60997d6 elementor-widget elementor-widget-image\" data-id=\"60997d6\" data-element_type=\"widget\" data-widget_type=\"image.default\">\n\t\t\t\t<div class=\"elementor-widget-container\">\n\t\t\t\t\t\t\t\t\t\t\t\t\t\t\t<img fetchpriority=\"high\" decoding=\"async\" width=\"1024\" height=\"683\" src=\"https:\/\/aheadhotel.de\/wp-content\/uploads\/2021\/09\/HIPP1667-1024x683.jpg\" class=\"attachment-large size-large wp-image-13201\" alt=\"\" srcset=\"https:\/\/aheadhotel.de\/wp-content\/uploads\/2021\/09\/HIPP1667-1024x683.jpg 1024w, https:\/\/aheadhotel.de\/wp-content\/uploads\/2021\/09\/HIPP1667-300x200.jpg 300w, https:\/\/aheadhotel.de\/wp-content\/uploads\/2021\/09\/HIPP1667-768x512.jpg 768w, https:\/\/aheadhotel.de\/wp-content\/uploads\/2021\/09\/HIPP1667-1536x1024.jpg 1536w, https:\/\/aheadhotel.de\/wp-content\/uploads\/2021\/09\/HIPP1667-2048x1365.jpg 2048w, https:\/\/aheadhotel.de\/wp-content\/uploads\/2021\/09\/HIPP1667-600x400.jpg 600w\" sizes=\"(max-width: 1024px) 100vw, 1024px\" \/>\t\t\t\t\t\t\t\t\t\t\t\t\t\t\t<\/div>\n\t\t\t\t<\/div>\n\t\t\t\t\t<\/div>\n\t\t<\/div>\n\t\t\t\t\t<\/div>\n\t\t<\/section>\n\t\t\t\t<\/div>","protected":false},"excerpt":{"rendered":"<p>Der Tag startet in unserem sonnendurchfluteten Wintergarten mit wundersch\u00f6nem Blick in den Burggarten und auf den Fluss L\u00f6cknitz. Unser rein veganes Fr\u00fchst\u00fccksb\u00fcffet\u00a0bietet euch von 8:00 bis 10:30 Uhr ein reichhaltiges Angebot an pflanzlichen und \u00f6kologischen Aufstrichen, M\u00fcslis, Salaten, Geb\u00e4ck, Pancakes sowie R\u00fchrtofu. Das Fr\u00fchst\u00fcck ist in allen Zimmerraten bereits inklusive.<\/p>","protected":false},"author":1,"featured_media":0,"parent":0,"menu_order":0,"comment_status":"closed","ping_status":"closed","template":"page-full-width.php","meta":{"footnotes":""},"class_list":["post-12574","page","type-page","status-publish","hentry"],"yoast_head":"<!-- This site is optimized with the Yoast SEO plugin v25.5 - https:\/\/yoast.com\/wordpress\/plugins\/seo\/ -->\n<title>Wintergarten - ahead burghotel<\/title>\n<meta name=\"robots\" content=\"index, follow, max-snippet:-1, max-image-preview:large, max-video-preview:-1\" \/>\n<link rel=\"canonical\" href=\"https:\/\/aheadhotel.de\/en\/wintergarten\/\" \/>\n<meta property=\"og:locale\" content=\"en_US\" \/>\n<meta property=\"og:type\" content=\"article\" \/>\n<meta property=\"og:title\" content=\"Wintergarten - ahead burghotel\" \/>\n<meta property=\"og:description\" content=\"Der Tag startet in unserem sonnendurchfluteten Wintergarten mit wundersch\u00f6nem Blick in den Burggarten und auf den Fluss L\u00f6cknitz. Unser rein veganes Fr\u00fchst\u00fccksb\u00fcffet\u00a0bietet euch von 8:00 bis 10:30 Uhr ein reichhaltiges Angebot an pflanzlichen und \u00f6kologischen Aufstrichen, M\u00fcslis, Salaten, Geb\u00e4ck, Pancakes sowie R\u00fchrtofu. Das Fr\u00fchst\u00fcck ist in allen Zimmerraten bereits inklusive.\" \/>\n<meta property=\"og:url\" content=\"https:\/\/aheadhotel.de\/en\/wintergarten\/\" \/>\n<meta property=\"og:site_name\" content=\"ahead burghotel\" \/>\n<meta property=\"article:publisher\" content=\"http:\/\/facebook.com\/aheadhotel\" \/>\n<meta property=\"article:modified_time\" content=\"2022-03-02T12:38:17+00:00\" \/>\n<meta property=\"og:image\" content=\"http:\/\/aheadhotel.de\/wp-content\/uploads\/2021\/09\/HIPP1667-1024x683.jpg\" \/>\n<meta name=\"twitter:card\" content=\"summary_large_image\" \/>\n<script type=\"application\/ld+json\" class=\"yoast-schema-graph\">{\"@context\":\"https:\/\/schema.org\",\"@graph\":[{\"@type\":\"WebPage\",\"@id\":\"https:\/\/aheadhotel.de\/wintergarten\/\",\"url\":\"https:\/\/aheadhotel.de\/wintergarten\/\",\"name\":\"Wintergarten - ahead burghotel\",\"isPartOf\":{\"@id\":\"https:\/\/aheadhotel.de\/#website\"},\"primaryImageOfPage\":{\"@id\":\"https:\/\/aheadhotel.de\/wintergarten\/#primaryimage\"},\"image\":{\"@id\":\"https:\/\/aheadhotel.de\/wintergarten\/#primaryimage\"},\"thumbnailUrl\":\"http:\/\/aheadhotel.de\/wp-content\/uploads\/2021\/09\/HIPP1667-1024x683.jpg\",\"datePublished\":\"2021-05-02T08:00:46+00:00\",\"dateModified\":\"2022-03-02T12:38:17+00:00\",\"breadcrumb\":{\"@id\":\"https:\/\/aheadhotel.de\/wintergarten\/#breadcrumb\"},\"inLanguage\":\"en-US\",\"potentialAction\":[{\"@type\":\"ReadAction\",\"target\":[\"https:\/\/aheadhotel.de\/wintergarten\/\"]}]},{\"@type\":\"ImageObject\",\"inLanguage\":\"en-US\",\"@id\":\"https:\/\/aheadhotel.de\/wintergarten\/#primaryimage\",\"url\":\"http:\/\/aheadhotel.de\/wp-content\/uploads\/2021\/09\/HIPP1667-1024x683.jpg\",\"contentUrl\":\"http:\/\/aheadhotel.de\/wp-content\/uploads\/2021\/09\/HIPP1667-1024x683.jpg\"},{\"@type\":\"BreadcrumbList\",\"@id\":\"https:\/\/aheadhotel.de\/wintergarten\/#breadcrumb\",\"itemListElement\":[{\"@type\":\"ListItem\",\"position\":1,\"name\":\"Startseite\",\"item\":\"https:\/\/aheadhotel.de\/\"},{\"@type\":\"ListItem\",\"position\":2,\"name\":\"Wintergarten\"}]},{\"@type\":\"WebSite\",\"@id\":\"https:\/\/aheadhotel.de\/#website\",\"url\":\"https:\/\/aheadhotel.de\/\",\"name\":\"ahead burghotel\",\"description\":\"Veganes Hotel zwischen Berlin und Hamburg\",\"publisher\":{\"@id\":\"https:\/\/aheadhotel.de\/#organization\"},\"potentialAction\":[{\"@type\":\"SearchAction\",\"target\":{\"@type\":\"EntryPoint\",\"urlTemplate\":\"https:\/\/aheadhotel.de\/?s={search_term_string}\"},\"query-input\":{\"@type\":\"PropertyValueSpecification\",\"valueRequired\":true,\"valueName\":\"search_term_string\"}}],\"inLanguage\":\"en-US\"},{\"@type\":\"Organization\",\"@id\":\"https:\/\/aheadhotel.de\/#organization\",\"name\":\"ahead burghotel\",\"url\":\"https:\/\/aheadhotel.de\/\",\"logo\":{\"@type\":\"ImageObject\",\"inLanguage\":\"en-US\",\"@id\":\"https:\/\/aheadhotel.de\/#\/schema\/logo\/image\/\",\"url\":\"https:\/\/aheadhotel.de\/wp-content\/uploads\/2021\/04\/01ahead_Logo_Final.png\",\"contentUrl\":\"https:\/\/aheadhotel.de\/wp-content\/uploads\/2021\/04\/01ahead_Logo_Final.png\",\"width\":1667,\"height\":1250,\"caption\":\"ahead burghotel\"},\"image\":{\"@id\":\"https:\/\/aheadhotel.de\/#\/schema\/logo\/image\/\"},\"sameAs\":[\"http:\/\/facebook.com\/aheadhotel\"]}]}<\/script>\n<!-- \/ Yoast SEO plugin. -->","yoast_head_json":{"title":"Wintergarten - ahead burghotel","robots":{"index":"index","follow":"follow","max-snippet":"max-snippet:-1","max-image-preview":"max-image-preview:large","max-video-preview":"max-video-preview:-1"},"canonical":"https:\/\/aheadhotel.de\/en\/wintergarten\/","og_locale":"en_US","og_type":"article","og_title":"Wintergarten - ahead burghotel","og_description":"Der Tag startet in unserem sonnendurchfluteten Wintergarten mit wundersch\u00f6nem Blick in den Burggarten und auf den Fluss L\u00f6cknitz. Unser rein veganes Fr\u00fchst\u00fccksb\u00fcffet\u00a0bietet euch von 8:00 bis 10:30 Uhr ein reichhaltiges Angebot an pflanzlichen und \u00f6kologischen Aufstrichen, M\u00fcslis, Salaten, Geb\u00e4ck, Pancakes sowie R\u00fchrtofu. Das Fr\u00fchst\u00fcck ist in allen Zimmerraten bereits inklusive.","og_url":"https:\/\/aheadhotel.de\/en\/wintergarten\/","og_site_name":"ahead burghotel","article_publisher":"http:\/\/facebook.com\/aheadhotel","article_modified_time":"2022-03-02T12:38:17+00:00","og_image":[{"url":"http:\/\/aheadhotel.de\/wp-content\/uploads\/2021\/09\/HIPP1667-1024x683.jpg","type":"","width":"","height":""}],"twitter_card":"summary_large_image","schema":{"@context":"https:\/\/schema.org","@graph":[{"@type":"WebPage","@id":"https:\/\/aheadhotel.de\/wintergarten\/","url":"https:\/\/aheadhotel.de\/wintergarten\/","name":"Wintergarten - ahead burghotel","isPartOf":{"@id":"https:\/\/aheadhotel.de\/#website"},"primaryImageOfPage":{"@id":"https:\/\/aheadhotel.de\/wintergarten\/#primaryimage"},"image":{"@id":"https:\/\/aheadhotel.de\/wintergarten\/#primaryimage"},"thumbnailUrl":"http:\/\/aheadhotel.de\/wp-content\/uploads\/2021\/09\/HIPP1667-1024x683.jpg","datePublished":"2021-05-02T08:00:46+00:00","dateModified":"2022-03-02T12:38:17+00:00","breadcrumb":{"@id":"https:\/\/aheadhotel.de\/wintergarten\/#breadcrumb"},"inLanguage":"en-US","potentialAction":[{"@type":"ReadAction","target":["https:\/\/aheadhotel.de\/wintergarten\/"]}]},{"@type":"ImageObject","inLanguage":"en-US","@id":"https:\/\/aheadhotel.de\/wintergarten\/#primaryimage","url":"http:\/\/aheadhotel.de\/wp-content\/uploads\/2021\/09\/HIPP1667-1024x683.jpg","contentUrl":"http:\/\/aheadhotel.de\/wp-content\/uploads\/2021\/09\/HIPP1667-1024x683.jpg"},{"@type":"BreadcrumbList","@id":"https:\/\/aheadhotel.de\/wintergarten\/#breadcrumb","itemListElement":[{"@type":"ListItem","position":1,"name":"Startseite","item":"https:\/\/aheadhotel.de\/"},{"@type":"ListItem","position":2,"name":"Wintergarten"}]},{"@type":"WebSite","@id":"https:\/\/aheadhotel.de\/#website","url":"https:\/\/aheadhotel.de\/","name":"ahead burghotel","description":"Veganes Hotel zwischen Berlin und Hamburg","publisher":{"@id":"https:\/\/aheadhotel.de\/#organization"},"potentialAction":[{"@type":"SearchAction","target":{"@type":"EntryPoint","urlTemplate":"https:\/\/aheadhotel.de\/?s={search_term_string}"},"query-input":{"@type":"PropertyValueSpecification","valueRequired":true,"valueName":"search_term_string"}}],"inLanguage":"en-US"},{"@type":"Organization","@id":"https:\/\/aheadhotel.de\/#organization","name":"ahead burghotel","url":"https:\/\/aheadhotel.de\/","logo":{"@type":"ImageObject","inLanguage":"en-US","@id":"https:\/\/aheadhotel.de\/#\/schema\/logo\/image\/","url":"https:\/\/aheadhotel.de\/wp-content\/uploads\/2021\/04\/01ahead_Logo_Final.png","contentUrl":"https:\/\/aheadhotel.de\/wp-content\/uploads\/2021\/04\/01ahead_Logo_Final.png","width":1667,"height":1250,"caption":"ahead burghotel"},"image":{"@id":"https:\/\/aheadhotel.de\/#\/schema\/logo\/image\/"},"sameAs":["http:\/\/facebook.com\/aheadhotel"]}]}},"_links":{"self":[{"href":"https:\/\/aheadhotel.de\/en\/wp-json\/wp\/v2\/pages\/12574","targetHints":{"allow":["GET"]}}],"collection":[{"href":"https:\/\/aheadhotel.de\/en\/wp-json\/wp\/v2\/pages"}],"about":[{"href":"https:\/\/aheadhotel.de\/en\/wp-json\/wp\/v2\/types\/page"}],"author":[{"embeddable":true,"href":"https:\/\/aheadhotel.de\/en\/wp-json\/wp\/v2\/users\/1"}],"replies":[{"embeddable":true,"href":"https:\/\/aheadhotel.de\/en\/wp-json\/wp\/v2\/comments?post=12574"}],"version-history":[{"count":0,"href":"https:\/\/aheadhotel.de\/en\/wp-json\/wp\/v2\/pages\/12574\/revisions"}],"wp:attachment":[{"href":"https:\/\/aheadhotel.de\/en\/wp-json\/wp\/v2\/media?parent=12574"}],"curies":[{"name":"wp","href":"https:\/\/api.w.org\/{rel}","templated":true}]}}