{"id":12590,"date":"2021-05-02T11:56:36","date_gmt":"2021-05-02T09:56:36","guid":{"rendered":"http:\/\/aheadhotel.de\/?page_id=12590"},"modified":"2026-03-27T11:38:19","modified_gmt":"2026-03-27T10:38:19","slug":"veganes-restaurant","status":"publish","type":"page","link":"https:\/\/aheadhotel.de\/en\/veganes-restaurant\/","title":{"rendered":"place to V"},"content":{"rendered":"<div data-elementor-type=\"wp-page\" data-elementor-id=\"12590\" class=\"elementor elementor-12590\" data-elementor-post-type=\"page\">\n\t\t\t\t\t\t<section class=\"elementor-section elementor-top-section elementor-element elementor-element-5e95f44 elementor-section-boxed elementor-section-height-default elementor-section-height-default qodef-elementor-content-no\" data-id=\"5e95f44\" data-element_type=\"section\">\n\t\t\t\t\t\t<div class=\"elementor-container elementor-column-gap-default\">\n\t\t\t\t\t<div class=\"elementor-column elementor-col-33 elementor-top-column elementor-element elementor-element-70ee648\" data-id=\"70ee648\" data-element_type=\"column\">\n\t\t\t<div class=\"elementor-widget-wrap elementor-element-populated\">\n\t\t\t\t\t\t<div class=\"elementor-element elementor-element-66c1683 elementor-widget elementor-widget-image\" data-id=\"66c1683\" data-element_type=\"widget\" data-widget_type=\"image.default\">\n\t\t\t\t<div class=\"elementor-widget-container\">\n\t\t\t\t\t\t\t\t\t\t\t\t\t\t\t<img fetchpriority=\"high\" decoding=\"async\" width=\"500\" height=\"228\" src=\"https:\/\/aheadhotel.de\/wp-content\/uploads\/2021\/06\/place-to-V_Logo_schwarz_500.png\" class=\"attachment-large size-large wp-image-12733\" alt=\"\" srcset=\"https:\/\/aheadhotel.de\/wp-content\/uploads\/2021\/06\/place-to-V_Logo_schwarz_500.png 500w, https:\/\/aheadhotel.de\/wp-content\/uploads\/2021\/06\/place-to-V_Logo_schwarz_500-300x137.png 300w\" sizes=\"(max-width: 500px) 100vw, 500px\" \/>\t\t\t\t\t\t\t\t\t\t\t\t\t\t\t<\/div>\n\t\t\t\t<\/div>\n\t\t\t\t<div class=\"elementor-element elementor-element-6943065 elementor-widget elementor-widget-spacer\" data-id=\"6943065\" data-element_type=\"widget\" data-widget_type=\"spacer.default\">\n\t\t\t\t<div class=\"elementor-widget-container\">\n\t\t\t\t\t\t\t<div class=\"elementor-spacer\">\n\t\t\t<div class=\"elementor-spacer-inner\"><\/div>\n\t\t<\/div>\n\t\t\t\t\t\t<\/div>\n\t\t\t\t<\/div>\n\t\t\t\t\t<\/div>\n\t\t<\/div>\n\t\t\t\t<div class=\"elementor-column elementor-col-33 elementor-top-column elementor-element elementor-element-a6774b1\" data-id=\"a6774b1\" data-element_type=\"column\">\n\t\t\t<div class=\"elementor-widget-wrap\">\n\t\t\t\t\t\t\t<\/div>\n\t\t<\/div>\n\t\t\t\t<div class=\"elementor-column elementor-col-33 elementor-top-column elementor-element elementor-element-8dcc2eb\" data-id=\"8dcc2eb\" data-element_type=\"column\">\n\t\t\t<div class=\"elementor-widget-wrap elementor-element-populated\">\n\t\t\t\t\t\t<div class=\"elementor-element elementor-element-a4fcd32 elementor-widget elementor-widget-text-editor\" data-id=\"a4fcd32\" data-element_type=\"widget\" data-widget_type=\"text-editor.default\">\n\t\t\t\t<div class=\"elementor-widget-container\">\n\t\t\t\t\t\t\t\t\t<p><strong>Summer opening hours<\/strong><\/p><p><strong>Lunch:<\/strong> 13:00 bis 15:00 Uhr<\/p><p><strong>Cakes:<\/strong> 15:00 bis 17:00 Uhr<\/p><p><strong>Dinner:<\/strong> ab 17:30 Uhr<br \/><em>Please book your table for dinner.<\/em><\/p><p><em>\u00a0<\/em><\/p><p><em>\u00a0<\/em><\/p>\t\t\t\t\t\t\t\t<\/div>\n\t\t\t\t<\/div>\n\t\t\t\t\t<\/div>\n\t\t<\/div>\n\t\t\t\t\t<\/div>\n\t\t<\/section>\n\t\t\t\t<section class=\"elementor-section elementor-top-section elementor-element elementor-element-7dcc78e elementor-section-boxed elementor-section-height-default elementor-section-height-default qodef-elementor-content-no\" data-id=\"7dcc78e\" data-element_type=\"section\">\n\t\t\t\t\t\t<div class=\"elementor-container elementor-column-gap-default\">\n\t\t\t\t\t<div class=\"elementor-column elementor-col-100 elementor-top-column elementor-element elementor-element-eafe253\" data-id=\"eafe253\" data-element_type=\"column\">\n\t\t\t<div class=\"elementor-widget-wrap elementor-element-populated\">\n\t\t\t\t\t\t<div class=\"elementor-element elementor-element-d2e939d elementor-widget elementor-widget-text-editor\" data-id=\"d2e939d\" data-element_type=\"widget\" data-widget_type=\"text-editor.default\">\n\t\t\t\t<div class=\"elementor-widget-container\">\n\t\t\t\t\t\t\t\t\t<h6>Menu<\/h6>\t\t\t\t\t\t\t\t<\/div>\n\t\t\t\t<\/div>\n\t\t\t\t\t<\/div>\n\t\t<\/div>\n\t\t\t\t\t<\/div>\n\t\t<\/section>\n\t\t\t\t<section class=\"elementor-section elementor-top-section elementor-element elementor-element-600cdb7 elementor-section-boxed elementor-section-height-default elementor-section-height-default qodef-elementor-content-no\" data-id=\"600cdb7\" data-element_type=\"section\">\n\t\t\t\t\t\t<div class=\"elementor-container elementor-column-gap-default\">\n\t\t\t\t\t<div class=\"elementor-column elementor-col-33 elementor-top-column elementor-element elementor-element-3f1ddff\" data-id=\"3f1ddff\" data-element_type=\"column\">\n\t\t\t<div class=\"elementor-widget-wrap elementor-element-populated\">\n\t\t\t\t\t\t<div class=\"elementor-element elementor-element-1ab9d97 elementor-widget elementor-widget-text-editor\" data-id=\"1ab9d97\" data-element_type=\"widget\" data-widget_type=\"text-editor.default\">\n\t\t\t\t<div class=\"elementor-widget-container\">\n\t\t\t\t\t\t\t\t\t<p><a href=\"https:\/\/aheadhotel.de\/wp-content\/uploads\/2026\/02\/english-2-1.pdf\"><b>Menu<\/b><\/a><\/p>\t\t\t\t\t\t\t\t<\/div>\n\t\t\t\t<\/div>\n\t\t\t\t\t<\/div>\n\t\t<\/div>\n\t\t\t\t<div class=\"elementor-column elementor-col-33 elementor-top-column elementor-element elementor-element-22abeb4\" data-id=\"22abeb4\" data-element_type=\"column\">\n\t\t\t<div class=\"elementor-widget-wrap elementor-element-populated\">\n\t\t\t\t\t\t<div class=\"elementor-element elementor-element-b33b6f5 elementor-widget elementor-widget-text-editor\" data-id=\"b33b6f5\" data-element_type=\"widget\" data-widget_type=\"text-editor.default\">\n\t\t\t\t<div class=\"elementor-widget-container\">\n\t\t\t\t\t\t\t\t\t<p><strong><a href=\"https:\/\/aheadhotel.de\/wp-content\/uploads\/2025\/10\/Getraenkekarte-2.pdf\">Drinks<\/a><\/strong><\/p>\t\t\t\t\t\t\t\t<\/div>\n\t\t\t\t<\/div>\n\t\t\t\t\t<\/div>\n\t\t<\/div>\n\t\t\t\t<div class=\"elementor-column elementor-col-33 elementor-top-column elementor-element elementor-element-9b5eb10\" data-id=\"9b5eb10\" data-element_type=\"column\">\n\t\t\t<div class=\"elementor-widget-wrap\">\n\t\t\t\t\t\t\t<\/div>\n\t\t<\/div>\n\t\t\t\t\t<\/div>\n\t\t<\/section>\n\t\t\t\t<section class=\"elementor-section elementor-top-section elementor-element elementor-element-e1c1809 elementor-section-boxed elementor-section-height-default elementor-section-height-default qodef-elementor-content-no\" data-id=\"e1c1809\" data-element_type=\"section\">\n\t\t\t\t\t\t<div class=\"elementor-container elementor-column-gap-default\">\n\t\t\t\t\t<div class=\"elementor-column elementor-col-100 elementor-top-column elementor-element elementor-element-e727fc1\" data-id=\"e727fc1\" data-element_type=\"column\">\n\t\t\t<div class=\"elementor-widget-wrap elementor-element-populated\">\n\t\t\t\t\t\t<div class=\"elementor-element elementor-element-c8dfdc4 elementor-widget elementor-widget-augustine_core_image_gallery\" data-id=\"c8dfdc4\" data-element_type=\"widget\" data-widget_type=\"augustine_core_image_gallery.default\">\n\t\t\t\t<div class=\"elementor-widget-container\">\n\t\t\t\t\t<div class=\"qodef-shortcode qodef-m  qodef-image-gallery      qodef-grid qodef-layout--masonry  qodef-gutter--normal qodef-col-num--3  qodef-responsive--predefined\" style=\"transition-delay: ms\">\n\t<div class=\"qodef-grid-inner clear\">\n\t\t\t<div class=\"qodef-grid-masonry-sizer\"><\/div>\n\t<div class=\"qodef-grid-masonry-gutter\"><\/div>\n<div class=\"qodef-e qodef-image-wrapper qodef-grid-item qodef-grid-item\">\n\t\t\t<img decoding=\"async\" width=\"2560\" height=\"1707\" src=\"https:\/\/aheadhotel.de\/wp-content\/uploads\/2021\/09\/HIPP0856-scaled.jpg\" class=\"attachment-full size-full\" alt=\"\" srcset=\"https:\/\/aheadhotel.de\/wp-content\/uploads\/2021\/09\/HIPP0856-scaled.jpg 2560w, https:\/\/aheadhotel.de\/wp-content\/uploads\/2021\/09\/HIPP0856-300x200.jpg 300w, https:\/\/aheadhotel.de\/wp-content\/uploads\/2021\/09\/HIPP0856-1024x683.jpg 1024w, https:\/\/aheadhotel.de\/wp-content\/uploads\/2021\/09\/HIPP0856-768x512.jpg 768w, https:\/\/aheadhotel.de\/wp-content\/uploads\/2021\/09\/HIPP0856-1536x1024.jpg 1536w, https:\/\/aheadhotel.de\/wp-content\/uploads\/2021\/09\/HIPP0856-2048x1365.jpg 2048w, https:\/\/aheadhotel.de\/wp-content\/uploads\/2021\/09\/HIPP0856-600x400.jpg 600w\" sizes=\"(max-width: 2560px) 100vw, 2560px\" \/>\t\t<\/div><div class=\"qodef-e qodef-image-wrapper qodef-grid-item qodef-grid-item\">\n\t\t\t<img decoding=\"async\" width=\"2560\" height=\"1707\" src=\"https:\/\/aheadhotel.de\/wp-content\/uploads\/2022\/07\/Food_1-1-scaled.jpg\" class=\"attachment-full size-full\" alt=\"\" srcset=\"https:\/\/aheadhotel.de\/wp-content\/uploads\/2022\/07\/Food_1-1-scaled.jpg 2560w, https:\/\/aheadhotel.de\/wp-content\/uploads\/2022\/07\/Food_1-1-300x200.jpg 300w, https:\/\/aheadhotel.de\/wp-content\/uploads\/2022\/07\/Food_1-1-1024x683.jpg 1024w, https:\/\/aheadhotel.de\/wp-content\/uploads\/2022\/07\/Food_1-1-768x512.jpg 768w, https:\/\/aheadhotel.de\/wp-content\/uploads\/2022\/07\/Food_1-1-1536x1024.jpg 1536w, https:\/\/aheadhotel.de\/wp-content\/uploads\/2022\/07\/Food_1-1-2048x1365.jpg 2048w, https:\/\/aheadhotel.de\/wp-content\/uploads\/2022\/07\/Food_1-1-600x400.jpg 600w\" sizes=\"(max-width: 2560px) 100vw, 2560px\" \/>\t\t<\/div><div class=\"qodef-e qodef-image-wrapper qodef-grid-item qodef-grid-item\">\n\t\t\t<img loading=\"lazy\" decoding=\"async\" width=\"2560\" height=\"1707\" src=\"https:\/\/aheadhotel.de\/wp-content\/uploads\/2025\/04\/ahead-Burghotel-Anna-SchA\u00a4rmann_ahead-Burghotel0461-scaled.jpg\" class=\"attachment-full size-full\" alt=\"\" srcset=\"https:\/\/aheadhotel.de\/wp-content\/uploads\/2025\/04\/ahead-Burghotel-Anna-SchA\u00a4rmann_ahead-Burghotel0461-scaled.jpg 2560w, https:\/\/aheadhotel.de\/wp-content\/uploads\/2025\/04\/ahead-Burghotel-Anna-SchA\u00a4rmann_ahead-Burghotel0461-300x200.jpg 300w, https:\/\/aheadhotel.de\/wp-content\/uploads\/2025\/04\/ahead-Burghotel-Anna-SchA\u00a4rmann_ahead-Burghotel0461-1024x683.jpg 1024w, https:\/\/aheadhotel.de\/wp-content\/uploads\/2025\/04\/ahead-Burghotel-Anna-SchA\u00a4rmann_ahead-Burghotel0461-768x512.jpg 768w, https:\/\/aheadhotel.de\/wp-content\/uploads\/2025\/04\/ahead-Burghotel-Anna-SchA\u00a4rmann_ahead-Burghotel0461-1536x1024.jpg 1536w, https:\/\/aheadhotel.de\/wp-content\/uploads\/2025\/04\/ahead-Burghotel-Anna-SchA\u00a4rmann_ahead-Burghotel0461-2048x1365.jpg 2048w, https:\/\/aheadhotel.de\/wp-content\/uploads\/2025\/04\/ahead-Burghotel-Anna-SchA\u00a4rmann_ahead-Burghotel0461-18x12.jpg 18w\" sizes=\"(max-width: 2560px) 100vw, 2560px\" \/>\t\t<\/div>\t<\/div>\n<\/div>\t\t\t\t<\/div>\n\t\t\t\t<\/div>\n\t\t\t\t\t<\/div>\n\t\t<\/div>\n\t\t\t\t\t<\/div>\n\t\t<\/section>\n\t\t<div class=\"elementor-element elementor-element-2246f34 e-flex e-con-boxed e-con e-parent\" data-id=\"2246f34\" data-element_type=\"container\">\n\t\t\t\t\t<div class=\"e-con-inner\">\n\t\t\t\t<div class=\"elementor-element elementor-element-5c3f1df elementor-widget elementor-widget-text-editor\" data-id=\"5c3f1df\" data-element_type=\"widget\" data-widget_type=\"text-editor.default\">\n\t\t\t\t<div class=\"elementor-widget-container\">\n\t\t\t\t\t\t\t\t\t<p>\u00a0 <a href=\"https:\/\/aheadhotel.de\/wp-content\/uploads\/2026\/02\/Allergene-1.pdf\">Allergens<\/a><\/p>\t\t\t\t\t\t\t\t<\/div>\n\t\t\t\t<\/div>\n\t\t\t\t\t<\/div>\n\t\t\t\t<\/div>\n\t\t<div class=\"elementor-element elementor-element-eb7c795 e-flex e-con-boxed e-con e-parent\" data-id=\"eb7c795\" data-element_type=\"container\">\n\t\t\t\t\t<div class=\"e-con-inner\">\n\t\t\t\t<div class=\"elementor-element elementor-element-7a1365d elementor-widget elementor-widget-html\" data-id=\"7a1365d\" data-element_type=\"widget\" data-widget_type=\"html.default\">\n\t\t\t\t<div class=\"elementor-widget-container\">\n\t\t\t\t\t<script>;(function (d, s, id) {const el = d.getElementsByTagName(s)[0]; if (d.getElementById(id) || el.parentNode == null) {return;} var js = d.createElement(s);  js.id = id; js.async = true; js.src = 'https:\/\/sdk.zenchef.com\/v1\/sdk.min.js';  el.parentNode.insertBefore(js, el); })(document, 'script', 'zenchef-sdk')<\/script>\n<div\n   class=\"zc-widget-config\"\n   data-restaurant=\"375765\"\n   data-open=\"2000\"><\/div>\t\t\t\t<\/div>\n\t\t\t\t<\/div>\n\t\t\t\t\t<\/div>\n\t\t\t\t<\/div>\n\t\t\t\t<\/div>","protected":false},"excerpt":{"rendered":"<p>Sommer-\u00d6ffnungszeiten Lunch: 13:00 bis 15:00 Uhr Kuchen: 15:00 bis 17:00 Uhr Dinner: ab 17:30 UhrWir bitten abends um Reservierung. \u00a0 \u00a0 Speisekarte \u00e0 la carte Men\u00fc Drinks \u00a0 Allergene<\/p>","protected":false},"author":1,"featured_media":0,"parent":0,"menu_order":0,"comment_status":"closed","ping_status":"closed","template":"page-full-width.php","meta":{"footnotes":""},"class_list":["post-12590","page","type-page","status-publish","hentry"],"yoast_head":"<!-- This site is optimized with the Yoast SEO plugin v25.5 - https:\/\/yoast.com\/wordpress\/plugins\/seo\/ -->\n<title>place to V - Veganes Restaurant - ahead burghotel<\/title>\n<meta name=\"description\" content=\"Dein veganes Restaurant in Brandenburg in Lenzen an der Elbe. Veganes Fr\u00fchst\u00fccksbuffet, Lunch &amp; Dinner, Kaffee &amp; Kuchen - t\u00e4glich ge\u00f6ffnet.\" \/>\n<meta name=\"robots\" content=\"index, follow, max-snippet:-1, max-image-preview:large, max-video-preview:-1\" \/>\n<link rel=\"canonical\" href=\"https:\/\/aheadhotel.de\/en\/veganes-restaurant\/\" \/>\n<meta property=\"og:locale\" content=\"en_US\" \/>\n<meta property=\"og:type\" content=\"article\" \/>\n<meta property=\"og:title\" content=\"place to V - Veganes Restaurant - ahead burghotel\" \/>\n<meta property=\"og:description\" content=\"Dein veganes Restaurant in Brandenburg in Lenzen an der Elbe. Veganes Fr\u00fchst\u00fccksbuffet, Lunch &amp; Dinner, Kaffee &amp; Kuchen - t\u00e4glich ge\u00f6ffnet.\" \/>\n<meta property=\"og:url\" content=\"https:\/\/aheadhotel.de\/en\/veganes-restaurant\/\" \/>\n<meta property=\"og:site_name\" content=\"ahead burghotel\" \/>\n<meta property=\"article:publisher\" content=\"http:\/\/facebook.com\/aheadhotel\" \/>\n<meta property=\"article:modified_time\" content=\"2026-03-27T10:38:19+00:00\" \/>\n<meta property=\"og:image\" content=\"https:\/\/aheadhotel.de\/wp-content\/uploads\/2021\/06\/place-to-V_Logo_schwarz_500.png\" \/>\n\t<meta property=\"og:image:width\" content=\"500\" \/>\n\t<meta property=\"og:image:height\" content=\"228\" \/>\n\t<meta property=\"og:image:type\" content=\"image\/png\" \/>\n<meta name=\"twitter:card\" content=\"summary_large_image\" \/>\n<meta name=\"twitter:label1\" content=\"Est. reading time\" \/>\n\t<meta name=\"twitter:data1\" content=\"1 minute\" \/>\n<script type=\"application\/ld+json\" class=\"yoast-schema-graph\">{\"@context\":\"https:\/\/schema.org\",\"@graph\":[{\"@type\":\"WebPage\",\"@id\":\"https:\/\/aheadhotel.de\/veganes-restaurant\/\",\"url\":\"https:\/\/aheadhotel.de\/veganes-restaurant\/\",\"name\":\"place to V - Veganes Restaurant - ahead burghotel\",\"isPartOf\":{\"@id\":\"https:\/\/aheadhotel.de\/#website\"},\"primaryImageOfPage\":{\"@id\":\"https:\/\/aheadhotel.de\/veganes-restaurant\/#primaryimage\"},\"image\":{\"@id\":\"https:\/\/aheadhotel.de\/veganes-restaurant\/#primaryimage\"},\"thumbnailUrl\":\"https:\/\/aheadhotel.de\/wp-content\/uploads\/2021\/06\/place-to-V_Logo_schwarz_500.png\",\"datePublished\":\"2021-05-02T09:56:36+00:00\",\"dateModified\":\"2026-03-27T10:38:19+00:00\",\"description\":\"Dein veganes Restaurant in Brandenburg in Lenzen an der Elbe. Veganes Fr\u00fchst\u00fccksbuffet, Lunch & Dinner, Kaffee & Kuchen - t\u00e4glich ge\u00f6ffnet.\",\"breadcrumb\":{\"@id\":\"https:\/\/aheadhotel.de\/veganes-restaurant\/#breadcrumb\"},\"inLanguage\":\"en-US\",\"potentialAction\":[{\"@type\":\"ReadAction\",\"target\":[\"https:\/\/aheadhotel.de\/veganes-restaurant\/\"]}]},{\"@type\":\"ImageObject\",\"inLanguage\":\"en-US\",\"@id\":\"https:\/\/aheadhotel.de\/veganes-restaurant\/#primaryimage\",\"url\":\"https:\/\/aheadhotel.de\/wp-content\/uploads\/2021\/06\/place-to-V_Logo_schwarz_500.png\",\"contentUrl\":\"https:\/\/aheadhotel.de\/wp-content\/uploads\/2021\/06\/place-to-V_Logo_schwarz_500.png\"},{\"@type\":\"BreadcrumbList\",\"@id\":\"https:\/\/aheadhotel.de\/veganes-restaurant\/#breadcrumb\",\"itemListElement\":[{\"@type\":\"ListItem\",\"position\":1,\"name\":\"Startseite\",\"item\":\"https:\/\/aheadhotel.de\/\"},{\"@type\":\"ListItem\",\"position\":2,\"name\":\"place to V\"}]},{\"@type\":\"WebSite\",\"@id\":\"https:\/\/aheadhotel.de\/#website\",\"url\":\"https:\/\/aheadhotel.de\/\",\"name\":\"ahead burghotel\",\"description\":\"Veganes Hotel zwischen Berlin und Hamburg\",\"publisher\":{\"@id\":\"https:\/\/aheadhotel.de\/#organization\"},\"potentialAction\":[{\"@type\":\"SearchAction\",\"target\":{\"@type\":\"EntryPoint\",\"urlTemplate\":\"https:\/\/aheadhotel.de\/?s={search_term_string}\"},\"query-input\":{\"@type\":\"PropertyValueSpecification\",\"valueRequired\":true,\"valueName\":\"search_term_string\"}}],\"inLanguage\":\"en-US\"},{\"@type\":\"Organization\",\"@id\":\"https:\/\/aheadhotel.de\/#organization\",\"name\":\"ahead burghotel\",\"url\":\"https:\/\/aheadhotel.de\/\",\"logo\":{\"@type\":\"ImageObject\",\"inLanguage\":\"en-US\",\"@id\":\"https:\/\/aheadhotel.de\/#\/schema\/logo\/image\/\",\"url\":\"https:\/\/aheadhotel.de\/wp-content\/uploads\/2021\/04\/01ahead_Logo_Final.png\",\"contentUrl\":\"https:\/\/aheadhotel.de\/wp-content\/uploads\/2021\/04\/01ahead_Logo_Final.png\",\"width\":1667,\"height\":1250,\"caption\":\"ahead burghotel\"},\"image\":{\"@id\":\"https:\/\/aheadhotel.de\/#\/schema\/logo\/image\/\"},\"sameAs\":[\"http:\/\/facebook.com\/aheadhotel\"]}]}<\/script>\n<!-- \/ Yoast SEO plugin. -->","yoast_head_json":{"title":"place to V - Veganes Restaurant - ahead burghotel","description":"Dein veganes Restaurant in Brandenburg in Lenzen an der Elbe. Veganes Fr\u00fchst\u00fccksbuffet, Lunch & Dinner, Kaffee & Kuchen - t\u00e4glich ge\u00f6ffnet.","robots":{"index":"index","follow":"follow","max-snippet":"max-snippet:-1","max-image-preview":"max-image-preview:large","max-video-preview":"max-video-preview:-1"},"canonical":"https:\/\/aheadhotel.de\/en\/veganes-restaurant\/","og_locale":"en_US","og_type":"article","og_title":"place to V - Veganes Restaurant - ahead burghotel","og_description":"Dein veganes Restaurant in Brandenburg in Lenzen an der Elbe. Veganes Fr\u00fchst\u00fccksbuffet, Lunch & Dinner, Kaffee & Kuchen - t\u00e4glich ge\u00f6ffnet.","og_url":"https:\/\/aheadhotel.de\/en\/veganes-restaurant\/","og_site_name":"ahead burghotel","article_publisher":"http:\/\/facebook.com\/aheadhotel","article_modified_time":"2026-03-27T10:38:19+00:00","og_image":[{"width":500,"height":228,"url":"https:\/\/aheadhotel.de\/wp-content\/uploads\/2021\/06\/place-to-V_Logo_schwarz_500.png","type":"image\/png"}],"twitter_card":"summary_large_image","twitter_misc":{"Est. reading time":"1 minute"},"schema":{"@context":"https:\/\/schema.org","@graph":[{"@type":"WebPage","@id":"https:\/\/aheadhotel.de\/veganes-restaurant\/","url":"https:\/\/aheadhotel.de\/veganes-restaurant\/","name":"place to V - Veganes Restaurant - ahead burghotel","isPartOf":{"@id":"https:\/\/aheadhotel.de\/#website"},"primaryImageOfPage":{"@id":"https:\/\/aheadhotel.de\/veganes-restaurant\/#primaryimage"},"image":{"@id":"https:\/\/aheadhotel.de\/veganes-restaurant\/#primaryimage"},"thumbnailUrl":"https:\/\/aheadhotel.de\/wp-content\/uploads\/2021\/06\/place-to-V_Logo_schwarz_500.png","datePublished":"2021-05-02T09:56:36+00:00","dateModified":"2026-03-27T10:38:19+00:00","description":"Dein veganes Restaurant in Brandenburg in Lenzen an der Elbe. Veganes Fr\u00fchst\u00fccksbuffet, Lunch & Dinner, Kaffee & Kuchen - t\u00e4glich ge\u00f6ffnet.","breadcrumb":{"@id":"https:\/\/aheadhotel.de\/veganes-restaurant\/#breadcrumb"},"inLanguage":"en-US","potentialAction":[{"@type":"ReadAction","target":["https:\/\/aheadhotel.de\/veganes-restaurant\/"]}]},{"@type":"ImageObject","inLanguage":"en-US","@id":"https:\/\/aheadhotel.de\/veganes-restaurant\/#primaryimage","url":"https:\/\/aheadhotel.de\/wp-content\/uploads\/2021\/06\/place-to-V_Logo_schwarz_500.png","contentUrl":"https:\/\/aheadhotel.de\/wp-content\/uploads\/2021\/06\/place-to-V_Logo_schwarz_500.png"},{"@type":"BreadcrumbList","@id":"https:\/\/aheadhotel.de\/veganes-restaurant\/#breadcrumb","itemListElement":[{"@type":"ListItem","position":1,"name":"Startseite","item":"https:\/\/aheadhotel.de\/"},{"@type":"ListItem","position":2,"name":"place to V"}]},{"@type":"WebSite","@id":"https:\/\/aheadhotel.de\/#website","url":"https:\/\/aheadhotel.de\/","name":"ahead burghotel","description":"Veganes Hotel zwischen Berlin und Hamburg","publisher":{"@id":"https:\/\/aheadhotel.de\/#organization"},"potentialAction":[{"@type":"SearchAction","target":{"@type":"EntryPoint","urlTemplate":"https:\/\/aheadhotel.de\/?s={search_term_string}"},"query-input":{"@type":"PropertyValueSpecification","valueRequired":true,"valueName":"search_term_string"}}],"inLanguage":"en-US"},{"@type":"Organization","@id":"https:\/\/aheadhotel.de\/#organization","name":"ahead burghotel","url":"https:\/\/aheadhotel.de\/","logo":{"@type":"ImageObject","inLanguage":"en-US","@id":"https:\/\/aheadhotel.de\/#\/schema\/logo\/image\/","url":"https:\/\/aheadhotel.de\/wp-content\/uploads\/2021\/04\/01ahead_Logo_Final.png","contentUrl":"https:\/\/aheadhotel.de\/wp-content\/uploads\/2021\/04\/01ahead_Logo_Final.png","width":1667,"height":1250,"caption":"ahead burghotel"},"image":{"@id":"https:\/\/aheadhotel.de\/#\/schema\/logo\/image\/"},"sameAs":["http:\/\/facebook.com\/aheadhotel"]}]}},"_links":{"self":[{"href":"https:\/\/aheadhotel.de\/en\/wp-json\/wp\/v2\/pages\/12590","targetHints":{"allow":["GET"]}}],"collection":[{"href":"https:\/\/aheadhotel.de\/en\/wp-json\/wp\/v2\/pages"}],"about":[{"href":"https:\/\/aheadhotel.de\/en\/wp-json\/wp\/v2\/types\/page"}],"author":[{"embeddable":true,"href":"https:\/\/aheadhotel.de\/en\/wp-json\/wp\/v2\/users\/1"}],"replies":[{"embeddable":true,"href":"https:\/\/aheadhotel.de\/en\/wp-json\/wp\/v2\/comments?post=12590"}],"version-history":[{"count":0,"href":"https:\/\/aheadhotel.de\/en\/wp-json\/wp\/v2\/pages\/12590\/revisions"}],"wp:attachment":[{"href":"https:\/\/aheadhotel.de\/en\/wp-json\/wp\/v2\/media?parent=12590"}],"curies":[{"name":"wp","href":"https:\/\/api.w.org\/{rel}","templated":true}]}}