{"id":12683,"date":"2021-05-30T22:24:26","date_gmt":"2021-05-30T20:24:26","guid":{"rendered":"http:\/\/aheadhotel.de\/?page_id=12683"},"modified":"2024-11-08T15:44:21","modified_gmt":"2024-11-08T14:44:21","slug":"vegane-gutscheine","status":"publish","type":"page","link":"https:\/\/aheadhotel.de\/en\/vegane-gutscheine\/","title":{"rendered":"gift vouchers"},"content":{"rendered":"<div data-elementor-type=\"wp-page\" data-elementor-id=\"12683\" class=\"elementor elementor-12683\" data-elementor-post-type=\"page\">\n\t\t\t\t\t\t<section class=\"elementor-section elementor-top-section elementor-element elementor-element-b42c399 elementor-section-boxed elementor-section-height-default elementor-section-height-default qodef-elementor-content-no\" data-id=\"b42c399\" data-element_type=\"section\">\n\t\t\t\t\t\t<div class=\"elementor-container elementor-column-gap-default\">\n\t\t\t\t\t<div class=\"elementor-column elementor-col-100 elementor-top-column elementor-element elementor-element-8ad2c60\" data-id=\"8ad2c60\" data-element_type=\"column\">\n\t\t\t<div class=\"elementor-widget-wrap elementor-element-populated\">\n\t\t\t\t\t\t<div class=\"elementor-element elementor-element-8451d43 elementor-widget elementor-widget-shortcode\" data-id=\"8451d43\" data-element_type=\"widget\" data-widget_type=\"shortcode.default\">\n\t\t\t\t<div class=\"elementor-widget-container\">\n\t\t\t\t\t\t\t<div class=\"elementor-shortcode\"><div id=\"vri-container-13074\"><\/div>\n<script type=\"text\/javascript\">\n( function ( v, i, o, m, a ){\nif ( !( o in v ) ) {\nv.vioma_vri=o;\nv[o] || ( v[o] = function ( ){ ( v[o].q = v[o].q || [] ).push ( arguments ); } );\nm = i.createElement( 'script' ), a = i.scripts[0];\nm.src = 'https:\/\/cst-client-channel-1897-sisw.viomassl.com\/js\/vri\/vri.js';\na.parentNode.insertBefore ( m, a );\n}\n} )( window, document, 'vcst' );\nvcst( {load: 'init', url: 'https:\/\/cst-client-channel-1897-sisw.viomassl.com\/', set_language: 'de'} );\nvcst( {id: 13074} );\n<\/script>\n<\/div>\n\t\t\t\t\t\t<\/div>\n\t\t\t\t<\/div>\n\t\t\t\t\t<\/div>\n\t\t<\/div>\n\t\t\t\t\t<\/div>\n\t\t<\/section>\n\t\t<div class=\"elementor-element elementor-element-4e8ddae e-flex e-con-boxed e-con e-parent\" data-id=\"4e8ddae\" data-element_type=\"container\">\n\t\t\t\t\t<div class=\"e-con-inner\">\n\t\t\t\t<div class=\"elementor-element elementor-element-89f8fd3 elementor-widget elementor-widget-text-editor\" data-id=\"89f8fd3\" data-element_type=\"widget\" data-widget_type=\"text-editor.default\">\n\t\t\t\t<div class=\"elementor-widget-container\">\n\t\t\t\t\t\t\t\t\t<p>Bitte beachte, dass es an Wochenenden und Feiertagen zu einem Mindestaufenthalt von 2 oder mehr N\u00e4chten kommt. Ein Gutschein f\u00fcr eine Nacht kann an einem Wochenende in der Regel nicht eingel\u00f6st werden.<\/p>\t\t\t\t\t\t\t\t<\/div>\n\t\t\t\t<\/div>\n\t\t\t\t\t<\/div>\n\t\t\t\t<\/div>\n\t\t\t\t<\/div>","protected":false},"excerpt":{"rendered":"<p>Bitte beachte, dass es an Wochenenden und Feiertagen zu einem Mindestaufenthalt von 2 oder mehr N\u00e4chten kommt. Ein Gutschein f\u00fcr eine Nacht kann an einem Wochenende in der Regel nicht eingel\u00f6st werden.<\/p>","protected":false},"author":1,"featured_media":0,"parent":0,"menu_order":0,"comment_status":"closed","ping_status":"closed","template":"page-full-width.php","meta":{"footnotes":""},"class_list":["post-12683","page","type-page","status-publish","hentry"],"yoast_head":"<!-- This site is optimized with the Yoast SEO plugin v25.5 - https:\/\/yoast.com\/wordpress\/plugins\/seo\/ -->\n<title>Vegane Geschenkgutscheine - ahead burghotel<\/title>\n<meta name=\"description\" content=\"Du suchst nach einem Geschenk f\u00fcr Veganer*innen? Ein Gutschein f\u00fcr ein veganes Hotel &amp; Restaurant ist das beste Geschenk.\" \/>\n<meta name=\"robots\" content=\"index, follow, max-snippet:-1, max-image-preview:large, max-video-preview:-1\" \/>\n<link rel=\"canonical\" href=\"https:\/\/aheadhotel.de\/en\/vegane-gutscheine\/\" \/>\n<meta property=\"og:locale\" content=\"en_US\" \/>\n<meta property=\"og:type\" content=\"article\" \/>\n<meta property=\"og:title\" content=\"Vegane Geschenkgutscheine - ahead burghotel\" \/>\n<meta property=\"og:description\" content=\"Du suchst nach einem Geschenk f\u00fcr Veganer*innen? Ein Gutschein f\u00fcr ein veganes Hotel &amp; Restaurant ist das beste Geschenk.\" \/>\n<meta property=\"og:url\" content=\"https:\/\/aheadhotel.de\/en\/vegane-gutscheine\/\" \/>\n<meta property=\"og:site_name\" content=\"ahead burghotel\" \/>\n<meta property=\"article:publisher\" content=\"http:\/\/facebook.com\/aheadhotel\" \/>\n<meta property=\"article:modified_time\" content=\"2024-11-08T14:44:21+00:00\" \/>\n<meta name=\"twitter:card\" content=\"summary_large_image\" \/>\n<meta name=\"twitter:label1\" content=\"Est. reading time\" \/>\n\t<meta name=\"twitter:data1\" content=\"1 minute\" \/>\n<script type=\"application\/ld+json\" class=\"yoast-schema-graph\">{\"@context\":\"https:\/\/schema.org\",\"@graph\":[{\"@type\":\"WebPage\",\"@id\":\"https:\/\/aheadhotel.de\/vegane-gutscheine\/\",\"url\":\"https:\/\/aheadhotel.de\/vegane-gutscheine\/\",\"name\":\"Vegane Geschenkgutscheine - ahead burghotel\",\"isPartOf\":{\"@id\":\"https:\/\/aheadhotel.de\/#website\"},\"datePublished\":\"2021-05-30T20:24:26+00:00\",\"dateModified\":\"2024-11-08T14:44:21+00:00\",\"description\":\"Du suchst nach einem Geschenk f\u00fcr Veganer*innen? Ein Gutschein f\u00fcr ein veganes Hotel & Restaurant ist das beste Geschenk.\",\"breadcrumb\":{\"@id\":\"https:\/\/aheadhotel.de\/vegane-gutscheine\/#breadcrumb\"},\"inLanguage\":\"en-US\",\"potentialAction\":[{\"@type\":\"ReadAction\",\"target\":[\"https:\/\/aheadhotel.de\/vegane-gutscheine\/\"]}]},{\"@type\":\"BreadcrumbList\",\"@id\":\"https:\/\/aheadhotel.de\/vegane-gutscheine\/#breadcrumb\",\"itemListElement\":[{\"@type\":\"ListItem\",\"position\":1,\"name\":\"Startseite\",\"item\":\"https:\/\/aheadhotel.de\/\"},{\"@type\":\"ListItem\",\"position\":2,\"name\":\"Gutscheine\"}]},{\"@type\":\"WebSite\",\"@id\":\"https:\/\/aheadhotel.de\/#website\",\"url\":\"https:\/\/aheadhotel.de\/\",\"name\":\"ahead burghotel\",\"description\":\"Veganes Hotel zwischen Berlin und Hamburg\",\"publisher\":{\"@id\":\"https:\/\/aheadhotel.de\/#organization\"},\"potentialAction\":[{\"@type\":\"SearchAction\",\"target\":{\"@type\":\"EntryPoint\",\"urlTemplate\":\"https:\/\/aheadhotel.de\/?s={search_term_string}\"},\"query-input\":{\"@type\":\"PropertyValueSpecification\",\"valueRequired\":true,\"valueName\":\"search_term_string\"}}],\"inLanguage\":\"en-US\"},{\"@type\":\"Organization\",\"@id\":\"https:\/\/aheadhotel.de\/#organization\",\"name\":\"ahead burghotel\",\"url\":\"https:\/\/aheadhotel.de\/\",\"logo\":{\"@type\":\"ImageObject\",\"inLanguage\":\"en-US\",\"@id\":\"https:\/\/aheadhotel.de\/#\/schema\/logo\/image\/\",\"url\":\"https:\/\/aheadhotel.de\/wp-content\/uploads\/2021\/04\/01ahead_Logo_Final.png\",\"contentUrl\":\"https:\/\/aheadhotel.de\/wp-content\/uploads\/2021\/04\/01ahead_Logo_Final.png\",\"width\":1667,\"height\":1250,\"caption\":\"ahead burghotel\"},\"image\":{\"@id\":\"https:\/\/aheadhotel.de\/#\/schema\/logo\/image\/\"},\"sameAs\":[\"http:\/\/facebook.com\/aheadhotel\"]}]}<\/script>\n<!-- \/ Yoast SEO plugin. -->","yoast_head_json":{"title":"Vegane Geschenkgutscheine - ahead burghotel","description":"Du suchst nach einem Geschenk f\u00fcr Veganer*innen? Ein Gutschein f\u00fcr ein veganes Hotel & Restaurant ist das beste Geschenk.","robots":{"index":"index","follow":"follow","max-snippet":"max-snippet:-1","max-image-preview":"max-image-preview:large","max-video-preview":"max-video-preview:-1"},"canonical":"https:\/\/aheadhotel.de\/en\/vegane-gutscheine\/","og_locale":"en_US","og_type":"article","og_title":"Vegane Geschenkgutscheine - ahead burghotel","og_description":"Du suchst nach einem Geschenk f\u00fcr Veganer*innen? Ein Gutschein f\u00fcr ein veganes Hotel & Restaurant ist das beste Geschenk.","og_url":"https:\/\/aheadhotel.de\/en\/vegane-gutscheine\/","og_site_name":"ahead burghotel","article_publisher":"http:\/\/facebook.com\/aheadhotel","article_modified_time":"2024-11-08T14:44:21+00:00","twitter_card":"summary_large_image","twitter_misc":{"Est. reading time":"1 minute"},"schema":{"@context":"https:\/\/schema.org","@graph":[{"@type":"WebPage","@id":"https:\/\/aheadhotel.de\/vegane-gutscheine\/","url":"https:\/\/aheadhotel.de\/vegane-gutscheine\/","name":"Vegane Geschenkgutscheine - ahead burghotel","isPartOf":{"@id":"https:\/\/aheadhotel.de\/#website"},"datePublished":"2021-05-30T20:24:26+00:00","dateModified":"2024-11-08T14:44:21+00:00","description":"Du suchst nach einem Geschenk f\u00fcr Veganer*innen? Ein Gutschein f\u00fcr ein veganes Hotel & Restaurant ist das beste Geschenk.","breadcrumb":{"@id":"https:\/\/aheadhotel.de\/vegane-gutscheine\/#breadcrumb"},"inLanguage":"en-US","potentialAction":[{"@type":"ReadAction","target":["https:\/\/aheadhotel.de\/vegane-gutscheine\/"]}]},{"@type":"BreadcrumbList","@id":"https:\/\/aheadhotel.de\/vegane-gutscheine\/#breadcrumb","itemListElement":[{"@type":"ListItem","position":1,"name":"Startseite","item":"https:\/\/aheadhotel.de\/"},{"@type":"ListItem","position":2,"name":"Gutscheine"}]},{"@type":"WebSite","@id":"https:\/\/aheadhotel.de\/#website","url":"https:\/\/aheadhotel.de\/","name":"ahead burghotel","description":"Veganes Hotel zwischen Berlin und Hamburg","publisher":{"@id":"https:\/\/aheadhotel.de\/#organization"},"potentialAction":[{"@type":"SearchAction","target":{"@type":"EntryPoint","urlTemplate":"https:\/\/aheadhotel.de\/?s={search_term_string}"},"query-input":{"@type":"PropertyValueSpecification","valueRequired":true,"valueName":"search_term_string"}}],"inLanguage":"en-US"},{"@type":"Organization","@id":"https:\/\/aheadhotel.de\/#organization","name":"ahead burghotel","url":"https:\/\/aheadhotel.de\/","logo":{"@type":"ImageObject","inLanguage":"en-US","@id":"https:\/\/aheadhotel.de\/#\/schema\/logo\/image\/","url":"https:\/\/aheadhotel.de\/wp-content\/uploads\/2021\/04\/01ahead_Logo_Final.png","contentUrl":"https:\/\/aheadhotel.de\/wp-content\/uploads\/2021\/04\/01ahead_Logo_Final.png","width":1667,"height":1250,"caption":"ahead burghotel"},"image":{"@id":"https:\/\/aheadhotel.de\/#\/schema\/logo\/image\/"},"sameAs":["http:\/\/facebook.com\/aheadhotel"]}]}},"_links":{"self":[{"href":"https:\/\/aheadhotel.de\/en\/wp-json\/wp\/v2\/pages\/12683","targetHints":{"allow":["GET"]}}],"collection":[{"href":"https:\/\/aheadhotel.de\/en\/wp-json\/wp\/v2\/pages"}],"about":[{"href":"https:\/\/aheadhotel.de\/en\/wp-json\/wp\/v2\/types\/page"}],"author":[{"embeddable":true,"href":"https:\/\/aheadhotel.de\/en\/wp-json\/wp\/v2\/users\/1"}],"replies":[{"embeddable":true,"href":"https:\/\/aheadhotel.de\/en\/wp-json\/wp\/v2\/comments?post=12683"}],"version-history":[{"count":0,"href":"https:\/\/aheadhotel.de\/en\/wp-json\/wp\/v2\/pages\/12683\/revisions"}],"wp:attachment":[{"href":"https:\/\/aheadhotel.de\/en\/wp-json\/wp\/v2\/media?parent=12683"}],"curies":[{"name":"wp","href":"https:\/\/api.w.org\/{rel}","templated":true}]}}