{"id":13425,"date":"2021-12-18T14:25:41","date_gmt":"2021-12-18T13:25:41","guid":{"rendered":"https:\/\/aheadhotel.de\/?page_id=13425"},"modified":"2025-12-30T22:31:27","modified_gmt":"2025-12-30T21:31:27","slug":"veganuary","status":"publish","type":"page","link":"https:\/\/aheadhotel.de\/en\/veganuary\/","title":{"rendered":"Veganuary"},"content":{"rendered":"<div data-elementor-type=\"wp-page\" data-elementor-id=\"13425\" class=\"elementor elementor-13425\" data-elementor-post-type=\"page\">\n\t\t\t\t\t\t<section class=\"elementor-section elementor-top-section elementor-element elementor-element-467dd04 elementor-section-boxed elementor-section-height-default elementor-section-height-default qodef-elementor-content-no\" data-id=\"467dd04\" data-element_type=\"section\">\n\t\t\t\t\t\t<div class=\"elementor-container elementor-column-gap-default\">\n\t\t\t\t\t<div class=\"elementor-column elementor-col-33 elementor-top-column elementor-element elementor-element-f6d31f0\" data-id=\"f6d31f0\" data-element_type=\"column\">\n\t\t\t<div class=\"elementor-widget-wrap elementor-element-populated\">\n\t\t\t\t\t\t<div class=\"elementor-element elementor-element-31c6a9c elementor-widget elementor-widget-image\" data-id=\"31c6a9c\" data-element_type=\"widget\" data-widget_type=\"image.default\">\n\t\t\t\t<div class=\"elementor-widget-container\">\n\t\t\t\t\t\t\t\t\t\t\t\t\t\t\t<img fetchpriority=\"high\" decoding=\"async\" width=\"1024\" height=\"1024\" src=\"https:\/\/aheadhotel.de\/wp-content\/uploads\/2021\/12\/IG-Post-3-1024x1024.png\" class=\"attachment-large size-large wp-image-13451\" alt=\"\" srcset=\"https:\/\/aheadhotel.de\/wp-content\/uploads\/2021\/12\/IG-Post-3-1024x1024.png 1024w, https:\/\/aheadhotel.de\/wp-content\/uploads\/2021\/12\/IG-Post-3-300x300.png 300w, https:\/\/aheadhotel.de\/wp-content\/uploads\/2021\/12\/IG-Post-3-150x150.png 150w, https:\/\/aheadhotel.de\/wp-content\/uploads\/2021\/12\/IG-Post-3-768x768.png 768w, https:\/\/aheadhotel.de\/wp-content\/uploads\/2021\/12\/IG-Post-3-650x650.png 650w, https:\/\/aheadhotel.de\/wp-content\/uploads\/2021\/12\/IG-Post-3-600x600.png 600w, https:\/\/aheadhotel.de\/wp-content\/uploads\/2021\/12\/IG-Post-3-100x100.png 100w, https:\/\/aheadhotel.de\/wp-content\/uploads\/2021\/12\/IG-Post-3.png 1200w\" sizes=\"(max-width: 1024px) 100vw, 1024px\" \/>\t\t\t\t\t\t\t\t\t\t\t\t\t\t\t<\/div>\n\t\t\t\t<\/div>\n\t\t\t\t\t<\/div>\n\t\t<\/div>\n\t\t\t\t<div class=\"elementor-column elementor-col-66 elementor-top-column elementor-element elementor-element-5d040f8\" data-id=\"5d040f8\" data-element_type=\"column\">\n\t\t\t<div class=\"elementor-widget-wrap elementor-element-populated\">\n\t\t\t\t\t\t<div class=\"elementor-element elementor-element-4f2406f elementor-widget elementor-widget-text-editor\" data-id=\"4f2406f\" data-element_type=\"widget\" data-widget_type=\"text-editor.default\">\n\t\t\t\t<div class=\"elementor-widget-container\">\n\t\t\t\t\t\t\t\t\t<p><strong>Seid dabei bei dem weltweiten Veganuary Neujahrsvorsatz und probiert einen Monat lang die vegane Ern\u00e4hrung aus.\u00a0<\/strong><\/p><p>In 31 Tagen mit einer rein pflanzlichen Ern\u00e4hrung k\u00f6nnt ihr euch, den Tieren und der Umwelt etwas Gutes tun. Startet gesund in das Jahr 2026 und rettet ganz nebenbei viele Tiere, spart CO2 und Trinkwasser ein und vermeidet eine unn\u00f6tige \u00dcberd\u00fcngung.<\/p><p>Beginnt jetzt <strong><a href=\"https:\/\/veganuary.com\/de\/jetzt-mitmachen\/\">here<\/a><\/strong> euren veganen Monat und erhaltet per Mail hilfreiche Tipps &amp; Rezepte.<\/p><p>Um euch in eurem pflanzlichen Monat zu unterst\u00fctzen, haben wir euch ein besonderes Angebot vorbereitet. Lasst euch von unserem K\u00fcchenteam verw\u00f6hnen und g\u00f6nnt euch eine 100% vegane Auszeit im ahead hotel:<\/p>\t\t\t\t\t\t\t\t<\/div>\n\t\t\t\t<\/div>\n\t\t\t\t\t<\/div>\n\t\t<\/div>\n\t\t\t\t\t<\/div>\n\t\t<\/section>\n\t\t\t\t<section class=\"elementor-section elementor-top-section elementor-element elementor-element-1da5e86 elementor-section-boxed elementor-section-height-default elementor-section-height-default qodef-elementor-content-no\" data-id=\"1da5e86\" data-element_type=\"section\">\n\t\t\t\t\t\t<div class=\"elementor-container elementor-column-gap-default\">\n\t\t\t\t\t<div class=\"elementor-column elementor-col-100 elementor-top-column elementor-element elementor-element-5a3f4d7\" data-id=\"5a3f4d7\" data-element_type=\"column\">\n\t\t\t<div class=\"elementor-widget-wrap elementor-element-populated\">\n\t\t\t\t\t\t<div class=\"elementor-element elementor-element-702ae39 elementor-widget elementor-widget-text-editor\" data-id=\"702ae39\" data-element_type=\"widget\" data-widget_type=\"text-editor.default\">\n\t\t\t\t<div class=\"elementor-widget-container\">\n\t\t\t\t\t\t\t\t\t<p><strong>Alle Teilnehmer:innen des Veganuary 2026 erhalten im Januar mit dem Code &#8222;VEGANUARY&#8220; 20% Rabatt auf die Tagesrate.\u00a0<\/strong><\/p>\t\t\t\t\t\t\t\t<\/div>\n\t\t\t\t<\/div>\n\t\t\t\t\t<\/div>\n\t\t<\/div>\n\t\t\t\t\t<\/div>\n\t\t<\/section>\n\t\t\t\t<section class=\"elementor-section elementor-top-section elementor-element elementor-element-15749f6 elementor-section-boxed elementor-section-height-default elementor-section-height-default qodef-elementor-content-no\" data-id=\"15749f6\" data-element_type=\"section\">\n\t\t\t\t\t\t<div class=\"elementor-container elementor-column-gap-default\">\n\t\t\t\t\t<div class=\"elementor-column elementor-col-100 elementor-top-column elementor-element elementor-element-9d06c0c\" data-id=\"9d06c0c\" data-element_type=\"column\">\n\t\t\t<div class=\"elementor-widget-wrap elementor-element-populated\">\n\t\t\t\t\t\t<div class=\"elementor-element elementor-element-0ea1bc1 elementor-widget elementor-widget-text-editor\" data-id=\"0ea1bc1\" data-element_type=\"widget\" data-widget_type=\"text-editor.default\">\n\t\t\t\t<div class=\"elementor-widget-container\">\n\t\t\t\t\t\t\t\t\t<p>Der Rabatt gilt f\u00fcr alle Buchungen ausschlie\u00dflich \u00fcber unsere Website unter www.aheadhotel.de im Buchungszeitraum 01. &#8211; 31.01.2026 und dem Reisezeitraum vom 01.01.2026 &#8211; 31.03.2026. Nicht kombinierbar mit anderen Angeboten oder Gutscheinen.<\/p><p>Die Promorate ist nach Buchung nicht mehr \u00e4nder- oder stornierbar und wird direkt von der angegebenen Kreditkarte belastet.<\/p>\t\t\t\t\t\t\t\t<\/div>\n\t\t\t\t<\/div>\n\t\t\t\t\t<\/div>\n\t\t<\/div>\n\t\t\t\t\t<\/div>\n\t\t<\/section>\n\t\t\t\t<\/div>","protected":false},"excerpt":{"rendered":"<p>Seid dabei bei dem weltweiten Veganuary Neujahrsvorsatz und probiert einen Monat lang die vegane Ern\u00e4hrung aus.\u00a0 In 31 Tagen mit einer rein pflanzlichen Ern\u00e4hrung k\u00f6nnt ihr euch, den Tieren und der Umwelt etwas Gutes tun. Startet gesund in das Jahr 2026 und rettet ganz nebenbei viele Tiere, spart CO2 und Trinkwasser ein und vermeidet eine [&hellip;]<\/p>","protected":false},"author":1,"featured_media":0,"parent":0,"menu_order":0,"comment_status":"closed","ping_status":"closed","template":"","meta":{"footnotes":""},"class_list":["post-13425","page","type-page","status-publish","hentry"],"yoast_head":"<!-- This site is optimized with the Yoast SEO plugin v25.5 - https:\/\/yoast.com\/wordpress\/plugins\/seo\/ -->\n<title>Veganuary Veganer Hotelaufenthalt<\/title>\n<meta name=\"description\" content=\"W\u00e4hrend dem Veganuary 2024 nicht nur selbst kochen, sondern auch einen veganen Hotelaufenthalt genie\u00dfen? Dann bist du bei uns richtig.\" \/>\n<meta name=\"robots\" content=\"index, follow, max-snippet:-1, max-image-preview:large, max-video-preview:-1\" \/>\n<link rel=\"canonical\" href=\"https:\/\/aheadhotel.de\/en\/veganuary\/\" \/>\n<meta property=\"og:locale\" content=\"en_US\" \/>\n<meta property=\"og:type\" content=\"article\" \/>\n<meta property=\"og:title\" content=\"Veganuary Veganer Hotelaufenthalt\" \/>\n<meta property=\"og:description\" content=\"W\u00e4hrend dem Veganuary 2024 nicht nur selbst kochen, sondern auch einen veganen Hotelaufenthalt genie\u00dfen? Dann bist du bei uns richtig.\" \/>\n<meta property=\"og:url\" content=\"https:\/\/aheadhotel.de\/en\/veganuary\/\" \/>\n<meta property=\"og:site_name\" content=\"ahead burghotel\" \/>\n<meta property=\"article:publisher\" content=\"http:\/\/facebook.com\/aheadhotel\" \/>\n<meta property=\"article:modified_time\" content=\"2025-12-30T21:31:27+00:00\" \/>\n<meta property=\"og:image\" content=\"https:\/\/aheadhotel.de\/wp-content\/uploads\/2021\/12\/IG-Post-3-1024x1024.png\" \/>\n\t<meta property=\"og:image:width\" content=\"1024\" \/>\n\t<meta property=\"og:image:height\" content=\"1024\" \/>\n\t<meta property=\"og:image:type\" content=\"image\/png\" \/>\n<meta name=\"twitter:card\" content=\"summary_large_image\" \/>\n<meta name=\"twitter:label1\" content=\"Est. reading time\" \/>\n\t<meta name=\"twitter:data1\" content=\"2 minutes\" \/>\n<script type=\"application\/ld+json\" class=\"yoast-schema-graph\">{\"@context\":\"https:\/\/schema.org\",\"@graph\":[{\"@type\":\"WebPage\",\"@id\":\"https:\/\/aheadhotel.de\/veganuary\/\",\"url\":\"https:\/\/aheadhotel.de\/veganuary\/\",\"name\":\"Veganuary Veganer Hotelaufenthalt\",\"isPartOf\":{\"@id\":\"https:\/\/aheadhotel.de\/#website\"},\"primaryImageOfPage\":{\"@id\":\"https:\/\/aheadhotel.de\/veganuary\/#primaryimage\"},\"image\":{\"@id\":\"https:\/\/aheadhotel.de\/veganuary\/#primaryimage\"},\"thumbnailUrl\":\"https:\/\/aheadhotel.de\/wp-content\/uploads\/2021\/12\/IG-Post-3-1024x1024.png\",\"datePublished\":\"2021-12-18T13:25:41+00:00\",\"dateModified\":\"2025-12-30T21:31:27+00:00\",\"description\":\"W\u00e4hrend dem Veganuary 2024 nicht nur selbst kochen, sondern auch einen veganen Hotelaufenthalt genie\u00dfen? Dann bist du bei uns richtig.\",\"breadcrumb\":{\"@id\":\"https:\/\/aheadhotel.de\/veganuary\/#breadcrumb\"},\"inLanguage\":\"en-US\",\"potentialAction\":[{\"@type\":\"ReadAction\",\"target\":[\"https:\/\/aheadhotel.de\/veganuary\/\"]}]},{\"@type\":\"ImageObject\",\"inLanguage\":\"en-US\",\"@id\":\"https:\/\/aheadhotel.de\/veganuary\/#primaryimage\",\"url\":\"https:\/\/aheadhotel.de\/wp-content\/uploads\/2021\/12\/IG-Post-3-1024x1024.png\",\"contentUrl\":\"https:\/\/aheadhotel.de\/wp-content\/uploads\/2021\/12\/IG-Post-3-1024x1024.png\"},{\"@type\":\"BreadcrumbList\",\"@id\":\"https:\/\/aheadhotel.de\/veganuary\/#breadcrumb\",\"itemListElement\":[{\"@type\":\"ListItem\",\"position\":1,\"name\":\"Startseite\",\"item\":\"https:\/\/aheadhotel.de\/\"},{\"@type\":\"ListItem\",\"position\":2,\"name\":\"Veganuary\"}]},{\"@type\":\"WebSite\",\"@id\":\"https:\/\/aheadhotel.de\/#website\",\"url\":\"https:\/\/aheadhotel.de\/\",\"name\":\"ahead burghotel\",\"description\":\"Veganes Hotel zwischen Berlin und Hamburg\",\"publisher\":{\"@id\":\"https:\/\/aheadhotel.de\/#organization\"},\"potentialAction\":[{\"@type\":\"SearchAction\",\"target\":{\"@type\":\"EntryPoint\",\"urlTemplate\":\"https:\/\/aheadhotel.de\/?s={search_term_string}\"},\"query-input\":{\"@type\":\"PropertyValueSpecification\",\"valueRequired\":true,\"valueName\":\"search_term_string\"}}],\"inLanguage\":\"en-US\"},{\"@type\":\"Organization\",\"@id\":\"https:\/\/aheadhotel.de\/#organization\",\"name\":\"ahead burghotel\",\"url\":\"https:\/\/aheadhotel.de\/\",\"logo\":{\"@type\":\"ImageObject\",\"inLanguage\":\"en-US\",\"@id\":\"https:\/\/aheadhotel.de\/#\/schema\/logo\/image\/\",\"url\":\"https:\/\/aheadhotel.de\/wp-content\/uploads\/2021\/04\/01ahead_Logo_Final.png\",\"contentUrl\":\"https:\/\/aheadhotel.de\/wp-content\/uploads\/2021\/04\/01ahead_Logo_Final.png\",\"width\":1667,\"height\":1250,\"caption\":\"ahead burghotel\"},\"image\":{\"@id\":\"https:\/\/aheadhotel.de\/#\/schema\/logo\/image\/\"},\"sameAs\":[\"http:\/\/facebook.com\/aheadhotel\"]}]}<\/script>\n<!-- \/ Yoast SEO plugin. -->","yoast_head_json":{"title":"Veganuary Veganer Hotelaufenthalt","description":"W\u00e4hrend dem Veganuary 2024 nicht nur selbst kochen, sondern auch einen veganen Hotelaufenthalt genie\u00dfen? Dann bist du bei uns richtig.","robots":{"index":"index","follow":"follow","max-snippet":"max-snippet:-1","max-image-preview":"max-image-preview:large","max-video-preview":"max-video-preview:-1"},"canonical":"https:\/\/aheadhotel.de\/en\/veganuary\/","og_locale":"en_US","og_type":"article","og_title":"Veganuary Veganer Hotelaufenthalt","og_description":"W\u00e4hrend dem Veganuary 2024 nicht nur selbst kochen, sondern auch einen veganen Hotelaufenthalt genie\u00dfen? Dann bist du bei uns richtig.","og_url":"https:\/\/aheadhotel.de\/en\/veganuary\/","og_site_name":"ahead burghotel","article_publisher":"http:\/\/facebook.com\/aheadhotel","article_modified_time":"2025-12-30T21:31:27+00:00","og_image":[{"width":1024,"height":1024,"url":"https:\/\/aheadhotel.de\/wp-content\/uploads\/2021\/12\/IG-Post-3-1024x1024.png","type":"image\/png"}],"twitter_card":"summary_large_image","twitter_misc":{"Est. reading time":"2 minutes"},"schema":{"@context":"https:\/\/schema.org","@graph":[{"@type":"WebPage","@id":"https:\/\/aheadhotel.de\/veganuary\/","url":"https:\/\/aheadhotel.de\/veganuary\/","name":"Veganuary Veganer Hotelaufenthalt","isPartOf":{"@id":"https:\/\/aheadhotel.de\/#website"},"primaryImageOfPage":{"@id":"https:\/\/aheadhotel.de\/veganuary\/#primaryimage"},"image":{"@id":"https:\/\/aheadhotel.de\/veganuary\/#primaryimage"},"thumbnailUrl":"https:\/\/aheadhotel.de\/wp-content\/uploads\/2021\/12\/IG-Post-3-1024x1024.png","datePublished":"2021-12-18T13:25:41+00:00","dateModified":"2025-12-30T21:31:27+00:00","description":"W\u00e4hrend dem Veganuary 2024 nicht nur selbst kochen, sondern auch einen veganen Hotelaufenthalt genie\u00dfen? Dann bist du bei uns richtig.","breadcrumb":{"@id":"https:\/\/aheadhotel.de\/veganuary\/#breadcrumb"},"inLanguage":"en-US","potentialAction":[{"@type":"ReadAction","target":["https:\/\/aheadhotel.de\/veganuary\/"]}]},{"@type":"ImageObject","inLanguage":"en-US","@id":"https:\/\/aheadhotel.de\/veganuary\/#primaryimage","url":"https:\/\/aheadhotel.de\/wp-content\/uploads\/2021\/12\/IG-Post-3-1024x1024.png","contentUrl":"https:\/\/aheadhotel.de\/wp-content\/uploads\/2021\/12\/IG-Post-3-1024x1024.png"},{"@type":"BreadcrumbList","@id":"https:\/\/aheadhotel.de\/veganuary\/#breadcrumb","itemListElement":[{"@type":"ListItem","position":1,"name":"Startseite","item":"https:\/\/aheadhotel.de\/"},{"@type":"ListItem","position":2,"name":"Veganuary"}]},{"@type":"WebSite","@id":"https:\/\/aheadhotel.de\/#website","url":"https:\/\/aheadhotel.de\/","name":"ahead burghotel","description":"Veganes Hotel zwischen Berlin und Hamburg","publisher":{"@id":"https:\/\/aheadhotel.de\/#organization"},"potentialAction":[{"@type":"SearchAction","target":{"@type":"EntryPoint","urlTemplate":"https:\/\/aheadhotel.de\/?s={search_term_string}"},"query-input":{"@type":"PropertyValueSpecification","valueRequired":true,"valueName":"search_term_string"}}],"inLanguage":"en-US"},{"@type":"Organization","@id":"https:\/\/aheadhotel.de\/#organization","name":"ahead burghotel","url":"https:\/\/aheadhotel.de\/","logo":{"@type":"ImageObject","inLanguage":"en-US","@id":"https:\/\/aheadhotel.de\/#\/schema\/logo\/image\/","url":"https:\/\/aheadhotel.de\/wp-content\/uploads\/2021\/04\/01ahead_Logo_Final.png","contentUrl":"https:\/\/aheadhotel.de\/wp-content\/uploads\/2021\/04\/01ahead_Logo_Final.png","width":1667,"height":1250,"caption":"ahead burghotel"},"image":{"@id":"https:\/\/aheadhotel.de\/#\/schema\/logo\/image\/"},"sameAs":["http:\/\/facebook.com\/aheadhotel"]}]}},"_links":{"self":[{"href":"https:\/\/aheadhotel.de\/en\/wp-json\/wp\/v2\/pages\/13425","targetHints":{"allow":["GET"]}}],"collection":[{"href":"https:\/\/aheadhotel.de\/en\/wp-json\/wp\/v2\/pages"}],"about":[{"href":"https:\/\/aheadhotel.de\/en\/wp-json\/wp\/v2\/types\/page"}],"author":[{"embeddable":true,"href":"https:\/\/aheadhotel.de\/en\/wp-json\/wp\/v2\/users\/1"}],"replies":[{"embeddable":true,"href":"https:\/\/aheadhotel.de\/en\/wp-json\/wp\/v2\/comments?post=13425"}],"version-history":[{"count":0,"href":"https:\/\/aheadhotel.de\/en\/wp-json\/wp\/v2\/pages\/13425\/revisions"}],"wp:attachment":[{"href":"https:\/\/aheadhotel.de\/en\/wp-json\/wp\/v2\/media?parent=13425"}],"curies":[{"name":"wp","href":"https:\/\/api.w.org\/{rel}","templated":true}]}}