{"id":13734,"date":"2022-01-01T18:43:52","date_gmt":"2022-01-01T17:43:52","guid":{"rendered":"https:\/\/aheadhotel.de\/?page_id=13734"},"modified":"2023-08-25T15:04:20","modified_gmt":"2023-08-25T13:04:20","slug":"vegane-ausbildung","status":"publish","type":"page","link":"https:\/\/aheadhotel.de\/en\/vegane-ausbildung\/","title":{"rendered":"Training"},"content":{"rendered":"<div data-elementor-type=\"wp-page\" data-elementor-id=\"13734\" class=\"elementor elementor-13734\" data-elementor-post-type=\"page\">\n\t\t\t\t\t\t<section class=\"elementor-section elementor-top-section elementor-element elementor-element-b8bfe64 elementor-section-boxed elementor-section-height-default elementor-section-height-default qodef-elementor-content-no\" data-id=\"b8bfe64\" data-element_type=\"section\">\n\t\t\t\t\t\t<div class=\"elementor-container elementor-column-gap-default\">\n\t\t\t\t\t<div class=\"elementor-column elementor-col-50 elementor-top-column elementor-element elementor-element-34560ec\" data-id=\"34560ec\" data-element_type=\"column\">\n\t\t\t<div class=\"elementor-widget-wrap elementor-element-populated\">\n\t\t\t\t\t\t<div class=\"elementor-element elementor-element-dd2d7cd elementor-widget elementor-widget-text-editor\" data-id=\"dd2d7cd\" data-element_type=\"widget\" data-widget_type=\"text-editor.default\">\n\t\t\t\t<div class=\"elementor-widget-container\">\n\t\t\t\t\t\t\t\t\t<p>You are looking for a vegan training company or partner for your dual studies in gastronomy and hotel industry?<\/p><p>You wish to combine your passion for vegan food and sustainability with your work and you want to learn in a vegan restaurant or hotel?<\/p><p>We offer you a <strong>training or study in a vegan company!<\/strong><\/p><p>Currently, in addition to the regional vocational school for hotel management training, we also cooperate with the two universities HWR Berlin and the IU University of Applied Sciences.\u00a0<\/p><p>We are looking forward to getting to know you! Feel free to write us an email at jobs@aheadhotel.de or just give us a call.<\/p>\t\t\t\t\t\t\t\t<\/div>\n\t\t\t\t<\/div>\n\t\t\t\t\t<\/div>\n\t\t<\/div>\n\t\t\t\t<div class=\"elementor-column elementor-col-50 elementor-top-column elementor-element elementor-element-7c42a34\" data-id=\"7c42a34\" data-element_type=\"column\">\n\t\t\t<div class=\"elementor-widget-wrap elementor-element-populated\">\n\t\t\t\t\t\t<div class=\"elementor-element elementor-element-a5659c0 elementor-widget elementor-widget-image\" data-id=\"a5659c0\" data-element_type=\"widget\" data-widget_type=\"image.default\">\n\t\t\t\t<div class=\"elementor-widget-container\">\n\t\t\t\t\t\t\t\t\t\t\t\t\t\t\t<img fetchpriority=\"high\" decoding=\"async\" width=\"1024\" height=\"683\" src=\"https:\/\/aheadhotel.de\/wp-content\/uploads\/2021\/09\/HIPP0571-1024x683.jpg\" class=\"attachment-large size-large wp-image-13254\" alt=\"\" srcset=\"https:\/\/aheadhotel.de\/wp-content\/uploads\/2021\/09\/HIPP0571-1024x683.jpg 1024w, https:\/\/aheadhotel.de\/wp-content\/uploads\/2021\/09\/HIPP0571-300x200.jpg 300w, https:\/\/aheadhotel.de\/wp-content\/uploads\/2021\/09\/HIPP0571-768x512.jpg 768w, https:\/\/aheadhotel.de\/wp-content\/uploads\/2021\/09\/HIPP0571-1536x1024.jpg 1536w, https:\/\/aheadhotel.de\/wp-content\/uploads\/2021\/09\/HIPP0571-2048x1365.jpg 2048w, https:\/\/aheadhotel.de\/wp-content\/uploads\/2021\/09\/HIPP0571-600x400.jpg 600w\" sizes=\"(max-width: 1024px) 100vw, 1024px\" \/>\t\t\t\t\t\t\t\t\t\t\t\t\t\t\t<\/div>\n\t\t\t\t<\/div>\n\t\t\t\t\t<\/div>\n\t\t<\/div>\n\t\t\t\t\t<\/div>\n\t\t<\/section>\n\t\t\t\t<\/div>","protected":false},"excerpt":{"rendered":"<p>Du bist auf der Suche nach einem veganen Ausbildungsbetrieb oder Partner f\u00fcr dein duales Studium in der Gastronomie und Hotellerie? Du w\u00fcnscht dir, deine Leidenschaft f\u00fcr veganes Essen und Nachhaltigkeit mit deiner Arbeit zu vereinen und du willst in einem veganen Restaurant oder Hotel lernen? Wir bieten dir eine Ausbildung oder Studium in einem veganen [&hellip;]<\/p>","protected":false},"author":1,"featured_media":0,"parent":0,"menu_order":0,"comment_status":"closed","ping_status":"closed","template":"page-full-width.php","meta":{"footnotes":""},"class_list":["post-13734","page","type-page","status-publish","hentry"],"yoast_head":"<!-- This site is optimized with the Yoast SEO plugin v25.5 - https:\/\/yoast.com\/wordpress\/plugins\/seo\/ -->\n<title>Vegane Ausbildung oder Studium in einem veganen Hotel<\/title>\n<meta name=\"description\" content=\"Eine Ausbildung oder ein Duales Studium nachhaltig und vegan? Deutschlands gr\u00f6\u00dftes rein veganes Hotel freut sich auf dich!\" \/>\n<meta name=\"robots\" content=\"index, follow, max-snippet:-1, max-image-preview:large, max-video-preview:-1\" \/>\n<link rel=\"canonical\" href=\"https:\/\/aheadhotel.de\/en\/vegane-ausbildung\/\" \/>\n<meta property=\"og:locale\" content=\"en_US\" \/>\n<meta property=\"og:type\" content=\"article\" \/>\n<meta property=\"og:title\" content=\"Vegane Ausbildung oder Studium in einem veganen Hotel\" \/>\n<meta property=\"og:description\" content=\"Eine Ausbildung oder ein Duales Studium nachhaltig und vegan? Deutschlands gr\u00f6\u00dftes rein veganes Hotel freut sich auf dich!\" \/>\n<meta property=\"og:url\" content=\"https:\/\/aheadhotel.de\/en\/vegane-ausbildung\/\" \/>\n<meta property=\"og:site_name\" content=\"ahead burghotel\" \/>\n<meta property=\"article:publisher\" content=\"http:\/\/facebook.com\/aheadhotel\" \/>\n<meta property=\"article:modified_time\" content=\"2023-08-25T13:04:20+00:00\" \/>\n<meta property=\"og:image\" content=\"https:\/\/aheadhotel.de\/wp-content\/uploads\/2021\/09\/HIPP0571-1024x683.jpg\" \/>\n<meta name=\"twitter:card\" content=\"summary_large_image\" \/>\n<meta name=\"twitter:label1\" content=\"Est. reading time\" \/>\n\t<meta name=\"twitter:data1\" content=\"1 minute\" \/>\n<script type=\"application\/ld+json\" class=\"yoast-schema-graph\">{\"@context\":\"https:\/\/schema.org\",\"@graph\":[{\"@type\":\"WebPage\",\"@id\":\"https:\/\/aheadhotel.de\/vegane-ausbildung\/\",\"url\":\"https:\/\/aheadhotel.de\/vegane-ausbildung\/\",\"name\":\"Vegane Ausbildung oder Studium in einem veganen Hotel\",\"isPartOf\":{\"@id\":\"https:\/\/aheadhotel.de\/#website\"},\"primaryImageOfPage\":{\"@id\":\"https:\/\/aheadhotel.de\/vegane-ausbildung\/#primaryimage\"},\"image\":{\"@id\":\"https:\/\/aheadhotel.de\/vegane-ausbildung\/#primaryimage\"},\"thumbnailUrl\":\"https:\/\/aheadhotel.de\/wp-content\/uploads\/2021\/09\/HIPP0571-1024x683.jpg\",\"datePublished\":\"2022-01-01T17:43:52+00:00\",\"dateModified\":\"2023-08-25T13:04:20+00:00\",\"description\":\"Eine Ausbildung oder ein Duales Studium nachhaltig und vegan? Deutschlands gr\u00f6\u00dftes rein veganes Hotel freut sich auf dich!\",\"breadcrumb\":{\"@id\":\"https:\/\/aheadhotel.de\/vegane-ausbildung\/#breadcrumb\"},\"inLanguage\":\"en-US\",\"potentialAction\":[{\"@type\":\"ReadAction\",\"target\":[\"https:\/\/aheadhotel.de\/vegane-ausbildung\/\"]}]},{\"@type\":\"ImageObject\",\"inLanguage\":\"en-US\",\"@id\":\"https:\/\/aheadhotel.de\/vegane-ausbildung\/#primaryimage\",\"url\":\"https:\/\/aheadhotel.de\/wp-content\/uploads\/2021\/09\/HIPP0571-1024x683.jpg\",\"contentUrl\":\"https:\/\/aheadhotel.de\/wp-content\/uploads\/2021\/09\/HIPP0571-1024x683.jpg\"},{\"@type\":\"BreadcrumbList\",\"@id\":\"https:\/\/aheadhotel.de\/vegane-ausbildung\/#breadcrumb\",\"itemListElement\":[{\"@type\":\"ListItem\",\"position\":1,\"name\":\"Startseite\",\"item\":\"https:\/\/aheadhotel.de\/\"},{\"@type\":\"ListItem\",\"position\":2,\"name\":\"Ausbildung\"}]},{\"@type\":\"WebSite\",\"@id\":\"https:\/\/aheadhotel.de\/#website\",\"url\":\"https:\/\/aheadhotel.de\/\",\"name\":\"ahead burghotel\",\"description\":\"Veganes Hotel zwischen Berlin und Hamburg\",\"publisher\":{\"@id\":\"https:\/\/aheadhotel.de\/#organization\"},\"potentialAction\":[{\"@type\":\"SearchAction\",\"target\":{\"@type\":\"EntryPoint\",\"urlTemplate\":\"https:\/\/aheadhotel.de\/?s={search_term_string}\"},\"query-input\":{\"@type\":\"PropertyValueSpecification\",\"valueRequired\":true,\"valueName\":\"search_term_string\"}}],\"inLanguage\":\"en-US\"},{\"@type\":\"Organization\",\"@id\":\"https:\/\/aheadhotel.de\/#organization\",\"name\":\"ahead burghotel\",\"url\":\"https:\/\/aheadhotel.de\/\",\"logo\":{\"@type\":\"ImageObject\",\"inLanguage\":\"en-US\",\"@id\":\"https:\/\/aheadhotel.de\/#\/schema\/logo\/image\/\",\"url\":\"https:\/\/aheadhotel.de\/wp-content\/uploads\/2021\/04\/01ahead_Logo_Final.png\",\"contentUrl\":\"https:\/\/aheadhotel.de\/wp-content\/uploads\/2021\/04\/01ahead_Logo_Final.png\",\"width\":1667,\"height\":1250,\"caption\":\"ahead burghotel\"},\"image\":{\"@id\":\"https:\/\/aheadhotel.de\/#\/schema\/logo\/image\/\"},\"sameAs\":[\"http:\/\/facebook.com\/aheadhotel\"]}]}<\/script>\n<!-- \/ Yoast SEO plugin. -->","yoast_head_json":{"title":"Vegane Ausbildung oder Studium in einem veganen Hotel","description":"Eine Ausbildung oder ein Duales Studium nachhaltig und vegan? Deutschlands gr\u00f6\u00dftes rein veganes Hotel freut sich auf dich!","robots":{"index":"index","follow":"follow","max-snippet":"max-snippet:-1","max-image-preview":"max-image-preview:large","max-video-preview":"max-video-preview:-1"},"canonical":"https:\/\/aheadhotel.de\/en\/vegane-ausbildung\/","og_locale":"en_US","og_type":"article","og_title":"Vegane Ausbildung oder Studium in einem veganen Hotel","og_description":"Eine Ausbildung oder ein Duales Studium nachhaltig und vegan? Deutschlands gr\u00f6\u00dftes rein veganes Hotel freut sich auf dich!","og_url":"https:\/\/aheadhotel.de\/en\/vegane-ausbildung\/","og_site_name":"ahead burghotel","article_publisher":"http:\/\/facebook.com\/aheadhotel","article_modified_time":"2023-08-25T13:04:20+00:00","og_image":[{"url":"https:\/\/aheadhotel.de\/wp-content\/uploads\/2021\/09\/HIPP0571-1024x683.jpg","type":"","width":"","height":""}],"twitter_card":"summary_large_image","twitter_misc":{"Est. reading time":"1 minute"},"schema":{"@context":"https:\/\/schema.org","@graph":[{"@type":"WebPage","@id":"https:\/\/aheadhotel.de\/vegane-ausbildung\/","url":"https:\/\/aheadhotel.de\/vegane-ausbildung\/","name":"Vegane Ausbildung oder Studium in einem veganen Hotel","isPartOf":{"@id":"https:\/\/aheadhotel.de\/#website"},"primaryImageOfPage":{"@id":"https:\/\/aheadhotel.de\/vegane-ausbildung\/#primaryimage"},"image":{"@id":"https:\/\/aheadhotel.de\/vegane-ausbildung\/#primaryimage"},"thumbnailUrl":"https:\/\/aheadhotel.de\/wp-content\/uploads\/2021\/09\/HIPP0571-1024x683.jpg","datePublished":"2022-01-01T17:43:52+00:00","dateModified":"2023-08-25T13:04:20+00:00","description":"Eine Ausbildung oder ein Duales Studium nachhaltig und vegan? Deutschlands gr\u00f6\u00dftes rein veganes Hotel freut sich auf dich!","breadcrumb":{"@id":"https:\/\/aheadhotel.de\/vegane-ausbildung\/#breadcrumb"},"inLanguage":"en-US","potentialAction":[{"@type":"ReadAction","target":["https:\/\/aheadhotel.de\/vegane-ausbildung\/"]}]},{"@type":"ImageObject","inLanguage":"en-US","@id":"https:\/\/aheadhotel.de\/vegane-ausbildung\/#primaryimage","url":"https:\/\/aheadhotel.de\/wp-content\/uploads\/2021\/09\/HIPP0571-1024x683.jpg","contentUrl":"https:\/\/aheadhotel.de\/wp-content\/uploads\/2021\/09\/HIPP0571-1024x683.jpg"},{"@type":"BreadcrumbList","@id":"https:\/\/aheadhotel.de\/vegane-ausbildung\/#breadcrumb","itemListElement":[{"@type":"ListItem","position":1,"name":"Startseite","item":"https:\/\/aheadhotel.de\/"},{"@type":"ListItem","position":2,"name":"Ausbildung"}]},{"@type":"WebSite","@id":"https:\/\/aheadhotel.de\/#website","url":"https:\/\/aheadhotel.de\/","name":"ahead burghotel","description":"Veganes Hotel zwischen Berlin und Hamburg","publisher":{"@id":"https:\/\/aheadhotel.de\/#organization"},"potentialAction":[{"@type":"SearchAction","target":{"@type":"EntryPoint","urlTemplate":"https:\/\/aheadhotel.de\/?s={search_term_string}"},"query-input":{"@type":"PropertyValueSpecification","valueRequired":true,"valueName":"search_term_string"}}],"inLanguage":"en-US"},{"@type":"Organization","@id":"https:\/\/aheadhotel.de\/#organization","name":"ahead burghotel","url":"https:\/\/aheadhotel.de\/","logo":{"@type":"ImageObject","inLanguage":"en-US","@id":"https:\/\/aheadhotel.de\/#\/schema\/logo\/image\/","url":"https:\/\/aheadhotel.de\/wp-content\/uploads\/2021\/04\/01ahead_Logo_Final.png","contentUrl":"https:\/\/aheadhotel.de\/wp-content\/uploads\/2021\/04\/01ahead_Logo_Final.png","width":1667,"height":1250,"caption":"ahead burghotel"},"image":{"@id":"https:\/\/aheadhotel.de\/#\/schema\/logo\/image\/"},"sameAs":["http:\/\/facebook.com\/aheadhotel"]}]}},"_links":{"self":[{"href":"https:\/\/aheadhotel.de\/en\/wp-json\/wp\/v2\/pages\/13734","targetHints":{"allow":["GET"]}}],"collection":[{"href":"https:\/\/aheadhotel.de\/en\/wp-json\/wp\/v2\/pages"}],"about":[{"href":"https:\/\/aheadhotel.de\/en\/wp-json\/wp\/v2\/types\/page"}],"author":[{"embeddable":true,"href":"https:\/\/aheadhotel.de\/en\/wp-json\/wp\/v2\/users\/1"}],"replies":[{"embeddable":true,"href":"https:\/\/aheadhotel.de\/en\/wp-json\/wp\/v2\/comments?post=13734"}],"version-history":[{"count":0,"href":"https:\/\/aheadhotel.de\/en\/wp-json\/wp\/v2\/pages\/13734\/revisions"}],"wp:attachment":[{"href":"https:\/\/aheadhotel.de\/en\/wp-json\/wp\/v2\/media?parent=13734"}],"curies":[{"name":"wp","href":"https:\/\/api.w.org\/{rel}","templated":true}]}}