{"id":14584,"date":"2022-05-30T22:03:31","date_gmt":"2022-05-30T20:03:31","guid":{"rendered":"https:\/\/aheadhotel.de\/?page_id=14584"},"modified":"2025-03-03T16:24:03","modified_gmt":"2025-03-03T15:24:03","slug":"fitness","status":"publish","type":"page","link":"https:\/\/aheadhotel.de\/en\/fitness\/","title":{"rendered":"fitness"},"content":{"rendered":"<div data-elementor-type=\"wp-page\" data-elementor-id=\"14584\" class=\"elementor elementor-14584\" data-elementor-post-type=\"page\">\n\t\t\t\t<div class=\"elementor-element elementor-element-00bf300 e-flex e-con-boxed e-con e-parent\" data-id=\"00bf300\" data-element_type=\"container\">\n\t\t\t\t\t<div class=\"e-con-inner\">\n\t\t<div class=\"elementor-element elementor-element-8cf2937 e-con-full e-flex e-con e-child\" data-id=\"8cf2937\" data-element_type=\"container\">\n\t\t\t\t<div class=\"elementor-element elementor-element-d41e98b elementor-widget elementor-widget-image\" data-id=\"d41e98b\" data-element_type=\"widget\" data-widget_type=\"image.default\">\n\t\t\t\t<div class=\"elementor-widget-container\">\n\t\t\t\t\t\t\t\t\t\t\t\t\t\t\t<img fetchpriority=\"high\" decoding=\"async\" width=\"300\" height=\"200\" src=\"https:\/\/aheadhotel.de\/wp-content\/uploads\/2023\/12\/ahead-Burghotel-Anna-Schaermann_1P1A1276-300x200.jpg\" class=\"attachment-medium size-medium wp-image-16403\" alt=\"\" srcset=\"https:\/\/aheadhotel.de\/wp-content\/uploads\/2023\/12\/ahead-Burghotel-Anna-Schaermann_1P1A1276-300x200.jpg 300w, https:\/\/aheadhotel.de\/wp-content\/uploads\/2023\/12\/ahead-Burghotel-Anna-Schaermann_1P1A1276-1024x683.jpg 1024w, https:\/\/aheadhotel.de\/wp-content\/uploads\/2023\/12\/ahead-Burghotel-Anna-Schaermann_1P1A1276-768x512.jpg 768w, https:\/\/aheadhotel.de\/wp-content\/uploads\/2023\/12\/ahead-Burghotel-Anna-Schaermann_1P1A1276-1536x1024.jpg 1536w, https:\/\/aheadhotel.de\/wp-content\/uploads\/2023\/12\/ahead-Burghotel-Anna-Schaermann_1P1A1276-2048x1365.jpg 2048w, https:\/\/aheadhotel.de\/wp-content\/uploads\/2023\/12\/ahead-Burghotel-Anna-Schaermann_1P1A1276-18x12.jpg 18w\" sizes=\"(max-width: 300px) 100vw, 300px\" \/>\t\t\t\t\t\t\t\t\t\t\t\t\t\t\t<\/div>\n\t\t\t\t<\/div>\n\t\t\t\t<\/div>\n\t\t<div class=\"elementor-element elementor-element-4bf6608 e-con-full e-flex e-con e-child\" data-id=\"4bf6608\" data-element_type=\"container\">\n\t\t\t\t<div class=\"elementor-element elementor-element-3baa323 elementor-widget elementor-widget-text-editor\" data-id=\"3baa323\" data-element_type=\"widget\" data-widget_type=\"text-editor.default\">\n\t\t\t\t<div class=\"elementor-widget-container\">\n\t\t\t\t\t\t\t\t\t<p><strong>Can you be a bit more active on vacation?<\/strong><\/p><p>Use our 24-hour open gym in the middle of the greenery. In the Orangery in the castle garden you will find selected equipment, free weights and a table tennis table in the outdoor area.<\/p><p>The gym is available to all guests over the age of 16.<\/p>\t\t\t\t\t\t\t\t<\/div>\n\t\t\t\t<\/div>\n\t\t\t\t<\/div>\n\t\t\t\t\t<\/div>\n\t\t\t\t<\/div>\n\t\t\t\t<\/div>","protected":false},"excerpt":{"rendered":"<p>Darf es im Urlaub etwas aktiver zugehen? Nutzt unser 24 Stunden ge\u00f6ffnetes Fitnessstudio mitten im Gr\u00fcnen. In der Orangerie im Burggarten findet ihr ausgew\u00e4hlte Ger\u00e4te, Freihanteln und im Au\u00dfenbereich eine Tischtennisplatte. Der Fitnessraum steht allen G\u00e4sten ab 16 Jahren zur Verf\u00fcgung.<\/p>","protected":false},"author":1,"featured_media":0,"parent":0,"menu_order":0,"comment_status":"closed","ping_status":"closed","template":"page-full-width.php","meta":{"footnotes":""},"class_list":["post-14584","page","type-page","status-publish","hentry"],"yoast_head":"<!-- This site is optimized with the Yoast SEO plugin v25.5 - https:\/\/yoast.com\/wordpress\/plugins\/seo\/ -->\n<title>Dein Hotel mit Fitnessraum - ahead burghotel<\/title>\n<meta name=\"description\" content=\"Du suchst nach einem Hotel mit einem Fitnessstudio? Im ahead hotel findest du einen 24h ge\u00f6ffneten Fitnessraum mitten im Gr\u00fcnen.\" \/>\n<meta name=\"robots\" content=\"index, follow, max-snippet:-1, max-image-preview:large, max-video-preview:-1\" \/>\n<link rel=\"canonical\" href=\"https:\/\/aheadhotel.de\/en\/fitness\/\" \/>\n<meta property=\"og:locale\" content=\"en_US\" \/>\n<meta property=\"og:type\" content=\"article\" \/>\n<meta property=\"og:title\" content=\"Dein Hotel mit Fitnessraum - ahead burghotel\" \/>\n<meta property=\"og:description\" content=\"Du suchst nach einem Hotel mit einem Fitnessstudio? Im ahead hotel findest du einen 24h ge\u00f6ffneten Fitnessraum mitten im Gr\u00fcnen.\" \/>\n<meta property=\"og:url\" content=\"https:\/\/aheadhotel.de\/en\/fitness\/\" \/>\n<meta property=\"og:site_name\" content=\"ahead burghotel\" \/>\n<meta property=\"article:publisher\" content=\"http:\/\/facebook.com\/aheadhotel\" \/>\n<meta property=\"article:modified_time\" content=\"2025-03-03T15:24:03+00:00\" \/>\n<meta property=\"og:image\" content=\"https:\/\/aheadhotel.de\/wp-content\/uploads\/2023\/12\/ahead-Burghotel-Anna-Schaermann_1P1A1276-300x200.jpg\" \/>\n<meta name=\"twitter:card\" content=\"summary_large_image\" \/>\n<meta name=\"twitter:label1\" content=\"Est. reading time\" \/>\n\t<meta name=\"twitter:data1\" content=\"1 minute\" \/>\n<script type=\"application\/ld+json\" class=\"yoast-schema-graph\">{\"@context\":\"https:\/\/schema.org\",\"@graph\":[{\"@type\":\"WebPage\",\"@id\":\"https:\/\/aheadhotel.de\/fitness\/\",\"url\":\"https:\/\/aheadhotel.de\/fitness\/\",\"name\":\"Dein Hotel mit Fitnessraum - ahead burghotel\",\"isPartOf\":{\"@id\":\"https:\/\/aheadhotel.de\/#website\"},\"primaryImageOfPage\":{\"@id\":\"https:\/\/aheadhotel.de\/fitness\/#primaryimage\"},\"image\":{\"@id\":\"https:\/\/aheadhotel.de\/fitness\/#primaryimage\"},\"thumbnailUrl\":\"https:\/\/aheadhotel.de\/wp-content\/uploads\/2023\/12\/ahead-Burghotel-Anna-Schaermann_1P1A1276-300x200.jpg\",\"datePublished\":\"2022-05-30T20:03:31+00:00\",\"dateModified\":\"2025-03-03T15:24:03+00:00\",\"description\":\"Du suchst nach einem Hotel mit einem Fitnessstudio? Im ahead hotel findest du einen 24h ge\u00f6ffneten Fitnessraum mitten im Gr\u00fcnen.\",\"breadcrumb\":{\"@id\":\"https:\/\/aheadhotel.de\/fitness\/#breadcrumb\"},\"inLanguage\":\"en-US\",\"potentialAction\":[{\"@type\":\"ReadAction\",\"target\":[\"https:\/\/aheadhotel.de\/fitness\/\"]}]},{\"@type\":\"ImageObject\",\"inLanguage\":\"en-US\",\"@id\":\"https:\/\/aheadhotel.de\/fitness\/#primaryimage\",\"url\":\"https:\/\/aheadhotel.de\/wp-content\/uploads\/2023\/12\/ahead-Burghotel-Anna-Schaermann_1P1A1276-300x200.jpg\",\"contentUrl\":\"https:\/\/aheadhotel.de\/wp-content\/uploads\/2023\/12\/ahead-Burghotel-Anna-Schaermann_1P1A1276-300x200.jpg\"},{\"@type\":\"BreadcrumbList\",\"@id\":\"https:\/\/aheadhotel.de\/fitness\/#breadcrumb\",\"itemListElement\":[{\"@type\":\"ListItem\",\"position\":1,\"name\":\"Startseite\",\"item\":\"https:\/\/aheadhotel.de\/\"},{\"@type\":\"ListItem\",\"position\":2,\"name\":\"Fitness\"}]},{\"@type\":\"WebSite\",\"@id\":\"https:\/\/aheadhotel.de\/#website\",\"url\":\"https:\/\/aheadhotel.de\/\",\"name\":\"ahead burghotel\",\"description\":\"Veganes Hotel zwischen Berlin und Hamburg\",\"publisher\":{\"@id\":\"https:\/\/aheadhotel.de\/#organization\"},\"potentialAction\":[{\"@type\":\"SearchAction\",\"target\":{\"@type\":\"EntryPoint\",\"urlTemplate\":\"https:\/\/aheadhotel.de\/?s={search_term_string}\"},\"query-input\":{\"@type\":\"PropertyValueSpecification\",\"valueRequired\":true,\"valueName\":\"search_term_string\"}}],\"inLanguage\":\"en-US\"},{\"@type\":\"Organization\",\"@id\":\"https:\/\/aheadhotel.de\/#organization\",\"name\":\"ahead burghotel\",\"url\":\"https:\/\/aheadhotel.de\/\",\"logo\":{\"@type\":\"ImageObject\",\"inLanguage\":\"en-US\",\"@id\":\"https:\/\/aheadhotel.de\/#\/schema\/logo\/image\/\",\"url\":\"https:\/\/aheadhotel.de\/wp-content\/uploads\/2021\/04\/01ahead_Logo_Final.png\",\"contentUrl\":\"https:\/\/aheadhotel.de\/wp-content\/uploads\/2021\/04\/01ahead_Logo_Final.png\",\"width\":1667,\"height\":1250,\"caption\":\"ahead burghotel\"},\"image\":{\"@id\":\"https:\/\/aheadhotel.de\/#\/schema\/logo\/image\/\"},\"sameAs\":[\"http:\/\/facebook.com\/aheadhotel\"]}]}<\/script>\n<!-- \/ Yoast SEO plugin. -->","yoast_head_json":{"title":"Dein Hotel mit Fitnessraum - ahead burghotel","description":"Du suchst nach einem Hotel mit einem Fitnessstudio? Im ahead hotel findest du einen 24h ge\u00f6ffneten Fitnessraum mitten im Gr\u00fcnen.","robots":{"index":"index","follow":"follow","max-snippet":"max-snippet:-1","max-image-preview":"max-image-preview:large","max-video-preview":"max-video-preview:-1"},"canonical":"https:\/\/aheadhotel.de\/en\/fitness\/","og_locale":"en_US","og_type":"article","og_title":"Dein Hotel mit Fitnessraum - ahead burghotel","og_description":"Du suchst nach einem Hotel mit einem Fitnessstudio? Im ahead hotel findest du einen 24h ge\u00f6ffneten Fitnessraum mitten im Gr\u00fcnen.","og_url":"https:\/\/aheadhotel.de\/en\/fitness\/","og_site_name":"ahead burghotel","article_publisher":"http:\/\/facebook.com\/aheadhotel","article_modified_time":"2025-03-03T15:24:03+00:00","og_image":[{"url":"https:\/\/aheadhotel.de\/wp-content\/uploads\/2023\/12\/ahead-Burghotel-Anna-Schaermann_1P1A1276-300x200.jpg","type":"","width":"","height":""}],"twitter_card":"summary_large_image","twitter_misc":{"Est. reading time":"1 minute"},"schema":{"@context":"https:\/\/schema.org","@graph":[{"@type":"WebPage","@id":"https:\/\/aheadhotel.de\/fitness\/","url":"https:\/\/aheadhotel.de\/fitness\/","name":"Dein Hotel mit Fitnessraum - ahead burghotel","isPartOf":{"@id":"https:\/\/aheadhotel.de\/#website"},"primaryImageOfPage":{"@id":"https:\/\/aheadhotel.de\/fitness\/#primaryimage"},"image":{"@id":"https:\/\/aheadhotel.de\/fitness\/#primaryimage"},"thumbnailUrl":"https:\/\/aheadhotel.de\/wp-content\/uploads\/2023\/12\/ahead-Burghotel-Anna-Schaermann_1P1A1276-300x200.jpg","datePublished":"2022-05-30T20:03:31+00:00","dateModified":"2025-03-03T15:24:03+00:00","description":"Du suchst nach einem Hotel mit einem Fitnessstudio? Im ahead hotel findest du einen 24h ge\u00f6ffneten Fitnessraum mitten im Gr\u00fcnen.","breadcrumb":{"@id":"https:\/\/aheadhotel.de\/fitness\/#breadcrumb"},"inLanguage":"en-US","potentialAction":[{"@type":"ReadAction","target":["https:\/\/aheadhotel.de\/fitness\/"]}]},{"@type":"ImageObject","inLanguage":"en-US","@id":"https:\/\/aheadhotel.de\/fitness\/#primaryimage","url":"https:\/\/aheadhotel.de\/wp-content\/uploads\/2023\/12\/ahead-Burghotel-Anna-Schaermann_1P1A1276-300x200.jpg","contentUrl":"https:\/\/aheadhotel.de\/wp-content\/uploads\/2023\/12\/ahead-Burghotel-Anna-Schaermann_1P1A1276-300x200.jpg"},{"@type":"BreadcrumbList","@id":"https:\/\/aheadhotel.de\/fitness\/#breadcrumb","itemListElement":[{"@type":"ListItem","position":1,"name":"Startseite","item":"https:\/\/aheadhotel.de\/"},{"@type":"ListItem","position":2,"name":"Fitness"}]},{"@type":"WebSite","@id":"https:\/\/aheadhotel.de\/#website","url":"https:\/\/aheadhotel.de\/","name":"ahead burghotel","description":"Veganes Hotel zwischen Berlin und Hamburg","publisher":{"@id":"https:\/\/aheadhotel.de\/#organization"},"potentialAction":[{"@type":"SearchAction","target":{"@type":"EntryPoint","urlTemplate":"https:\/\/aheadhotel.de\/?s={search_term_string}"},"query-input":{"@type":"PropertyValueSpecification","valueRequired":true,"valueName":"search_term_string"}}],"inLanguage":"en-US"},{"@type":"Organization","@id":"https:\/\/aheadhotel.de\/#organization","name":"ahead burghotel","url":"https:\/\/aheadhotel.de\/","logo":{"@type":"ImageObject","inLanguage":"en-US","@id":"https:\/\/aheadhotel.de\/#\/schema\/logo\/image\/","url":"https:\/\/aheadhotel.de\/wp-content\/uploads\/2021\/04\/01ahead_Logo_Final.png","contentUrl":"https:\/\/aheadhotel.de\/wp-content\/uploads\/2021\/04\/01ahead_Logo_Final.png","width":1667,"height":1250,"caption":"ahead burghotel"},"image":{"@id":"https:\/\/aheadhotel.de\/#\/schema\/logo\/image\/"},"sameAs":["http:\/\/facebook.com\/aheadhotel"]}]}},"_links":{"self":[{"href":"https:\/\/aheadhotel.de\/en\/wp-json\/wp\/v2\/pages\/14584","targetHints":{"allow":["GET"]}}],"collection":[{"href":"https:\/\/aheadhotel.de\/en\/wp-json\/wp\/v2\/pages"}],"about":[{"href":"https:\/\/aheadhotel.de\/en\/wp-json\/wp\/v2\/types\/page"}],"author":[{"embeddable":true,"href":"https:\/\/aheadhotel.de\/en\/wp-json\/wp\/v2\/users\/1"}],"replies":[{"embeddable":true,"href":"https:\/\/aheadhotel.de\/en\/wp-json\/wp\/v2\/comments?post=14584"}],"version-history":[{"count":0,"href":"https:\/\/aheadhotel.de\/en\/wp-json\/wp\/v2\/pages\/14584\/revisions"}],"wp:attachment":[{"href":"https:\/\/aheadhotel.de\/en\/wp-json\/wp\/v2\/media?parent=14584"}],"curies":[{"name":"wp","href":"https:\/\/api.w.org\/{rel}","templated":true}]}}