{"id":15593,"date":"2023-03-28T12:39:49","date_gmt":"2023-03-28T10:39:49","guid":{"rendered":"https:\/\/aheadhotel.de\/?page_id=15593"},"modified":"2026-01-03T11:58:02","modified_gmt":"2026-01-03T10:58:02","slug":"silvester","status":"publish","type":"page","link":"https:\/\/aheadhotel.de\/en\/silvester\/","title":{"rendered":"New Year's Eve"},"content":{"rendered":"<div data-elementor-type=\"wp-page\" data-elementor-id=\"15593\" class=\"elementor elementor-15593\" data-elementor-post-type=\"page\">\n\t\t\t\t<div class=\"elementor-element elementor-element-0582d45 e-flex e-con-boxed e-con e-parent\" data-id=\"0582d45\" data-element_type=\"container\">\n\t\t\t\t\t<div class=\"e-con-inner\">\n\t\t\t\t<div class=\"elementor-element elementor-element-9606ced elementor-widget elementor-widget-text-editor\" data-id=\"9606ced\" data-element_type=\"widget\" data-widget_type=\"text-editor.default\">\n\t\t\t\t<div class=\"elementor-widget-container\">\n\t\t\t\t\t\t\t\t\t<h6><strong>Startet mit uns vegan ins neue Jahr 2027!<br \/><\/strong><\/h6><p>Auf ein eigenes Feuerwerk auf dem Hotelgel\u00e4nde verzichten wir selbstverst\u00e4ndlich aufgrund des Umwelt- und Tierschutzes. Auch alle vierbeinigen G\u00e4ste sind wie immer bei uns willkommen.<\/p><p>In our restaurant place to V you can enjoy lunch from <strong>12 am to 2 pm<\/strong> and from <strong>2 to 5pm<\/strong> coffee &amp; cakes to keep your New Year's resolutions.<\/p><p>In the salon we show the classic <em>\u201eDinner for One\u201c <\/em>at 5.30pm<\/p><p>Our vegan New Year's Eve buffet for <strong>69\u20ac<\/strong> per person (children: 0 - 6 years free, 7-12 years: 29\u20ac) excluding drinks takes place in our winter garden from <strong>7 - 9 pm<\/strong> .<\/p><p>The price also includes a glass of sparkling wine to toast at midnight<img decoding=\"async\" class=\"alignleft wp-image-15904 size-thumbnail\" src=\"https:\/\/aheadhotel.de\/wp-content\/uploads\/2023\/07\/ahead_Sekt-150x150.jpg\" alt=\"\" width=\"150\" height=\"150\" srcset=\"https:\/\/aheadhotel.de\/wp-content\/uploads\/2023\/07\/ahead_Sekt-150x150.jpg 150w, https:\/\/aheadhotel.de\/wp-content\/uploads\/2023\/07\/ahead_Sekt-650x650.jpg 650w, https:\/\/aheadhotel.de\/wp-content\/uploads\/2023\/07\/ahead_Sekt-1300x1300.jpg 1300w\" sizes=\"(max-width: 150px) 100vw, 150px\" \/>. The New Year's Eve buffet starts at <strong>7 pm<\/strong>. There will be no \u00e0 la carte dinner on this special evening.<\/p><p>Our service ends at 2am.<\/p><p>You want to say goodbye to the year in a mindful and relaxed way? Then take part in our evening meditation under the roof of the castle.<\/p><p>Those who prefer to work up a sweat can use our sauna area on 31st of December from 10pm to 12pm or the fitness studio 24\/7.<\/p><p>We would also be happy to chill a bottle of sparkling wine or champagne for you, which we will bring to your room at your desired time.<\/p><p><strong><em>The morning after:<\/em><\/strong><\/p><p>Unser entspanntes Neujahrsfr\u00fchst\u00fcck wartet auf euch von 8:00 Uhr bis 11:30 Uhr und der Check-Out kann am 01.01. bis 12:00 Uhr erfolgen.<\/p><p>Do you need more time? We also offer an optional late check-out for a fee.<\/p><p>Um 9:00 Uhr startet unser Neujahrskurs, um K\u00f6rper und Geist wieder in Schwung zu bringen.<\/p><p>Do you have special wishes for your stay? We will be happy to personalize your time with us.<\/p><h6>\u00a0<\/h6>\t\t\t\t\t\t\t\t<\/div>\n\t\t\t\t<\/div>\n\t\t\t\t\t<\/div>\n\t\t\t\t<\/div>\n\t\t<div class=\"elementor-element elementor-element-a1c9336 e-flex e-con-boxed e-con e-parent\" data-id=\"a1c9336\" data-element_type=\"container\">\n\t\t\t\t\t<div class=\"e-con-inner\">\n\t\t\t\t<div class=\"elementor-element elementor-element-05d4c67 elementor-align-center elementor-widget elementor-widget-button\" data-id=\"05d4c67\" data-element_type=\"widget\" data-widget_type=\"button.default\">\n\t\t\t\t<div class=\"elementor-widget-container\">\n\t\t\t\t\t\t\t\t\t<div class=\"elementor-button-wrapper\">\n\t\t\t\t\t<a class=\"elementor-button elementor-button-link elementor-size-sm\" href=\"https:\/\/booking.gauvendi.com\/recommendation?hc=GV573162&#038;lang=de&#038;bookingsrc=%E2%80%9DGVWEBWID%E2%80%9D&#038;chkIn=28-12-2025&#038;chkOut=02-01-2026&#038;nr=2&#038;cur=EUR&#038;reqId=2fa240d8-792c-4722-9245-8cb4537cb596&#038;lc=MRFC0010&#038;lsp=GREEN&#038;pf=181.77-216.67\">\n\t\t\t\t\t\t<span class=\"elementor-button-content-wrapper\">\n\t\t\t\t\t\t\t\t\t<span class=\"elementor-button-text\">Neujahrs-Aufenthalt sichern<\/span>\n\t\t\t\t\t<\/span>\n\t\t\t\t\t<\/a>\n\t\t\t\t<\/div>\n\t\t\t\t\t\t\t\t<\/div>\n\t\t\t\t<\/div>\n\t\t\t\t\t<\/div>\n\t\t\t\t<\/div>\n\t\t\t\t<\/div>","protected":false},"excerpt":{"rendered":"<p>Startet mit uns vegan ins neue Jahr 2027! Auf ein eigenes Feuerwerk auf dem Hotelgel\u00e4nde verzichten wir selbstverst\u00e4ndlich aufgrund des Umwelt- und Tierschutzes. Auch alle vierbeinigen G\u00e4ste sind wie immer bei uns willkommen. In unserem Restaurant place to V k\u00f6nnt ihr von 12:00 \u2013 14:00 Uhr lunchen und von 14:00 \u2013 17:00 Uhr bei Kaffee [&hellip;]<\/p>","protected":false},"author":1,"featured_media":0,"parent":0,"menu_order":0,"comment_status":"closed","ping_status":"closed","template":"page-full-width.php","meta":{"footnotes":""},"class_list":["post-15593","page","type-page","status-publish","hentry"],"yoast_head":"<!-- This site is optimized with the Yoast SEO plugin v25.5 - https:\/\/yoast.com\/wordpress\/plugins\/seo\/ -->\n<title>Veganes Silvester 2026\/2027 - ahead burghotel<\/title>\n<meta name=\"description\" content=\"Bei uns kannst du das neue Jahr 2027 rein vegan begr\u00fc\u00dfen, alleine oder mit der ganzen Familie oder tierfreundlich mit Hund.\" \/>\n<meta name=\"robots\" content=\"index, follow, max-snippet:-1, max-image-preview:large, max-video-preview:-1\" \/>\n<link rel=\"canonical\" href=\"https:\/\/aheadhotel.de\/en\/silvester\/\" \/>\n<meta property=\"og:locale\" content=\"en_US\" \/>\n<meta property=\"og:type\" content=\"article\" \/>\n<meta property=\"og:title\" content=\"Veganes Silvester 2026\/2027 - ahead burghotel\" \/>\n<meta property=\"og:description\" content=\"Bei uns kannst du das neue Jahr 2027 rein vegan begr\u00fc\u00dfen, alleine oder mit der ganzen Familie oder tierfreundlich mit Hund.\" \/>\n<meta property=\"og:url\" content=\"https:\/\/aheadhotel.de\/en\/silvester\/\" \/>\n<meta property=\"og:site_name\" content=\"ahead burghotel\" \/>\n<meta property=\"article:publisher\" content=\"http:\/\/facebook.com\/aheadhotel\" \/>\n<meta property=\"article:modified_time\" content=\"2026-01-03T10:58:02+00:00\" \/>\n<meta property=\"og:image\" content=\"https:\/\/aheadhotel.de\/wp-content\/uploads\/2023\/07\/ahead_Sekt-scaled.jpg\" \/>\n\t<meta property=\"og:image:width\" content=\"2560\" \/>\n\t<meta property=\"og:image:height\" content=\"1706\" \/>\n\t<meta property=\"og:image:type\" content=\"image\/jpeg\" \/>\n<meta name=\"twitter:card\" content=\"summary_large_image\" \/>\n<meta name=\"twitter:label1\" content=\"Est. reading time\" \/>\n\t<meta name=\"twitter:data1\" content=\"2 minutes\" \/>\n<script type=\"application\/ld+json\" class=\"yoast-schema-graph\">{\"@context\":\"https:\/\/schema.org\",\"@graph\":[{\"@type\":\"WebPage\",\"@id\":\"https:\/\/aheadhotel.de\/silvester\/\",\"url\":\"https:\/\/aheadhotel.de\/silvester\/\",\"name\":\"Veganes Silvester 2026\/2027 - ahead burghotel\",\"isPartOf\":{\"@id\":\"https:\/\/aheadhotel.de\/#website\"},\"primaryImageOfPage\":{\"@id\":\"https:\/\/aheadhotel.de\/silvester\/#primaryimage\"},\"image\":{\"@id\":\"https:\/\/aheadhotel.de\/silvester\/#primaryimage\"},\"thumbnailUrl\":\"https:\/\/aheadhotel.de\/wp-content\/uploads\/2023\/07\/ahead_Sekt-150x150.jpg\",\"datePublished\":\"2023-03-28T10:39:49+00:00\",\"dateModified\":\"2026-01-03T10:58:02+00:00\",\"description\":\"Bei uns kannst du das neue Jahr 2027 rein vegan begr\u00fc\u00dfen, alleine oder mit der ganzen Familie oder tierfreundlich mit Hund.\",\"breadcrumb\":{\"@id\":\"https:\/\/aheadhotel.de\/silvester\/#breadcrumb\"},\"inLanguage\":\"en-US\",\"potentialAction\":[{\"@type\":\"ReadAction\",\"target\":[\"https:\/\/aheadhotel.de\/silvester\/\"]}]},{\"@type\":\"ImageObject\",\"inLanguage\":\"en-US\",\"@id\":\"https:\/\/aheadhotel.de\/silvester\/#primaryimage\",\"url\":\"https:\/\/aheadhotel.de\/wp-content\/uploads\/2023\/07\/ahead_Sekt-150x150.jpg\",\"contentUrl\":\"https:\/\/aheadhotel.de\/wp-content\/uploads\/2023\/07\/ahead_Sekt-150x150.jpg\"},{\"@type\":\"BreadcrumbList\",\"@id\":\"https:\/\/aheadhotel.de\/silvester\/#breadcrumb\",\"itemListElement\":[{\"@type\":\"ListItem\",\"position\":1,\"name\":\"Startseite\",\"item\":\"https:\/\/aheadhotel.de\/\"},{\"@type\":\"ListItem\",\"position\":2,\"name\":\"Silvester\"}]},{\"@type\":\"WebSite\",\"@id\":\"https:\/\/aheadhotel.de\/#website\",\"url\":\"https:\/\/aheadhotel.de\/\",\"name\":\"ahead burghotel\",\"description\":\"Veganes Hotel zwischen Berlin und Hamburg\",\"publisher\":{\"@id\":\"https:\/\/aheadhotel.de\/#organization\"},\"potentialAction\":[{\"@type\":\"SearchAction\",\"target\":{\"@type\":\"EntryPoint\",\"urlTemplate\":\"https:\/\/aheadhotel.de\/?s={search_term_string}\"},\"query-input\":{\"@type\":\"PropertyValueSpecification\",\"valueRequired\":true,\"valueName\":\"search_term_string\"}}],\"inLanguage\":\"en-US\"},{\"@type\":\"Organization\",\"@id\":\"https:\/\/aheadhotel.de\/#organization\",\"name\":\"ahead burghotel\",\"url\":\"https:\/\/aheadhotel.de\/\",\"logo\":{\"@type\":\"ImageObject\",\"inLanguage\":\"en-US\",\"@id\":\"https:\/\/aheadhotel.de\/#\/schema\/logo\/image\/\",\"url\":\"https:\/\/aheadhotel.de\/wp-content\/uploads\/2021\/04\/01ahead_Logo_Final.png\",\"contentUrl\":\"https:\/\/aheadhotel.de\/wp-content\/uploads\/2021\/04\/01ahead_Logo_Final.png\",\"width\":1667,\"height\":1250,\"caption\":\"ahead burghotel\"},\"image\":{\"@id\":\"https:\/\/aheadhotel.de\/#\/schema\/logo\/image\/\"},\"sameAs\":[\"http:\/\/facebook.com\/aheadhotel\"]}]}<\/script>\n<!-- \/ Yoast SEO plugin. -->","yoast_head_json":{"title":"Veganes Silvester 2026\/2027 - ahead burghotel","description":"Bei uns kannst du das neue Jahr 2027 rein vegan begr\u00fc\u00dfen, alleine oder mit der ganzen Familie oder tierfreundlich mit Hund.","robots":{"index":"index","follow":"follow","max-snippet":"max-snippet:-1","max-image-preview":"max-image-preview:large","max-video-preview":"max-video-preview:-1"},"canonical":"https:\/\/aheadhotel.de\/en\/silvester\/","og_locale":"en_US","og_type":"article","og_title":"Veganes Silvester 2026\/2027 - ahead burghotel","og_description":"Bei uns kannst du das neue Jahr 2027 rein vegan begr\u00fc\u00dfen, alleine oder mit der ganzen Familie oder tierfreundlich mit Hund.","og_url":"https:\/\/aheadhotel.de\/en\/silvester\/","og_site_name":"ahead burghotel","article_publisher":"http:\/\/facebook.com\/aheadhotel","article_modified_time":"2026-01-03T10:58:02+00:00","og_image":[{"width":2560,"height":1706,"url":"https:\/\/aheadhotel.de\/wp-content\/uploads\/2023\/07\/ahead_Sekt-scaled.jpg","type":"image\/jpeg"}],"twitter_card":"summary_large_image","twitter_misc":{"Est. reading time":"2 minutes"},"schema":{"@context":"https:\/\/schema.org","@graph":[{"@type":"WebPage","@id":"https:\/\/aheadhotel.de\/silvester\/","url":"https:\/\/aheadhotel.de\/silvester\/","name":"Veganes Silvester 2026\/2027 - ahead burghotel","isPartOf":{"@id":"https:\/\/aheadhotel.de\/#website"},"primaryImageOfPage":{"@id":"https:\/\/aheadhotel.de\/silvester\/#primaryimage"},"image":{"@id":"https:\/\/aheadhotel.de\/silvester\/#primaryimage"},"thumbnailUrl":"https:\/\/aheadhotel.de\/wp-content\/uploads\/2023\/07\/ahead_Sekt-150x150.jpg","datePublished":"2023-03-28T10:39:49+00:00","dateModified":"2026-01-03T10:58:02+00:00","description":"Bei uns kannst du das neue Jahr 2027 rein vegan begr\u00fc\u00dfen, alleine oder mit der ganzen Familie oder tierfreundlich mit Hund.","breadcrumb":{"@id":"https:\/\/aheadhotel.de\/silvester\/#breadcrumb"},"inLanguage":"en-US","potentialAction":[{"@type":"ReadAction","target":["https:\/\/aheadhotel.de\/silvester\/"]}]},{"@type":"ImageObject","inLanguage":"en-US","@id":"https:\/\/aheadhotel.de\/silvester\/#primaryimage","url":"https:\/\/aheadhotel.de\/wp-content\/uploads\/2023\/07\/ahead_Sekt-150x150.jpg","contentUrl":"https:\/\/aheadhotel.de\/wp-content\/uploads\/2023\/07\/ahead_Sekt-150x150.jpg"},{"@type":"BreadcrumbList","@id":"https:\/\/aheadhotel.de\/silvester\/#breadcrumb","itemListElement":[{"@type":"ListItem","position":1,"name":"Startseite","item":"https:\/\/aheadhotel.de\/"},{"@type":"ListItem","position":2,"name":"Silvester"}]},{"@type":"WebSite","@id":"https:\/\/aheadhotel.de\/#website","url":"https:\/\/aheadhotel.de\/","name":"ahead burghotel","description":"Veganes Hotel zwischen Berlin und Hamburg","publisher":{"@id":"https:\/\/aheadhotel.de\/#organization"},"potentialAction":[{"@type":"SearchAction","target":{"@type":"EntryPoint","urlTemplate":"https:\/\/aheadhotel.de\/?s={search_term_string}"},"query-input":{"@type":"PropertyValueSpecification","valueRequired":true,"valueName":"search_term_string"}}],"inLanguage":"en-US"},{"@type":"Organization","@id":"https:\/\/aheadhotel.de\/#organization","name":"ahead burghotel","url":"https:\/\/aheadhotel.de\/","logo":{"@type":"ImageObject","inLanguage":"en-US","@id":"https:\/\/aheadhotel.de\/#\/schema\/logo\/image\/","url":"https:\/\/aheadhotel.de\/wp-content\/uploads\/2021\/04\/01ahead_Logo_Final.png","contentUrl":"https:\/\/aheadhotel.de\/wp-content\/uploads\/2021\/04\/01ahead_Logo_Final.png","width":1667,"height":1250,"caption":"ahead burghotel"},"image":{"@id":"https:\/\/aheadhotel.de\/#\/schema\/logo\/image\/"},"sameAs":["http:\/\/facebook.com\/aheadhotel"]}]}},"_links":{"self":[{"href":"https:\/\/aheadhotel.de\/en\/wp-json\/wp\/v2\/pages\/15593","targetHints":{"allow":["GET"]}}],"collection":[{"href":"https:\/\/aheadhotel.de\/en\/wp-json\/wp\/v2\/pages"}],"about":[{"href":"https:\/\/aheadhotel.de\/en\/wp-json\/wp\/v2\/types\/page"}],"author":[{"embeddable":true,"href":"https:\/\/aheadhotel.de\/en\/wp-json\/wp\/v2\/users\/1"}],"replies":[{"embeddable":true,"href":"https:\/\/aheadhotel.de\/en\/wp-json\/wp\/v2\/comments?post=15593"}],"version-history":[{"count":0,"href":"https:\/\/aheadhotel.de\/en\/wp-json\/wp\/v2\/pages\/15593\/revisions"}],"wp:attachment":[{"href":"https:\/\/aheadhotel.de\/en\/wp-json\/wp\/v2\/media?parent=15593"}],"curies":[{"name":"wp","href":"https:\/\/api.w.org\/{rel}","templated":true}]}}