{"id":16329,"date":"2023-12-08T13:22:20","date_gmt":"2023-12-08T12:22:20","guid":{"rendered":"https:\/\/aheadhotel.de\/?page_id=16329"},"modified":"2026-02-01T10:06:41","modified_gmt":"2026-02-01T09:06:41","slug":"angebote","status":"publish","type":"page","link":"https:\/\/aheadhotel.de\/en\/angebote\/","title":{"rendered":"Offers"},"content":{"rendered":"<div data-elementor-type=\"wp-page\" data-elementor-id=\"16329\" class=\"elementor elementor-16329\" data-elementor-post-type=\"page\">\n\t\t\t\t<div class=\"elementor-element elementor-element-28f50de e-flex e-con-boxed e-con e-parent\" data-id=\"28f50de\" data-element_type=\"container\">\n\t\t\t\t\t<div class=\"e-con-inner\">\n\t\t\t\t<div class=\"elementor-element elementor-element-75e9f56 elementor-widget-divider--view-line elementor-widget elementor-widget-divider\" data-id=\"75e9f56\" data-element_type=\"widget\" data-widget_type=\"divider.default\">\n\t\t\t\t<div class=\"elementor-widget-container\">\n\t\t\t\t\t\t\t<div class=\"elementor-divider\">\n\t\t\t<span class=\"elementor-divider-separator\">\n\t\t\t\t\t\t<\/span>\n\t\t<\/div>\n\t\t\t\t\t\t<\/div>\n\t\t\t\t<\/div>\n\t\t\t\t\t<\/div>\n\t\t\t\t<\/div>\n\t\t<div class=\"elementor-element elementor-element-c91e196 e-flex e-con-boxed e-con e-parent\" data-id=\"c91e196\" data-element_type=\"container\">\n\t\t\t\t\t<div class=\"e-con-inner\">\n\t\t<div class=\"elementor-element elementor-element-0c0b4fe e-con-full e-flex e-con e-child\" data-id=\"0c0b4fe\" data-element_type=\"container\">\n\t\t\t\t<div class=\"elementor-element elementor-element-672d074 elementor-widget elementor-widget-image\" data-id=\"672d074\" data-element_type=\"widget\" data-widget_type=\"image.default\">\n\t\t\t\t<div class=\"elementor-widget-container\">\n\t\t\t\t\t\t\t\t\t\t\t\t\t\t\t<img fetchpriority=\"high\" decoding=\"async\" width=\"300\" height=\"300\" src=\"https:\/\/aheadhotel.de\/wp-content\/uploads\/2025\/01\/odeg-300x300.png\" class=\"attachment-medium size-medium wp-image-17981\" alt=\"\" srcset=\"https:\/\/aheadhotel.de\/wp-content\/uploads\/2025\/01\/odeg-300x300.png 300w, https:\/\/aheadhotel.de\/wp-content\/uploads\/2025\/01\/odeg-1024x1024.png 1024w, https:\/\/aheadhotel.de\/wp-content\/uploads\/2025\/01\/odeg-150x150.png 150w, https:\/\/aheadhotel.de\/wp-content\/uploads\/2025\/01\/odeg-768x768.png 768w, https:\/\/aheadhotel.de\/wp-content\/uploads\/2025\/01\/odeg-12x12.png 12w, https:\/\/aheadhotel.de\/wp-content\/uploads\/2025\/01\/odeg-650x650.png 650w, https:\/\/aheadhotel.de\/wp-content\/uploads\/2025\/01\/odeg.png 1080w\" sizes=\"(max-width: 300px) 100vw, 300px\" \/>\t\t\t\t\t\t\t\t\t\t\t\t\t\t\t<\/div>\n\t\t\t\t<\/div>\n\t\t\t\t<\/div>\n\t\t<div class=\"elementor-element elementor-element-4c07424 e-con-full e-flex e-con e-child\" data-id=\"4c07424\" data-element_type=\"container\">\n\t\t\t\t<div class=\"elementor-element elementor-element-dec5d7e elementor-widget elementor-widget-text-editor\" data-id=\"dec5d7e\" data-element_type=\"widget\" data-widget_type=\"text-editor.default\">\n\t\t\t\t<div class=\"elementor-widget-container\">\n\t\t\t\t\t\t\t\t\t<h6><strong>GREEN RATE<\/strong><\/h6><p><strong>5% Rabatt bei Anreise mit \u00d6PNV &amp; E-Auto oder Bike<\/strong><\/p><p>Wir unterst\u00fctzen eine klimafreundliche Anreise und schenken dir 5% Rabatt auf deine Zimmerrate mit Fr\u00fchst\u00fcck. Bei Check-In kannst du entweder dein Bahnticket (auch Deutschland-Ticket) oder den Fahrzeugschein eines Elektroautos (kein Hybrid) als Nachweis vorlegen. Der Rabatt gilt nur, wenn die Green Rate gebucht wurde, eine nachtr\u00e4gliche Einl\u00f6sung, eine Kombination mit anderen Angeboten oder verhandelten Vertragsraten ist nicht m\u00f6glich.<\/p><p>Thank you for traveling to us sustainably.<\/p>\t\t\t\t\t\t\t\t<\/div>\n\t\t\t\t<\/div>\n\t\t\t\t<\/div>\n\t\t\t\t\t<\/div>\n\t\t\t\t<\/div>\n\t\t<div class=\"elementor-element elementor-element-c90f284 e-flex e-con-boxed e-con e-parent\" data-id=\"c90f284\" data-element_type=\"container\">\n\t\t\t\t\t<div class=\"e-con-inner\">\n\t\t\t\t<div class=\"elementor-element elementor-element-dac6c13 elementor-align-center elementor-widget elementor-widget-button\" data-id=\"dac6c13\" data-element_type=\"widget\" data-widget_type=\"button.default\">\n\t\t\t\t<div class=\"elementor-widget-container\">\n\t\t\t\t\t\t\t\t\t<div class=\"elementor-button-wrapper\">\n\t\t\t\t\t<a class=\"elementor-button elementor-button-link elementor-size-sm\" href=\"https:\/\/booking.gauvendi.com\/recommendation?hc=GV573162&#038;bookingsrc=Website\">\n\t\t\t\t\t\t<span class=\"elementor-button-content-wrapper\">\n\t\t\t\t\t\t\t\t\t<span class=\"elementor-button-text\">Book here<\/span>\n\t\t\t\t\t<\/span>\n\t\t\t\t\t<\/a>\n\t\t\t\t<\/div>\n\t\t\t\t\t\t\t\t<\/div>\n\t\t\t\t<\/div>\n\t\t\t\t\t<\/div>\n\t\t\t\t<\/div>\n\t\t<div class=\"elementor-element elementor-element-cd76014 e-flex e-con-boxed e-con e-parent\" data-id=\"cd76014\" data-element_type=\"container\">\n\t\t\t\t\t<div class=\"e-con-inner\">\n\t\t\t\t<div class=\"elementor-element elementor-element-bd708a4 elementor-widget-divider--view-line elementor-widget elementor-widget-divider\" data-id=\"bd708a4\" data-element_type=\"widget\" data-widget_type=\"divider.default\">\n\t\t\t\t<div class=\"elementor-widget-container\">\n\t\t\t\t\t\t\t<div class=\"elementor-divider\">\n\t\t\t<span class=\"elementor-divider-separator\">\n\t\t\t\t\t\t<\/span>\n\t\t<\/div>\n\t\t\t\t\t\t<\/div>\n\t\t\t\t<\/div>\n\t\t\t\t\t<\/div>\n\t\t\t\t<\/div>\n\t\t<div class=\"elementor-element elementor-element-bff14b3 e-flex e-con-boxed e-con e-parent\" data-id=\"bff14b3\" data-element_type=\"container\">\n\t\t\t\t\t<div class=\"e-con-inner\">\n\t\t<div class=\"elementor-element elementor-element-d751110 e-con-full e-flex e-con e-child\" data-id=\"d751110\" data-element_type=\"container\">\n\t\t\t\t<div class=\"elementor-element elementor-element-ef38b10 elementor-widget elementor-widget-image\" data-id=\"ef38b10\" data-element_type=\"widget\" data-widget_type=\"image.default\">\n\t\t\t\t<div class=\"elementor-widget-container\">\n\t\t\t\t\t\t\t\t\t\t\t\t\t\t\t<img decoding=\"async\" width=\"300\" height=\"300\" src=\"https:\/\/aheadhotel.de\/wp-content\/uploads\/2025\/05\/Kein-Titel-340-x-156-px-LinkedIn-Beitrag-300x300.png\" class=\"attachment-medium size-medium wp-image-18530\" alt=\"\" srcset=\"https:\/\/aheadhotel.de\/wp-content\/uploads\/2025\/05\/Kein-Titel-340-x-156-px-LinkedIn-Beitrag-300x300.png 300w, https:\/\/aheadhotel.de\/wp-content\/uploads\/2025\/05\/Kein-Titel-340-x-156-px-LinkedIn-Beitrag-1024x1024.png 1024w, https:\/\/aheadhotel.de\/wp-content\/uploads\/2025\/05\/Kein-Titel-340-x-156-px-LinkedIn-Beitrag-150x150.png 150w, https:\/\/aheadhotel.de\/wp-content\/uploads\/2025\/05\/Kein-Titel-340-x-156-px-LinkedIn-Beitrag-768x768.png 768w, https:\/\/aheadhotel.de\/wp-content\/uploads\/2025\/05\/Kein-Titel-340-x-156-px-LinkedIn-Beitrag-12x12.png 12w, https:\/\/aheadhotel.de\/wp-content\/uploads\/2025\/05\/Kein-Titel-340-x-156-px-LinkedIn-Beitrag-650x650.png 650w, https:\/\/aheadhotel.de\/wp-content\/uploads\/2025\/05\/Kein-Titel-340-x-156-px-LinkedIn-Beitrag.png 1200w\" sizes=\"(max-width: 300px) 100vw, 300px\" \/>\t\t\t\t\t\t\t\t\t\t\t\t\t\t\t<\/div>\n\t\t\t\t<\/div>\n\t\t\t\t<\/div>\n\t\t<div class=\"elementor-element elementor-element-2842602 e-con-full e-flex e-con e-child\" data-id=\"2842602\" data-element_type=\"container\">\n\t\t\t\t<div class=\"elementor-element elementor-element-3509dbe elementor-widget elementor-widget-text-editor\" data-id=\"3509dbe\" data-element_type=\"widget\" data-widget_type=\"text-editor.default\">\n\t\t\t\t<div class=\"elementor-widget-container\">\n\t\t\t\t\t\t\t\t\t<h6><strong>STAY LONGER &amp; SAVE<\/strong><\/h6><p><strong>Up to 15% discount for longer stays of 4 nights or more.<\/strong><\/p><p class=\"\" data-start=\"134\" data-end=\"473\">More time for yourself, more peace and quiet in nature - the maximum discount is available for stays of 6 nights or more.<br data-start=\"202\" data-end=\"205\" \/>With our <strong data-start=\"217\" data-end=\"242\">\"Stay-longer\"-Rate<\/strong> we are giving you up to 15% off your room rate with breakfast if you book at least 21 days in advance. The longer the length of stay, the cheaper the rate.\u00a0<\/p><p class=\"\" data-start=\"640\" data-end=\"729\">The perfect offer for anyone who wants to really recharge their batteries - more time for mindfulness, relaxation and vegan cuisine.<\/p>\t\t\t\t\t\t\t\t<\/div>\n\t\t\t\t<\/div>\n\t\t\t\t<\/div>\n\t\t\t\t\t<\/div>\n\t\t\t\t<\/div>\n\t\t<div class=\"elementor-element elementor-element-b72c30c e-flex e-con-boxed e-con e-parent\" data-id=\"b72c30c\" data-element_type=\"container\">\n\t\t\t\t\t<div class=\"e-con-inner\">\n\t\t\t\t<div class=\"elementor-element elementor-element-4f55724 elementor-align-center elementor-widget elementor-widget-button\" data-id=\"4f55724\" data-element_type=\"widget\" data-widget_type=\"button.default\">\n\t\t\t\t<div class=\"elementor-widget-container\">\n\t\t\t\t\t\t\t\t\t<div class=\"elementor-button-wrapper\">\n\t\t\t\t\t<a class=\"elementor-button elementor-button-link elementor-size-sm\" href=\"https:\/\/booking.gauvendi.com\/recommendation?hc=GV573162&#038;bookingsrc=Website\">\n\t\t\t\t\t\t<span class=\"elementor-button-content-wrapper\">\n\t\t\t\t\t\t\t\t\t<span class=\"elementor-button-text\">Book here<\/span>\n\t\t\t\t\t<\/span>\n\t\t\t\t\t<\/a>\n\t\t\t\t<\/div>\n\t\t\t\t\t\t\t\t<\/div>\n\t\t\t\t<\/div>\n\t\t\t\t\t<\/div>\n\t\t\t\t<\/div>\n\t\t<div class=\"elementor-element elementor-element-0907062 e-flex e-con-boxed e-con e-parent\" data-id=\"0907062\" data-element_type=\"container\">\n\t\t\t\t\t<div class=\"e-con-inner\">\n\t\t\t\t<div class=\"elementor-element elementor-element-01a4c05 elementor-widget elementor-widget-heading\" data-id=\"01a4c05\" data-element_type=\"widget\" data-widget_type=\"heading.default\">\n\t\t\t\t<div class=\"elementor-widget-container\">\n\t\t\t\t\t<span class=\"elementor-heading-title elementor-size-default\">Cooperation partner discounts:<\/span>\t\t\t\t<\/div>\n\t\t\t\t<\/div>\n\t\t\t\t\t<\/div>\n\t\t\t\t<\/div>\n\t\t<div class=\"elementor-element elementor-element-e2ab406 e-flex e-con-boxed e-con e-parent\" data-id=\"e2ab406\" data-element_type=\"container\">\n\t\t\t\t\t<div class=\"e-con-inner\">\n\t\t<div class=\"elementor-element elementor-element-c653f77 e-con-full e-flex e-con e-child\" data-id=\"c653f77\" data-element_type=\"container\">\n\t\t\t\t<div class=\"elementor-element elementor-element-8837e93 elementor-widget elementor-widget-image\" data-id=\"8837e93\" data-element_type=\"widget\" data-widget_type=\"image.default\">\n\t\t\t\t<div class=\"elementor-widget-container\">\n\t\t\t\t\t\t\t\t\t\t\t\t\t\t\t\t<a href=\"https:\/\/www.swissveg.ch\/card\">\n\t\t\t\t\t\t\t<img decoding=\"async\" width=\"200\" height=\"150\" src=\"https:\/\/aheadhotel.de\/wp-content\/uploads\/2025\/05\/Swissveg-Card-Partner_2020_1-Rabatt.png\" class=\"attachment-large size-large wp-image-18516\" alt=\"Swissveg-Card-Partner\" srcset=\"https:\/\/aheadhotel.de\/wp-content\/uploads\/2025\/05\/Swissveg-Card-Partner_2020_1-Rabatt.png 200w, https:\/\/aheadhotel.de\/wp-content\/uploads\/2025\/05\/Swissveg-Card-Partner_2020_1-Rabatt-16x12.png 16w\" sizes=\"(max-width: 200px) 100vw, 200px\" \/>\t\t\t\t\t\t\t\t<\/a>\n\t\t\t\t\t\t\t\t\t\t\t\t\t\t\t<\/div>\n\t\t\t\t<\/div>\n\t\t\t\t<\/div>\n\t\t<div class=\"elementor-element elementor-element-10791f9 e-con-full e-flex e-con e-child\" data-id=\"10791f9\" data-element_type=\"container\">\n\t\t\t\t<div class=\"elementor-element elementor-element-ebd3701 elementor-widget elementor-widget-image\" data-id=\"ebd3701\" data-element_type=\"widget\" data-widget_type=\"image.default\">\n\t\t\t\t<div class=\"elementor-widget-container\">\n\t\t\t\t\t\t\t\t\t\t\t\t\t\t\t\t<a href=\"https:\/\/www.vegan.at\/vcard\">\n\t\t\t\t\t\t\t<img decoding=\"async\" src=\"https:\/\/aheadhotel.de\/wp-content\/uploads\/elementor\/thumbs\/vcard_front_ohnezahl-r5cw3gx1hpf95b29gkr60fbaup7ryira1iwr8vgf7k.png\" title=\"V Card\" alt=\"V Card\" loading=\"lazy\" \/>\t\t\t\t\t\t\t\t<\/a>\n\t\t\t\t\t\t\t\t\t\t\t\t\t\t\t<\/div>\n\t\t\t\t<\/div>\n\t\t\t\t<\/div>\n\t\t\t\t\t<\/div>\n\t\t\t\t<\/div>\n\t\t\t\t<\/div>","protected":false},"excerpt":{"rendered":"<p>GREEN RATE 5% Rabatt bei Anreise mit \u00d6PNV &amp; E-Auto oder Bike Wir unterst\u00fctzen eine klimafreundliche Anreise und schenken dir 5% Rabatt auf deine Zimmerrate mit Fr\u00fchst\u00fcck. Bei Check-In kannst du entweder dein Bahnticket (auch Deutschland-Ticket) oder den Fahrzeugschein eines Elektroautos (kein Hybrid) als Nachweis vorlegen. Der Rabatt gilt nur, wenn die Green Rate gebucht [&hellip;]<\/p>","protected":false},"author":1,"featured_media":0,"parent":0,"menu_order":0,"comment_status":"closed","ping_status":"closed","template":"page-full-width.php","meta":{"footnotes":""},"class_list":["post-16329","page","type-page","status-publish","hentry"],"yoast_head":"<!-- This site is optimized with the Yoast SEO plugin v25.5 - https:\/\/yoast.com\/wordpress\/plugins\/seo\/ -->\n<title>Rabattcodes und Angebote<\/title>\n<meta name=\"description\" content=\"Du bist auf der Suche nach Rabatten f\u00fcr das ahead hotel? Spare mit wechselnden Angeboten f\u00fcr deinen n\u00e4chsten Urlaub.\" \/>\n<meta name=\"robots\" content=\"index, follow, max-snippet:-1, max-image-preview:large, max-video-preview:-1\" \/>\n<link rel=\"canonical\" href=\"https:\/\/aheadhotel.de\/en\/angebote\/\" \/>\n<meta property=\"og:locale\" content=\"en_US\" \/>\n<meta property=\"og:type\" content=\"article\" \/>\n<meta property=\"og:title\" content=\"Rabattcodes und Angebote\" \/>\n<meta property=\"og:description\" content=\"Du bist auf der Suche nach Rabatten f\u00fcr das ahead hotel? Spare mit wechselnden Angeboten f\u00fcr deinen n\u00e4chsten Urlaub.\" \/>\n<meta property=\"og:url\" content=\"https:\/\/aheadhotel.de\/en\/angebote\/\" \/>\n<meta property=\"og:site_name\" content=\"ahead burghotel\" \/>\n<meta property=\"article:publisher\" content=\"http:\/\/facebook.com\/aheadhotel\" \/>\n<meta property=\"article:modified_time\" content=\"2026-02-01T09:06:41+00:00\" \/>\n<meta property=\"og:image\" content=\"https:\/\/aheadhotel.de\/wp-content\/uploads\/2025\/01\/odeg.png\" \/>\n\t<meta property=\"og:image:width\" content=\"1080\" \/>\n\t<meta property=\"og:image:height\" content=\"1080\" \/>\n\t<meta property=\"og:image:type\" content=\"image\/png\" \/>\n<meta name=\"twitter:card\" content=\"summary_large_image\" \/>\n<meta name=\"twitter:label1\" content=\"Est. reading time\" \/>\n\t<meta name=\"twitter:data1\" content=\"2 minutes\" \/>\n<script type=\"application\/ld+json\" class=\"yoast-schema-graph\">{\"@context\":\"https:\/\/schema.org\",\"@graph\":[{\"@type\":\"WebPage\",\"@id\":\"https:\/\/aheadhotel.de\/angebote\/\",\"url\":\"https:\/\/aheadhotel.de\/angebote\/\",\"name\":\"Rabattcodes und Angebote\",\"isPartOf\":{\"@id\":\"https:\/\/aheadhotel.de\/#website\"},\"primaryImageOfPage\":{\"@id\":\"https:\/\/aheadhotel.de\/angebote\/#primaryimage\"},\"image\":{\"@id\":\"https:\/\/aheadhotel.de\/angebote\/#primaryimage\"},\"thumbnailUrl\":\"https:\/\/aheadhotel.de\/wp-content\/uploads\/2025\/01\/odeg-300x300.png\",\"datePublished\":\"2023-12-08T12:22:20+00:00\",\"dateModified\":\"2026-02-01T09:06:41+00:00\",\"description\":\"Du bist auf der Suche nach Rabatten f\u00fcr das ahead hotel? Spare mit wechselnden Angeboten f\u00fcr deinen n\u00e4chsten Urlaub.\",\"breadcrumb\":{\"@id\":\"https:\/\/aheadhotel.de\/angebote\/#breadcrumb\"},\"inLanguage\":\"en-US\",\"potentialAction\":[{\"@type\":\"ReadAction\",\"target\":[\"https:\/\/aheadhotel.de\/angebote\/\"]}]},{\"@type\":\"ImageObject\",\"inLanguage\":\"en-US\",\"@id\":\"https:\/\/aheadhotel.de\/angebote\/#primaryimage\",\"url\":\"https:\/\/aheadhotel.de\/wp-content\/uploads\/2025\/01\/odeg-300x300.png\",\"contentUrl\":\"https:\/\/aheadhotel.de\/wp-content\/uploads\/2025\/01\/odeg-300x300.png\"},{\"@type\":\"BreadcrumbList\",\"@id\":\"https:\/\/aheadhotel.de\/angebote\/#breadcrumb\",\"itemListElement\":[{\"@type\":\"ListItem\",\"position\":1,\"name\":\"Startseite\",\"item\":\"https:\/\/aheadhotel.de\/\"},{\"@type\":\"ListItem\",\"position\":2,\"name\":\"Angebote\"}]},{\"@type\":\"WebSite\",\"@id\":\"https:\/\/aheadhotel.de\/#website\",\"url\":\"https:\/\/aheadhotel.de\/\",\"name\":\"ahead burghotel\",\"description\":\"Veganes Hotel zwischen Berlin und Hamburg\",\"publisher\":{\"@id\":\"https:\/\/aheadhotel.de\/#organization\"},\"potentialAction\":[{\"@type\":\"SearchAction\",\"target\":{\"@type\":\"EntryPoint\",\"urlTemplate\":\"https:\/\/aheadhotel.de\/?s={search_term_string}\"},\"query-input\":{\"@type\":\"PropertyValueSpecification\",\"valueRequired\":true,\"valueName\":\"search_term_string\"}}],\"inLanguage\":\"en-US\"},{\"@type\":\"Organization\",\"@id\":\"https:\/\/aheadhotel.de\/#organization\",\"name\":\"ahead burghotel\",\"url\":\"https:\/\/aheadhotel.de\/\",\"logo\":{\"@type\":\"ImageObject\",\"inLanguage\":\"en-US\",\"@id\":\"https:\/\/aheadhotel.de\/#\/schema\/logo\/image\/\",\"url\":\"https:\/\/aheadhotel.de\/wp-content\/uploads\/2021\/04\/01ahead_Logo_Final.png\",\"contentUrl\":\"https:\/\/aheadhotel.de\/wp-content\/uploads\/2021\/04\/01ahead_Logo_Final.png\",\"width\":1667,\"height\":1250,\"caption\":\"ahead burghotel\"},\"image\":{\"@id\":\"https:\/\/aheadhotel.de\/#\/schema\/logo\/image\/\"},\"sameAs\":[\"http:\/\/facebook.com\/aheadhotel\"]}]}<\/script>\n<!-- \/ Yoast SEO plugin. -->","yoast_head_json":{"title":"Rabattcodes und Angebote","description":"Du bist auf der Suche nach Rabatten f\u00fcr das ahead hotel? Spare mit wechselnden Angeboten f\u00fcr deinen n\u00e4chsten Urlaub.","robots":{"index":"index","follow":"follow","max-snippet":"max-snippet:-1","max-image-preview":"max-image-preview:large","max-video-preview":"max-video-preview:-1"},"canonical":"https:\/\/aheadhotel.de\/en\/angebote\/","og_locale":"en_US","og_type":"article","og_title":"Rabattcodes und Angebote","og_description":"Du bist auf der Suche nach Rabatten f\u00fcr das ahead hotel? Spare mit wechselnden Angeboten f\u00fcr deinen n\u00e4chsten Urlaub.","og_url":"https:\/\/aheadhotel.de\/en\/angebote\/","og_site_name":"ahead burghotel","article_publisher":"http:\/\/facebook.com\/aheadhotel","article_modified_time":"2026-02-01T09:06:41+00:00","og_image":[{"width":1080,"height":1080,"url":"https:\/\/aheadhotel.de\/wp-content\/uploads\/2025\/01\/odeg.png","type":"image\/png"}],"twitter_card":"summary_large_image","twitter_misc":{"Est. reading time":"2 minutes"},"schema":{"@context":"https:\/\/schema.org","@graph":[{"@type":"WebPage","@id":"https:\/\/aheadhotel.de\/angebote\/","url":"https:\/\/aheadhotel.de\/angebote\/","name":"Rabattcodes und Angebote","isPartOf":{"@id":"https:\/\/aheadhotel.de\/#website"},"primaryImageOfPage":{"@id":"https:\/\/aheadhotel.de\/angebote\/#primaryimage"},"image":{"@id":"https:\/\/aheadhotel.de\/angebote\/#primaryimage"},"thumbnailUrl":"https:\/\/aheadhotel.de\/wp-content\/uploads\/2025\/01\/odeg-300x300.png","datePublished":"2023-12-08T12:22:20+00:00","dateModified":"2026-02-01T09:06:41+00:00","description":"Du bist auf der Suche nach Rabatten f\u00fcr das ahead hotel? Spare mit wechselnden Angeboten f\u00fcr deinen n\u00e4chsten Urlaub.","breadcrumb":{"@id":"https:\/\/aheadhotel.de\/angebote\/#breadcrumb"},"inLanguage":"en-US","potentialAction":[{"@type":"ReadAction","target":["https:\/\/aheadhotel.de\/angebote\/"]}]},{"@type":"ImageObject","inLanguage":"en-US","@id":"https:\/\/aheadhotel.de\/angebote\/#primaryimage","url":"https:\/\/aheadhotel.de\/wp-content\/uploads\/2025\/01\/odeg-300x300.png","contentUrl":"https:\/\/aheadhotel.de\/wp-content\/uploads\/2025\/01\/odeg-300x300.png"},{"@type":"BreadcrumbList","@id":"https:\/\/aheadhotel.de\/angebote\/#breadcrumb","itemListElement":[{"@type":"ListItem","position":1,"name":"Startseite","item":"https:\/\/aheadhotel.de\/"},{"@type":"ListItem","position":2,"name":"Angebote"}]},{"@type":"WebSite","@id":"https:\/\/aheadhotel.de\/#website","url":"https:\/\/aheadhotel.de\/","name":"ahead burghotel","description":"Veganes Hotel zwischen Berlin und Hamburg","publisher":{"@id":"https:\/\/aheadhotel.de\/#organization"},"potentialAction":[{"@type":"SearchAction","target":{"@type":"EntryPoint","urlTemplate":"https:\/\/aheadhotel.de\/?s={search_term_string}"},"query-input":{"@type":"PropertyValueSpecification","valueRequired":true,"valueName":"search_term_string"}}],"inLanguage":"en-US"},{"@type":"Organization","@id":"https:\/\/aheadhotel.de\/#organization","name":"ahead burghotel","url":"https:\/\/aheadhotel.de\/","logo":{"@type":"ImageObject","inLanguage":"en-US","@id":"https:\/\/aheadhotel.de\/#\/schema\/logo\/image\/","url":"https:\/\/aheadhotel.de\/wp-content\/uploads\/2021\/04\/01ahead_Logo_Final.png","contentUrl":"https:\/\/aheadhotel.de\/wp-content\/uploads\/2021\/04\/01ahead_Logo_Final.png","width":1667,"height":1250,"caption":"ahead burghotel"},"image":{"@id":"https:\/\/aheadhotel.de\/#\/schema\/logo\/image\/"},"sameAs":["http:\/\/facebook.com\/aheadhotel"]}]}},"_links":{"self":[{"href":"https:\/\/aheadhotel.de\/en\/wp-json\/wp\/v2\/pages\/16329","targetHints":{"allow":["GET"]}}],"collection":[{"href":"https:\/\/aheadhotel.de\/en\/wp-json\/wp\/v2\/pages"}],"about":[{"href":"https:\/\/aheadhotel.de\/en\/wp-json\/wp\/v2\/types\/page"}],"author":[{"embeddable":true,"href":"https:\/\/aheadhotel.de\/en\/wp-json\/wp\/v2\/users\/1"}],"replies":[{"embeddable":true,"href":"https:\/\/aheadhotel.de\/en\/wp-json\/wp\/v2\/comments?post=16329"}],"version-history":[{"count":0,"href":"https:\/\/aheadhotel.de\/en\/wp-json\/wp\/v2\/pages\/16329\/revisions"}],"wp:attachment":[{"href":"https:\/\/aheadhotel.de\/en\/wp-json\/wp\/v2\/media?parent=16329"}],"curies":[{"name":"wp","href":"https:\/\/api.w.org\/{rel}","templated":true}]}}