{"id":17729,"date":"2024-10-28T15:13:59","date_gmt":"2024-10-28T14:13:59","guid":{"rendered":"https:\/\/aheadhotel.de\/?page_id=17729"},"modified":"2025-06-29T23:59:28","modified_gmt":"2025-06-29T21:59:28","slug":"barrierefreies-hotel","status":"publish","type":"page","link":"https:\/\/aheadhotel.de\/en\/barrierefreies-hotel\/","title":{"rendered":"Accessibility"},"content":{"rendered":"<div data-elementor-type=\"wp-page\" data-elementor-id=\"17729\" class=\"elementor elementor-17729\" data-elementor-post-type=\"page\">\n\t\t\t\t<div class=\"elementor-element elementor-element-24054f7 e-flex e-con-boxed e-con e-parent\" data-id=\"24054f7\" data-element_type=\"container\">\n\t\t\t\t\t<div class=\"e-con-inner\">\n\t\t\t\t<div class=\"elementor-element elementor-element-af05cdc elementor-widget elementor-widget-text-editor\" data-id=\"af05cdc\" data-element_type=\"widget\" data-widget_type=\"text-editor.default\">\n\t\t\t\t<div class=\"elementor-widget-container\">\n\t\t\t\t\t\t\t\t\t<p>Here you will find all the information about the barrier-free offers in our hotel - we also show you what can be more difficult. This is because the buildings are historic, listed and therefore have some structural limitations. Whether it's wheelchair-accessible rooms, elevators or access to communal areas - we have clearly listed everything that is and isn't possible. So you can be sure that your stay with us will be as pleasant and stress-free as possible. Do you have more detailed questions? Then don't hesitate to contact us and we'll go through everything important for your stay together.&nbsp;<\/p>\n<p><strong>Directions<\/strong><\/p>\n<p><span style=\"color: var( --e-global-color-text ); font-weight: var( --e-global-typography-text-font-weight ); text-align: var(--text-align);\">We have a marked parking lot for people with disabilities.<\/span><\/p>\n<p>Au\u00dfenwege sind teilweise nicht leicht begeh- und befahrbar, der Weg zum Haupteingang ist gepflastert und hat eine&nbsp;L\u00e4ngsneigung von bis zu 9%.<\/p>\n<p>The bus stop \u201cLenzen, Markt\u201d is 220 m away.<\/p>\n<p><strong>Castle (main house)<\/strong><\/p>\n<p>Der Zugang zum Hotel \u00fcber den Haupteingang erfolgt \u00fcber f\u00fcnf Stufen. Alternativ erfolgt der Zugang stufenlos \u00fcber eine Rampe am Nebeneingang. Hier ist der Zugang zum Restaurant place to V sowie zur Lobby &amp; Rezeption ausschlie\u00dflich durch den Backoffice-Bereich erreichbar. Die Rampe am Nebeneingang zum Hotel hat eine maximale Neigung von 5 % und eine Gesamtl\u00e4nge von 16 m.<\/p>\n<p>All areas are steplessly accessible via a door threshold of 3-4 cm height<span class=\"Apple-converted-space\">&nbsp;accessible (exception: teahouse with 10 cm)<\/span><\/p>\n<p>Almost all doors\/passages that can be used by guests and are raised are at least 80 cm wide. With some exceptions, some doors are only 70 cm wide.<\/p>\n<p>The elevator car is 100 cm x 130 cm. The elevator door is 90 cm wide.<\/p>\n<p><strong>historic castle school<\/strong><\/p>\n<ul>\n<li>Die Plattform des Treppenlifts in der historischen Burgschule ist 90 cm x 77 cm gro\u00df.<\/li>\n<\/ul>\n<p><strong>rooms<\/strong><\/p>\n<p>There are five barrier-free rooms, 4 in the historic castle school (eco+ room) and one in the castle (yard room)<\/p>\n<p><strong>yard room<\/strong><\/p>\n<ul>\n<li>The room is located in the castle on the 1st floor and is accessible by elevator.&nbsp;<\/li>\n<li>The bed is just under 60 cm high.<\/li>\n<li>The maneuvering spaces in the bathroom are: in front of the toilet and washbasin at least 120 cm x 120 cm; to the right of the toilet 90 cm x 55 cm; there is no maneuvering space on the left.<\/li>\n<li>There are grab rails to the left and right of the WC. The grab rail to the right of the toilet can be folded up. The height of the WC is approx. 43 cm.<\/li>\n<li>The washbasin has limited wheelchair access.<\/li>\n<li>The mirror can be viewed while standing or sitting.<\/li>\n<li>Die Dusche ist schwellenlos zug\u00e4nglich.&nbsp;Die Bewegungsfl\u00e4che in der Dusche betr\u00e4gt 100 cm x 100 cm.<\/li>\n<li>A shower seat can be provided if required.<\/li>\n<li>There are no grab rails in the shower.<\/li>\n<li>There is no alarm trigger.<\/li>\n<\/ul>\n<p><strong>eco+ room<\/strong>&nbsp;<\/p>\n<ul>\n<li>The maneuvering spaces in the bathroom are: in front of\/behind the door; in front of the toilet; in front of the washbasin at least 120 cm x 120 cm; to the left of the toilet 40 cm x 70 cm and to the right of the toilet 90 cm x 70 cm.<\/li>\n<li>There are grab rails to the left and right of the WC. The grab rails can be folded up.<\/li>\n<li>The washbasin is wheelchair accessible.<\/li>\n<li>The mirror can be viewed while standing or sitting.<\/li>\n<li>The shower is accessible without thresholds.<\/li>\n<li>The maneuvering space in the shower is 110 cm x 100 cm.<\/li>\n<li>A fold-out shower seat is available.<\/li>\n<li>There are no grab rails in the shower.<\/li>\n<li>There is no alarm trigger.<\/li>\n<\/ul>\t\t\t\t\t\t\t\t<\/div>\n\t\t\t\t<\/div>\n\t\t\t\t\t<\/div>\n\t\t\t\t<\/div>\n\t\t\t\t<\/div>","protected":false},"excerpt":{"rendered":"<p>Hier findest du alle Infos zu den barrierefreien Angeboten in unserem Hotel \u2013 ganz transparent zeigen wir auch, was schwieriger werden kann. Denn: Die Geb\u00e4ude sind historisch, denkmalgesch\u00fctzt und bringen daher baulich einige Einschr\u00e4nkungen mit. Egal, ob es um rollstuhlgerechte Zimmer, Aufz\u00fcge oder den Zugang zu Gemeinschaftsbereichen geht \u2013 wir haben alles klar aufgelistet, was [&hellip;]<\/p>","protected":false},"author":1,"featured_media":0,"parent":0,"menu_order":0,"comment_status":"closed","ping_status":"closed","template":"","meta":{"footnotes":""},"class_list":["post-17729","page","type-page","status-publish","hentry"],"yoast_head":"<!-- This site is optimized with the Yoast SEO plugin v25.5 - https:\/\/yoast.com\/wordpress\/plugins\/seo\/ -->\n<title>Barrierefreies Hotel - ahead burghotel<\/title>\n<meta name=\"description\" content=\"Urlaub mit Rollstuhl? Wir sind als Hotel ausgerichtet auf G\u00e4ste mit besonderen Bed\u00fcrfnissen sowie f\u00fcr Menschen mit Handicap.\" \/>\n<meta name=\"robots\" content=\"index, follow, max-snippet:-1, max-image-preview:large, max-video-preview:-1\" \/>\n<link rel=\"canonical\" href=\"https:\/\/aheadhotel.de\/en\/barrierefreies-hotel\/\" \/>\n<meta property=\"og:locale\" content=\"en_US\" \/>\n<meta property=\"og:type\" content=\"article\" \/>\n<meta property=\"og:title\" content=\"Barrierefreies Hotel - ahead burghotel\" \/>\n<meta property=\"og:description\" content=\"Urlaub mit Rollstuhl? Wir sind als Hotel ausgerichtet auf G\u00e4ste mit besonderen Bed\u00fcrfnissen sowie f\u00fcr Menschen mit Handicap.\" \/>\n<meta property=\"og:url\" content=\"https:\/\/aheadhotel.de\/en\/barrierefreies-hotel\/\" \/>\n<meta property=\"og:site_name\" content=\"ahead burghotel\" \/>\n<meta property=\"article:publisher\" content=\"http:\/\/facebook.com\/aheadhotel\" \/>\n<meta property=\"article:modified_time\" content=\"2025-06-29T21:59:28+00:00\" \/>\n<meta name=\"twitter:card\" content=\"summary_large_image\" \/>\n<meta name=\"twitter:label1\" content=\"Est. reading time\" \/>\n\t<meta name=\"twitter:data1\" content=\"3 minutes\" \/>\n<script type=\"application\/ld+json\" class=\"yoast-schema-graph\">{\"@context\":\"https:\/\/schema.org\",\"@graph\":[{\"@type\":\"WebPage\",\"@id\":\"https:\/\/aheadhotel.de\/barrierefreies-hotel\/\",\"url\":\"https:\/\/aheadhotel.de\/barrierefreies-hotel\/\",\"name\":\"Barrierefreies Hotel - ahead burghotel\",\"isPartOf\":{\"@id\":\"https:\/\/aheadhotel.de\/#website\"},\"datePublished\":\"2024-10-28T14:13:59+00:00\",\"dateModified\":\"2025-06-29T21:59:28+00:00\",\"description\":\"Urlaub mit Rollstuhl? Wir sind als Hotel ausgerichtet auf G\u00e4ste mit besonderen Bed\u00fcrfnissen sowie f\u00fcr Menschen mit Handicap.\",\"breadcrumb\":{\"@id\":\"https:\/\/aheadhotel.de\/barrierefreies-hotel\/#breadcrumb\"},\"inLanguage\":\"en-US\",\"potentialAction\":[{\"@type\":\"ReadAction\",\"target\":[\"https:\/\/aheadhotel.de\/barrierefreies-hotel\/\"]}]},{\"@type\":\"BreadcrumbList\",\"@id\":\"https:\/\/aheadhotel.de\/barrierefreies-hotel\/#breadcrumb\",\"itemListElement\":[{\"@type\":\"ListItem\",\"position\":1,\"name\":\"Startseite\",\"item\":\"https:\/\/aheadhotel.de\/\"},{\"@type\":\"ListItem\",\"position\":2,\"name\":\"Barrierefreiheit\"}]},{\"@type\":\"WebSite\",\"@id\":\"https:\/\/aheadhotel.de\/#website\",\"url\":\"https:\/\/aheadhotel.de\/\",\"name\":\"ahead burghotel\",\"description\":\"Veganes Hotel zwischen Berlin und Hamburg\",\"publisher\":{\"@id\":\"https:\/\/aheadhotel.de\/#organization\"},\"potentialAction\":[{\"@type\":\"SearchAction\",\"target\":{\"@type\":\"EntryPoint\",\"urlTemplate\":\"https:\/\/aheadhotel.de\/?s={search_term_string}\"},\"query-input\":{\"@type\":\"PropertyValueSpecification\",\"valueRequired\":true,\"valueName\":\"search_term_string\"}}],\"inLanguage\":\"en-US\"},{\"@type\":\"Organization\",\"@id\":\"https:\/\/aheadhotel.de\/#organization\",\"name\":\"ahead burghotel\",\"url\":\"https:\/\/aheadhotel.de\/\",\"logo\":{\"@type\":\"ImageObject\",\"inLanguage\":\"en-US\",\"@id\":\"https:\/\/aheadhotel.de\/#\/schema\/logo\/image\/\",\"url\":\"https:\/\/aheadhotel.de\/wp-content\/uploads\/2021\/04\/01ahead_Logo_Final.png\",\"contentUrl\":\"https:\/\/aheadhotel.de\/wp-content\/uploads\/2021\/04\/01ahead_Logo_Final.png\",\"width\":1667,\"height\":1250,\"caption\":\"ahead burghotel\"},\"image\":{\"@id\":\"https:\/\/aheadhotel.de\/#\/schema\/logo\/image\/\"},\"sameAs\":[\"http:\/\/facebook.com\/aheadhotel\"]}]}<\/script>\n<!-- \/ Yoast SEO plugin. -->","yoast_head_json":{"title":"Barrierefreies Hotel - ahead burghotel","description":"Urlaub mit Rollstuhl? Wir sind als Hotel ausgerichtet auf G\u00e4ste mit besonderen Bed\u00fcrfnissen sowie f\u00fcr Menschen mit Handicap.","robots":{"index":"index","follow":"follow","max-snippet":"max-snippet:-1","max-image-preview":"max-image-preview:large","max-video-preview":"max-video-preview:-1"},"canonical":"https:\/\/aheadhotel.de\/en\/barrierefreies-hotel\/","og_locale":"en_US","og_type":"article","og_title":"Barrierefreies Hotel - ahead burghotel","og_description":"Urlaub mit Rollstuhl? Wir sind als Hotel ausgerichtet auf G\u00e4ste mit besonderen Bed\u00fcrfnissen sowie f\u00fcr Menschen mit Handicap.","og_url":"https:\/\/aheadhotel.de\/en\/barrierefreies-hotel\/","og_site_name":"ahead burghotel","article_publisher":"http:\/\/facebook.com\/aheadhotel","article_modified_time":"2025-06-29T21:59:28+00:00","twitter_card":"summary_large_image","twitter_misc":{"Est. reading time":"3 minutes"},"schema":{"@context":"https:\/\/schema.org","@graph":[{"@type":"WebPage","@id":"https:\/\/aheadhotel.de\/barrierefreies-hotel\/","url":"https:\/\/aheadhotel.de\/barrierefreies-hotel\/","name":"Barrierefreies Hotel - ahead burghotel","isPartOf":{"@id":"https:\/\/aheadhotel.de\/#website"},"datePublished":"2024-10-28T14:13:59+00:00","dateModified":"2025-06-29T21:59:28+00:00","description":"Urlaub mit Rollstuhl? Wir sind als Hotel ausgerichtet auf G\u00e4ste mit besonderen Bed\u00fcrfnissen sowie f\u00fcr Menschen mit Handicap.","breadcrumb":{"@id":"https:\/\/aheadhotel.de\/barrierefreies-hotel\/#breadcrumb"},"inLanguage":"en-US","potentialAction":[{"@type":"ReadAction","target":["https:\/\/aheadhotel.de\/barrierefreies-hotel\/"]}]},{"@type":"BreadcrumbList","@id":"https:\/\/aheadhotel.de\/barrierefreies-hotel\/#breadcrumb","itemListElement":[{"@type":"ListItem","position":1,"name":"Startseite","item":"https:\/\/aheadhotel.de\/"},{"@type":"ListItem","position":2,"name":"Barrierefreiheit"}]},{"@type":"WebSite","@id":"https:\/\/aheadhotel.de\/#website","url":"https:\/\/aheadhotel.de\/","name":"ahead burghotel","description":"Veganes Hotel zwischen Berlin und Hamburg","publisher":{"@id":"https:\/\/aheadhotel.de\/#organization"},"potentialAction":[{"@type":"SearchAction","target":{"@type":"EntryPoint","urlTemplate":"https:\/\/aheadhotel.de\/?s={search_term_string}"},"query-input":{"@type":"PropertyValueSpecification","valueRequired":true,"valueName":"search_term_string"}}],"inLanguage":"en-US"},{"@type":"Organization","@id":"https:\/\/aheadhotel.de\/#organization","name":"ahead burghotel","url":"https:\/\/aheadhotel.de\/","logo":{"@type":"ImageObject","inLanguage":"en-US","@id":"https:\/\/aheadhotel.de\/#\/schema\/logo\/image\/","url":"https:\/\/aheadhotel.de\/wp-content\/uploads\/2021\/04\/01ahead_Logo_Final.png","contentUrl":"https:\/\/aheadhotel.de\/wp-content\/uploads\/2021\/04\/01ahead_Logo_Final.png","width":1667,"height":1250,"caption":"ahead burghotel"},"image":{"@id":"https:\/\/aheadhotel.de\/#\/schema\/logo\/image\/"},"sameAs":["http:\/\/facebook.com\/aheadhotel"]}]}},"_links":{"self":[{"href":"https:\/\/aheadhotel.de\/en\/wp-json\/wp\/v2\/pages\/17729","targetHints":{"allow":["GET"]}}],"collection":[{"href":"https:\/\/aheadhotel.de\/en\/wp-json\/wp\/v2\/pages"}],"about":[{"href":"https:\/\/aheadhotel.de\/en\/wp-json\/wp\/v2\/types\/page"}],"author":[{"embeddable":true,"href":"https:\/\/aheadhotel.de\/en\/wp-json\/wp\/v2\/users\/1"}],"replies":[{"embeddable":true,"href":"https:\/\/aheadhotel.de\/en\/wp-json\/wp\/v2\/comments?post=17729"}],"version-history":[{"count":0,"href":"https:\/\/aheadhotel.de\/en\/wp-json\/wp\/v2\/pages\/17729\/revisions"}],"wp:attachment":[{"href":"https:\/\/aheadhotel.de\/en\/wp-json\/wp\/v2\/media?parent=17729"}],"curies":[{"name":"wp","href":"https:\/\/api.w.org\/{rel}","templated":true}]}}