{"id":18240,"date":"2025-02-25T14:17:27","date_gmt":"2025-02-25T13:17:27","guid":{"rendered":"https:\/\/aheadhotel.de\/?page_id=18240"},"modified":"2025-06-05T14:32:04","modified_gmt":"2025-06-05T12:32:04","slug":"wochenprogramm","status":"publish","type":"page","link":"https:\/\/aheadhotel.de\/en\/wochenprogramm\/","title":{"rendered":"weekly program"},"content":{"rendered":"<div data-elementor-type=\"wp-page\" data-elementor-id=\"18240\" class=\"elementor elementor-18240\" data-elementor-post-type=\"page\">\n\t\t\t\t<div class=\"elementor-element elementor-element-28f50de e-flex e-con-boxed e-con e-parent\" data-id=\"28f50de\" data-element_type=\"container\">\n\t\t\t\t\t<div class=\"e-con-inner\">\n\t\t\t\t<div class=\"elementor-element elementor-element-75e9f56 elementor-widget-divider--view-line elementor-widget elementor-widget-divider\" data-id=\"75e9f56\" data-element_type=\"widget\" data-widget_type=\"divider.default\">\n\t\t\t\t<div class=\"elementor-widget-container\">\n\t\t\t\t\t\t\t<div class=\"elementor-divider\">\n\t\t\t<span class=\"elementor-divider-separator\">\n\t\t\t\t\t\t<\/span>\n\t\t<\/div>\n\t\t\t\t\t\t<\/div>\n\t\t\t\t<\/div>\n\t\t\t\t\t<\/div>\n\t\t\t\t<\/div>\n\t\t<div class=\"elementor-element elementor-element-e285aaf e-flex e-con-boxed e-con e-parent\" data-id=\"e285aaf\" data-element_type=\"container\">\n\t\t\t\t\t<div class=\"e-con-inner\">\n\t\t\t\t<div class=\"elementor-element elementor-element-ca8d89f elementor-widget elementor-widget-text-editor\" data-id=\"ca8d89f\" data-element_type=\"widget\" data-widget_type=\"text-editor.default\">\n\t\t\t\t<div class=\"elementor-widget-container\">\n\t\t\t\t\t\t\t\t\t<p>Whether yoga, Pilates, guided tours, nature experiences, or events, check out the mindful and athletic activities on offer over the next few days and register directly.\u00a0<\/p><p>Without prior registration, availability cannot be guaranteed at short notice.\u00a0<\/p>\t\t\t\t\t\t\t\t<\/div>\n\t\t\t\t<\/div>\n\t\t\t\t\t<\/div>\n\t\t\t\t<\/div>\n\t\t<div class=\"elementor-element elementor-element-67c9d85 e-flex e-con-boxed e-con e-parent\" data-id=\"67c9d85\" data-element_type=\"container\">\n\t\t\t\t\t<div class=\"e-con-inner\">\n\t\t\t\t<div class=\"elementor-element elementor-element-26ff766 elementor-widget elementor-widget-html\" data-id=\"26ff766\" data-element_type=\"widget\" data-widget_type=\"html.default\">\n\t\t\t\t<div class=\"elementor-widget-container\">\n\t\t\t\t\t<!-- Wochenprogramm -->\n<script src=\"https:\/\/static.elfsight.com\/platform\/platform.js\" async><\/script>\n<div class=\"elfsight-app-21cd325e-2117-4a1e-ac21-3fdc9cdaf05a\" data-elfsight-app-lazy><\/div>\t\t\t\t<\/div>\n\t\t\t\t<\/div>\n\t\t\t\t\t<\/div>\n\t\t\t\t<\/div>\n\t\t\t\t<\/div>","protected":false},"excerpt":{"rendered":"<p>Ob Yoga, Pilates, F\u00fchrungen und Naturerlebnisse oder Events. Schaue dir an, welche achtsamen und sportlichen Aktivit\u00e4ten in den n\u00e4chsten Tagen angeboten werden und melde dich direkt an.\u00a0 Ohne vorherige Anmeldung kann kurzfristig keine Verf\u00fcgbarkeit garantiert werden.\u00a0<\/p>","protected":false},"author":1,"featured_media":0,"parent":0,"menu_order":0,"comment_status":"closed","ping_status":"closed","template":"page-full-width.php","meta":{"footnotes":""},"class_list":["post-18240","page","type-page","status-publish","hentry"],"yoast_head":"<!-- This site is optimized with the Yoast SEO plugin v25.5 - https:\/\/yoast.com\/wordpress\/plugins\/seo\/ -->\n<title>ahead Hotel Wochenprogramm<\/title>\n<meta name=\"description\" content=\"Ob Yoga, Pilates, F\u00fchrungen oder Events. Schaue nach, was im ahead Hotel los ist und melde dich direkt an.\" \/>\n<meta name=\"robots\" content=\"index, follow, max-snippet:-1, max-image-preview:large, max-video-preview:-1\" \/>\n<link rel=\"canonical\" href=\"https:\/\/aheadhotel.de\/en\/wochenprogramm\/\" \/>\n<meta property=\"og:locale\" content=\"en_US\" \/>\n<meta property=\"og:type\" content=\"article\" \/>\n<meta property=\"og:title\" content=\"ahead Hotel Wochenprogramm\" \/>\n<meta property=\"og:description\" content=\"Ob Yoga, Pilates, F\u00fchrungen oder Events. Schaue nach, was im ahead Hotel los ist und melde dich direkt an.\" \/>\n<meta property=\"og:url\" content=\"https:\/\/aheadhotel.de\/en\/wochenprogramm\/\" \/>\n<meta property=\"og:site_name\" content=\"ahead burghotel\" \/>\n<meta property=\"article:publisher\" content=\"http:\/\/facebook.com\/aheadhotel\" \/>\n<meta property=\"article:modified_time\" content=\"2025-06-05T12:32:04+00:00\" \/>\n<meta name=\"twitter:card\" content=\"summary_large_image\" \/>\n<meta name=\"twitter:label1\" content=\"Est. reading time\" \/>\n\t<meta name=\"twitter:data1\" content=\"11 minutes\" \/>\n<script type=\"application\/ld+json\" class=\"yoast-schema-graph\">{\"@context\":\"https:\/\/schema.org\",\"@graph\":[{\"@type\":\"WebPage\",\"@id\":\"https:\/\/aheadhotel.de\/wochenprogramm\/\",\"url\":\"https:\/\/aheadhotel.de\/wochenprogramm\/\",\"name\":\"ahead Hotel Wochenprogramm\",\"isPartOf\":{\"@id\":\"https:\/\/aheadhotel.de\/#website\"},\"datePublished\":\"2025-02-25T13:17:27+00:00\",\"dateModified\":\"2025-06-05T12:32:04+00:00\",\"description\":\"Ob Yoga, Pilates, F\u00fchrungen oder Events. Schaue nach, was im ahead Hotel los ist und melde dich direkt an.\",\"breadcrumb\":{\"@id\":\"https:\/\/aheadhotel.de\/wochenprogramm\/#breadcrumb\"},\"inLanguage\":\"en-US\",\"potentialAction\":[{\"@type\":\"ReadAction\",\"target\":[\"https:\/\/aheadhotel.de\/wochenprogramm\/\"]}]},{\"@type\":\"BreadcrumbList\",\"@id\":\"https:\/\/aheadhotel.de\/wochenprogramm\/#breadcrumb\",\"itemListElement\":[{\"@type\":\"ListItem\",\"position\":1,\"name\":\"Startseite\",\"item\":\"https:\/\/aheadhotel.de\/\"},{\"@type\":\"ListItem\",\"position\":2,\"name\":\"Wochenprogramm\"}]},{\"@type\":\"WebSite\",\"@id\":\"https:\/\/aheadhotel.de\/#website\",\"url\":\"https:\/\/aheadhotel.de\/\",\"name\":\"ahead burghotel\",\"description\":\"Veganes Hotel zwischen Berlin und Hamburg\",\"publisher\":{\"@id\":\"https:\/\/aheadhotel.de\/#organization\"},\"potentialAction\":[{\"@type\":\"SearchAction\",\"target\":{\"@type\":\"EntryPoint\",\"urlTemplate\":\"https:\/\/aheadhotel.de\/?s={search_term_string}\"},\"query-input\":{\"@type\":\"PropertyValueSpecification\",\"valueRequired\":true,\"valueName\":\"search_term_string\"}}],\"inLanguage\":\"en-US\"},{\"@type\":\"Organization\",\"@id\":\"https:\/\/aheadhotel.de\/#organization\",\"name\":\"ahead burghotel\",\"url\":\"https:\/\/aheadhotel.de\/\",\"logo\":{\"@type\":\"ImageObject\",\"inLanguage\":\"en-US\",\"@id\":\"https:\/\/aheadhotel.de\/#\/schema\/logo\/image\/\",\"url\":\"https:\/\/aheadhotel.de\/wp-content\/uploads\/2021\/04\/01ahead_Logo_Final.png\",\"contentUrl\":\"https:\/\/aheadhotel.de\/wp-content\/uploads\/2021\/04\/01ahead_Logo_Final.png\",\"width\":1667,\"height\":1250,\"caption\":\"ahead burghotel\"},\"image\":{\"@id\":\"https:\/\/aheadhotel.de\/#\/schema\/logo\/image\/\"},\"sameAs\":[\"http:\/\/facebook.com\/aheadhotel\"]}]}<\/script>\n<!-- \/ Yoast SEO plugin. -->","yoast_head_json":{"title":"ahead Hotel Wochenprogramm","description":"Ob Yoga, Pilates, F\u00fchrungen oder Events. Schaue nach, was im ahead Hotel los ist und melde dich direkt an.","robots":{"index":"index","follow":"follow","max-snippet":"max-snippet:-1","max-image-preview":"max-image-preview:large","max-video-preview":"max-video-preview:-1"},"canonical":"https:\/\/aheadhotel.de\/en\/wochenprogramm\/","og_locale":"en_US","og_type":"article","og_title":"ahead Hotel Wochenprogramm","og_description":"Ob Yoga, Pilates, F\u00fchrungen oder Events. Schaue nach, was im ahead Hotel los ist und melde dich direkt an.","og_url":"https:\/\/aheadhotel.de\/en\/wochenprogramm\/","og_site_name":"ahead burghotel","article_publisher":"http:\/\/facebook.com\/aheadhotel","article_modified_time":"2025-06-05T12:32:04+00:00","twitter_card":"summary_large_image","twitter_misc":{"Est. reading time":"11 minutes"},"schema":{"@context":"https:\/\/schema.org","@graph":[{"@type":"WebPage","@id":"https:\/\/aheadhotel.de\/wochenprogramm\/","url":"https:\/\/aheadhotel.de\/wochenprogramm\/","name":"ahead Hotel Wochenprogramm","isPartOf":{"@id":"https:\/\/aheadhotel.de\/#website"},"datePublished":"2025-02-25T13:17:27+00:00","dateModified":"2025-06-05T12:32:04+00:00","description":"Ob Yoga, Pilates, F\u00fchrungen oder Events. Schaue nach, was im ahead Hotel los ist und melde dich direkt an.","breadcrumb":{"@id":"https:\/\/aheadhotel.de\/wochenprogramm\/#breadcrumb"},"inLanguage":"en-US","potentialAction":[{"@type":"ReadAction","target":["https:\/\/aheadhotel.de\/wochenprogramm\/"]}]},{"@type":"BreadcrumbList","@id":"https:\/\/aheadhotel.de\/wochenprogramm\/#breadcrumb","itemListElement":[{"@type":"ListItem","position":1,"name":"Startseite","item":"https:\/\/aheadhotel.de\/"},{"@type":"ListItem","position":2,"name":"Wochenprogramm"}]},{"@type":"WebSite","@id":"https:\/\/aheadhotel.de\/#website","url":"https:\/\/aheadhotel.de\/","name":"ahead burghotel","description":"Veganes Hotel zwischen Berlin und Hamburg","publisher":{"@id":"https:\/\/aheadhotel.de\/#organization"},"potentialAction":[{"@type":"SearchAction","target":{"@type":"EntryPoint","urlTemplate":"https:\/\/aheadhotel.de\/?s={search_term_string}"},"query-input":{"@type":"PropertyValueSpecification","valueRequired":true,"valueName":"search_term_string"}}],"inLanguage":"en-US"},{"@type":"Organization","@id":"https:\/\/aheadhotel.de\/#organization","name":"ahead burghotel","url":"https:\/\/aheadhotel.de\/","logo":{"@type":"ImageObject","inLanguage":"en-US","@id":"https:\/\/aheadhotel.de\/#\/schema\/logo\/image\/","url":"https:\/\/aheadhotel.de\/wp-content\/uploads\/2021\/04\/01ahead_Logo_Final.png","contentUrl":"https:\/\/aheadhotel.de\/wp-content\/uploads\/2021\/04\/01ahead_Logo_Final.png","width":1667,"height":1250,"caption":"ahead burghotel"},"image":{"@id":"https:\/\/aheadhotel.de\/#\/schema\/logo\/image\/"},"sameAs":["http:\/\/facebook.com\/aheadhotel"]}]}},"_links":{"self":[{"href":"https:\/\/aheadhotel.de\/en\/wp-json\/wp\/v2\/pages\/18240","targetHints":{"allow":["GET"]}}],"collection":[{"href":"https:\/\/aheadhotel.de\/en\/wp-json\/wp\/v2\/pages"}],"about":[{"href":"https:\/\/aheadhotel.de\/en\/wp-json\/wp\/v2\/types\/page"}],"author":[{"embeddable":true,"href":"https:\/\/aheadhotel.de\/en\/wp-json\/wp\/v2\/users\/1"}],"replies":[{"embeddable":true,"href":"https:\/\/aheadhotel.de\/en\/wp-json\/wp\/v2\/comments?post=18240"}],"version-history":[{"count":0,"href":"https:\/\/aheadhotel.de\/en\/wp-json\/wp\/v2\/pages\/18240\/revisions"}],"wp:attachment":[{"href":"https:\/\/aheadhotel.de\/en\/wp-json\/wp\/v2\/media?parent=18240"}],"curies":[{"name":"wp","href":"https:\/\/api.w.org\/{rel}","templated":true}]}}