{"id":18282,"date":"2025-03-06T15:50:02","date_gmt":"2025-03-06T14:50:02","guid":{"rendered":"https:\/\/aheadhotel.de\/?page_id=18282"},"modified":"2025-03-06T15:50:32","modified_gmt":"2025-03-06T14:50:32","slug":"vertragsbedingungen","status":"publish","type":"page","link":"https:\/\/aheadhotel.de\/en\/vertragsbedingungen\/","title":{"rendered":"Vertragsbedingungen"},"content":{"rendered":"<div data-elementor-type=\"wp-page\" data-elementor-id=\"18282\" class=\"elementor elementor-18282\" data-elementor-post-type=\"page\">\n\t\t\t\t\t\t<section class=\"elementor-section elementor-top-section elementor-element elementor-element-271a931 elementor-section-boxed elementor-section-height-default elementor-section-height-default qodef-elementor-content-no\" data-id=\"271a931\" data-element_type=\"section\">\n\t\t\t\t\t\t<div class=\"elementor-container elementor-column-gap-default\">\n\t\t\t\t\t<div class=\"elementor-column elementor-col-100 elementor-top-column elementor-element elementor-element-e3e4e5a\" data-id=\"e3e4e5a\" data-element_type=\"column\">\n\t\t\t<div class=\"elementor-widget-wrap elementor-element-populated\">\n\t\t\t\t\t\t<div class=\"elementor-element elementor-element-f216646 elementor-widget elementor-widget-text-editor\" data-id=\"f216646\" data-element_type=\"widget\" data-widget_type=\"text-editor.default\">\n\t\t\t\t<div class=\"elementor-widget-container\">\n\t\t\t\t\t\t\t\t\t<table cellspacing=\"0\" cellpadding=\"0\"><tbody><tr><td valign=\"top\"><p><b>Vertragsbedingungen <\/b>1.<span class=\"Apple-converted-space\">\u00a0<\/span><\/p><\/td><td valign=\"top\"><p>\u00dcBERGABE AN DRITTE<span class=\"Apple-converted-space\">\u00a0<\/span><\/p><p>Mieter ist die im Vertrag benannte Person. Grunds\u00e4tzlich ist nur diese Person zur vertragsgem\u00e4\u00dfen Nutzung<span class=\"Apple-converted-space\">\u00a0<\/span><\/p><p>berechtigt. \u00dcbergibt der Mieter das Fahrzeug an Dritte, so haftet er grunds\u00e4tzlich f\u00fcr Sch\u00e4den, die an dem Fahrzeug durch den Dritten verursacht werden. Dies gilt auch f\u00fcr Folgesch\u00e4den.<span class=\"Apple-converted-space\">\u00a0<\/span><\/p><\/td><\/tr><tr><td valign=\"top\"><p>2.<span class=\"Apple-converted-space\">\u00a0<\/span><\/p><\/td><td valign=\"top\"><p>MIETDAUER\/\u00dcBERGABE<span class=\"Apple-converted-space\">\u00a0<\/span><\/p><p>Der Mieter ist verpflichtet das\/die Fahrzeuge zur im Mietvertrag vereinbarten Zeit zur\u00fcckzugeben. Bei vorzeitiger R\u00fcckgabe des Fahrzeuges wird ein anteiliger Mietpreis nicht erstattet .Eine Verl\u00e4ngerung der Mietdauer ist nur nach vorheriger Absprache mit dem Hotel m\u00f6glich. F\u00fcr die verl\u00e4ngerte Mietzeit (in Tagen) wird der Preis nacherhoben.<span class=\"Apple-converted-space\">\u00a0<\/span><\/p><\/td><\/tr><tr><td valign=\"top\"><p>3.<span class=\"Apple-converted-space\">\u00a0<\/span><\/p><\/td><td valign=\"top\"><p>HAFTUNGSAUSSCHLUSS DES VERMIETERS<span class=\"Apple-converted-space\">\u00a0<\/span><\/p><p>Jeder ist f\u00fcr sich selbst und das Mietrad verantwortlich. Mit Unterzeichnung des Verleihvertrages bzw. bei<span class=\"Apple-converted-space\">\u00a0<\/span><\/p><p>\u00dcbernahme des Fahrrades, erkennt der Mieter den ordnungsgem\u00e4\u00dfen und mangelfreien Zustand des Fahrrades an.Etwaige Beanstandungen sind schriftlich im Verleihvertrag zu vermerken.<span class=\"Apple-converted-space\">\u00a0<\/span><\/p><p>Alle Leihgegenst\u00e4nde sind in einem einwandfreien Zustand zu halten.<span class=\"Apple-converted-space\">\u00a0<\/span><\/p><p>Der Mieter haftet nach allgemeinen Haftungsregeln, wenn er das Fahrzeug besch\u00e4digt oder eine sonstige<span class=\"Apple-converted-space\">\u00a0<\/span><\/p><p>Vertragsverletzung begeht. Insbesondere hat der Mieter das Fahrzeug &#8211; abgesehen von Verschmutzungen und Abnutzungen im Rahmen einer \u00fcblichen Nutzung &#8211; in demselben Zustand zur\u00fcckzugeben, wie er es \u00fcbernommen hat.<span class=\"Apple-converted-space\">\u00a0<\/span><\/p><\/td><\/tr><tr><td valign=\"top\"><p>4.<span class=\"Apple-converted-space\">\u00a0<\/span><\/p><\/td><td valign=\"top\"><p>NUTZUNG \/ VERBOTE<span class=\"Apple-converted-space\">\u00a0<\/span><\/p><p>Nicht zul\u00e4ssig ist jegliche Zweckentfremdung der Fahrzeuge, der Transport einer oder mehrerer zus\u00e4tzlichen Person\/en, z.B. auf dem Gep\u00e4cktr\u00e4ger, die \u00dcberladung eines Fahrrades (das bedeutet die \u00dcberschreitung des zul\u00e4ssigen Gesamtgewichtes (=Fahrrad, Fahrer und Gep\u00e4ck), Dieses entspricht 120kg f\u00fcr Fahrr\u00e4der sowie 130kg f\u00fcr E-Bikes, Dar\u00fcber hinaus ist das \u00dcberfahren von Hindernissen, bei denen das Fahrzeug offensichtlich einen Schaden erleiden kann, ebenso nicht zul\u00e4ssig. Der Mieter hat sich gem\u00e4\u00df den im Stra\u00dfenverkehr geltenden Regeln fortzubewegen. Ausdr\u00fccklich verboten sind das Hinauf- oder Herunterfahren von Treppenstufen, sowie das \u00dcberfahren von Bordsteinkanten mit dem Mietfahrrad.<span class=\"Apple-converted-space\">\u00a0<\/span><\/p><\/td><\/tr><tr><td valign=\"top\"><p>5.<span class=\"Apple-converted-space\">\u00a0<\/span><\/p><\/td><td valign=\"top\"><p>SCH\u00c4DEN AM FAHRZEUG<span class=\"Apple-converted-space\">\u00a0<\/span><\/p><p>Der Mieter hat die Pflicht dem Vermieter aufgetretene Sch\u00e4den anzuzeigen. Diese werden behoben oder falls erforderlich wird ein Ersatzfahrrad \u00fcbergeben. Bei einem Unfall bei dem das Fahrzeug einen Schaden erleidet, ist der Mieter in jedem Fall, auch bei Bagatellsch\u00e4den verpflichtet, den Unfallhergang von der Polizei aufnehmen zu lassen. Bei selbstverschuldeten Unf\u00e4llen haftet grunds\u00e4tzlich der Mieter f\u00fcr Sch\u00e4den am Fahrzeug und daraus entstehenden Folgesch\u00e4den. Bei fremd verursachten Sch\u00e4den haftet der Verursacher f\u00fcr Sch\u00e4den und Folgesch\u00e4den; um sp\u00e4tere Schuldfragen zu kl\u00e4ren ist deshalb der Unfallhergang von der Polizei aufzunehmen. Der Mieter haftet insbesondere f\u00fcr fahrl\u00e4ssig und mutwillig verursachte Sch\u00e4den (Lackkratzer, Schaden durch Umfallen des Fahrrades etc.) und f\u00fcr Sch\u00e4den, die aus der Verletzung der Mietbedingungen resultieren. Dies schlie\u00dft auch Folgesch\u00e4den ein. Sinngem\u00e4\u00df gelten o.g. Bedingungen auch dann, wenn es zu Sch\u00e4den durch Vorg\u00e4nge kommt, bei dem mehrere Mieter beteiligt sind, unabh\u00e4ngig davon, ob die Mieter in einer Gruppe sind oder nicht.<span class=\"Apple-converted-space\">\u00a0<\/span><\/p><p><i>Bei Verlust des Fahrradschlossschl\u00fcssels oder Besch\u00e4digung\/Verlust des Schlosses ist eine<span class=\"Apple-converted-space\">\u00a0<\/span><\/i><\/p><p><i>Vertragsstrafe in H\u00f6he von EUR 40,00 zu zahlen. Weitergehender Schadensersatz bleibt davon unber\u00fchrt.<span class=\"Apple-converted-space\">\u00a0<\/span><\/i><\/p><\/td><\/tr><tr><td valign=\"top\"><p>6.<span class=\"Apple-converted-space\">\u00a0<\/span><\/p><\/td><td valign=\"top\"><p>VERLUST DES FAHRZEUGS<span class=\"Apple-converted-space\">\u00a0<\/span><\/p><p>Den Diebstahl eines Fahrzeugs w\u00e4hrend der Nutzungsdauer hat der Mieter unverz\u00fcglich dem Vermieter sowie der zust\u00e4ndigen Polizeibeh\u00f6rde zu melden. Im Anschluss ist das polizeiliche Aktenzeichen dem Vermieter durchzugeben. Eine Versicherung des Fahrzeugs gegen Diebstahl ist nicht m\u00f6glich. Die Kosten f\u00fcr die Neubeschaffung tr\u00e4gt der Mieter.<span class=\"Apple-converted-space\">\u00a0<\/span><\/p><\/td><\/tr><tr><td valign=\"top\"><p>7.<span class=\"Apple-converted-space\">\u00a0<\/span><\/p><\/td><td valign=\"top\"><p>R\u00dcCKGABE DES FAHRRADES\/DER FAHRR\u00c4DER<span class=\"Apple-converted-space\">\u00a0<\/span><\/p><p>Das Fahrrad \/ die Fahrr\u00e4der gem\u00e4\u00df Mietvertrag sind vollz\u00e4hlig und mit der Ausstattung bei \u00dcbergabe des<span class=\"Apple-converted-space\">\u00a0<\/span><\/p><p>Fahrzeuges zur\u00fcckzugeben. Die Fahrzeuge sind im sauberen Zustand zur\u00fcckzugeben.<span class=\"Apple-converted-space\">\u00a0<\/span><\/p><p>Alle Schadensf\u00e4lle sind uns bitte sofort anzuzeigen.<span class=\"Apple-converted-space\">\u00a0<\/span><\/p><\/td><\/tr><\/tbody><\/table>\t\t\t\t\t\t\t\t<\/div>\n\t\t\t\t<\/div>\n\t\t\t\t\t<\/div>\n\t\t<\/div>\n\t\t\t\t\t<\/div>\n\t\t<\/section>\n\t\t\t\t<\/div>","protected":false},"excerpt":{"rendered":"<p>Vertragsbedingungen 1.\u00a0 \u00dcBERGABE AN DRITTE\u00a0 Mieter ist die im Vertrag benannte Person. Grunds\u00e4tzlich ist nur diese Person zur vertragsgem\u00e4\u00dfen Nutzung\u00a0 berechtigt. \u00dcbergibt der Mieter das Fahrzeug an Dritte, so haftet er grunds\u00e4tzlich f\u00fcr Sch\u00e4den, die an dem Fahrzeug durch den Dritten verursacht werden. Dies gilt auch f\u00fcr Folgesch\u00e4den.\u00a0 2.\u00a0 MIETDAUER\/\u00dcBERGABE\u00a0 Der Mieter ist verpflichtet das\/die [&hellip;]<\/p>","protected":false},"author":1,"featured_media":0,"parent":0,"menu_order":0,"comment_status":"closed","ping_status":"closed","template":"","meta":{"footnotes":""},"class_list":["post-18282","page","type-page","status-publish","hentry"],"yoast_head":"<!-- This site is optimized with the Yoast SEO plugin v25.5 - https:\/\/yoast.com\/wordpress\/plugins\/seo\/ -->\n<title>Allgemeine Gesch\u00e4ftsbedingungen - ahead burghotel<\/title>\n<meta name=\"description\" content=\"Hier findest du die AGB - die allgemeinen Gesch\u00e4ftsbedingungen - des ahead hotels mit Stornierunsgbedingungen.\" \/>\n<meta name=\"robots\" content=\"index, follow, max-snippet:-1, max-image-preview:large, max-video-preview:-1\" \/>\n<link rel=\"canonical\" href=\"https:\/\/aheadhotel.de\/en\/vertragsbedingungen\/\" \/>\n<meta property=\"og:locale\" content=\"en_US\" \/>\n<meta property=\"og:type\" content=\"article\" \/>\n<meta property=\"og:title\" content=\"Allgemeine Gesch\u00e4ftsbedingungen - ahead burghotel\" \/>\n<meta property=\"og:description\" content=\"Hier findest du die AGB - die allgemeinen Gesch\u00e4ftsbedingungen - des ahead hotels mit Stornierunsgbedingungen.\" \/>\n<meta property=\"og:url\" content=\"https:\/\/aheadhotel.de\/en\/vertragsbedingungen\/\" \/>\n<meta property=\"og:site_name\" content=\"ahead burghotel\" \/>\n<meta property=\"article:publisher\" content=\"http:\/\/facebook.com\/aheadhotel\" \/>\n<meta property=\"article:modified_time\" content=\"2025-03-06T14:50:32+00:00\" \/>\n<meta name=\"twitter:card\" content=\"summary_large_image\" \/>\n<meta name=\"twitter:label1\" content=\"Est. reading time\" \/>\n\t<meta name=\"twitter:data1\" content=\"4 minutes\" \/>\n<script type=\"application\/ld+json\" class=\"yoast-schema-graph\">{\"@context\":\"https:\/\/schema.org\",\"@graph\":[{\"@type\":\"WebPage\",\"@id\":\"https:\/\/aheadhotel.de\/vertragsbedingungen\/\",\"url\":\"https:\/\/aheadhotel.de\/vertragsbedingungen\/\",\"name\":\"Allgemeine Gesch\u00e4ftsbedingungen - ahead burghotel\",\"isPartOf\":{\"@id\":\"https:\/\/aheadhotel.de\/#website\"},\"datePublished\":\"2025-03-06T14:50:02+00:00\",\"dateModified\":\"2025-03-06T14:50:32+00:00\",\"description\":\"Hier findest du die AGB - die allgemeinen Gesch\u00e4ftsbedingungen - des ahead hotels mit Stornierunsgbedingungen.\",\"breadcrumb\":{\"@id\":\"https:\/\/aheadhotel.de\/vertragsbedingungen\/#breadcrumb\"},\"inLanguage\":\"en-US\",\"potentialAction\":[{\"@type\":\"ReadAction\",\"target\":[\"https:\/\/aheadhotel.de\/vertragsbedingungen\/\"]}]},{\"@type\":\"BreadcrumbList\",\"@id\":\"https:\/\/aheadhotel.de\/vertragsbedingungen\/#breadcrumb\",\"itemListElement\":[{\"@type\":\"ListItem\",\"position\":1,\"name\":\"Startseite\",\"item\":\"https:\/\/aheadhotel.de\/\"},{\"@type\":\"ListItem\",\"position\":2,\"name\":\"Vertragsbedingungen\"}]},{\"@type\":\"WebSite\",\"@id\":\"https:\/\/aheadhotel.de\/#website\",\"url\":\"https:\/\/aheadhotel.de\/\",\"name\":\"ahead burghotel\",\"description\":\"Veganes Hotel zwischen Berlin und Hamburg\",\"publisher\":{\"@id\":\"https:\/\/aheadhotel.de\/#organization\"},\"potentialAction\":[{\"@type\":\"SearchAction\",\"target\":{\"@type\":\"EntryPoint\",\"urlTemplate\":\"https:\/\/aheadhotel.de\/?s={search_term_string}\"},\"query-input\":{\"@type\":\"PropertyValueSpecification\",\"valueRequired\":true,\"valueName\":\"search_term_string\"}}],\"inLanguage\":\"en-US\"},{\"@type\":\"Organization\",\"@id\":\"https:\/\/aheadhotel.de\/#organization\",\"name\":\"ahead burghotel\",\"url\":\"https:\/\/aheadhotel.de\/\",\"logo\":{\"@type\":\"ImageObject\",\"inLanguage\":\"en-US\",\"@id\":\"https:\/\/aheadhotel.de\/#\/schema\/logo\/image\/\",\"url\":\"https:\/\/aheadhotel.de\/wp-content\/uploads\/2021\/04\/01ahead_Logo_Final.png\",\"contentUrl\":\"https:\/\/aheadhotel.de\/wp-content\/uploads\/2021\/04\/01ahead_Logo_Final.png\",\"width\":1667,\"height\":1250,\"caption\":\"ahead burghotel\"},\"image\":{\"@id\":\"https:\/\/aheadhotel.de\/#\/schema\/logo\/image\/\"},\"sameAs\":[\"http:\/\/facebook.com\/aheadhotel\"]}]}<\/script>\n<!-- \/ Yoast SEO plugin. -->","yoast_head_json":{"title":"Allgemeine Gesch\u00e4ftsbedingungen - ahead burghotel","description":"Hier findest du die AGB - die allgemeinen Gesch\u00e4ftsbedingungen - des ahead hotels mit Stornierunsgbedingungen.","robots":{"index":"index","follow":"follow","max-snippet":"max-snippet:-1","max-image-preview":"max-image-preview:large","max-video-preview":"max-video-preview:-1"},"canonical":"https:\/\/aheadhotel.de\/en\/vertragsbedingungen\/","og_locale":"en_US","og_type":"article","og_title":"Allgemeine Gesch\u00e4ftsbedingungen - ahead burghotel","og_description":"Hier findest du die AGB - die allgemeinen Gesch\u00e4ftsbedingungen - des ahead hotels mit Stornierunsgbedingungen.","og_url":"https:\/\/aheadhotel.de\/en\/vertragsbedingungen\/","og_site_name":"ahead burghotel","article_publisher":"http:\/\/facebook.com\/aheadhotel","article_modified_time":"2025-03-06T14:50:32+00:00","twitter_card":"summary_large_image","twitter_misc":{"Est. reading time":"4 minutes"},"schema":{"@context":"https:\/\/schema.org","@graph":[{"@type":"WebPage","@id":"https:\/\/aheadhotel.de\/vertragsbedingungen\/","url":"https:\/\/aheadhotel.de\/vertragsbedingungen\/","name":"Allgemeine Gesch\u00e4ftsbedingungen - ahead burghotel","isPartOf":{"@id":"https:\/\/aheadhotel.de\/#website"},"datePublished":"2025-03-06T14:50:02+00:00","dateModified":"2025-03-06T14:50:32+00:00","description":"Hier findest du die AGB - die allgemeinen Gesch\u00e4ftsbedingungen - des ahead hotels mit Stornierunsgbedingungen.","breadcrumb":{"@id":"https:\/\/aheadhotel.de\/vertragsbedingungen\/#breadcrumb"},"inLanguage":"en-US","potentialAction":[{"@type":"ReadAction","target":["https:\/\/aheadhotel.de\/vertragsbedingungen\/"]}]},{"@type":"BreadcrumbList","@id":"https:\/\/aheadhotel.de\/vertragsbedingungen\/#breadcrumb","itemListElement":[{"@type":"ListItem","position":1,"name":"Startseite","item":"https:\/\/aheadhotel.de\/"},{"@type":"ListItem","position":2,"name":"Vertragsbedingungen"}]},{"@type":"WebSite","@id":"https:\/\/aheadhotel.de\/#website","url":"https:\/\/aheadhotel.de\/","name":"ahead burghotel","description":"Veganes Hotel zwischen Berlin und Hamburg","publisher":{"@id":"https:\/\/aheadhotel.de\/#organization"},"potentialAction":[{"@type":"SearchAction","target":{"@type":"EntryPoint","urlTemplate":"https:\/\/aheadhotel.de\/?s={search_term_string}"},"query-input":{"@type":"PropertyValueSpecification","valueRequired":true,"valueName":"search_term_string"}}],"inLanguage":"en-US"},{"@type":"Organization","@id":"https:\/\/aheadhotel.de\/#organization","name":"ahead burghotel","url":"https:\/\/aheadhotel.de\/","logo":{"@type":"ImageObject","inLanguage":"en-US","@id":"https:\/\/aheadhotel.de\/#\/schema\/logo\/image\/","url":"https:\/\/aheadhotel.de\/wp-content\/uploads\/2021\/04\/01ahead_Logo_Final.png","contentUrl":"https:\/\/aheadhotel.de\/wp-content\/uploads\/2021\/04\/01ahead_Logo_Final.png","width":1667,"height":1250,"caption":"ahead burghotel"},"image":{"@id":"https:\/\/aheadhotel.de\/#\/schema\/logo\/image\/"},"sameAs":["http:\/\/facebook.com\/aheadhotel"]}]}},"_links":{"self":[{"href":"https:\/\/aheadhotel.de\/en\/wp-json\/wp\/v2\/pages\/18282","targetHints":{"allow":["GET"]}}],"collection":[{"href":"https:\/\/aheadhotel.de\/en\/wp-json\/wp\/v2\/pages"}],"about":[{"href":"https:\/\/aheadhotel.de\/en\/wp-json\/wp\/v2\/types\/page"}],"author":[{"embeddable":true,"href":"https:\/\/aheadhotel.de\/en\/wp-json\/wp\/v2\/users\/1"}],"replies":[{"embeddable":true,"href":"https:\/\/aheadhotel.de\/en\/wp-json\/wp\/v2\/comments?post=18282"}],"version-history":[{"count":0,"href":"https:\/\/aheadhotel.de\/en\/wp-json\/wp\/v2\/pages\/18282\/revisions"}],"wp:attachment":[{"href":"https:\/\/aheadhotel.de\/en\/wp-json\/wp\/v2\/media?parent=18282"}],"curies":[{"name":"wp","href":"https:\/\/api.w.org\/{rel}","templated":true}]}}