{"id":18296,"date":"2025-03-09T14:05:30","date_gmt":"2025-03-09T13:05:30","guid":{"rendered":"https:\/\/aheadhotel.de\/?page_id=18296"},"modified":"2025-03-09T14:09:56","modified_gmt":"2025-03-09T13:09:56","slug":"gute-fahrt","status":"publish","type":"page","link":"https:\/\/aheadhotel.de\/en\/gute-fahrt\/","title":{"rendered":"Gute Fahrt!"},"content":{"rendered":"<div data-elementor-type=\"wp-page\" data-elementor-id=\"18296\" class=\"elementor elementor-18296\" data-elementor-post-type=\"page\">\n\t\t\t\t<div class=\"elementor-element elementor-element-a0dac94 e-flex e-con-boxed e-con e-parent\" data-id=\"a0dac94\" data-element_type=\"container\">\n\t\t\t\t\t<div class=\"e-con-inner\">\n\t\t<div class=\"elementor-element elementor-element-8a3d7da e-con-full e-flex e-con e-child\" data-id=\"8a3d7da\" data-element_type=\"container\">\n\t\t\t\t<div class=\"elementor-element elementor-element-142309f elementor-widget elementor-widget-image\" data-id=\"142309f\" data-element_type=\"widget\" data-widget_type=\"image.default\">\n\t\t\t\t<div class=\"elementor-widget-container\">\n\t\t\t\t\t\t\t\t\t\t\t\t\t\t\t<img fetchpriority=\"high\" decoding=\"async\" width=\"936\" height=\"702\" src=\"https:\/\/aheadhotel.de\/wp-content\/uploads\/2025\/03\/Kein-Titel-936-x-702-px-3.png\" class=\"attachment-large size-large wp-image-18298\" alt=\"\" srcset=\"https:\/\/aheadhotel.de\/wp-content\/uploads\/2025\/03\/Kein-Titel-936-x-702-px-3.png 936w, https:\/\/aheadhotel.de\/wp-content\/uploads\/2025\/03\/Kein-Titel-936-x-702-px-3-300x225.png 300w, https:\/\/aheadhotel.de\/wp-content\/uploads\/2025\/03\/Kein-Titel-936-x-702-px-3-768x576.png 768w, https:\/\/aheadhotel.de\/wp-content\/uploads\/2025\/03\/Kein-Titel-936-x-702-px-3-16x12.png 16w\" sizes=\"(max-width: 936px) 100vw, 936px\" \/>\t\t\t\t\t\t\t\t\t\t\t\t\t\t\t<\/div>\n\t\t\t\t<\/div>\n\t\t\t\t<\/div>\n\t\t<div class=\"elementor-element elementor-element-8ee2807 e-con-full e-flex e-con e-child\" data-id=\"8ee2807\" data-element_type=\"container\">\n\t\t\t\t<div class=\"elementor-element elementor-element-eb8564a elementor-widget elementor-widget-text-editor\" data-id=\"eb8564a\" data-element_type=\"widget\" data-widget_type=\"text-editor.default\">\n\t\t\t\t<div class=\"elementor-widget-container\">\n\t\t\t\t\t\t\t\t\t<h6 data-start=\"65\" data-end=\"129\">Dein Fahrrad ist startklar \u2013 du kannst jetzt losfahren!<\/h6><p data-start=\"131\" data-end=\"256\"><strong>Wir w\u00fcnschen dir eine tolle Fahrt und ganz viel Spa\u00df. Falls du Fragen hast oder etwas brauchst, sind wir gerne f\u00fcr dich da.<\/strong><\/p><p data-start=\"258\" data-end=\"319\"><strong>Dein ahead Team<\/strong><\/p>\t\t\t\t\t\t\t\t<\/div>\n\t\t\t\t<\/div>\n\t\t\t\t<\/div>\n\t\t\t\t\t<\/div>\n\t\t\t\t<\/div>\n\t\t\t\t<\/div>","protected":false},"excerpt":{"rendered":"<p>Dein Fahrrad ist startklar \u2013 du kannst jetzt losfahren! Wir w\u00fcnschen dir eine tolle Fahrt und ganz viel Spa\u00df. Falls du Fragen hast oder etwas brauchst, sind wir gerne f\u00fcr dich da. Dein ahead Team<\/p>","protected":false},"author":1,"featured_media":0,"parent":0,"menu_order":0,"comment_status":"closed","ping_status":"closed","template":"","meta":{"footnotes":""},"class_list":["post-18296","page","type-page","status-publish","hentry"],"yoast_head":"<!-- This site is optimized with the Yoast SEO plugin v25.5 - https:\/\/yoast.com\/wordpress\/plugins\/seo\/ -->\n<title>Allgemeine Gesch\u00e4ftsbedingungen - ahead burghotel<\/title>\n<meta name=\"description\" content=\"Hier findest du die AGB - die allgemeinen Gesch\u00e4ftsbedingungen - des ahead hotels mit Stornierunsgbedingungen.\" \/>\n<meta name=\"robots\" content=\"index, follow, max-snippet:-1, max-image-preview:large, max-video-preview:-1\" \/>\n<link rel=\"canonical\" href=\"https:\/\/aheadhotel.de\/en\/gute-fahrt\/\" \/>\n<meta property=\"og:locale\" content=\"en_US\" \/>\n<meta property=\"og:type\" content=\"article\" \/>\n<meta property=\"og:title\" content=\"Allgemeine Gesch\u00e4ftsbedingungen - ahead burghotel\" \/>\n<meta property=\"og:description\" content=\"Hier findest du die AGB - die allgemeinen Gesch\u00e4ftsbedingungen - des ahead hotels mit Stornierunsgbedingungen.\" \/>\n<meta property=\"og:url\" content=\"https:\/\/aheadhotel.de\/en\/gute-fahrt\/\" \/>\n<meta property=\"og:site_name\" content=\"ahead burghotel\" \/>\n<meta property=\"article:publisher\" content=\"http:\/\/facebook.com\/aheadhotel\" \/>\n<meta property=\"article:modified_time\" content=\"2025-03-09T13:09:56+00:00\" \/>\n<meta property=\"og:image\" content=\"https:\/\/aheadhotel.de\/wp-content\/uploads\/2025\/03\/Kein-Titel-936-x-702-px-3.png\" \/>\n<meta name=\"twitter:card\" content=\"summary_large_image\" \/>\n<meta name=\"twitter:label1\" content=\"Est. reading time\" \/>\n\t<meta name=\"twitter:data1\" content=\"1 minute\" \/>\n<script type=\"application\/ld+json\" class=\"yoast-schema-graph\">{\"@context\":\"https:\/\/schema.org\",\"@graph\":[{\"@type\":\"WebPage\",\"@id\":\"https:\/\/aheadhotel.de\/gute-fahrt\/\",\"url\":\"https:\/\/aheadhotel.de\/gute-fahrt\/\",\"name\":\"Allgemeine Gesch\u00e4ftsbedingungen - ahead burghotel\",\"isPartOf\":{\"@id\":\"https:\/\/aheadhotel.de\/#website\"},\"primaryImageOfPage\":{\"@id\":\"https:\/\/aheadhotel.de\/gute-fahrt\/#primaryimage\"},\"image\":{\"@id\":\"https:\/\/aheadhotel.de\/gute-fahrt\/#primaryimage\"},\"thumbnailUrl\":\"https:\/\/aheadhotel.de\/wp-content\/uploads\/2025\/03\/Kein-Titel-936-x-702-px-3.png\",\"datePublished\":\"2025-03-09T13:05:30+00:00\",\"dateModified\":\"2025-03-09T13:09:56+00:00\",\"description\":\"Hier findest du die AGB - die allgemeinen Gesch\u00e4ftsbedingungen - des ahead hotels mit Stornierunsgbedingungen.\",\"breadcrumb\":{\"@id\":\"https:\/\/aheadhotel.de\/gute-fahrt\/#breadcrumb\"},\"inLanguage\":\"en-US\",\"potentialAction\":[{\"@type\":\"ReadAction\",\"target\":[\"https:\/\/aheadhotel.de\/gute-fahrt\/\"]}]},{\"@type\":\"ImageObject\",\"inLanguage\":\"en-US\",\"@id\":\"https:\/\/aheadhotel.de\/gute-fahrt\/#primaryimage\",\"url\":\"https:\/\/aheadhotel.de\/wp-content\/uploads\/2025\/03\/Kein-Titel-936-x-702-px-3.png\",\"contentUrl\":\"https:\/\/aheadhotel.de\/wp-content\/uploads\/2025\/03\/Kein-Titel-936-x-702-px-3.png\"},{\"@type\":\"BreadcrumbList\",\"@id\":\"https:\/\/aheadhotel.de\/gute-fahrt\/#breadcrumb\",\"itemListElement\":[{\"@type\":\"ListItem\",\"position\":1,\"name\":\"Startseite\",\"item\":\"https:\/\/aheadhotel.de\/\"},{\"@type\":\"ListItem\",\"position\":2,\"name\":\"Gute Fahrt!\"}]},{\"@type\":\"WebSite\",\"@id\":\"https:\/\/aheadhotel.de\/#website\",\"url\":\"https:\/\/aheadhotel.de\/\",\"name\":\"ahead burghotel\",\"description\":\"Veganes Hotel zwischen Berlin und Hamburg\",\"publisher\":{\"@id\":\"https:\/\/aheadhotel.de\/#organization\"},\"potentialAction\":[{\"@type\":\"SearchAction\",\"target\":{\"@type\":\"EntryPoint\",\"urlTemplate\":\"https:\/\/aheadhotel.de\/?s={search_term_string}\"},\"query-input\":{\"@type\":\"PropertyValueSpecification\",\"valueRequired\":true,\"valueName\":\"search_term_string\"}}],\"inLanguage\":\"en-US\"},{\"@type\":\"Organization\",\"@id\":\"https:\/\/aheadhotel.de\/#organization\",\"name\":\"ahead burghotel\",\"url\":\"https:\/\/aheadhotel.de\/\",\"logo\":{\"@type\":\"ImageObject\",\"inLanguage\":\"en-US\",\"@id\":\"https:\/\/aheadhotel.de\/#\/schema\/logo\/image\/\",\"url\":\"https:\/\/aheadhotel.de\/wp-content\/uploads\/2021\/04\/01ahead_Logo_Final.png\",\"contentUrl\":\"https:\/\/aheadhotel.de\/wp-content\/uploads\/2021\/04\/01ahead_Logo_Final.png\",\"width\":1667,\"height\":1250,\"caption\":\"ahead burghotel\"},\"image\":{\"@id\":\"https:\/\/aheadhotel.de\/#\/schema\/logo\/image\/\"},\"sameAs\":[\"http:\/\/facebook.com\/aheadhotel\"]}]}<\/script>\n<!-- \/ Yoast SEO plugin. -->","yoast_head_json":{"title":"Allgemeine Gesch\u00e4ftsbedingungen - ahead burghotel","description":"Hier findest du die AGB - die allgemeinen Gesch\u00e4ftsbedingungen - des ahead hotels mit Stornierunsgbedingungen.","robots":{"index":"index","follow":"follow","max-snippet":"max-snippet:-1","max-image-preview":"max-image-preview:large","max-video-preview":"max-video-preview:-1"},"canonical":"https:\/\/aheadhotel.de\/en\/gute-fahrt\/","og_locale":"en_US","og_type":"article","og_title":"Allgemeine Gesch\u00e4ftsbedingungen - ahead burghotel","og_description":"Hier findest du die AGB - die allgemeinen Gesch\u00e4ftsbedingungen - des ahead hotels mit Stornierunsgbedingungen.","og_url":"https:\/\/aheadhotel.de\/en\/gute-fahrt\/","og_site_name":"ahead burghotel","article_publisher":"http:\/\/facebook.com\/aheadhotel","article_modified_time":"2025-03-09T13:09:56+00:00","og_image":[{"url":"https:\/\/aheadhotel.de\/wp-content\/uploads\/2025\/03\/Kein-Titel-936-x-702-px-3.png","type":"","width":"","height":""}],"twitter_card":"summary_large_image","twitter_misc":{"Est. reading time":"1 minute"},"schema":{"@context":"https:\/\/schema.org","@graph":[{"@type":"WebPage","@id":"https:\/\/aheadhotel.de\/gute-fahrt\/","url":"https:\/\/aheadhotel.de\/gute-fahrt\/","name":"Allgemeine Gesch\u00e4ftsbedingungen - ahead burghotel","isPartOf":{"@id":"https:\/\/aheadhotel.de\/#website"},"primaryImageOfPage":{"@id":"https:\/\/aheadhotel.de\/gute-fahrt\/#primaryimage"},"image":{"@id":"https:\/\/aheadhotel.de\/gute-fahrt\/#primaryimage"},"thumbnailUrl":"https:\/\/aheadhotel.de\/wp-content\/uploads\/2025\/03\/Kein-Titel-936-x-702-px-3.png","datePublished":"2025-03-09T13:05:30+00:00","dateModified":"2025-03-09T13:09:56+00:00","description":"Hier findest du die AGB - die allgemeinen Gesch\u00e4ftsbedingungen - des ahead hotels mit Stornierunsgbedingungen.","breadcrumb":{"@id":"https:\/\/aheadhotel.de\/gute-fahrt\/#breadcrumb"},"inLanguage":"en-US","potentialAction":[{"@type":"ReadAction","target":["https:\/\/aheadhotel.de\/gute-fahrt\/"]}]},{"@type":"ImageObject","inLanguage":"en-US","@id":"https:\/\/aheadhotel.de\/gute-fahrt\/#primaryimage","url":"https:\/\/aheadhotel.de\/wp-content\/uploads\/2025\/03\/Kein-Titel-936-x-702-px-3.png","contentUrl":"https:\/\/aheadhotel.de\/wp-content\/uploads\/2025\/03\/Kein-Titel-936-x-702-px-3.png"},{"@type":"BreadcrumbList","@id":"https:\/\/aheadhotel.de\/gute-fahrt\/#breadcrumb","itemListElement":[{"@type":"ListItem","position":1,"name":"Startseite","item":"https:\/\/aheadhotel.de\/"},{"@type":"ListItem","position":2,"name":"Gute Fahrt!"}]},{"@type":"WebSite","@id":"https:\/\/aheadhotel.de\/#website","url":"https:\/\/aheadhotel.de\/","name":"ahead burghotel","description":"Veganes Hotel zwischen Berlin und Hamburg","publisher":{"@id":"https:\/\/aheadhotel.de\/#organization"},"potentialAction":[{"@type":"SearchAction","target":{"@type":"EntryPoint","urlTemplate":"https:\/\/aheadhotel.de\/?s={search_term_string}"},"query-input":{"@type":"PropertyValueSpecification","valueRequired":true,"valueName":"search_term_string"}}],"inLanguage":"en-US"},{"@type":"Organization","@id":"https:\/\/aheadhotel.de\/#organization","name":"ahead burghotel","url":"https:\/\/aheadhotel.de\/","logo":{"@type":"ImageObject","inLanguage":"en-US","@id":"https:\/\/aheadhotel.de\/#\/schema\/logo\/image\/","url":"https:\/\/aheadhotel.de\/wp-content\/uploads\/2021\/04\/01ahead_Logo_Final.png","contentUrl":"https:\/\/aheadhotel.de\/wp-content\/uploads\/2021\/04\/01ahead_Logo_Final.png","width":1667,"height":1250,"caption":"ahead burghotel"},"image":{"@id":"https:\/\/aheadhotel.de\/#\/schema\/logo\/image\/"},"sameAs":["http:\/\/facebook.com\/aheadhotel"]}]}},"_links":{"self":[{"href":"https:\/\/aheadhotel.de\/en\/wp-json\/wp\/v2\/pages\/18296","targetHints":{"allow":["GET"]}}],"collection":[{"href":"https:\/\/aheadhotel.de\/en\/wp-json\/wp\/v2\/pages"}],"about":[{"href":"https:\/\/aheadhotel.de\/en\/wp-json\/wp\/v2\/types\/page"}],"author":[{"embeddable":true,"href":"https:\/\/aheadhotel.de\/en\/wp-json\/wp\/v2\/users\/1"}],"replies":[{"embeddable":true,"href":"https:\/\/aheadhotel.de\/en\/wp-json\/wp\/v2\/comments?post=18296"}],"version-history":[{"count":0,"href":"https:\/\/aheadhotel.de\/en\/wp-json\/wp\/v2\/pages\/18296\/revisions"}],"wp:attachment":[{"href":"https:\/\/aheadhotel.de\/en\/wp-json\/wp\/v2\/media?parent=18296"}],"curies":[{"name":"wp","href":"https:\/\/api.w.org\/{rel}","templated":true}]}}