{"id":19576,"date":"2026-03-18T15:45:05","date_gmt":"2026-03-18T14:45:05","guid":{"rendered":"https:\/\/aheadhotel.de\/?page_id=19576"},"modified":"2026-03-18T16:02:02","modified_gmt":"2026-03-18T15:02:02","slug":"bildungsurlaub","status":"publish","type":"page","link":"https:\/\/aheadhotel.de\/en\/bildungsurlaub\/","title":{"rendered":"Educational leave"},"content":{"rendered":"<div data-elementor-type=\"wp-page\" data-elementor-id=\"19576\" class=\"elementor elementor-19576\" data-elementor-post-type=\"page\">\n\t\t\t\t\t\t<section class=\"elementor-section elementor-top-section elementor-element elementor-element-e5a23c3 elementor-section-boxed elementor-section-height-default elementor-section-height-default qodef-elementor-content-no\" data-id=\"e5a23c3\" data-element_type=\"section\">\n\t\t\t\t\t\t<div class=\"elementor-container elementor-column-gap-default\">\n\t\t\t\t\t<div class=\"elementor-column elementor-col-100 elementor-top-column elementor-element elementor-element-16c53b6\" data-id=\"16c53b6\" data-element_type=\"column\">\n\t\t\t<div class=\"elementor-widget-wrap elementor-element-populated\">\n\t\t\t\t\t\t<div class=\"elementor-element elementor-element-47db494 elementor-widget elementor-widget-text-editor\" data-id=\"47db494\" data-element_type=\"widget\" data-widget_type=\"text-editor.default\">\n\t\t\t\t<div class=\"elementor-widget-container\">\n\t\t\t\t\t\t\t\t\t<p><strong>Educational leave<\/strong> : At the ahead hotel, you can combine professional development with true rejuvenation. Our recognized programs on stress management, mindfulness, and healthy work habits provide you with practical tools for your daily life, all set in an inspiring environment that fosters focus and relaxation.<\/p><p>These accredited educational retreats are led by qualified instructors and are designed around clearly defined learning objectives. This way, you can be sure that your time is well spent. You can find the current programs here:<\/p>\t\t\t\t\t\t\t\t<\/div>\n\t\t\t\t<\/div>\n\t\t\t\t\t<\/div>\n\t\t<\/div>\n\t\t\t\t\t<\/div>\n\t\t<\/section>\n\t\t<div class=\"elementor-element elementor-element-caea0ce e-flex e-con-boxed e-con e-parent\" data-id=\"caea0ce\" data-element_type=\"container\">\n\t\t\t\t\t<div class=\"e-con-inner\">\n\t\t\t\t<div class=\"elementor-element elementor-element-65c341f elementor-widget elementor-widget-html\" data-id=\"65c341f\" data-element_type=\"widget\" data-widget_type=\"html.default\">\n\t\t\t\t<div class=\"elementor-widget-container\">\n\t\t\t\t\t<!-- Elfsight Event Calendar | Bildungsurlaub -->\n<script src=\"https:\/\/elfsightcdn.com\/platform.js\" async><\/script>\n<div class=\"elfsight-app-66caac18-fada-4e6c-a579-3c41544b3d1f\" data-elfsight-app-lazy><\/div>\t\t\t\t<\/div>\n\t\t\t\t<\/div>\n\t\t\t\t\t<\/div>\n\t\t\t\t<\/div>\n\t\t\t\t<\/div>","protected":false},"excerpt":{"rendered":"<p>Bildungsurlaub neu gedacht: Im ahead hotel verbindest du berufliche Weiterbildung mit echter Regeneration. Unsere anerkannten Programme rund um Stressmanagement, Achtsamkeit und gesunde Arbeitsweisen geben dir konkrete Tools f\u00fcr deinen Alltag, eingebettet in eine inspirierende Umgebung, die Raum f\u00fcr Fokus und Erholung schafft. Die anerkannten Bildungsurlaube werden von qualifizierten Trainer*innen durchgef\u00fchrt und orientieren sich an klar [&hellip;]<\/p>","protected":false},"author":1,"featured_media":0,"parent":0,"menu_order":0,"comment_status":"closed","ping_status":"closed","template":"page-full-width.php","meta":{"footnotes":""},"class_list":["post-19576","page","type-page","status-publish","hentry"],"yoast_head":"<!-- This site is optimized with the Yoast SEO plugin v25.5 - https:\/\/yoast.com\/wordpress\/plugins\/seo\/ -->\n<title>Anerkannter Bildungsurlaub - ahead burghotel<\/title>\n<meta name=\"description\" content=\"Anerkannter Bildungsurlaub: Verbinde Weiterbildung mit Erholung. Kurse zu Stressmanagement, Achtsamkeit &amp; gesunder Arbeitsweise.\" \/>\n<meta name=\"robots\" content=\"index, follow, max-snippet:-1, max-image-preview:large, max-video-preview:-1\" \/>\n<link rel=\"canonical\" href=\"https:\/\/aheadhotel.de\/en\/bildungsurlaub\/\" \/>\n<meta property=\"og:locale\" content=\"en_US\" \/>\n<meta property=\"og:type\" content=\"article\" \/>\n<meta property=\"og:title\" content=\"Anerkannter Bildungsurlaub - ahead burghotel\" \/>\n<meta property=\"og:description\" content=\"Anerkannter Bildungsurlaub: Verbinde Weiterbildung mit Erholung. Kurse zu Stressmanagement, Achtsamkeit &amp; gesunder Arbeitsweise.\" \/>\n<meta property=\"og:url\" content=\"https:\/\/aheadhotel.de\/en\/bildungsurlaub\/\" \/>\n<meta property=\"og:site_name\" content=\"ahead burghotel\" \/>\n<meta property=\"article:publisher\" content=\"http:\/\/facebook.com\/aheadhotel\" \/>\n<meta property=\"article:modified_time\" content=\"2026-03-18T15:02:02+00:00\" \/>\n<meta name=\"twitter:card\" content=\"summary_large_image\" \/>\n<meta name=\"twitter:label1\" content=\"Est. reading time\" \/>\n\t<meta name=\"twitter:data1\" content=\"1 minute\" \/>\n<script type=\"application\/ld+json\" class=\"yoast-schema-graph\">{\"@context\":\"https:\/\/schema.org\",\"@graph\":[{\"@type\":\"WebPage\",\"@id\":\"https:\/\/aheadhotel.de\/bildungsurlaub\/\",\"url\":\"https:\/\/aheadhotel.de\/bildungsurlaub\/\",\"name\":\"Anerkannter Bildungsurlaub - ahead burghotel\",\"isPartOf\":{\"@id\":\"https:\/\/aheadhotel.de\/#website\"},\"datePublished\":\"2026-03-18T14:45:05+00:00\",\"dateModified\":\"2026-03-18T15:02:02+00:00\",\"description\":\"Anerkannter Bildungsurlaub: Verbinde Weiterbildung mit Erholung. Kurse zu Stressmanagement, Achtsamkeit & gesunder Arbeitsweise.\",\"breadcrumb\":{\"@id\":\"https:\/\/aheadhotel.de\/bildungsurlaub\/#breadcrumb\"},\"inLanguage\":\"en-US\",\"potentialAction\":[{\"@type\":\"ReadAction\",\"target\":[\"https:\/\/aheadhotel.de\/bildungsurlaub\/\"]}]},{\"@type\":\"BreadcrumbList\",\"@id\":\"https:\/\/aheadhotel.de\/bildungsurlaub\/#breadcrumb\",\"itemListElement\":[{\"@type\":\"ListItem\",\"position\":1,\"name\":\"Startseite\",\"item\":\"https:\/\/aheadhotel.de\/\"},{\"@type\":\"ListItem\",\"position\":2,\"name\":\"Bildungsurlaub\"}]},{\"@type\":\"WebSite\",\"@id\":\"https:\/\/aheadhotel.de\/#website\",\"url\":\"https:\/\/aheadhotel.de\/\",\"name\":\"ahead burghotel\",\"description\":\"Veganes Hotel zwischen Berlin und Hamburg\",\"publisher\":{\"@id\":\"https:\/\/aheadhotel.de\/#organization\"},\"potentialAction\":[{\"@type\":\"SearchAction\",\"target\":{\"@type\":\"EntryPoint\",\"urlTemplate\":\"https:\/\/aheadhotel.de\/?s={search_term_string}\"},\"query-input\":{\"@type\":\"PropertyValueSpecification\",\"valueRequired\":true,\"valueName\":\"search_term_string\"}}],\"inLanguage\":\"en-US\"},{\"@type\":\"Organization\",\"@id\":\"https:\/\/aheadhotel.de\/#organization\",\"name\":\"ahead burghotel\",\"url\":\"https:\/\/aheadhotel.de\/\",\"logo\":{\"@type\":\"ImageObject\",\"inLanguage\":\"en-US\",\"@id\":\"https:\/\/aheadhotel.de\/#\/schema\/logo\/image\/\",\"url\":\"https:\/\/aheadhotel.de\/wp-content\/uploads\/2021\/04\/01ahead_Logo_Final.png\",\"contentUrl\":\"https:\/\/aheadhotel.de\/wp-content\/uploads\/2021\/04\/01ahead_Logo_Final.png\",\"width\":1667,\"height\":1250,\"caption\":\"ahead burghotel\"},\"image\":{\"@id\":\"https:\/\/aheadhotel.de\/#\/schema\/logo\/image\/\"},\"sameAs\":[\"http:\/\/facebook.com\/aheadhotel\"]}]}<\/script>\n<!-- \/ Yoast SEO plugin. -->","yoast_head_json":{"title":"Anerkannter Bildungsurlaub - ahead burghotel","description":"Anerkannter Bildungsurlaub: Verbinde Weiterbildung mit Erholung. Kurse zu Stressmanagement, Achtsamkeit & gesunder Arbeitsweise.","robots":{"index":"index","follow":"follow","max-snippet":"max-snippet:-1","max-image-preview":"max-image-preview:large","max-video-preview":"max-video-preview:-1"},"canonical":"https:\/\/aheadhotel.de\/en\/bildungsurlaub\/","og_locale":"en_US","og_type":"article","og_title":"Anerkannter Bildungsurlaub - ahead burghotel","og_description":"Anerkannter Bildungsurlaub: Verbinde Weiterbildung mit Erholung. Kurse zu Stressmanagement, Achtsamkeit & gesunder Arbeitsweise.","og_url":"https:\/\/aheadhotel.de\/en\/bildungsurlaub\/","og_site_name":"ahead burghotel","article_publisher":"http:\/\/facebook.com\/aheadhotel","article_modified_time":"2026-03-18T15:02:02+00:00","twitter_card":"summary_large_image","twitter_misc":{"Est. reading time":"1 minute"},"schema":{"@context":"https:\/\/schema.org","@graph":[{"@type":"WebPage","@id":"https:\/\/aheadhotel.de\/bildungsurlaub\/","url":"https:\/\/aheadhotel.de\/bildungsurlaub\/","name":"Anerkannter Bildungsurlaub - ahead burghotel","isPartOf":{"@id":"https:\/\/aheadhotel.de\/#website"},"datePublished":"2026-03-18T14:45:05+00:00","dateModified":"2026-03-18T15:02:02+00:00","description":"Anerkannter Bildungsurlaub: Verbinde Weiterbildung mit Erholung. Kurse zu Stressmanagement, Achtsamkeit & gesunder Arbeitsweise.","breadcrumb":{"@id":"https:\/\/aheadhotel.de\/bildungsurlaub\/#breadcrumb"},"inLanguage":"en-US","potentialAction":[{"@type":"ReadAction","target":["https:\/\/aheadhotel.de\/bildungsurlaub\/"]}]},{"@type":"BreadcrumbList","@id":"https:\/\/aheadhotel.de\/bildungsurlaub\/#breadcrumb","itemListElement":[{"@type":"ListItem","position":1,"name":"Startseite","item":"https:\/\/aheadhotel.de\/"},{"@type":"ListItem","position":2,"name":"Bildungsurlaub"}]},{"@type":"WebSite","@id":"https:\/\/aheadhotel.de\/#website","url":"https:\/\/aheadhotel.de\/","name":"ahead burghotel","description":"Veganes Hotel zwischen Berlin und Hamburg","publisher":{"@id":"https:\/\/aheadhotel.de\/#organization"},"potentialAction":[{"@type":"SearchAction","target":{"@type":"EntryPoint","urlTemplate":"https:\/\/aheadhotel.de\/?s={search_term_string}"},"query-input":{"@type":"PropertyValueSpecification","valueRequired":true,"valueName":"search_term_string"}}],"inLanguage":"en-US"},{"@type":"Organization","@id":"https:\/\/aheadhotel.de\/#organization","name":"ahead burghotel","url":"https:\/\/aheadhotel.de\/","logo":{"@type":"ImageObject","inLanguage":"en-US","@id":"https:\/\/aheadhotel.de\/#\/schema\/logo\/image\/","url":"https:\/\/aheadhotel.de\/wp-content\/uploads\/2021\/04\/01ahead_Logo_Final.png","contentUrl":"https:\/\/aheadhotel.de\/wp-content\/uploads\/2021\/04\/01ahead_Logo_Final.png","width":1667,"height":1250,"caption":"ahead burghotel"},"image":{"@id":"https:\/\/aheadhotel.de\/#\/schema\/logo\/image\/"},"sameAs":["http:\/\/facebook.com\/aheadhotel"]}]}},"_links":{"self":[{"href":"https:\/\/aheadhotel.de\/en\/wp-json\/wp\/v2\/pages\/19576","targetHints":{"allow":["GET"]}}],"collection":[{"href":"https:\/\/aheadhotel.de\/en\/wp-json\/wp\/v2\/pages"}],"about":[{"href":"https:\/\/aheadhotel.de\/en\/wp-json\/wp\/v2\/types\/page"}],"author":[{"embeddable":true,"href":"https:\/\/aheadhotel.de\/en\/wp-json\/wp\/v2\/users\/1"}],"replies":[{"embeddable":true,"href":"https:\/\/aheadhotel.de\/en\/wp-json\/wp\/v2\/comments?post=19576"}],"version-history":[{"count":0,"href":"https:\/\/aheadhotel.de\/en\/wp-json\/wp\/v2\/pages\/19576\/revisions"}],"wp:attachment":[{"href":"https:\/\/aheadhotel.de\/en\/wp-json\/wp\/v2\/media?parent=19576"}],"curies":[{"name":"wp","href":"https:\/\/api.w.org\/{rel}","templated":true}]}}